{"id":11,"date":"2011-03-22T15:57:50","date_gmt":"2011-03-22T15:57:50","guid":{"rendered":"https:\/\/kylat.ekarjala.fi\/kasukkala\/?page_id=11"},"modified":"2024-02-20T08:53:23","modified_gmt":"2024-02-20T08:53:23","slug":"lappeen-riento","status":"publish","type":"page","link":"https:\/\/kylat.ekarjala.fi\/kasukkala\/lappeen-riento\/","title":{"rendered":"Lappeen Riento"},"content":{"rendered":"<p><strong>LAPPEEN RIENTO<\/strong><\/p>\n<p>KASUKKALAN KYL\u00c4OSASTO\u00a0 TOIVOTTAA\u00a0 J\u00c4SENILLE JA KYL\u00c4L\u00c4ISILLE HYV\u00c4\u00c4 LIIKUNNALLISTA VUOTTA<\/p>\n<p><strong>LAPPEEN RIENTO\/\u00a0K<\/strong><strong>asukkalan Kyl\u00e4osasto\u00a0<\/strong><\/p>\n<p><strong>Kyl\u00e4yhdistyksen johtokunta<\/strong><\/p>\n<p>Puheenjohtajana jatkaa<strong> Hannu H\u00f6ltt\u00e4 <\/strong>( yhteystiedot alempana )<\/p>\n<p>=======================================================<\/p>\n<p><strong>KEHOITAMME KYL\u00c4L\u00c4ISI\u00c4 OMA-ALOITTEISEEN LIIKUNTAAN, ULKOILUUN JA AKTIIVISUUTEEN!<\/strong><\/p>\n<p>&#8212;&#8212;&#8212;&#8212;&#8212;&#8212;&#8212;&#8212;&#8212;&#8212;&#8212;&#8212;&#8212;&#8212;&#8212;&#8212;&#8212;&#8212;&#8212;&#8212;&#8212;&#8212;&#8212;&#8212;&#8212;&#8212;&#8212;&#8212;&#8212;&#8212;&#8212;&#8211;<\/p>\n<p><strong>\u00a0TOIMINTA KOULULLA\u00a0 :<\/strong><\/p>\n<p><strong>LENTOPALLOA<\/strong> <strong>PERJANTAISIN\u00a0<\/strong> (kouluviikoilla)<\/p>\n<p><strong>\u00a0 KLO 18.00 &#8211; 20.00\u00a0\u00a0\u00a0 TERVETULOA<\/strong><\/p>\n<p><strong>\u00a0<\/strong><\/p>\n<p>&#8212;&#8212;&#8212;&#8212;&#8212;&#8212;&#8212;&#8212;&#8212;&#8212;&#8212;&#8212;&#8212;&#8212;&#8212;&#8212;&#8212;&#8212;&#8212;&#8212;&#8212;&#8212;&#8212;&#8212;&#8212;&#8212;&#8212;&#8212;&#8212;&#8212;&#8212;&#8211;<\/p>\n<p><a href=\"https:\/\/kylat.ekarjala.fi\/kasukkala\/wp-content\/uploads\/sites\/5\/2011\/04\/Latukartta_kasukkala.pdf\">Latukartta_kasukkala<\/a><\/p>\n<p>&#8212;&#8212;&#8212;&#8212;&#8212;&#8212;&#8212;&#8212;&#8212;&#8212;&#8212;&#8212;&#8212;&#8212;&#8212;&#8212;&#8212;&#8212;&#8212;&#8212;&#8212;&#8212;&#8212;&#8212;&#8212;&#8212;&#8212;&#8212;&#8212;&#8212;&#8212;<\/p>\n<p>Kyl\u00e4osaston puheenjohtajana toimii <strong>Hannu H\u00f6ltt\u00e4, Puh. 050 3077082<\/strong><\/p>\n<p>Kyl\u00e4osastossa toimii\u00a0\u00a0kuntojaosto ja\u00a0hiihto\/talviurheilu.\u00a0Kasukkalassa on kiekkokaukalo ja valaistu hiihtolatu\/kuntopolku\/laavu. Suokkaansaaressa on my\u00f6s laavu nuotiopaikkoineen.<\/p>\n<p style=\"text-align: right\"><a href=\"http:\/\/www.lappeenriento.fi\/\">http:\/\/www.lappeenriento.fi\/<\/a><\/p>\n<p style=\"text-align: right\"><a href=\"http:\/\/www.lappeenranta.fi\">www.lappeenranta.fi<\/a><\/p>\n<p style=\"text-align: right\">\u00a0<a href=\"http:\/\/www.ekarjala.fi\/kylat\/lempiala\/\">http:\/\/www.ekarjala.fi\/kylat\/lempiala\/<\/a><\/p>\n<p style=\"text-align: right\"><a href=\"https:\/\/kylat.ekarjala.fi\/vainikkala\/\">https:\/\/kylat.ekarjala.fi\/vainikkala\/<\/a><\/p>\n<p style=\"text-align: right\"><a href=\"https:\/\/kylat.ekarjala.fi\/haapajarvi\/\">https:\/\/kylat.ekarjala.fi\/haapajarvi\/<\/a><\/p>\n","protected":false},"excerpt":{"rendered":"<p>LAPPEEN RIENTO KASUKKALAN KYL\u00c4OSASTO\u00a0 TOIVOTTAA\u00a0 J\u00c4SENILLE JA KYL\u00c4L\u00c4ISILLE HYV\u00c4\u00c4 LIIKUNNALLISTA VUOTTA LAPPEEN RIENTO\/\u00a0Kasukkalan Kyl\u00e4osasto\u00a0 Kyl\u00e4yhdistyksen johtokunta Puheenjohtajana jatkaa Hannu H\u00f6ltt\u00e4 ( yhteystiedot alempana ) ======================================================= KEHOITAMME KYL\u00c4L\u00c4ISI\u00c4 OMA-ALOITTEISEEN LIIKUNTAAN, ULKOILUUN JA AKTIIVISUUTEEN! &#8212;&#8212;&#8212;&#8212;&#8212;&#8212;&#8212;&#8212;&#8212;&#8212;&#8212;&#8212;&#8212;&#8212;&#8212;&#8212;&#8212;&#8212;&#8212;&#8212;&#8212;&#8212;&#8212;&#8212;&#8212;&#8212;&#8212;&#8212;&#8212;&#8212;&#8212;&#8211; \u00a0TOIMINTA KOULULLA\u00a0 : LENTOPALLOA PERJANTAISIN\u00a0 (kouluviikoilla) \u00a0 &hellip; <a href=\"https:\/\/kylat.ekarjala.fi\/kasukkala\/lappeen-riento\/\">Continue reading <span class=\"meta-nav\">&rarr;<\/span><\/a><\/p>\n","protected":false},"author":12,"featured_media":0,"parent":0,"menu_order":0,"comment_status":"closed","ping_status":"open","template":"","meta":{"footnotes":""},"class_list":["post-11","page","type-page","status-publish","hentry"],"_links":{"self":[{"href":"https:\/\/kylat.ekarjala.fi\/kasukkala\/wp-json\/wp\/v2\/pages\/11","targetHints":{"allow":["GET"]}}],"collection":[{"href":"https:\/\/kylat.ekarjala.fi\/kasukkala\/wp-json\/wp\/v2\/pages"}],"about":[{"href":"https:\/\/kylat.ekarjala.fi\/kasukkala\/wp-json\/wp\/v2\/types\/page"}],"author":[{"embeddable":true,"href":"https:\/\/kylat.ekarjala.fi\/kasukkala\/wp-json\/wp\/v2\/users\/12"}],"replies":[{"embeddable":true,"href":"https:\/\/kylat.ekarjala.fi\/kasukkala\/wp-json\/wp\/v2\/comments?post=11"}],"version-history":[{"count":20,"href":"https:\/\/kylat.ekarjala.fi\/kasukkala\/wp-json\/wp\/v2\/pages\/11\/revisions"}],"predecessor-version":[{"id":1106,"href":"https:\/\/kylat.ekarjala.fi\/kasukkala\/wp-json\/wp\/v2\/pages\/11\/revisions\/1106"}],"wp:attachment":[{"href":"https:\/\/kylat.ekarjala.fi\/kasukkala\/wp-json\/wp\/v2\/media?parent=11"}],"curies":[{"name":"wp","href":"https:\/\/api.w.org\/{rel}","templated":true}]}}