{"id":13,"date":"2011-03-22T15:59:05","date_gmt":"2011-03-22T15:59:05","guid":{"rendered":"https:\/\/kylat.ekarjala.fi\/kasukkala\/?page_id=13"},"modified":"2024-02-20T08:56:40","modified_gmt":"2024-02-20T08:56:40","slug":"martat","status":"publish","type":"page","link":"https:\/\/kylat.ekarjala.fi\/kasukkala\/martat\/","title":{"rendered":"Martat"},"content":{"rendered":"<p><strong>2019 \u00a0 \u00a0 \u00a0<\/strong><\/p>\n<p><strong>Hyv\u00e4\u00e4 Marttailu vuotta !<\/strong><\/p>\n<p>**************************************************************************<\/p>\n<p><strong>\u00a02019 \u00a0 KA<\/strong><strong>SUKKALAN MARTAT RY<\/strong><\/p>\n<p><strong>Tuula Penttil\u00e4 puh. 040 8416 822\u00a0\u00a0 PUHEENJOHTAJA<\/strong><\/p>\n<p><b>Jaana Toivola \u00a0 \u00a0 \u00a0 \u00a0 \u00a0 \u00a0 \u00a0 \u00a0 \u00a0 \u00a0 \u00a0 \u00a0 \u00a0 \u00a0 \u00a0 \u00a0 \u00a0 \u00a0 \u00a0 \u00a0\u00a0 sihteeri<\/b><\/p>\n<p>&nbsp;<\/p>\n<p>Ps. KASUKKALAN MARTAT \/\u00a0 Ilmoitukset ja tiedoitus\u00a0 <strong>Kasukkalan martat<\/strong>\u00a0 FB sivuilla sek\u00e4<strong> Kasukkalan kyl\u00e4<\/strong> sivuilla.<\/p>\n<p><strong>\u00a4\u00a4\u00a4\u00a4\u00a4\u00a4\u00a4\u00a4\u00a4\u00a4\u00a4\u00a4\u00a4\u00a4\u00a4\u00a4\u00a4\u00a4\u00a4\u00a4\u00a4\u00a4\u00a4\u00a4\u00a4\u00a4\u00a4\u00a4\u00a4\u00a4\u00a4\u00a4\u00a4\u00a4\u00a4\u00a4\u00a4\u00a4\u00a4\u00a4\u00a4\u00a4\u00a4\u00a4\u00a4\u00a4\u00a4\u00a4\u00a4\u00a4<\/strong><\/p>\n<p>&nbsp;<\/p>\n<p><em>Martat on kotitalousneuvontaj\u00e4rjest\u00f6, joka edist\u00e4\u00e4 kotien ja perheiden hyvinvointia ja kotitalouden arvostusta. Valtakunnalliseen keskusj\u00e4rjest\u00f6\u00f6n, Marttaliittoon, kuuluu 14 alueellista piiri\u00e4, joissa kotitalous- ja puutarhaasiantuntijat neuvovat ja kouluttavat. Paikallisia marttayhdistyksi\u00e4 ja toimintaryhmi\u00e4 on 1 300 ja niiss\u00e4 on 46 000 j\u00e4sent\u00e4, jotka harrastavat yhdess\u00e4 ja j\u00e4rjest\u00e4v\u00e4t mm. kotitalouteen liittyvi\u00e4 tapahtumia.<\/em><\/p>\n<p>&nbsp;<\/p>\n<p>&nbsp;<\/p>\n<p>&nbsp;<\/p>\n<p>&nbsp;<\/p>\n<p style=\"text-align: left\">\n","protected":false},"excerpt":{"rendered":"<p>2019 \u00a0 \u00a0 \u00a0 Hyv\u00e4\u00e4 Marttailu vuotta ! ************************************************************************** \u00a02019 \u00a0 KASUKKALAN MARTAT RY Tuula Penttil\u00e4 puh. 040 8416 822\u00a0\u00a0 PUHEENJOHTAJA Jaana Toivola \u00a0 \u00a0 \u00a0 \u00a0 \u00a0 \u00a0 \u00a0 \u00a0 \u00a0 \u00a0 \u00a0 \u00a0 \u00a0 \u00a0 \u00a0 \u00a0 \u00a0 &hellip; <a href=\"https:\/\/kylat.ekarjala.fi\/kasukkala\/martat\/\">Continue reading <span class=\"meta-nav\">&rarr;<\/span><\/a><\/p>\n","protected":false},"author":12,"featured_media":0,"parent":0,"menu_order":1,"comment_status":"closed","ping_status":"open","template":"","meta":{"footnotes":""},"class_list":["post-13","page","type-page","status-publish","hentry"],"_links":{"self":[{"href":"https:\/\/kylat.ekarjala.fi\/kasukkala\/wp-json\/wp\/v2\/pages\/13","targetHints":{"allow":["GET"]}}],"collection":[{"href":"https:\/\/kylat.ekarjala.fi\/kasukkala\/wp-json\/wp\/v2\/pages"}],"about":[{"href":"https:\/\/kylat.ekarjala.fi\/kasukkala\/wp-json\/wp\/v2\/types\/page"}],"author":[{"embeddable":true,"href":"https:\/\/kylat.ekarjala.fi\/kasukkala\/wp-json\/wp\/v2\/users\/12"}],"replies":[{"embeddable":true,"href":"https:\/\/kylat.ekarjala.fi\/kasukkala\/wp-json\/wp\/v2\/comments?post=13"}],"version-history":[{"count":124,"href":"https:\/\/kylat.ekarjala.fi\/kasukkala\/wp-json\/wp\/v2\/pages\/13\/revisions"}],"predecessor-version":[{"id":1084,"href":"https:\/\/kylat.ekarjala.fi\/kasukkala\/wp-json\/wp\/v2\/pages\/13\/revisions\/1084"}],"wp:attachment":[{"href":"https:\/\/kylat.ekarjala.fi\/kasukkala\/wp-json\/wp\/v2\/media?parent=13"}],"curies":[{"name":"wp","href":"https:\/\/api.w.org\/{rel}","templated":true}]}}