{"id":24,"date":"2011-03-22T16:09:52","date_gmt":"2011-03-22T16:09:52","guid":{"rendered":"https:\/\/kylat.ekarjala.fi\/kasukkala\/?page_id=24"},"modified":"2024-02-20T08:54:19","modified_gmt":"2024-02-20T08:54:19","slug":"saannot","status":"publish","type":"page","link":"https:\/\/kylat.ekarjala.fi\/kasukkala\/kylatoimikunta-2\/saannot\/","title":{"rendered":"S\u00e4\u00e4nn\u00f6t"},"content":{"rendered":"<p class=\"MsoNormal\"><strong><a href=\"https:\/\/kylat.ekarjala.fi\/kasukkala\/wp-content\/uploads\/sites\/5\/2011\/03\/Kasukkalan-kyl\u00e4yhdistyksen-s\u00e4\u00e4nn\u00f6t.pdf\">Kasukkalan kyl\u00e4yhdistyksen s\u00e4\u00e4nn\u00f6t<\/a>\u00a0<\/strong><\/p>\n","protected":false},"excerpt":{"rendered":"<p>Kasukkalan kyl\u00e4yhdistyksen s\u00e4\u00e4nn\u00f6t\u00a0<\/p>\n","protected":false},"author":12,"featured_media":0,"parent":79,"menu_order":2,"comment_status":"closed","ping_status":"open","template":"","meta":{"footnotes":""},"class_list":["post-24","page","type-page","status-publish","hentry"],"_links":{"self":[{"href":"https:\/\/kylat.ekarjala.fi\/kasukkala\/wp-json\/wp\/v2\/pages\/24","targetHints":{"allow":["GET"]}}],"collection":[{"href":"https:\/\/kylat.ekarjala.fi\/kasukkala\/wp-json\/wp\/v2\/pages"}],"about":[{"href":"https:\/\/kylat.ekarjala.fi\/kasukkala\/wp-json\/wp\/v2\/types\/page"}],"author":[{"embeddable":true,"href":"https:\/\/kylat.ekarjala.fi\/kasukkala\/wp-json\/wp\/v2\/users\/12"}],"replies":[{"embeddable":true,"href":"https:\/\/kylat.ekarjala.fi\/kasukkala\/wp-json\/wp\/v2\/comments?post=24"}],"version-history":[{"count":8,"href":"https:\/\/kylat.ekarjala.fi\/kasukkala\/wp-json\/wp\/v2\/pages\/24\/revisions"}],"predecessor-version":[{"id":1121,"href":"https:\/\/kylat.ekarjala.fi\/kasukkala\/wp-json\/wp\/v2\/pages\/24\/revisions\/1121"}],"up":[{"embeddable":true,"href":"https:\/\/kylat.ekarjala.fi\/kasukkala\/wp-json\/wp\/v2\/pages\/79"}],"wp:attachment":[{"href":"https:\/\/kylat.ekarjala.fi\/kasukkala\/wp-json\/wp\/v2\/media?parent=24"}],"curies":[{"name":"wp","href":"https:\/\/api.w.org\/{rel}","templated":true}]}}