{"id":255,"date":"2011-04-20T10:56:52","date_gmt":"2011-04-20T10:56:52","guid":{"rendered":"https:\/\/kylat.ekarjala.fi\/kasukkala\/?page_id=255"},"modified":"2024-02-20T08:53:53","modified_gmt":"2024-02-20T08:53:53","slug":"karhusjarven-era","status":"publish","type":"page","link":"https:\/\/kylat.ekarjala.fi\/kasukkala\/metsastysseurat\/karhusjarven-era\/","title":{"rendered":"Karhusj\u00e4rven er\u00e4"},"content":{"rendered":"<p class=\"MsoNormal\">&nbsp;<\/p>\n<p class=\"MsoNormal\">Karhusj\u00e4rven Er\u00e4 Ry on Etel\u00e4-Saimaan riistanhoitoyhdistyksen alueella toimiva mets\u00e4stysseura. Seura on perustettu 1952. Seuralla on vuokrattuja mets\u00e4stysalueita yksityisilt\u00e4 ja yhteis\u00f6ilt\u00e4 kaikkiaan n.7000 ha. Mets\u00e4stysalueet sijaitsevat Lappeenrannan kaupungin etel\u00e4puolella. J\u00e4seni\u00e4 seurassa on n.150.<\/p>\n<p class=\"MsoNormal\"><span style=\"font-family: Arial\">Seuran toimintapaikkana on maja, joka sijaitsee Lakiakalliolla.<br \/>\nMaja-alueella on mets\u00e4stysseuran tarvitsemat tilat, lihank\u00e4sittely ja kylmi\u00f6tiloineen.<br \/>\nSamoin sielt\u00e4 l\u00f6ytyy virkistysk\u00e4ytt\u00f6\u00f6n perinteinen sauna sek\u00e4 savusauna, joita vuokraamme my\u00f6s ulkopuoliseen k\u00e4ytt\u00f6\u00f6n.<br \/>\nSeuran toiminta keskittyy p\u00e4\u00e4s\u00e4\u00e4nt\u00f6isesti pienriistan, pienpetojen ja hirven pyyntiin. <\/span><span style=\"font-family: Arial\">Seura j\u00e4rjest\u00e4\u00e4 vuosittain ajokokeet. Samoin vuosittain on j\u00e4rjestetty Muukon hirvenjuoksut, yhdess\u00e4 Muukon Er\u00e4miesten kanssa.<\/p>\n<p><\/span><strong><span style=\"font-family: Arial\"> <\/span><\/strong><\/p>\n<p class=\"MsoNormal\"><span> <\/span><\/p>\n<p class=\"MsoNormal\" style=\"margin-left: 36.0pt\"><span> <\/span><\/p>\n<p class=\"MsoNormal\" style=\"margin-left: 36.0pt\"><span>Yhteystiedot:<br \/>\nKarhusj\u00e4rven Er\u00e4 ry<br \/>\nToni Penttinen<br \/>\nKarhusj\u00e4rventie 19<br \/>\n53300 Lappeenranta<br \/>\n044-502 3875<\/span><span> <\/span><span style=\"font-size: 13.5pt;font-family: Arial;color: #e0ec18\"><a href=\"mailto:toni.penttinen@pp.inet.fi\">toni.penttinen@pp.inet.fi<\/a><\/span><\/p>\n<p class=\"MsoNormal\" style=\"margin-left: 36.0pt\"><span style=\"font-size: 13.5pt;font-family: Arial;color: #e0ec18\"> <\/span><\/p>\n<p class=\"MsoNormal\" style=\"margin-left: 36.0pt\"><span>Kotisivut internetiss\u00e4<\/span><\/p>\n<p class=\"MsoNormal\" style=\"margin-left: 36.0pt\"><span style=\"font-size: 13.5pt;font-family: Arial;color: #e0ec18\"> <\/span><\/p>\n<p class=\"MsoNormal\" style=\"margin-left: 36.0pt\">http:\/\/www.karhusjarvenera.net<\/p>\n<p><a href=\"https:\/\/kylat.ekarjala.fi\/kasukkala\/wp-content\/uploads\/sites\/5\/2011\/04\/Karhusj\u00e4rven-Er\u00e4-Ryn-esittely.doc\"><\/a><\/p>\n","protected":false},"excerpt":{"rendered":"<p>&nbsp; Karhusj\u00e4rven Er\u00e4 Ry on Etel\u00e4-Saimaan riistanhoitoyhdistyksen alueella toimiva mets\u00e4stysseura. Seura on perustettu 1952. Seuralla on vuokrattuja mets\u00e4stysalueita yksityisilt\u00e4 ja yhteis\u00f6ilt\u00e4 kaikkiaan n.7000 ha. Mets\u00e4stysalueet sijaitsevat Lappeenrannan kaupungin etel\u00e4puolella. J\u00e4seni\u00e4 seurassa on n.150. Seuran toimintapaikkana on maja, joka sijaitsee Lakiakalliolla. &hellip; <a href=\"https:\/\/kylat.ekarjala.fi\/kasukkala\/metsastysseurat\/karhusjarven-era\/\">Continue reading <span class=\"meta-nav\">&rarr;<\/span><\/a><\/p>\n","protected":false},"author":12,"featured_media":0,"parent":250,"menu_order":2,"comment_status":"closed","ping_status":"open","template":"","meta":{"footnotes":""},"class_list":["post-255","page","type-page","status-publish","hentry"],"_links":{"self":[{"href":"https:\/\/kylat.ekarjala.fi\/kasukkala\/wp-json\/wp\/v2\/pages\/255","targetHints":{"allow":["GET"]}}],"collection":[{"href":"https:\/\/kylat.ekarjala.fi\/kasukkala\/wp-json\/wp\/v2\/pages"}],"about":[{"href":"https:\/\/kylat.ekarjala.fi\/kasukkala\/wp-json\/wp\/v2\/types\/page"}],"author":[{"embeddable":true,"href":"https:\/\/kylat.ekarjala.fi\/kasukkala\/wp-json\/wp\/v2\/users\/12"}],"replies":[{"embeddable":true,"href":"https:\/\/kylat.ekarjala.fi\/kasukkala\/wp-json\/wp\/v2\/comments?post=255"}],"version-history":[{"count":6,"href":"https:\/\/kylat.ekarjala.fi\/kasukkala\/wp-json\/wp\/v2\/pages\/255\/revisions"}],"predecessor-version":[{"id":1120,"href":"https:\/\/kylat.ekarjala.fi\/kasukkala\/wp-json\/wp\/v2\/pages\/255\/revisions\/1120"}],"up":[{"embeddable":true,"href":"https:\/\/kylat.ekarjala.fi\/kasukkala\/wp-json\/wp\/v2\/pages\/250"}],"wp:attachment":[{"href":"https:\/\/kylat.ekarjala.fi\/kasukkala\/wp-json\/wp\/v2\/media?parent=255"}],"curies":[{"name":"wp","href":"https:\/\/api.w.org\/{rel}","templated":true}]}}