{"id":262,"date":"2011-04-20T11:05:39","date_gmt":"2011-04-20T11:05:39","guid":{"rendered":"https:\/\/kylat.ekarjala.fi\/kasukkala\/?page_id=262"},"modified":"2024-02-20T08:53:46","modified_gmt":"2024-02-20T08:53:46","slug":"haapajarven-metsastysseura","status":"publish","type":"page","link":"https:\/\/kylat.ekarjala.fi\/kasukkala\/metsastysseurat\/haapajarven-metsastysseura\/","title":{"rendered":"Haapaj\u00e4rven mets\u00e4stysseura"},"content":{"rendered":"<p>Haapaj\u00e4rven ja Kasukkalan kyl\u00e4alueiden ymp\u00e4rist\u00f6ss\u00e4 toimivalla seuralla on mets\u00e4stysaluetta noin 4300 hehtaaria.<br \/>\nSeuraan kuuluu noin 100 j\u00e4sent\u00e4, jotka asuvat tai omistavat maata seuran toiminta-alueella. Seuraan liittyminen on mahdollista kylien alueella vakituisesti asuville tai henkil\u00f6ille, jotka ovat vuokranneet seuralle maata mets\u00e4stys- ja riistanhoitok\u00e4ytt\u00f6\u00f6n. J\u00e4senhakemus l\u00e4hetet\u00e4\u00e4n seuran johtokunnalle, joka esitt\u00e4\u00e4 hakemuksen vuosikokouksen \u00e4\u00e4nestett\u00e4v\u00e4ksi.<\/p>\n<p>Yhteystiedot:<br \/>\nsihteeri Juha Kaipia, puh. 0400-558 660<\/p>\n","protected":false},"excerpt":{"rendered":"<p>Haapaj\u00e4rven ja Kasukkalan kyl\u00e4alueiden ymp\u00e4rist\u00f6ss\u00e4 toimivalla seuralla on mets\u00e4stysaluetta noin 4300 hehtaaria. Seuraan kuuluu noin 100 j\u00e4sent\u00e4, jotka asuvat tai omistavat maata seuran toiminta-alueella. Seuraan liittyminen on mahdollista kylien alueella vakituisesti asuville tai henkil\u00f6ille, jotka ovat vuokranneet seuralle maata mets\u00e4stys- &hellip; <a href=\"https:\/\/kylat.ekarjala.fi\/kasukkala\/metsastysseurat\/haapajarven-metsastysseura\/\">Continue reading <span class=\"meta-nav\">&rarr;<\/span><\/a><\/p>\n","protected":false},"author":12,"featured_media":0,"parent":250,"menu_order":1,"comment_status":"closed","ping_status":"open","template":"","meta":{"footnotes":""},"class_list":["post-262","page","type-page","status-publish","hentry"],"_links":{"self":[{"href":"https:\/\/kylat.ekarjala.fi\/kasukkala\/wp-json\/wp\/v2\/pages\/262","targetHints":{"allow":["GET"]}}],"collection":[{"href":"https:\/\/kylat.ekarjala.fi\/kasukkala\/wp-json\/wp\/v2\/pages"}],"about":[{"href":"https:\/\/kylat.ekarjala.fi\/kasukkala\/wp-json\/wp\/v2\/types\/page"}],"author":[{"embeddable":true,"href":"https:\/\/kylat.ekarjala.fi\/kasukkala\/wp-json\/wp\/v2\/users\/12"}],"replies":[{"embeddable":true,"href":"https:\/\/kylat.ekarjala.fi\/kasukkala\/wp-json\/wp\/v2\/comments?post=262"}],"version-history":[{"count":4,"href":"https:\/\/kylat.ekarjala.fi\/kasukkala\/wp-json\/wp\/v2\/pages\/262\/revisions"}],"predecessor-version":[{"id":1119,"href":"https:\/\/kylat.ekarjala.fi\/kasukkala\/wp-json\/wp\/v2\/pages\/262\/revisions\/1119"}],"up":[{"embeddable":true,"href":"https:\/\/kylat.ekarjala.fi\/kasukkala\/wp-json\/wp\/v2\/pages\/250"}],"wp:attachment":[{"href":"https:\/\/kylat.ekarjala.fi\/kasukkala\/wp-json\/wp\/v2\/media?parent=262"}],"curies":[{"name":"wp","href":"https:\/\/api.w.org\/{rel}","templated":true}]}}