{"id":29,"date":"2011-03-22T18:04:38","date_gmt":"2011-03-22T18:04:38","guid":{"rendered":"https:\/\/kylat.ekarjala.fi\/kasukkala\/?page_id=29"},"modified":"2024-02-20T08:56:46","modified_gmt":"2024-02-20T08:56:46","slug":"tapahtumat","status":"publish","type":"page","link":"https:\/\/kylat.ekarjala.fi\/kasukkala\/tapahtumat\/","title":{"rendered":"Tapahtumat"},"content":{"rendered":"<p><a href=\"https:\/\/kylat.ekarjala.fi\/kasukkala\/tapahtumat\/kylakokous\/\" rel=\"attachment wp-att-1052\"><img loading=\"lazy\" decoding=\"async\" class=\"alignright size-full wp-image-1052\" src=\"https:\/\/kylat.ekarjala.fi\/kasukkala\/wp-content\/uploads\/sites\/5\/2011\/03\/kyl\u00e4kokous.jpg\" alt=\"\" width=\"2552\" height=\"3510\" srcset=\"https:\/\/kylat.ekarjala.fi\/kasukkala\/wp-content\/uploads\/sites\/5\/2011\/03\/kyl\u00e4kokous.jpg 2552w, https:\/\/kylat.ekarjala.fi\/kasukkala\/wp-content\/uploads\/sites\/5\/2011\/03\/kyl\u00e4kokous-218x300.jpg 218w, https:\/\/kylat.ekarjala.fi\/kasukkala\/wp-content\/uploads\/sites\/5\/2011\/03\/kyl\u00e4kokous-768x1056.jpg 768w, https:\/\/kylat.ekarjala.fi\/kasukkala\/wp-content\/uploads\/sites\/5\/2011\/03\/kyl\u00e4kokous-745x1024.jpg 745w\" sizes=\"auto, (max-width: 2552px) 100vw, 2552px\" \/><br \/>\n<\/a><\/p>\n<p>&nbsp;<\/p>\n<p><a href=\"https:\/\/kylat.ekarjala.fi\/kasukkala\/wp-content\/uploads\/sites\/5\/2011\/03\/Kyl\u00e4py\u00f6r\u00e4ilykartta-2015.pdf\">Kyl\u00e4py\u00f6r\u00e4ilykartta 2015<\/a><\/p>\n<p>&nbsp;<\/p>\n<p>&nbsp;<\/p>\n<p>-T\u00e4\u00e4lt\u00e4 l\u00f6yd\u00e4t tiedot kyl\u00e4n tapahtumista, kaikki joukolla mukaan!<\/p>\n","protected":false},"excerpt":{"rendered":"<p>&nbsp; Kyl\u00e4py\u00f6r\u00e4ilykartta 2015 &nbsp; &nbsp; -T\u00e4\u00e4lt\u00e4 l\u00f6yd\u00e4t tiedot kyl\u00e4n tapahtumista, kaikki joukolla mukaan!<\/p>\n","protected":false},"author":8,"featured_media":0,"parent":0,"menu_order":4,"comment_status":"closed","ping_status":"open","template":"","meta":{"footnotes":""},"class_list":["post-29","page","type-page","status-publish","hentry"],"_links":{"self":[{"href":"https:\/\/kylat.ekarjala.fi\/kasukkala\/wp-json\/wp\/v2\/pages\/29","targetHints":{"allow":["GET"]}}],"collection":[{"href":"https:\/\/kylat.ekarjala.fi\/kasukkala\/wp-json\/wp\/v2\/pages"}],"about":[{"href":"https:\/\/kylat.ekarjala.fi\/kasukkala\/wp-json\/wp\/v2\/types\/page"}],"author":[{"embeddable":true,"href":"https:\/\/kylat.ekarjala.fi\/kasukkala\/wp-json\/wp\/v2\/users\/8"}],"replies":[{"embeddable":true,"href":"https:\/\/kylat.ekarjala.fi\/kasukkala\/wp-json\/wp\/v2\/comments?post=29"}],"version-history":[{"count":71,"href":"https:\/\/kylat.ekarjala.fi\/kasukkala\/wp-json\/wp\/v2\/pages\/29\/revisions"}],"predecessor-version":[{"id":1053,"href":"https:\/\/kylat.ekarjala.fi\/kasukkala\/wp-json\/wp\/v2\/pages\/29\/revisions\/1053"}],"wp:attachment":[{"href":"https:\/\/kylat.ekarjala.fi\/kasukkala\/wp-json\/wp\/v2\/media?parent=29"}],"curies":[{"name":"wp","href":"https:\/\/api.w.org\/{rel}","templated":true}]}}