{"id":94,"date":"2011-04-12T11:30:05","date_gmt":"2011-04-12T11:30:05","guid":{"rendered":"https:\/\/kylat.ekarjala.fi\/kasukkala\/?page_id=94"},"modified":"2024-02-20T08:55:13","modified_gmt":"2024-02-20T08:55:13","slug":"muistiot-kylakokouksista","status":"publish","type":"page","link":"https:\/\/kylat.ekarjala.fi\/kasukkala\/kylatoimikunta-2\/muistiot-kylakokouksista\/","title":{"rendered":"Muistiot kyl\u00e4kokouksista"},"content":{"rendered":"<p><a href=\"https:\/\/kylat.ekarjala.fi\/kasukkala\/wp-content\/uploads\/sites\/5\/2011\/04\/KYL\u00c4KOKOUS-p\u00f6yt\u00e4kirja-12.3.2014.pdf\">KYL\u00c4KOKOUS p\u00f6yt\u00e4kirja 12.3.2014<\/a><\/p>\n<p><a href=\"https:\/\/kylat.ekarjala.fi\/kasukkala\/wp-content\/uploads\/sites\/5\/2011\/04\/Kasukkalan-kyl\u00e4kokous-20.2.2013.pdf\">Kasukkalan kyl\u00e4kokous 20.2.2013<\/a><\/p>\n<p><a href=\"https:\/\/kylat.ekarjala.fi\/kasukkala\/wp-content\/uploads\/sites\/5\/2011\/04\/Toimintakertomus-20121.pdf\">Toimintakertomus 2012<\/a><\/p>\n<p><strong><span style=\"font-family: Arial\"><a href=\"https:\/\/kylat.ekarjala.fi\/kasukkala\/wp-content\/uploads\/sites\/5\/2011\/04\/Kyl\u00e4kokous-P\u00d6YT\u00c4KIRJA-22.2.20122.doc\">Kyl\u00e4kokous P\u00d6YT\u00c4KIRJA 22.2.2012<\/a><br \/>\n<\/span><\/strong><\/p>\n<p class=\"MsoNormal\"><a href=\"https:\/\/kylat.ekarjala.fi\/kasukkala\/wp-content\/uploads\/sites\/5\/2011\/04\/KYL\u00c4KOKOUS-2011-p\u00f6yt\u00e4kirja1.doc\">KYL\u00c4KOKOUS 2011 p\u00f6yt\u00e4kirja<\/a><\/p>\n<p class=\"MsoNormal\">\u00a0<\/p>\n","protected":false},"excerpt":{"rendered":"<p>KYL\u00c4KOKOUS p\u00f6yt\u00e4kirja 12.3.2014 Kasukkalan kyl\u00e4kokous 20.2.2013 Toimintakertomus 2012 Kyl\u00e4kokous P\u00d6YT\u00c4KIRJA 22.2.2012 KYL\u00c4KOKOUS 2011 p\u00f6yt\u00e4kirja \u00a0<\/p>\n","protected":false},"author":12,"featured_media":0,"parent":79,"menu_order":5,"comment_status":"closed","ping_status":"open","template":"","meta":{"footnotes":""},"class_list":["post-94","page","type-page","status-publish","hentry"],"_links":{"self":[{"href":"https:\/\/kylat.ekarjala.fi\/kasukkala\/wp-json\/wp\/v2\/pages\/94","targetHints":{"allow":["GET"]}}],"collection":[{"href":"https:\/\/kylat.ekarjala.fi\/kasukkala\/wp-json\/wp\/v2\/pages"}],"about":[{"href":"https:\/\/kylat.ekarjala.fi\/kasukkala\/wp-json\/wp\/v2\/types\/page"}],"author":[{"embeddable":true,"href":"https:\/\/kylat.ekarjala.fi\/kasukkala\/wp-json\/wp\/v2\/users\/12"}],"replies":[{"embeddable":true,"href":"https:\/\/kylat.ekarjala.fi\/kasukkala\/wp-json\/wp\/v2\/comments?post=94"}],"version-history":[{"count":11,"href":"https:\/\/kylat.ekarjala.fi\/kasukkala\/wp-json\/wp\/v2\/pages\/94\/revisions"}],"predecessor-version":[{"id":936,"href":"https:\/\/kylat.ekarjala.fi\/kasukkala\/wp-json\/wp\/v2\/pages\/94\/revisions\/936"}],"up":[{"embeddable":true,"href":"https:\/\/kylat.ekarjala.fi\/kasukkala\/wp-json\/wp\/v2\/pages\/79"}],"wp:attachment":[{"href":"https:\/\/kylat.ekarjala.fi\/kasukkala\/wp-json\/wp\/v2\/media?parent=94"}],"curies":[{"name":"wp","href":"https:\/\/api.w.org\/{rel}","templated":true}]}}