{"id":1012,"date":"2017-09-21T17:55:31","date_gmt":"2017-09-21T18:25:31","guid":{"rendered":"https:\/\/kylat.ekarjala.fi\/kauriansalmi\/?page_id=1012"},"modified":"2025-08-07T06:37:07","modified_gmt":"2025-08-07T07:07:07","slug":"valokuitu","status":"publish","type":"page","link":"https:\/\/kylat.ekarjala.fi\/kauriansalmi\/valokuitu\/","title":{"rendered":"Valokuitu 2025"},"content":{"rendered":"\n<p><strong>Rakentaminen Suomenniemell\u00e4 jatkuu \u2013 liittym\u00e4n ehtii viel\u00e4 saada!<\/strong><\/p>\n\n\n\n<p>Suomenniemi 3 ja 4 rakentamisen osalta kes\u00e4ll\u00e4 2025 on ollut haasteita p\u00e4\u00e4urakoitsijan ja h\u00e4nen kaivuurakoitsijoiden kanssa. Kaivajat eiv\u00e4t olleet saaneet ajoissa Saimaan Kuidun itse ajoissa maksamista maanrakennuslaskuista osuuttaan. T\u00e4st\u00e4 syyst\u00e4 kaivajat riitautuivat p\u00e4\u00e4urakoitsijan kanssa. Ty\u00f6t olivat keskeytyksess\u00e4 kes\u00e4kuun puoliv\u00e4list\u00e4 Suomenniemen tiell\u00e4 konerikon takia ja p\u00e4\u00e4ttyiv\u00e4t my\u00f6s Esintiell\u00e4 kes\u00e4kuun lopussa. P\u00e4\u00e4urakoitsija irtisanoi rakentamisen urakan Saimaan Kuidun kanssa, koska ei p\u00e4\u00e4ssyt yhteisymm\u00e4rrykseen kaivajiensa kanssa.<\/p>\n\n\n\n<p>Saimaan Kuitu Oy on etsinyt uutta urakoitsijaa kes\u00e4kuun lopusta alkaen, kun tilanne alkoi eskaloitua. Saimaan Kuitu on ollut yhteydess\u00e4 ELY maaseuturahastoon tilanteesta. Keskusteluissa oli useita vaihtoehtoja, mutta tilanne oli hankala, kun kaikilla urakoitsijoilla oli kapasiteetti myyty ja nykyisten kaivajien kanssa ei p\u00e4\u00e4sty urakkamallista sopimukseen. 29.7.2025 allekirjoitettiin urakointisopimus Lappeenrannan Kuormausmiesten kanssa hankkeiden loppuun rakentamiseksi. Ty\u00f6t jatkuvat elokuun loppupuolella viimeist\u00e4\u00e4n 1.9.2025 alkaen. Tavoitteena on saada Suomenniemi 3 hanke loppuun ja aloittaa Suomenniemi 4 hanke, joka j\u00e4\u00e4 kesken, jos meill\u00e4 alkaa talvi marraskuun loppupuolella. Suomenniemi 4 rakennetaan loppuun kev\u00e4\u00e4ll\u00e4 2026.<\/p>\n\n\n\n<p>Pahoittelemme rakentamisen viiv\u00e4stymist\u00e4!<\/p>\n\n\n\n<p>\u201dNyt on viimeinen hetki aktivoitua liittym\u00e4n hankkimisen osalta, ett\u00e4 saadaan tarkennesuunnittelu tehty\u00e4 kaikille liittymille. Jos lis\u00e4tiedot tai sopimuksen tekeminen kiinnostaa, niin yhteytt\u00e4 voi ottaa my\u00f6s Saimaan Kuituun. Asiakaspalvelup\u00e4\u00e4llikk\u00f6 Heli Pajuvirta hoitaa liittym\u00e4sopimusten tekoa meid\u00e4n p\u00e4\u00e4ss\u00e4mme. H\u00e4nen numeronsa on 040&nbsp;707 4772 ja s\u00e4hk\u00f6posti&nbsp;<a href=\"mailto:heli.pajuvirta@saimaankuitu.fi\">heli.pajuvirta@saimaankuitu.fi<\/a>. Kun sopimus on tehty, rakentamisen projektip\u00e4\u00e4llikk\u00f6 ottaa ennen rakentamista yhteytt\u00e4 ja katsoo yhdess\u00e4 asiakkaan kanssa parhaimman reitin kiinteist\u00f6lle.&#8221; Saimaan Kuidun toimitusjohtaja Jari K\u00e4yhty kertoo.<\/p>\n\n\n\n<p>_________________________________________________________________<\/p>\n\n\n\n<p><\/p>\n\n\n\n<p><\/p>\n\n\n\n<p>Kartta rakentamisalueesta l\u00f6ytyy Saimaan Kuidun nettisivuilta (Ajankohtaista&nbsp;Julkinen kuuleminen maaseuturahaston laajakaistahankkeesta 29.1.2024)<\/p>\n\n\n\n<p>Vaihe 3 kartalla<\/p>\n\n\n\n<figure class=\"wp-block-image size-large\"><a href=\"https:\/\/kylat.ekarjala.fi\/kauriansalmi\/wp-content\/uploads\/sites\/35\/2024\/04\/image-1.png\"><img fetchpriority=\"high\" decoding=\"async\" width=\"1024\" height=\"857\" src=\"https:\/\/kylat.ekarjala.fi\/kauriansalmi\/wp-content\/uploads\/sites\/35\/2024\/04\/image-1-1024x857.png\" alt=\"\" class=\"wp-image-1652\" srcset=\"https:\/\/kylat.ekarjala.fi\/kauriansalmi\/wp-content\/uploads\/sites\/35\/2024\/04\/image-1-1024x857.png 1024w, https:\/\/kylat.ekarjala.fi\/kauriansalmi\/wp-content\/uploads\/sites\/35\/2024\/04\/image-1-300x251.png 300w, https:\/\/kylat.ekarjala.fi\/kauriansalmi\/wp-content\/uploads\/sites\/35\/2024\/04\/image-1-768x643.png 768w, https:\/\/kylat.ekarjala.fi\/kauriansalmi\/wp-content\/uploads\/sites\/35\/2024\/04\/image-1.png 1055w\" sizes=\"(max-width: 1024px) 100vw, 1024px\" \/><\/a><\/figure>\n\n\n\n<p><br>Yhteyshenkil\u00f6 vaiheessa 3<br>Vuokko Pietarila<br>vuokko.pietarila@hotmail.fi p. 040&nbsp;573 3151.<br>__________________________________________________________________<\/p>\n\n\n\n<p>Vaiheen 4 alue kartalla.<\/p>\n\n\n\n<figure class=\"wp-block-image size-full\"><a href=\"https:\/\/kylat.ekarjala.fi\/kauriansalmi\/wp-content\/uploads\/sites\/35\/2024\/04\/image-3.png\"><img decoding=\"async\" width=\"643\" height=\"453\" src=\"https:\/\/kylat.ekarjala.fi\/kauriansalmi\/wp-content\/uploads\/sites\/35\/2024\/04\/image-3.png\" alt=\"\" class=\"wp-image-1655\" srcset=\"https:\/\/kylat.ekarjala.fi\/kauriansalmi\/wp-content\/uploads\/sites\/35\/2024\/04\/image-3.png 643w, https:\/\/kylat.ekarjala.fi\/kauriansalmi\/wp-content\/uploads\/sites\/35\/2024\/04\/image-3-300x211.png 300w\" sizes=\"(max-width: 643px) 100vw, 643px\" \/><\/a><\/figure>\n\n\n\n<p><\/p>\n\n\n\n<p><em>Me Suomenniemen valokuituaktiivit teemme t\u00e4t\u00e4 ty\u00f6t\u00e4, jotta Suomenniemi olisi my\u00f6s tulevaisuudessa hyv\u00e4 paikka el\u00e4\u00e4 ja viett\u00e4\u00e4 vapaa-aikaa!<\/em><\/p>\n\n\n\n<p>Toivottavaa on my\u00f6s se, ett\u00e4 alueen kiinteist\u00f6n omistajat ovat itsekin aktiivisia, ja ottavat yhteytt\u00e4 joko mainittuihin yhteyshenkil\u00f6ihin tai Saimaan Kuituun.<\/p>\n\n\n\n<p>Yhteyshenkil\u00f6 vaiheessa 4<br>Vesa Erkkil\u00e4<br><a href=\"mailto:vesaerk@gmail.com\">vesaerk@gmail.com<\/a> p. 050 5873040<\/p>\n\n\n\n<p>(<a href=\"http:\/\/www.saimaankuitu.fi\/\">www.saimaankuitu.fi<\/a>) <\/p>\n\n\n\n<p><strong>Historiaa<\/strong><\/p>\n\n\n\n<p><strong>Suomenniemen valokuituverkko, vaihe 2 rakennettu  valmiiksi vuoden 2021 aikana<\/strong><\/p>\n\n\n\n<p>Kes\u00e4n 2021 aikana rakennetaan vaihe 2, ty\u00f6t ovat meneill\u00e4\u00e4n VT13 varressa ja Karkauksentien suunnassa. <\/p>\n\n\n\n<p>Valokuituverkon toisessa vaiheessa verkkoa rakennettiin Valtatie 13 varteen Savitaipaleen rajalta entisen Ristiinan kunnan rajalle saakka. Lis\u00e4ksi verkkoa rakennettiin Karkauksentien varteen n. 6 km:n matkalle.<\/p>\n\n\n\n<p><strong><em>Suomenniemen valokuituhankkeen ensimm\u00e4isen vaiheen alue rakennettu<\/em><\/strong><\/p>\n\n\n\n<p>Suomenniemen valokuituverkon ensimm\u00e4isen vaiheen, eli Partakoskentien, Kuusenhaontien ja Kirkonkyl\u00e4ntien varren l\u00e4hialueiden sek\u00e4 K\u00e4rpinrannan, Sarvenankyl\u00e4n ja Suomenkyl\u00e4n alueiden rakentaminen on saatu valmiiksi. <\/p>\n\n\n\n<p><\/p>\n\n\n\n<p>Lis\u00e4tietoja:<\/p>\n\n\n\n<p>Jari K\u00e4yhty, Saimaan Kuitu Oy, p. 040&nbsp;687 6649, <a href=\"mailto:jari.kayhty@saimaankuitu.fi\">jari.kayhty@saimaankuitu.fi<\/a><\/p>\n\n\n\n<p>________________________________________________________________<\/p>\n\n\n<p>Suomenniemen alueen valokuituverkko, vaihe 1<\/p>\n<\/p>\n<p><a href=\"https:\/\/kylat.ekarjala.fi\/kauriansalmi\/valokuitu\/suomenniemen-valokuituverkko-vaihe-1\/\" rel=\"attachment wp-att-1227\"><img decoding=\"async\" class=\"alignleft wp-image-1227 size-full\" src=\"https:\/\/kylat.ekarjala.fi\/kauriansalmi\/wp-content\/uploads\/sites\/35\/2019\/06\/Suomenniemen-valokuituverkko-vaihe-1..jpg\" alt=\"\" width=\"524\" height=\"608\" srcset=\"https:\/\/kylat.ekarjala.fi\/kauriansalmi\/wp-content\/uploads\/sites\/35\/2019\/06\/Suomenniemen-valokuituverkko-vaihe-1..jpg 524w, https:\/\/kylat.ekarjala.fi\/kauriansalmi\/wp-content\/uploads\/sites\/35\/2019\/06\/Suomenniemen-valokuituverkko-vaihe-1.-259x300.jpg 259w\" sizes=\"(max-width: 524px) 100vw, 524px\" \/><\/a><\/p>\n<\/p>\n<p><span style=\"color: #ff6600\"><strong>Miksi valokuitu?<\/strong><\/span><\/p>\n<p>T\u00e4ss\u00e4 ESSOTEn juttu et\u00e4l\u00e4\u00e4k\u00e4rin toiminnasta Mikkeliss\u00e4.<br \/>Verkon v\u00e4lityksell\u00e4 l\u00e4\u00e4k\u00e4ri tulee kotiin!!<\/p>\n<p><a href=\"https:\/\/kylat.ekarjala.fi\/kauriansalmi\/valokuitu\/etalaakari\/\" rel=\"attachment wp-att-1162\">Et\u00e4l\u00e4\u00e4k\u00e4ri<\/a><\/p>\n<p>Mobiili ruuhkautuu<\/p>\n<p>Valokuitu on nopea ja varma, kaivetaan maahan<br \/><strong>H\u00e4iri\u00f6t\u00f6n TV-kuva \u2013 ei antennia<\/strong><br \/><strong>P\u00e4tkim\u00e4tt\u00f6m\u00e4t tietoliikenneyhteydet<\/strong><br \/><strong>Riitt\u00e4v\u00e4 yhteys kaikille kodin laitteille, vaikka samanaikaisesti<\/strong><br \/>Vastaa tulevaisuuden tiedonsiirtotarpeisiin ainakin 50 vuotta<br \/>Nostaa kiinteist\u00f6n arvoa<\/p>\n<p>Kaikki tiedonsiirto \u2019yhdest\u00e4 tuutista\u2019<br \/><strong>Et\u00e4ty\u00f6, tiedostop\u00e4ivitykset, et\u00e4opiskelu<\/strong><br \/><strong>Digitalisoituvat sote-palvelut<\/strong><br \/><strong>Turvapalvelut, terveyspalvelut<\/strong><br \/><strong>Viihde, digilehdet, Youtube, TV-palvelut<\/strong><br \/>Tallennus, varmuuskopiointi<br \/><strong>Viranomaispalvelut, valtio, kunnat, verottaja jne. asiointi- ja lupapalvelut<\/strong><\/p>\n<p>___________________________________<\/p>\n<\/p>","protected":false},"excerpt":{"rendered":"<p>Rakentaminen Suomenniemell\u00e4 jatkuu \u2013 liittym\u00e4n ehtii viel\u00e4 saada! Suomenniemi 3 ja 4 rakentamisen osalta kes\u00e4ll\u00e4 2025 on ollut haasteita p\u00e4\u00e4urakoitsijan ja h\u00e4nen kaivuurakoitsijoiden kanssa. Kaivajat eiv\u00e4t olleet saaneet ajoissa Saimaan Kuidun itse ajoissa maksamista maanrakennuslaskuista osuuttaan. T\u00e4st\u00e4 syyst\u00e4 kaivajat riitautuivat &hellip; <a href=\"https:\/\/kylat.ekarjala.fi\/kauriansalmi\/valokuitu\/\">Lue loppuun <span class=\"meta-nav\">&rarr;<\/span><\/a><\/p>\n","protected":false},"author":74,"featured_media":0,"parent":0,"menu_order":0,"comment_status":"closed","ping_status":"closed","template":"","meta":{"footnotes":""},"class_list":["post-1012","page","type-page","status-publish","hentry"],"_links":{"self":[{"href":"https:\/\/kylat.ekarjala.fi\/kauriansalmi\/wp-json\/wp\/v2\/pages\/1012","targetHints":{"allow":["GET"]}}],"collection":[{"href":"https:\/\/kylat.ekarjala.fi\/kauriansalmi\/wp-json\/wp\/v2\/pages"}],"about":[{"href":"https:\/\/kylat.ekarjala.fi\/kauriansalmi\/wp-json\/wp\/v2\/types\/page"}],"author":[{"embeddable":true,"href":"https:\/\/kylat.ekarjala.fi\/kauriansalmi\/wp-json\/wp\/v2\/users\/74"}],"replies":[{"embeddable":true,"href":"https:\/\/kylat.ekarjala.fi\/kauriansalmi\/wp-json\/wp\/v2\/comments?post=1012"}],"version-history":[{"count":20,"href":"https:\/\/kylat.ekarjala.fi\/kauriansalmi\/wp-json\/wp\/v2\/pages\/1012\/revisions"}],"predecessor-version":[{"id":1784,"href":"https:\/\/kylat.ekarjala.fi\/kauriansalmi\/wp-json\/wp\/v2\/pages\/1012\/revisions\/1784"}],"wp:attachment":[{"href":"https:\/\/kylat.ekarjala.fi\/kauriansalmi\/wp-json\/wp\/v2\/media?parent=1012"}],"curies":[{"name":"wp","href":"https:\/\/api.w.org\/{rel}","templated":true}]}}