{"id":1026,"date":"2017-07-09T10:48:35","date_gmt":"2017-07-09T11:18:35","guid":{"rendered":"https:\/\/kylat.ekarjala.fi\/kauriansalmi\/?page_id=1026"},"modified":"2018-02-11T17:14:01","modified_gmt":"2018-02-11T17:44:01","slug":"tapahtumia-2017","status":"publish","type":"page","link":"https:\/\/kylat.ekarjala.fi\/kauriansalmi\/tapahtumia-2017\/","title":{"rendered":"Tapahtumia 2017"},"content":{"rendered":"<p>Kasviretki 8.7.2017<br \/>\nOppaana Seppo Vuokko<\/p>\n<p>Olimme liikkeell\u00e4 Suomi 100 -teemalla Suomenkyl\u00e4n kulttuurimaisemassa, tavoitteena tunnistaa 100 eri kasvia.<br \/>\nOppaamme oli niin mainio tietopankki, ett\u00e4 ensimm\u00e4iset 100 kasvia\u00a0l\u00f6ytyi jo alkumatkasta ja koko retkell\u00e4\u00a0tunnistettiin yhteens\u00e4\u00a0184 eri kasvia.<\/p>\n<p><img fetchpriority=\"high\" decoding=\"async\" class=\"aligncenter size-large wp-image-1101\" src=\"https:\/\/kylat.ekarjala.fi\/kauriansalmi\/wp-content\/uploads\/sites\/35\/2018\/02\/20170708_101632-1024x576.jpg\" alt=\"\" width=\"640\" height=\"360\" srcset=\"https:\/\/kylat.ekarjala.fi\/kauriansalmi\/wp-content\/uploads\/sites\/35\/2018\/02\/20170708_101632-1024x576.jpg 1024w, https:\/\/kylat.ekarjala.fi\/kauriansalmi\/wp-content\/uploads\/sites\/35\/2018\/02\/20170708_101632-300x169.jpg 300w, https:\/\/kylat.ekarjala.fi\/kauriansalmi\/wp-content\/uploads\/sites\/35\/2018\/02\/20170708_101632-768x432.jpg 768w\" sizes=\"(max-width: 640px) 100vw, 640px\" \/><\/p>\n<p>Tunnistetut kasvit:<br \/>\n1 Kaitavirna<br \/>\n2 Valkoapila<br \/>\n3 Hopeahanhikki<br \/>\n4 Pihasaunio<br \/>\n5 Piharatamo<br \/>\n6 Kyl\u00e4nurmikka<br \/>\n7 Pihatatar<br \/>\n8 Matalanurmikka<br \/>\n9 Lupiini<br \/>\n10 Kuusi<br \/>\n11 Polvipuntarp\u00e4\u00e4<br \/>\n12 Rapsi<br \/>\n13 Vuohenputki<br \/>\n14 Nurmipuntarp\u00e4\u00e4<br \/>\n15 Koiranhein\u00e4<br \/>\n16 Punanata<br \/>\n17 Peltokorte<br \/>\n18 Hiirenvirna<br \/>\n19 Puna-apila<br \/>\n20 Hein\u00e4t\u00e4htim\u00f6<br \/>\n21 Nurmit\u00e4dyke Veronica chamaetus<br \/>\n22 Niittyleinikki<br \/>\n23 Koiranputki<br \/>\n24 Pujo<br \/>\n25 Maitohorsma<br \/>\n26 Paimenmatara<br \/>\n27 Peurankello<br \/>\n28 Syysmaitiainen<br \/>\n29 Vadelma<br \/>\n30 Tummatulikukka<br \/>\n31 Niittysuolahein\u00e4<br \/>\n32 Poimulehti (Harmaapoimulehti)<br \/>\n33 Kev\u00e4tleinikki<br \/>\n34 Pukinjuuri<br \/>\n35 Harakankello<br \/>\n36 Raita<br \/>\n37 Tammi<br \/>\n38 Kataja<br \/>\n39 Pihlaja<br \/>\n40 Vaahtera<br \/>\n41 Rauduskoivu<br \/>\n42 Kaukaasianmaksaruoho<br \/>\n43 Siperianmaksaruoho<br \/>\n44 Mets\u00e4maitikka<br \/>\n45 Virpiangervo<br \/>\n46 Ahomansikka<br \/>\n47 Syysasteri<br \/>\n48 Juhannusruusu<br \/>\n49 Lillukka<br \/>\n50 Kissankello<br \/>\n51 Isotuomipihlaja<br \/>\n52 P\u00e4iv\u00e4nkakkara<br \/>\n53 Pihlaja-angervo<br \/>\n54 Syreeni<br \/>\n55 Nurmikaunokki<br \/>\n56 Viuhkokeltano<br \/>\n57 Kes\u00e4maitiainen<br \/>\n58 Sarjakeltano<br \/>\n59 Niittyhumala<br \/>\n60 Mesiangervo<br \/>\n61 Voikukka<br \/>\n62 Niittyn\u00e4tkelm\u00e4<br \/>\n63 Suopayrtti<br \/>\n64 Pietaryrtti<br \/>\n65 P\u00f6lkkyruoho<br \/>\n66 Peltotaskuruoho<br \/>\n67 Pelto-orvokki<br \/>\n68 Peltoem\u00e4kki<br \/>\n69 Peltohatikka<br \/>\n70 Peltolemmikki<br \/>\n71 Saksanhanhikki<br \/>\n72 Vuohenkello<br \/>\n73 Ukkomansikka<br \/>\n74 Timotei<br \/>\n75 Peltoukonnauris<br \/>\n76 Kirjavapillike<br \/>\n77 Kiiltopaju<br \/>\n78 Mustuvapaju<br \/>\n79 Tuoksusimake<br \/>\n80 Piennarpoimulehti<br \/>\n81 Kultapiisku<br \/>\n82 Harmaalepp\u00e4<br \/>\n83 Haapa<br \/>\n84 Huopaohdake<br \/>\n85 Pehmyt mesihein\u00e4<br \/>\n86 Pikkulaukku<br \/>\n87 Ojakellukka<br \/>\n88 Ranta-alpi<br \/>\n89 Hiirenporras<br \/>\n90 Karhunputki<br \/>\n91 Nurmir\u00f6lli<br \/>\n92 Mustikka<br \/>\n93 Korpipaatsama<br \/>\n94 Nuokkutalvikki<br \/>\n95 Mets\u00e4kastikka<br \/>\n96 Mets\u00e4lauha<br \/>\n97 Puolukka<br \/>\n98 R\u00e4tv\u00e4n\u00e4<br \/>\n99 Purtojuuri<br \/>\n100 Pikkutalvikki<br \/>\n101 Isotalvikki<br \/>\n102 Hietakastikka<br \/>\n103 Hieskoivu<br \/>\n104 Tuomi<br \/>\n105 K\u00e4enkukka<br \/>\n106 Kangasmaitikka<br \/>\n107 Suo-ohdake<br \/>\n108 Rantanurmikka<br \/>\n109 Kalvassara<br \/>\n110 Vihvil\u00e4<br \/>\n111 Keltasara<br \/>\n112 Nurmipiippo<br \/>\n113 Harmaasara<br \/>\n114 Leskenlehti<br \/>\n115 Luhtar\u00f6lli<br \/>\n116 Osmank\u00e4\u00e4mi<br \/>\n117 Koiranheisi<br \/>\n118 Korpi-imarre<br \/>\n119 Ahomatara<br \/>\n120 Luhtamatara<br \/>\n121 Tuppisara<br \/>\n122 Riidenlieko<br \/>\n123 Mets\u00e4imarre<br \/>\n124 Valkolehdokki<br \/>\n125 Lehtoakileija<br \/>\n126 Aho-orvokki<br \/>\n127 K\u00e4enkaali<br \/>\n128 Mets\u00e4kurjenpolvi<br \/>\n129 Sananjalka<br \/>\n130 Rohtot\u00e4dyke<br \/>\n131 Kanerva<br \/>\n132 Sianpuolukka<br \/>\n133 S\u00e4rm\u00e4kuisma<br \/>\n134 Kev\u00e4tpiippo<br \/>\n135 Rantamatara<br \/>\n136 Kaiheorvokki<br \/>\n137 Katinlieko<br \/>\n138 Oravanmarja<br \/>\n139 Lehtokorte<br \/>\n140 Sudenmarja<br \/>\n141 Mets\u00e4ruusu<br \/>\n142 Mustaherukka<br \/>\n143 Mets\u00e4korte<br \/>\n144 Ruusuruoho<br \/>\n145 Tervalepp\u00e4<br \/>\n146 Ojak\u00e4rs\u00e4m\u00f6<br \/>\n147 Virpapaju<br \/>\n148 Suokeltto<br \/>\n149 J\u00e4n\u00f6nsara<br \/>\n150 Mets\u00e4alvejuuri<br \/>\n151 Rantanen\u00e4tti<br \/>\n152 Hevonhierakka<br \/>\n153 Nurmih\u00e4rkki<br \/>\n154 Nokkonen<br \/>\n155 Rantakanankaali<br \/>\n156 Amerikanhorsma<br \/>\n157 Terttualpi<br \/>\n158 Rantalemmikki<br \/>\n159 Vanamo<br \/>\n160 Sinihein\u00e4<br \/>\n161 Viiltosara<br \/>\n162 Suomyrtti<br \/>\n163 Nuottaruoho<br \/>\n164 Tumma lahnaruoho<br \/>\n165 Ratamosarpio<br \/>\n166 Ulpukka<br \/>\n167 Rusko\u00e4rvi\u00e4<br \/>\n168 Lahnaruoho<br \/>\n169 J\u00e4rvis\u00e4tkin<br \/>\n170 J\u00e4rvikorte<br \/>\n171 Rantavihvil\u00e4<br \/>\n172 Vuohenokka<br \/>\n173 Pullosara<br \/>\n174 Korpikaisla<br \/>\n175 Rantaminttu<br \/>\n176 Ker\u00e4p\u00e4\u00e4vihvil\u00e4<br \/>\n177 Jokileinikki<br \/>\n178 Suoputki<br \/>\n179 J\u00e4rviruoko<br \/>\n180 Lampaannata<br \/>\n181 Jokapaikansara<br \/>\n182 Hopeakeltano<br \/>\n183 Korpikastikka<br \/>\n184 Puna-ailakki<\/p>\n<p>&nbsp;<\/p>\n","protected":false},"excerpt":{"rendered":"<p>Kasviretki 8.7.2017 Oppaana Seppo Vuokko Olimme liikkeell\u00e4 Suomi 100 -teemalla Suomenkyl\u00e4n kulttuurimaisemassa, tavoitteena tunnistaa 100 eri kasvia. Oppaamme oli niin mainio tietopankki, ett\u00e4 ensimm\u00e4iset 100 kasvia\u00a0l\u00f6ytyi jo alkumatkasta ja koko retkell\u00e4\u00a0tunnistettiin yhteens\u00e4\u00a0184 eri kasvia. Tunnistetut kasvit: 1 Kaitavirna 2 Valkoapila &hellip; <a href=\"https:\/\/kylat.ekarjala.fi\/kauriansalmi\/tapahtumia-2017\/\">Lue loppuun <span class=\"meta-nav\">&rarr;<\/span><\/a><\/p>\n","protected":false},"author":74,"featured_media":0,"parent":0,"menu_order":0,"comment_status":"closed","ping_status":"closed","template":"","meta":{"footnotes":""},"class_list":["post-1026","page","type-page","status-publish","hentry"],"_links":{"self":[{"href":"https:\/\/kylat.ekarjala.fi\/kauriansalmi\/wp-json\/wp\/v2\/pages\/1026","targetHints":{"allow":["GET"]}}],"collection":[{"href":"https:\/\/kylat.ekarjala.fi\/kauriansalmi\/wp-json\/wp\/v2\/pages"}],"about":[{"href":"https:\/\/kylat.ekarjala.fi\/kauriansalmi\/wp-json\/wp\/v2\/types\/page"}],"author":[{"embeddable":true,"href":"https:\/\/kylat.ekarjala.fi\/kauriansalmi\/wp-json\/wp\/v2\/users\/74"}],"replies":[{"embeddable":true,"href":"https:\/\/kylat.ekarjala.fi\/kauriansalmi\/wp-json\/wp\/v2\/comments?post=1026"}],"version-history":[{"count":4,"href":"https:\/\/kylat.ekarjala.fi\/kauriansalmi\/wp-json\/wp\/v2\/pages\/1026\/revisions"}],"predecessor-version":[{"id":1102,"href":"https:\/\/kylat.ekarjala.fi\/kauriansalmi\/wp-json\/wp\/v2\/pages\/1026\/revisions\/1102"}],"wp:attachment":[{"href":"https:\/\/kylat.ekarjala.fi\/kauriansalmi\/wp-json\/wp\/v2\/media?parent=1026"}],"curies":[{"name":"wp","href":"https:\/\/api.w.org\/{rel}","templated":true}]}}