{"id":1125,"date":"2018-03-15T17:47:03","date_gmt":"2018-03-15T18:17:03","guid":{"rendered":"https:\/\/kylat.ekarjala.fi\/kauriansalmi\/?page_id=1125"},"modified":"2025-03-17T10:19:45","modified_gmt":"2025-03-17T10:49:45","slug":"jasenmaksu","status":"publish","type":"page","link":"https:\/\/kylat.ekarjala.fi\/kauriansalmi\/kylayhdistys\/jasenmaksu\/","title":{"rendered":"J\u00e4senmaksu"},"content":{"rendered":"<p>Kauriansalmen kyl\u00e4t ry:n j\u00e4senmaksu 2025 on 10 \u20ac.<\/p>\n<p>J\u00e4senmaksun voi maksaa suoraan yhdistyksen tilille <strong>FI53 4165 1020 0163 34<\/strong><\/p>\n\n\n<p><\/p>\n","protected":false},"excerpt":{"rendered":"<p>Kauriansalmen kyl\u00e4t ry:n j\u00e4senmaksu 2025 on 10 \u20ac. J\u00e4senmaksun voi maksaa suoraan yhdistyksen tilille FI53 4165 1020 0163 34<\/p>\n","protected":false},"author":74,"featured_media":0,"parent":19,"menu_order":0,"comment_status":"closed","ping_status":"closed","template":"","meta":{"footnotes":""},"class_list":["post-1125","page","type-page","status-publish","hentry"],"_links":{"self":[{"href":"https:\/\/kylat.ekarjala.fi\/kauriansalmi\/wp-json\/wp\/v2\/pages\/1125","targetHints":{"allow":["GET"]}}],"collection":[{"href":"https:\/\/kylat.ekarjala.fi\/kauriansalmi\/wp-json\/wp\/v2\/pages"}],"about":[{"href":"https:\/\/kylat.ekarjala.fi\/kauriansalmi\/wp-json\/wp\/v2\/types\/page"}],"author":[{"embeddable":true,"href":"https:\/\/kylat.ekarjala.fi\/kauriansalmi\/wp-json\/wp\/v2\/users\/74"}],"replies":[{"embeddable":true,"href":"https:\/\/kylat.ekarjala.fi\/kauriansalmi\/wp-json\/wp\/v2\/comments?post=1125"}],"version-history":[{"count":8,"href":"https:\/\/kylat.ekarjala.fi\/kauriansalmi\/wp-json\/wp\/v2\/pages\/1125\/revisions"}],"predecessor-version":[{"id":1742,"href":"https:\/\/kylat.ekarjala.fi\/kauriansalmi\/wp-json\/wp\/v2\/pages\/1125\/revisions\/1742"}],"up":[{"embeddable":true,"href":"https:\/\/kylat.ekarjala.fi\/kauriansalmi\/wp-json\/wp\/v2\/pages\/19"}],"wp:attachment":[{"href":"https:\/\/kylat.ekarjala.fi\/kauriansalmi\/wp-json\/wp\/v2\/media?parent=1125"}],"curies":[{"name":"wp","href":"https:\/\/api.w.org\/{rel}","templated":true}]}}