{"id":1186,"date":"2018-08-11T10:55:38","date_gmt":"2018-08-11T11:25:38","guid":{"rendered":"https:\/\/kylat.ekarjala.fi\/kauriansalmi\/?page_id=1186"},"modified":"2018-08-11T10:56:18","modified_gmt":"2018-08-11T11:26:18","slug":"suomenniemi-lyytikkala-osakaskunnan-vesialue","status":"publish","type":"page","link":"https:\/\/kylat.ekarjala.fi\/kauriansalmi\/kalastus\/suomenniemi-lyytikkala-osakaskunnan-vesialue\/","title":{"rendered":"Suomenniemi-Lyytikk\u00e4l\u00e4 Osakaskunnan vesialue"},"content":{"rendered":"<p><a href=\"https:\/\/kylat.ekarjala.fi\/kauriansalmi\/wp-content\/uploads\/sites\/35\/2018\/08\/Suomenniemi-Lyytikk\u00e4l\u00e4-rauhoitusalue.pdf\">Suomenniemi-Lyytikk\u00e4l\u00e4 rauhoitusalue<\/a><br \/>\n<a href=\"https:\/\/kylat.ekarjala.fi\/kauriansalmi\/wp-content\/uploads\/sites\/35\/2018\/08\/Lupakartta-21.pdf\">Suomenniemi-Lyytikk\u00e4l\u00e4 osakaskunnan vesialue<\/a><\/p>\n<p>&nbsp;<\/p>\n","protected":false},"excerpt":{"rendered":"<p>Suomenniemi-Lyytikk\u00e4l\u00e4 rauhoitusalue Suomenniemi-Lyytikk\u00e4l\u00e4 osakaskunnan vesialue &nbsp;<\/p>\n","protected":false},"author":76,"featured_media":0,"parent":49,"menu_order":0,"comment_status":"closed","ping_status":"closed","template":"","meta":{"footnotes":""},"class_list":["post-1186","page","type-page","status-publish","hentry"],"_links":{"self":[{"href":"https:\/\/kylat.ekarjala.fi\/kauriansalmi\/wp-json\/wp\/v2\/pages\/1186","targetHints":{"allow":["GET"]}}],"collection":[{"href":"https:\/\/kylat.ekarjala.fi\/kauriansalmi\/wp-json\/wp\/v2\/pages"}],"about":[{"href":"https:\/\/kylat.ekarjala.fi\/kauriansalmi\/wp-json\/wp\/v2\/types\/page"}],"author":[{"embeddable":true,"href":"https:\/\/kylat.ekarjala.fi\/kauriansalmi\/wp-json\/wp\/v2\/users\/76"}],"replies":[{"embeddable":true,"href":"https:\/\/kylat.ekarjala.fi\/kauriansalmi\/wp-json\/wp\/v2\/comments?post=1186"}],"version-history":[{"count":2,"href":"https:\/\/kylat.ekarjala.fi\/kauriansalmi\/wp-json\/wp\/v2\/pages\/1186\/revisions"}],"predecessor-version":[{"id":1223,"href":"https:\/\/kylat.ekarjala.fi\/kauriansalmi\/wp-json\/wp\/v2\/pages\/1186\/revisions\/1223"}],"up":[{"embeddable":true,"href":"https:\/\/kylat.ekarjala.fi\/kauriansalmi\/wp-json\/wp\/v2\/pages\/49"}],"wp:attachment":[{"href":"https:\/\/kylat.ekarjala.fi\/kauriansalmi\/wp-json\/wp\/v2\/media?parent=1186"}],"curies":[{"name":"wp","href":"https:\/\/api.w.org\/{rel}","templated":true}]}}