{"id":1239,"date":"2019-07-15T07:33:37","date_gmt":"2019-07-15T08:03:37","guid":{"rendered":"https:\/\/kylat.ekarjala.fi\/kauriansalmi\/?page_id=1239"},"modified":"2020-05-29T08:10:43","modified_gmt":"2020-05-29T08:40:43","slug":"tahtumia-2019","status":"publish","type":"page","link":"https:\/\/kylat.ekarjala.fi\/kauriansalmi\/tahtumia-2019\/","title":{"rendered":"Tahtumia 2019"},"content":{"rendered":"<p>Kasviretki 2019<br \/>\n6.7.2019 Kiersimme Irja Hannosen polun Karkauksessa Kuituran maisemissa.<br \/>\nOppaanamme toimi Seppo Vuokko! Isot kiitokset Sepolle!<br \/>\nOhessa Markku Immosen ottamia hienoja kuvia matkan varrelta.<\/p>\n<div id=\"attachment_1247\" style=\"width: 650px\" class=\"wp-caption alignleft\"><a href=\"https:\/\/kylat.ekarjala.fi\/kauriansalmi\/tapahtumat\/tahtumia-2019\/6-7-2019-kasviretki-karkaus-irja-hannosen-polku\/\" rel=\"attachment wp-att-1247\"><img fetchpriority=\"high\" decoding=\"async\" aria-describedby=\"caption-attachment-1247\" class=\"size-large wp-image-1247\" src=\"https:\/\/kylat.ekarjala.fi\/kauriansalmi\/wp-content\/uploads\/sites\/35\/2019\/07\/6.7.2019-kasviretki-Karkaus-Irja-Hannosen-polku-1024x756.jpg\" alt=\"\" width=\"640\" height=\"473\" srcset=\"https:\/\/kylat.ekarjala.fi\/kauriansalmi\/wp-content\/uploads\/sites\/35\/2019\/07\/6.7.2019-kasviretki-Karkaus-Irja-Hannosen-polku-1024x756.jpg 1024w, https:\/\/kylat.ekarjala.fi\/kauriansalmi\/wp-content\/uploads\/sites\/35\/2019\/07\/6.7.2019-kasviretki-Karkaus-Irja-Hannosen-polku-300x221.jpg 300w, https:\/\/kylat.ekarjala.fi\/kauriansalmi\/wp-content\/uploads\/sites\/35\/2019\/07\/6.7.2019-kasviretki-Karkaus-Irja-Hannosen-polku-768x567.jpg 768w, https:\/\/kylat.ekarjala.fi\/kauriansalmi\/wp-content\/uploads\/sites\/35\/2019\/07\/6.7.2019-kasviretki-Karkaus-Irja-Hannosen-polku.jpg 1670w\" sizes=\"(max-width: 640px) 100vw, 640px\" \/><\/a><p id=\"caption-attachment-1247\" class=\"wp-caption-text\">6.7.2019 Kasviretki Karkaus Irja Hannosen polku<\/p><\/div>\n<div id=\"attachment_1245\" style=\"width: 650px\" class=\"wp-caption alignleft\"><a href=\"https:\/\/kylat.ekarjala.fi\/kauriansalmi\/tapahtumat\/tahtumia-2019\/6-7-2019-seppo-vuokko\/\" rel=\"attachment wp-att-1245\"><img decoding=\"async\" aria-describedby=\"caption-attachment-1245\" class=\"size-large wp-image-1245\" src=\"https:\/\/kylat.ekarjala.fi\/kauriansalmi\/wp-content\/uploads\/sites\/35\/2019\/07\/6.7.2019-seppo-vuokko-1024x708.jpg\" alt=\"\" width=\"640\" height=\"443\" srcset=\"https:\/\/kylat.ekarjala.fi\/kauriansalmi\/wp-content\/uploads\/sites\/35\/2019\/07\/6.7.2019-seppo-vuokko-1024x708.jpg 1024w, https:\/\/kylat.ekarjala.fi\/kauriansalmi\/wp-content\/uploads\/sites\/35\/2019\/07\/6.7.2019-seppo-vuokko-300x207.jpg 300w, https:\/\/kylat.ekarjala.fi\/kauriansalmi\/wp-content\/uploads\/sites\/35\/2019\/07\/6.7.2019-seppo-vuokko-768x531.jpg 768w, https:\/\/kylat.ekarjala.fi\/kauriansalmi\/wp-content\/uploads\/sites\/35\/2019\/07\/6.7.2019-seppo-vuokko.jpg 1780w\" sizes=\"(max-width: 640px) 100vw, 640px\" \/><\/a><p id=\"caption-attachment-1245\" class=\"wp-caption-text\">Seppo Vuokko ison rapakivilohkareen \u00e4\u00e4rell\u00e4.<\/p><\/div>\n<div id=\"attachment_1246\" style=\"width: 650px\" class=\"wp-caption alignleft\"><a href=\"https:\/\/kylat.ekarjala.fi\/kauriansalmi\/tapahtumat\/tahtumia-2019\/6-7-2019-karpalo\/\" rel=\"attachment wp-att-1246\"><img decoding=\"async\" aria-describedby=\"caption-attachment-1246\" class=\"size-large wp-image-1246\" src=\"https:\/\/kylat.ekarjala.fi\/kauriansalmi\/wp-content\/uploads\/sites\/35\/2019\/07\/6.7.2019-karpalo-1024x934.jpg\" alt=\"\" width=\"640\" height=\"584\" srcset=\"https:\/\/kylat.ekarjala.fi\/kauriansalmi\/wp-content\/uploads\/sites\/35\/2019\/07\/6.7.2019-karpalo-1024x934.jpg 1024w, https:\/\/kylat.ekarjala.fi\/kauriansalmi\/wp-content\/uploads\/sites\/35\/2019\/07\/6.7.2019-karpalo-300x274.jpg 300w, https:\/\/kylat.ekarjala.fi\/kauriansalmi\/wp-content\/uploads\/sites\/35\/2019\/07\/6.7.2019-karpalo-768x700.jpg 768w, https:\/\/kylat.ekarjala.fi\/kauriansalmi\/wp-content\/uploads\/sites\/35\/2019\/07\/6.7.2019-karpalo.jpg 1600w\" sizes=\"(max-width: 640px) 100vw, 640px\" \/><\/a><p id=\"caption-attachment-1246\" class=\"wp-caption-text\">Karpalon kukat ja raakileet.<\/p><\/div>\n<div id=\"attachment_1242\" style=\"width: 650px\" class=\"wp-caption alignleft\"><a href=\"https:\/\/kylat.ekarjala.fi\/kauriansalmi\/tapahtumat\/tahtumia-2019\/6-7-2019-puikkotorvijakala\/\" rel=\"attachment wp-att-1242\"><img loading=\"lazy\" decoding=\"async\" aria-describedby=\"caption-attachment-1242\" class=\"size-large wp-image-1242\" src=\"https:\/\/kylat.ekarjala.fi\/kauriansalmi\/wp-content\/uploads\/sites\/35\/2019\/07\/6.7.2019-puikkotorvij\u00e4k\u00e4l\u00e4-1024x876.jpg\" alt=\"\" width=\"640\" height=\"548\" srcset=\"https:\/\/kylat.ekarjala.fi\/kauriansalmi\/wp-content\/uploads\/sites\/35\/2019\/07\/6.7.2019-puikkotorvij\u00e4k\u00e4l\u00e4-1024x876.jpg 1024w, https:\/\/kylat.ekarjala.fi\/kauriansalmi\/wp-content\/uploads\/sites\/35\/2019\/07\/6.7.2019-puikkotorvij\u00e4k\u00e4l\u00e4-300x257.jpg 300w, https:\/\/kylat.ekarjala.fi\/kauriansalmi\/wp-content\/uploads\/sites\/35\/2019\/07\/6.7.2019-puikkotorvij\u00e4k\u00e4l\u00e4-768x657.jpg 768w, https:\/\/kylat.ekarjala.fi\/kauriansalmi\/wp-content\/uploads\/sites\/35\/2019\/07\/6.7.2019-puikkotorvij\u00e4k\u00e4l\u00e4.jpg 1600w\" sizes=\"(max-width: 640px) 100vw, 640px\" \/><\/a><p id=\"caption-attachment-1242\" class=\"wp-caption-text\">Puikkotorvij\u00e4k\u00e4l\u00e4<\/p><\/div>\n<div id=\"attachment_1243\" style=\"width: 650px\" class=\"wp-caption alignleft\"><a href=\"https:\/\/kylat.ekarjala.fi\/kauriansalmi\/tapahtumat\/tahtumia-2019\/6-7-2019-saikurahaapsanen-saperda-scalaris-3\/\" rel=\"attachment wp-att-1243\"><img loading=\"lazy\" decoding=\"async\" aria-describedby=\"caption-attachment-1243\" class=\"size-large wp-image-1243\" src=\"https:\/\/kylat.ekarjala.fi\/kauriansalmi\/wp-content\/uploads\/sites\/35\/2019\/07\/6.7.2019-Saikurahaapsanen-Saperda-scalaris-3-1024x933.jpg\" alt=\"\" width=\"640\" height=\"583\" srcset=\"https:\/\/kylat.ekarjala.fi\/kauriansalmi\/wp-content\/uploads\/sites\/35\/2019\/07\/6.7.2019-Saikurahaapsanen-Saperda-scalaris-3-1024x933.jpg 1024w, https:\/\/kylat.ekarjala.fi\/kauriansalmi\/wp-content\/uploads\/sites\/35\/2019\/07\/6.7.2019-Saikurahaapsanen-Saperda-scalaris-3-300x273.jpg 300w, https:\/\/kylat.ekarjala.fi\/kauriansalmi\/wp-content\/uploads\/sites\/35\/2019\/07\/6.7.2019-Saikurahaapsanen-Saperda-scalaris-3-768x700.jpg 768w, https:\/\/kylat.ekarjala.fi\/kauriansalmi\/wp-content\/uploads\/sites\/35\/2019\/07\/6.7.2019-Saikurahaapsanen-Saperda-scalaris-3.jpg 1560w\" sizes=\"(max-width: 640px) 100vw, 640px\" \/><\/a><p id=\"caption-attachment-1243\" class=\"wp-caption-text\">Saikurahaapsanen<\/p><\/div>\n<div id=\"attachment_1244\" style=\"width: 650px\" class=\"wp-caption alignleft\"><a href=\"https:\/\/kylat.ekarjala.fi\/kauriansalmi\/tapahtumat\/tahtumia-2019\/6-7-2019-saikurahaapsanen-saperda-scalaris\/\" rel=\"attachment wp-att-1244\"><img loading=\"lazy\" decoding=\"async\" aria-describedby=\"caption-attachment-1244\" class=\"size-large wp-image-1244\" src=\"https:\/\/kylat.ekarjala.fi\/kauriansalmi\/wp-content\/uploads\/sites\/35\/2019\/07\/6.7.2019-Saikurahaapsanen-Saperda-scalaris-1024x905.jpg\" alt=\"\" width=\"640\" height=\"566\" srcset=\"https:\/\/kylat.ekarjala.fi\/kauriansalmi\/wp-content\/uploads\/sites\/35\/2019\/07\/6.7.2019-Saikurahaapsanen-Saperda-scalaris-1024x905.jpg 1024w, https:\/\/kylat.ekarjala.fi\/kauriansalmi\/wp-content\/uploads\/sites\/35\/2019\/07\/6.7.2019-Saikurahaapsanen-Saperda-scalaris-300x265.jpg 300w, https:\/\/kylat.ekarjala.fi\/kauriansalmi\/wp-content\/uploads\/sites\/35\/2019\/07\/6.7.2019-Saikurahaapsanen-Saperda-scalaris-768x678.jpg 768w, https:\/\/kylat.ekarjala.fi\/kauriansalmi\/wp-content\/uploads\/sites\/35\/2019\/07\/6.7.2019-Saikurahaapsanen-Saperda-scalaris.jpg 1500w\" sizes=\"(max-width: 640px) 100vw, 640px\" \/><\/a><p id=\"caption-attachment-1244\" class=\"wp-caption-text\">Saikurahaapsanen &#8211; Saperda scalaris<\/p><\/div>\n<div id=\"attachment_1248\" style=\"width: 650px\" class=\"wp-caption alignleft\"><a href=\"https:\/\/kylat.ekarjala.fi\/kauriansalmi\/tapahtumat\/tahtumia-2019\/6-7-2019-kutunen\/\" rel=\"attachment wp-att-1248\"><img loading=\"lazy\" decoding=\"async\" aria-describedby=\"caption-attachment-1248\" class=\"size-large wp-image-1248\" src=\"https:\/\/kylat.ekarjala.fi\/kauriansalmi\/wp-content\/uploads\/sites\/35\/2019\/07\/6.7.2019-kutunen-927x1024.jpg\" alt=\"Kutunen\" width=\"640\" height=\"707\" srcset=\"https:\/\/kylat.ekarjala.fi\/kauriansalmi\/wp-content\/uploads\/sites\/35\/2019\/07\/6.7.2019-kutunen-927x1024.jpg 927w, https:\/\/kylat.ekarjala.fi\/kauriansalmi\/wp-content\/uploads\/sites\/35\/2019\/07\/6.7.2019-kutunen-272x300.jpg 272w, https:\/\/kylat.ekarjala.fi\/kauriansalmi\/wp-content\/uploads\/sites\/35\/2019\/07\/6.7.2019-kutunen-768x848.jpg 768w, https:\/\/kylat.ekarjala.fi\/kauriansalmi\/wp-content\/uploads\/sites\/35\/2019\/07\/6.7.2019-kutunen.jpg 1600w\" sizes=\"(max-width: 640px) 100vw, 640px\" \/><\/a><p id=\"caption-attachment-1248\" class=\"wp-caption-text\">Kutunen<\/p><\/div>\n<div id=\"attachment_1249\" style=\"width: 650px\" class=\"wp-caption alignleft\"><a href=\"https:\/\/kylat.ekarjala.fi\/kauriansalmi\/tapahtumat\/tahtumia-2019\/6-7-2019-mittari1\/\" rel=\"attachment wp-att-1249\"><img loading=\"lazy\" decoding=\"async\" aria-describedby=\"caption-attachment-1249\" class=\"size-large wp-image-1249\" src=\"https:\/\/kylat.ekarjala.fi\/kauriansalmi\/wp-content\/uploads\/sites\/35\/2019\/07\/6.7.2019-mittari1-1024x761.jpg\" alt=\"\" width=\"640\" height=\"476\" srcset=\"https:\/\/kylat.ekarjala.fi\/kauriansalmi\/wp-content\/uploads\/sites\/35\/2019\/07\/6.7.2019-mittari1-1024x761.jpg 1024w, https:\/\/kylat.ekarjala.fi\/kauriansalmi\/wp-content\/uploads\/sites\/35\/2019\/07\/6.7.2019-mittari1-300x223.jpg 300w, https:\/\/kylat.ekarjala.fi\/kauriansalmi\/wp-content\/uploads\/sites\/35\/2019\/07\/6.7.2019-mittari1-768x571.jpg 768w, https:\/\/kylat.ekarjala.fi\/kauriansalmi\/wp-content\/uploads\/sites\/35\/2019\/07\/6.7.2019-mittari1.jpg 1700w\" sizes=\"(max-width: 640px) 100vw, 640px\" \/><\/a><p id=\"caption-attachment-1249\" class=\"wp-caption-text\">Mittari laskeutui hiuksiin.<\/p><\/div>\n","protected":false},"excerpt":{"rendered":"<p>Kasviretki 2019 6.7.2019 Kiersimme Irja Hannosen polun Karkauksessa Kuituran maisemissa. Oppaanamme toimi Seppo Vuokko! Isot kiitokset Sepolle! Ohessa Markku Immosen ottamia hienoja kuvia matkan varrelta.<\/p>\n","protected":false},"author":74,"featured_media":0,"parent":0,"menu_order":0,"comment_status":"closed","ping_status":"closed","template":"","meta":{"footnotes":""},"class_list":["post-1239","page","type-page","status-publish","hentry"],"_links":{"self":[{"href":"https:\/\/kylat.ekarjala.fi\/kauriansalmi\/wp-json\/wp\/v2\/pages\/1239","targetHints":{"allow":["GET"]}}],"collection":[{"href":"https:\/\/kylat.ekarjala.fi\/kauriansalmi\/wp-json\/wp\/v2\/pages"}],"about":[{"href":"https:\/\/kylat.ekarjala.fi\/kauriansalmi\/wp-json\/wp\/v2\/types\/page"}],"author":[{"embeddable":true,"href":"https:\/\/kylat.ekarjala.fi\/kauriansalmi\/wp-json\/wp\/v2\/users\/74"}],"replies":[{"embeddable":true,"href":"https:\/\/kylat.ekarjala.fi\/kauriansalmi\/wp-json\/wp\/v2\/comments?post=1239"}],"version-history":[{"count":9,"href":"https:\/\/kylat.ekarjala.fi\/kauriansalmi\/wp-json\/wp\/v2\/pages\/1239\/revisions"}],"predecessor-version":[{"id":1328,"href":"https:\/\/kylat.ekarjala.fi\/kauriansalmi\/wp-json\/wp\/v2\/pages\/1239\/revisions\/1328"}],"wp:attachment":[{"href":"https:\/\/kylat.ekarjala.fi\/kauriansalmi\/wp-json\/wp\/v2\/media?parent=1239"}],"curies":[{"name":"wp","href":"https:\/\/api.w.org\/{rel}","templated":true}]}}