{"id":13,"date":"2011-11-24T10:07:39","date_gmt":"2011-11-24T10:37:39","guid":{"rendered":"https:\/\/kylat.ekarjala.fi\/kauriansalmi\/?page_id=13"},"modified":"2025-03-17T10:30:37","modified_gmt":"2025-03-17T11:00:37","slug":"yritykset","status":"publish","type":"page","link":"https:\/\/kylat.ekarjala.fi\/kauriansalmi\/yritykset\/","title":{"rendered":"Yritykset"},"content":{"rendered":"<p><strong>Monipuolista yritystoimintaa<\/strong><\/p>\n<p>Kauriansalmi tarjoaa hyv\u00e4t mahdollisuudet monipuoliselle yritystoiminnalle ja upeita tontteja yritt\u00e4j\u00e4perheen asuinsijaksi. Suomenniemen kunnan teollisuusalue sijaitsee kyl\u00e4ss\u00e4, liikenteen solmukohdassa, M\u00e4ntyharjuntien, ja Valtatie 13:n risteyksen l\u00e4heisyydess\u00e4. Alueen edelleen kehitt\u00e4miseen on hyv\u00e4t mahdollisuudet vuonna 2004 toteutettujen kunnallisteknisten valmiuksien parannusten my\u00f6t\u00e4.<\/p>\n<p><strong><br \/>\nAlueen yrityksi\u00e4:<\/strong><\/p>\n<p><strong>Kauriansalmen tili- ja is\u00e4nn\u00f6intitoimisto tmi Aila Hujala<\/strong><br \/>\nLappeenrannantie 2113<br \/>\n52830 Suomenniemi<br \/>\npuh 040 050 1487<br \/>\nwww.kauriansalmi.net<\/p>\n<p>Tarjoan luotettavia tili- ja is\u00e4nn\u00f6intitoimiston palveluja pienille yrityksille, taloyhti\u00f6ille ja tiekunnille entisen Suomenniemen kunnan ja sen l\u00e4hiymp\u00e4rist\u00f6n alueilla.<\/p>\n<p><strong>Aulis Juopperi<\/strong><br \/>\nPuun sahausta<br \/>\nOsoite: V\u00e4litie 81, SUOMENNIEMI<br \/>\nPuhelin: (O15) 417 669<\/p>\n<p><strong>Loma-V\u00e4kk\u00e4r\u00e4<br \/>\n<\/strong>Lomam\u00f6kkien vuokraus<br \/>\nOuti\u00a0Kauria<br \/>\nYl\u00e4-V\u00e4kk\u00e4r\u00e4ntie 77<br \/>\n52420 Pellosniemi (Mikkeli)<\/p>\n<p><strong>Puh.\u00a0<a href=\"tel:+358442432511\">+358 44 243 2511\u00a0<\/a><br \/>\n<a href=\"http:\/\/www.lomavakkara.fi\/\">www.lomavakkara.fi<\/a><br \/>\n<a href=\"mailto:myynti@lomavakkara.fi\">myynti@lomavakkara.fi<\/a><\/strong><br \/>\n<a href=\"http:\/\/www.lomavakkara.fi\/\">Lomav\u00e4kk\u00e4r\u00e4<\/a><\/p>\n<p><strong>Maken Paja Oy<br \/>\n<\/strong>Autokorjaamo &#8211; my\u00f6s raskaan kaluston korjaus ja huoltoty\u00f6t<br \/>\nMarkku Heikkil\u00e4<br \/>\npuh. 0400 529 521<\/p>\n<p><strong>Mets\u00e4- ja kaivinkoneurakointi Keijo Huttunen<\/strong><br \/>\nPuunkorjuu<br \/>\nOsoite: Karkauksentie 19, 52830 SUOMENNIEMI<br \/>\nPuhelin: 0500 155 147<\/p>\n<p><strong>Halinen Pekka<\/strong><br \/>\nLumen auraukset, polttopuun teko klapikoneella.<br \/>\nPuhelin 0500 853 048<\/p>\n<p><strong>Punkka Altti<\/strong><br \/>\nLammastila &#8211; Lammastuotteita<br \/>\nMursketta ja sepeli\u00e4<br \/>\nTraktority\u00f6t<br \/>\nPolttopuuta<br \/>\nPunkantie 24 B, 52830 Suomenniemi<br \/>\npuh: 050 5914 395<br \/>\n<a href=\"mailto:altti.punkka@pp.inet.fi\">altti.punkka@pp.inet.fi<\/a><\/p>\n<p><strong>Suomenniemen Puutuote ja Kiinteist\u00f6huolto,<br \/>\nSuomenniemen M\u00f6kkihuolto<\/strong><br \/>\nPortaat, terassit, laiturit, m\u00f6kkien ajanmukaistamiset, grillikodat yms.<br \/>\nM\u00f6kkien kuntokartoitukset ja huoltokirjat, remontti- ja huoltosuunnitelmat, vuositarkastukset sek\u00e4 syys- ja kev\u00e4thuollot.<br \/>\nPuhelin: 040 564 9219 \/ Ari Erola<br \/>\n<a href=\"mailto:ari.erola@gmail.com\">ari.erola@gmail.com<\/a><\/p>\n<p><strong>S\u00e4rkk\u00e4\u00a0Jarkko<\/strong><br \/>\nMaansiirto- ym. kuljetukset.<br \/>\nOsoite: Kirkonkyl\u00e4ntie 438, 52830 SUOMENNIEMI<br \/>\nPuhelimet:\u00a0 0400 654 026<br \/>\n<a href=\"mailto:jarkko.sarkka@pp.inet.fi\">jarkko.sarkka@pp.inet.fi<\/a><\/p>\n","protected":false},"excerpt":{"rendered":"<p>Monipuolista yritystoimintaa Kauriansalmi tarjoaa hyv\u00e4t mahdollisuudet monipuoliselle yritystoiminnalle ja upeita tontteja yritt\u00e4j\u00e4perheen asuinsijaksi. Suomenniemen kunnan teollisuusalue sijaitsee kyl\u00e4ss\u00e4, liikenteen solmukohdassa, M\u00e4ntyharjuntien, ja Valtatie 13:n risteyksen l\u00e4heisyydess\u00e4. Alueen edelleen kehitt\u00e4miseen on hyv\u00e4t mahdollisuudet vuonna 2004 toteutettujen kunnallisteknisten valmiuksien parannusten my\u00f6t\u00e4. Alueen &hellip; <a href=\"https:\/\/kylat.ekarjala.fi\/kauriansalmi\/yritykset\/\">Lue loppuun <span class=\"meta-nav\">&rarr;<\/span><\/a><\/p>\n","protected":false},"author":74,"featured_media":0,"parent":0,"menu_order":0,"comment_status":"closed","ping_status":"open","template":"","meta":{"footnotes":""},"class_list":["post-13","page","type-page","status-publish","hentry"],"_links":{"self":[{"href":"https:\/\/kylat.ekarjala.fi\/kauriansalmi\/wp-json\/wp\/v2\/pages\/13","targetHints":{"allow":["GET"]}}],"collection":[{"href":"https:\/\/kylat.ekarjala.fi\/kauriansalmi\/wp-json\/wp\/v2\/pages"}],"about":[{"href":"https:\/\/kylat.ekarjala.fi\/kauriansalmi\/wp-json\/wp\/v2\/types\/page"}],"author":[{"embeddable":true,"href":"https:\/\/kylat.ekarjala.fi\/kauriansalmi\/wp-json\/wp\/v2\/users\/74"}],"replies":[{"embeddable":true,"href":"https:\/\/kylat.ekarjala.fi\/kauriansalmi\/wp-json\/wp\/v2\/comments?post=13"}],"version-history":[{"count":17,"href":"https:\/\/kylat.ekarjala.fi\/kauriansalmi\/wp-json\/wp\/v2\/pages\/13\/revisions"}],"predecessor-version":[{"id":1748,"href":"https:\/\/kylat.ekarjala.fi\/kauriansalmi\/wp-json\/wp\/v2\/pages\/13\/revisions\/1748"}],"wp:attachment":[{"href":"https:\/\/kylat.ekarjala.fi\/kauriansalmi\/wp-json\/wp\/v2\/media?parent=13"}],"curies":[{"name":"wp","href":"https:\/\/api.w.org\/{rel}","templated":true}]}}