{"id":207,"date":"2012-01-15T20:44:25","date_gmt":"2012-01-15T21:14:25","guid":{"rendered":"https:\/\/kylat.ekarjala.fi\/kauriansalmi\/?page_id=207"},"modified":"2012-05-21T20:19:49","modified_gmt":"2012-05-21T20:49:49","slug":"tornin-rakentamien-talkoilla-2010","status":"publish","type":"page","link":"https:\/\/kylat.ekarjala.fi\/kauriansalmi\/kaen-painallus-hanke\/tornin-rakentamien-talkoilla-2010\/","title":{"rendered":"Tornin rakentamien 2010"},"content":{"rendered":"<p>Suomenniemen Kauriansalmen Painalluksenm\u00e4elle rakennettiin Maisematorni, laavu ja tulistelupaikka talkoilla hellekes\u00e4n\u00e4 2010.<\/p>\n<p>K\u00e4en Painallus-hankkeen vastuullinen toteuttaja oli Kaurinsalmen kyl\u00e4t ry. Paikallisten asukkaiden ja kes\u00e4asukkaiden lis\u00e4ksi mukana talkoissa h\u00e4\u00e4riv\u00e4t\u00a0mm. seuraavat yhdistykset: Suomenniemen urheilijat ry, Kaurian mets\u00e4stysyhdistys ry, Karkaus-Syd\u00e4nmaan\u00a0 kyl\u00e4yhdistys ry ja Suomenniemen Martat ry.<br \/>\nHankevet\u00e4j\u00e4n\u00e4 toimi Outi Kauria, rakennusteknisist\u00e4 asioista vastaava oli Kari Hauhio. Tornin suunnitteluryhm\u00e4n\u00e4 muodostivat Ari Erola, Kari Hauhio, Raimo Laitinen ja useita\u00a0 muita aktiivisia kyl\u00e4l\u00e4isi\u00e4.<\/p>\n<p>Tornin rakentaminen aloitettiin 3.7.2010 pylv\u00e4iden\u00a0 pystytyksell\u00e4, jonka hoitivat Suur-Savon s\u00e4hk\u00f6lle pylv\u00e4it\u00e4 asentavat ammattilaiset.\u00a0 Tornin rakentaminen talkoovoimin alkoi 5.7.2011 ja talkoolaiset ahersivatkin \u201dm\u00e4ell\u00e4\u201d helteisen\u00e4 kes\u00e4n\u00e4 p\u00e4ivitt\u00e4in ahkerasti iltamy\u00f6h\u00e4\u00e4n asti (Hein\u00e4kuussa oli 27 hellep\u00e4iv\u00e4\u00e4 eli l\u00e4mp\u00f6tila yli 25\u00b0C.)<br \/>\nTalkoolaisia oli yhteens\u00e4 92 eri henkil\u00f6\u00e4 ja talkooty\u00f6t\u00e4 kirjattiin yhteens\u00e4 1833<br \/>\ntuntia eli 8 tunnin p\u00e4iviksi laskettuna 299 ty\u00f6p\u00e4iv\u00e4\u00e4.<br \/>\nL\u00e4mpim\u00e4t kiitokset kaikille takoisiin osallistuneille !<\/p>\n<div id='gallery-1' class='gallery galleryid-207 gallery-columns-4 gallery-size-thumbnail'><dl class='gallery-item'>\n\t\t\t<dt class='gallery-icon landscape'>\n\t\t\t\t<a href='https:\/\/kylat.ekarjala.fi\/kauriansalmi\/kaen-painallus-hanke\/tornin-rakentamien-talkoilla-2010\/3-painalluksenmaki-29-6-2010-medium\/'><img decoding=\"async\" width=\"150\" height=\"113\" src=\"https:\/\/kylat.ekarjala.fi\/kauriansalmi\/wp-content\/uploads\/sites\/35\/2012\/01\/3-Painalluksenm\u00e4ki-29.6.2010-Medium.jpg\" class=\"attachment-thumbnail size-thumbnail\" alt=\"\" aria-describedby=\"gallery-1-443\" \/><\/a>\n\t\t\t<\/dt>\n\t\t\t\t<dd class='wp-caption-text gallery-caption' id='gallery-1-443'>\n\t\t\t\tEnsin palokunta pesi kallion.\n\t\t\t\t<\/dd><\/dl><dl class='gallery-item'>\n\t\t\t<dt class='gallery-icon landscape'>\n\t\t\t\t<a href='https:\/\/kylat.ekarjala.fi\/kauriansalmi\/kaen-painallus-hanke\/tornin-rakentamien-talkoilla-2010\/4-torni-5-7-2010-medium\/'><img decoding=\"async\" width=\"150\" height=\"113\" src=\"https:\/\/kylat.ekarjala.fi\/kauriansalmi\/wp-content\/uploads\/sites\/35\/2012\/01\/4-Torni-5.7.2010-Medium.jpg\" class=\"attachment-thumbnail size-thumbnail\" alt=\"\" aria-describedby=\"gallery-1-444\" \/><\/a>\n\t\t\t<\/dt>\n\t\t\t\t<dd class='wp-caption-text gallery-caption' id='gallery-1-444'>\n\t\t\t\tKulmapylv\u00e4\u00e4t ja kunnon telineet, siit\u00e4 se l\u00e4htee !\n\t\t\t\t<\/dd><\/dl><dl class='gallery-item'>\n\t\t\t<dt class='gallery-icon portrait'>\n\t\t\t\t<a href='https:\/\/kylat.ekarjala.fi\/kauriansalmi\/kaen-painallus-hanke\/tornin-rakentamien-talkoilla-2010\/6-painalluksenmaki-heinakuu-2010-005-medium\/'><img decoding=\"async\" width=\"112\" height=\"150\" src=\"https:\/\/kylat.ekarjala.fi\/kauriansalmi\/wp-content\/uploads\/sites\/35\/2012\/01\/6-Painalluksenm\u00e4ki-hein\u00e4kuu-2010-005-Medium.jpg\" class=\"attachment-thumbnail size-thumbnail\" alt=\"\" aria-describedby=\"gallery-1-445\" \/><\/a>\n\t\t\t<\/dt>\n\t\t\t\t<dd class='wp-caption-text gallery-caption' id='gallery-1-445'>\n\t\t\t\tYlinn\u00e4 poraamassa Kari Hauhio, kunnon valjaissa sent\u00e4\u00e4n.\n\t\t\t\t<\/dd><\/dl><dl class='gallery-item'>\n\t\t\t<dt class='gallery-icon landscape'>\n\t\t\t\t<a href='https:\/\/kylat.ekarjala.fi\/kauriansalmi\/kaen-painallus-hanke\/tornin-rakentamien-talkoilla-2010\/9-painalluksenmaki-heinakuu-2010-041-medium\/'><img loading=\"lazy\" decoding=\"async\" width=\"150\" height=\"113\" src=\"https:\/\/kylat.ekarjala.fi\/kauriansalmi\/wp-content\/uploads\/sites\/35\/2012\/01\/9-Painalluksenm\u00e4ki-hein\u00e4kuu-2010-041-Medium.jpg\" class=\"attachment-thumbnail size-thumbnail\" alt=\"\" aria-describedby=\"gallery-1-446\" \/><\/a>\n\t\t\t<\/dt>\n\t\t\t\t<dd class='wp-caption-text gallery-caption' id='gallery-1-446'>\n\t\t\t\tTy\u00f6maa yl\u00e4ilmoissa.\n\t\t\t\t<\/dd><\/dl><br style=\"clear: both\" \/><dl class='gallery-item'>\n\t\t\t<dt class='gallery-icon landscape'>\n\t\t\t\t<a href='https:\/\/kylat.ekarjala.fi\/kauriansalmi\/kaen-painallus-hanke\/tornin-rakentamien-talkoilla-2010\/11-painalluksenmaki-heinakuu-2010-030-medium\/'><img loading=\"lazy\" decoding=\"async\" width=\"150\" height=\"113\" src=\"https:\/\/kylat.ekarjala.fi\/kauriansalmi\/wp-content\/uploads\/sites\/35\/2012\/01\/11-Painalluksenm\u00e4ki-hein\u00e4kuu-2010-030-Medium.jpg\" class=\"attachment-thumbnail size-thumbnail\" alt=\"\" aria-describedby=\"gallery-1-447\" \/><\/a>\n\t\t\t<\/dt>\n\t\t\t\t<dd class='wp-caption-text gallery-caption' id='gallery-1-447'>\n\t\t\t\tV\u00e4lill\u00e4 ev\u00e4\u00e4t ja taas vauhtiin.\n\t\t\t\t<\/dd><\/dl><dl class='gallery-item'>\n\t\t\t<dt class='gallery-icon landscape'>\n\t\t\t\t<a href='https:\/\/kylat.ekarjala.fi\/kauriansalmi\/kaen-painallus-hanke\/tornin-rakentamien-talkoilla-2010\/13-painalluksenmaki-heinakuu-2010-104-medium\/'><img loading=\"lazy\" decoding=\"async\" width=\"150\" height=\"113\" src=\"https:\/\/kylat.ekarjala.fi\/kauriansalmi\/wp-content\/uploads\/sites\/35\/2012\/01\/13-Painalluksenm\u00e4ki-hein\u00e4kuu-2010-104-Medium.jpg\" class=\"attachment-thumbnail size-thumbnail\" alt=\"\" aria-describedby=\"gallery-1-448\" \/><\/a>\n\t\t\t<\/dt>\n\t\t\t\t<dd class='wp-caption-text gallery-caption' id='gallery-1-448'>\n\t\t\t\tEi siell\u00e4 nyt aina niin v\u00e4lj\u00e4\u00e4 ollut.\n\t\t\t\t<\/dd><\/dl><dl class='gallery-item'>\n\t\t\t<dt class='gallery-icon landscape'>\n\t\t\t\t<a href='https:\/\/kylat.ekarjala.fi\/kauriansalmi\/kaen-painallus-hanke\/tornin-rakentamien-talkoilla-2010\/14-painalluksenmaki-heinakuu-2010-015-medium\/'><img loading=\"lazy\" decoding=\"async\" width=\"150\" height=\"113\" src=\"https:\/\/kylat.ekarjala.fi\/kauriansalmi\/wp-content\/uploads\/sites\/35\/2012\/01\/14-Painalluksenm\u00e4ki-hein\u00e4kuu-2010-015-Medium.jpg\" class=\"attachment-thumbnail size-thumbnail\" alt=\"\" aria-describedby=\"gallery-1-449\" \/><\/a>\n\t\t\t<\/dt>\n\t\t\t\t<dd class='wp-caption-text gallery-caption' id='gallery-1-449'>\n\t\t\t\tTauolla.\n\t\t\t\t<\/dd><\/dl><dl class='gallery-item'>\n\t\t\t<dt class='gallery-icon portrait'>\n\t\t\t\t<a href='https:\/\/kylat.ekarjala.fi\/kauriansalmi\/kaen-painallus-hanke\/tornin-rakentamien-talkoilla-2010\/15-painalluksenmaki-heinakuu-2010-120-medium\/'><img loading=\"lazy\" decoding=\"async\" width=\"112\" height=\"150\" src=\"https:\/\/kylat.ekarjala.fi\/kauriansalmi\/wp-content\/uploads\/sites\/35\/2012\/01\/15-Painalluksenm\u00e4ki-hein\u00e4kuu-2010-120-Medium.jpg\" class=\"attachment-thumbnail size-thumbnail\" alt=\"\" aria-describedby=\"gallery-1-450\" \/><\/a>\n\t\t\t<\/dt>\n\t\t\t\t<dd class='wp-caption-text gallery-caption' id='gallery-1-450'>\n\t\t\t\tKattopeltej\u00e4 asentamassa Veikko Pallassuo ja Ari Erola.\n\t\t\t\t<\/dd><\/dl><br style=\"clear: both\" \/><dl class='gallery-item'>\n\t\t\t<dt class='gallery-icon landscape'>\n\t\t\t\t<a href='https:\/\/kylat.ekarjala.fi\/kauriansalmi\/kaen-painallus-hanke\/tornin-rakentamien-talkoilla-2010\/40-painalluksenmaki-elokuu-2010-041-medium\/'><img loading=\"lazy\" decoding=\"async\" width=\"150\" height=\"113\" src=\"https:\/\/kylat.ekarjala.fi\/kauriansalmi\/wp-content\/uploads\/sites\/35\/2012\/01\/40-Painalluksenm\u00e4ki-elokuu-2010-041-Medium.jpg\" class=\"attachment-thumbnail size-thumbnail\" alt=\"\" aria-describedby=\"gallery-1-451\" \/><\/a>\n\t\t\t<\/dt>\n\t\t\t\t<dd class='wp-caption-text gallery-caption' id='gallery-1-451'>\n\t\t\t\tNyt uskaltaa jo v\u00e4h\u00e4n hymyill\u00e4kin.\n\t\t\t\t<\/dd><\/dl><dl class='gallery-item'>\n\t\t\t<dt class='gallery-icon landscape'>\n\t\t\t\t<a href='https:\/\/kylat.ekarjala.fi\/kauriansalmi\/kaen-painallus-hanke\/tornin-rakentamien-talkoilla-2010\/41-painalluksenmaki-elokuu-2010-025-medium\/'><img loading=\"lazy\" decoding=\"async\" width=\"150\" height=\"113\" src=\"https:\/\/kylat.ekarjala.fi\/kauriansalmi\/wp-content\/uploads\/sites\/35\/2012\/01\/41-Painalluksenm\u00e4ki-elokuu-2010-025-Medium.jpg\" class=\"attachment-thumbnail size-thumbnail\" alt=\"\" aria-describedby=\"gallery-1-452\" \/><\/a>\n\t\t\t<\/dt>\n\t\t\t\t<dd class='wp-caption-text gallery-caption' id='gallery-1-452'>\n\t\t\t\tAlkaa olla valmista.\n\t\t\t\t<\/dd><\/dl><dl class='gallery-item'>\n\t\t\t<dt class='gallery-icon landscape'>\n\t\t\t\t<a href='https:\/\/kylat.ekarjala.fi\/kauriansalmi\/kaen-painallus-hanke\/tornin-rakentamien-talkoilla-2010\/42-painalluksenmaki-elokuu-2010-042-medium\/'><img loading=\"lazy\" decoding=\"async\" width=\"150\" height=\"113\" src=\"https:\/\/kylat.ekarjala.fi\/kauriansalmi\/wp-content\/uploads\/sites\/35\/2012\/01\/42-Painalluksenm\u00e4ki-elokuu-2010-042-Medium.jpg\" class=\"attachment-thumbnail size-thumbnail\" alt=\"\" aria-describedby=\"gallery-1-453\" \/><\/a>\n\t\t\t<\/dt>\n\t\t\t\t<dd class='wp-caption-text gallery-caption' id='gallery-1-453'>\n\t\t\t\tNuorin talkoomies oli Iivari Erola.\n\t\t\t\t<\/dd><\/dl><dl class='gallery-item'>\n\t\t\t<dt class='gallery-icon landscape'>\n\t\t\t\t<a href='https:\/\/kylat.ekarjala.fi\/kauriansalmi\/kaen-painallus-hanke\/tornin-rakentamien-talkoilla-2010\/48-painalluksenmaki-syyskuu-2010-003-medium\/'><img loading=\"lazy\" decoding=\"async\" width=\"150\" height=\"113\" src=\"https:\/\/kylat.ekarjala.fi\/kauriansalmi\/wp-content\/uploads\/sites\/35\/2012\/01\/48-Painalluksenm\u00e4ki-syyskuu-2010-003-Medium.jpg\" class=\"attachment-thumbnail size-thumbnail\" alt=\"\" aria-describedby=\"gallery-1-454\" \/><\/a>\n\t\t\t<\/dt>\n\t\t\t\t<dd class='wp-caption-text gallery-caption' id='gallery-1-454'>\n\t\t\t\tSinne se olisi nostettava.\n\t\t\t\t<\/dd><\/dl><br style=\"clear: both\" \/><dl class='gallery-item'>\n\t\t\t<dt class='gallery-icon landscape'>\n\t\t\t\t<a href='https:\/\/kylat.ekarjala.fi\/kauriansalmi\/kaen-painallus-hanke\/tornin-rakentamien-talkoilla-2010\/49painalluksenmaki-syyskuu-2010-002-medium\/'><img loading=\"lazy\" decoding=\"async\" width=\"150\" height=\"113\" src=\"https:\/\/kylat.ekarjala.fi\/kauriansalmi\/wp-content\/uploads\/sites\/35\/2012\/01\/49Painalluksenm\u00e4ki-syyskuu-2010-002-Medium.jpg\" class=\"attachment-thumbnail size-thumbnail\" alt=\"\" aria-describedby=\"gallery-1-455\" \/><\/a>\n\t\t\t<\/dt>\n\t\t\t\t<dd class='wp-caption-text gallery-caption' id='gallery-1-455'>\n\t\t\t\tAsennusty\u00f6 meneill\u00e4\u00e4n&#8230;\n\t\t\t\t<\/dd><\/dl><dl class='gallery-item'>\n\t\t\t<dt class='gallery-icon landscape'>\n\t\t\t\t<a href='https:\/\/kylat.ekarjala.fi\/kauriansalmi\/kaen-painallus-hanke\/tornin-rakentamien-talkoilla-2010\/50-painalluksenmaki-syyskuu-2010-016-medium\/'><img loading=\"lazy\" decoding=\"async\" width=\"150\" height=\"113\" src=\"https:\/\/kylat.ekarjala.fi\/kauriansalmi\/wp-content\/uploads\/sites\/35\/2012\/01\/50-Painalluksenm\u00e4ki-syyskuu-2010-016-Medium.jpg\" class=\"attachment-thumbnail size-thumbnail\" alt=\"\" aria-describedby=\"gallery-1-456\" \/><\/a>\n\t\t\t<\/dt>\n\t\t\t\t<dd class='wp-caption-text gallery-caption' id='gallery-1-456'>\n\t\t\t\tSuunitellaankohan t\u00e4ss\u00e4 valaistusta, Sirkka Roos, Reino Roos, Pekka Pajarinen ja Raimo Laitinen.\n\t\t\t\t<\/dd><\/dl><dl class='gallery-item'>\n\t\t\t<dt class='gallery-icon landscape'>\n\t\t\t\t<a href='https:\/\/kylat.ekarjala.fi\/kauriansalmi\/kaen-painallus-hanke\/tornin-rakentamien-talkoilla-2010\/51-painalluksenmaki-syyskuu-2010-027-medium\/'><img loading=\"lazy\" decoding=\"async\" width=\"150\" height=\"113\" src=\"https:\/\/kylat.ekarjala.fi\/kauriansalmi\/wp-content\/uploads\/sites\/35\/2012\/01\/51-Painalluksenm\u00e4ki-syyskuu-2010-027-Medium.jpg\" class=\"attachment-thumbnail size-thumbnail\" alt=\"\" aria-describedby=\"gallery-1-457\" \/><\/a>\n\t\t\t<\/dt>\n\t\t\t\t<dd class='wp-caption-text gallery-caption' id='gallery-1-457'>\n\t\t\t\tHyv\u00e4lt\u00e4 n\u00e4ytt\u00e4\u00e4 !\n\t\t\t\t<\/dd><\/dl><dl class='gallery-item'>\n\t\t\t<dt class='gallery-icon landscape'>\n\t\t\t\t<a href='https:\/\/kylat.ekarjala.fi\/kauriansalmi\/kaen-painallus-hanke\/tornin-rakentamien-talkoilla-2010\/52-painalluksenmaki-syyskuu-2010-031-medium\/'><img loading=\"lazy\" decoding=\"async\" width=\"150\" height=\"113\" src=\"https:\/\/kylat.ekarjala.fi\/kauriansalmi\/wp-content\/uploads\/sites\/35\/2012\/01\/52-Painalluksenm\u00e4ki-syyskuu-2010-031-Medium.jpg\" class=\"attachment-thumbnail size-thumbnail\" alt=\"\" aria-describedby=\"gallery-1-458\" \/><\/a>\n\t\t\t<\/dt>\n\t\t\t\t<dd class='wp-caption-text gallery-caption' id='gallery-1-458'>\n\t\t\t\tUuden uutukainen Maisematorni k\u00e4kineen.\n\t\t\t\t<\/dd><\/dl><br style=\"clear: both\" \/><dl class='gallery-item'>\n\t\t\t<dt class='gallery-icon landscape'>\n\t\t\t\t<a href='https:\/\/kylat.ekarjala.fi\/kauriansalmi\/kaen-painallus-hanke\/tornin-rakentamien-talkoilla-2010\/54-painalluksenmaki-syyskuu-2010-022-medium\/'><img loading=\"lazy\" decoding=\"async\" width=\"150\" height=\"113\" src=\"https:\/\/kylat.ekarjala.fi\/kauriansalmi\/wp-content\/uploads\/sites\/35\/2012\/01\/54-Painalluksenm\u00e4ki-syyskuu-2010-022-Medium.jpg\" class=\"attachment-thumbnail size-thumbnail\" alt=\"\" aria-describedby=\"gallery-1-459\" \/><\/a>\n\t\t\t<\/dt>\n\t\t\t\t<dd class='wp-caption-text gallery-caption' id='gallery-1-459'>\n\t\t\t\tKelpaa sit\u00e4 katsoa kauempaakin !\n\t\t\t\t<\/dd><\/dl>\n\t\t\t<br style='clear: both' \/>\n\t\t<\/div>\n\n<p>&nbsp;<br \/>\n&nbsp;<\/p>\n<p>&nbsp;<\/p>\n<p>&nbsp;<\/p>\n<p>&nbsp;<\/p>\n<p>&nbsp;<\/p>\n","protected":false},"excerpt":{"rendered":"<p>Suomenniemen Kauriansalmen Painalluksenm\u00e4elle rakennettiin Maisematorni, laavu ja tulistelupaikka talkoilla hellekes\u00e4n\u00e4 2010. K\u00e4en Painallus-hankkeen vastuullinen toteuttaja oli Kaurinsalmen kyl\u00e4t ry. Paikallisten asukkaiden ja kes\u00e4asukkaiden lis\u00e4ksi mukana talkoissa h\u00e4\u00e4riv\u00e4t\u00a0mm. seuraavat yhdistykset: Suomenniemen urheilijat ry, Kaurian mets\u00e4stysyhdistys ry, Karkaus-Syd\u00e4nmaan\u00a0 kyl\u00e4yhdistys ry ja Suomenniemen &hellip; <a href=\"https:\/\/kylat.ekarjala.fi\/kauriansalmi\/kaen-painallus-hanke\/tornin-rakentamien-talkoilla-2010\/\">Lue loppuun <span class=\"meta-nav\">&rarr;<\/span><\/a><\/p>\n","protected":false},"author":74,"featured_media":0,"parent":36,"menu_order":0,"comment_status":"closed","ping_status":"open","template":"","meta":{"footnotes":""},"class_list":["post-207","page","type-page","status-publish","hentry"],"_links":{"self":[{"href":"https:\/\/kylat.ekarjala.fi\/kauriansalmi\/wp-json\/wp\/v2\/pages\/207","targetHints":{"allow":["GET"]}}],"collection":[{"href":"https:\/\/kylat.ekarjala.fi\/kauriansalmi\/wp-json\/wp\/v2\/pages"}],"about":[{"href":"https:\/\/kylat.ekarjala.fi\/kauriansalmi\/wp-json\/wp\/v2\/types\/page"}],"author":[{"embeddable":true,"href":"https:\/\/kylat.ekarjala.fi\/kauriansalmi\/wp-json\/wp\/v2\/users\/74"}],"replies":[{"embeddable":true,"href":"https:\/\/kylat.ekarjala.fi\/kauriansalmi\/wp-json\/wp\/v2\/comments?post=207"}],"version-history":[{"count":15,"href":"https:\/\/kylat.ekarjala.fi\/kauriansalmi\/wp-json\/wp\/v2\/pages\/207\/revisions"}],"predecessor-version":[{"id":216,"href":"https:\/\/kylat.ekarjala.fi\/kauriansalmi\/wp-json\/wp\/v2\/pages\/207\/revisions\/216"}],"up":[{"embeddable":true,"href":"https:\/\/kylat.ekarjala.fi\/kauriansalmi\/wp-json\/wp\/v2\/pages\/36"}],"wp:attachment":[{"href":"https:\/\/kylat.ekarjala.fi\/kauriansalmi\/wp-json\/wp\/v2\/media?parent=207"}],"curies":[{"name":"wp","href":"https:\/\/api.w.org\/{rel}","templated":true}]}}