{"id":21,"date":"2011-11-24T10:11:29","date_gmt":"2011-11-24T10:41:29","guid":{"rendered":"https:\/\/kylat.ekarjala.fi\/kauriansalmi\/?page_id=21"},"modified":"2021-04-08T19:06:43","modified_gmt":"2021-04-08T19:36:43","slug":"painopisteet","status":"publish","type":"page","link":"https:\/\/kylat.ekarjala.fi\/kauriansalmi\/kylayhdistys\/painopisteet\/","title":{"rendered":"Painopisteet"},"content":{"rendered":"<p>Yhdistyksen t\u00e4rkeimpi\u00e4 tavoitteita on ollut tuoda positiivista lis\u00e4maustetta sek\u00e4 kylien vakituisten ett\u00e4 kes\u00e4asukkaiden el\u00e4m\u00e4\u00e4n.<\/p>\n<p>Vuosittain j\u00e4rjestett\u00e4vien eri tapahtumien lis\u00e4ksi meneill\u00e4\u00e4n oleva t\u00e4rkein ponnistus on Valokuitu-hanke. Vuoden 2018 aikana kyl\u00e4yhdistys laati suunnitelman valokuidun rakentamiseksi koko entisen Suomenniemen pit\u00e4j\u00e4n alueelle.<br \/>ELY- kanssa k\u00e4ydyiss\u00e4 neuvotteluissa ilmeni, ett\u00e4 ELY:ll\u00e4 ei ollut valmiutta rahoittaa n\u00e4in laajaa kokonaisuutta eli verkkoa voi toteuttaa vain pienempi osa kerrallaan.<br \/>Valokuituhanke on etenee nyt niin, ett\u00e4 Saimaan Kuitu Oy toteuttamaa Suomenniemen valokuituverkko, vaihe 1:n vuosina 2019-2020.<br \/>Vuoden 2019 aikana rakennetaan valokuitua Partakosken tien vartta pitkin Luotolahdelle ka Kuusenhakoon. T\u00e4m\u00e4n alueen asukkailla ja m\u00f6kkil\u00e4isill\u00e4 on nyt aika tehd\u00e4 liittym\u00e4sopimus.<br \/>Vuoden 2020 aikana rakennetaan Suomenkyl\u00e4 ja Kauriansalmen alue.<\/p>\n<p>Vuoden 2021 aikana Saimaan kuitu toteuttaa Suomenniemen valokuituverkko vaihe 2:n. T\u00e4m\u00e4 tarkoittaa valokuituverkkoa VT13 vartta Savitaipaleen rajalta Kauriansalmelle ja edelleen entisen Ristiinan pit\u00e4j\u00e4n rajalle. Jos haluat valokuituliittym\u00e4n t\u00e4ll\u00e4 alueella olevalle kiinteist\u00f6llesi, ota yhteytt\u00e4 yhteytt\u00e4 myyjiimme. Kauriansalmen kyl\u00e4t ry hoitaa liittymien myynti\u00e4 talkooty\u00f6n\u00e4.<br \/><br \/>Katso valokuituasiaa l\u00e4hemmin sivulta Valokuitu.<\/p>\n<p>Jatko riippuu ELY-keskuksen rahoituksesta ja siit\u00e4 ei t\u00e4ll\u00e4 hetkell\u00e4 ole tietoa.<\/p>\n\n\n<p><\/p>\n","protected":false},"excerpt":{"rendered":"<p>Yhdistyksen t\u00e4rkeimpi\u00e4 tavoitteita on ollut tuoda positiivista lis\u00e4maustetta sek\u00e4 kylien vakituisten ett\u00e4 kes\u00e4asukkaiden el\u00e4m\u00e4\u00e4n. Vuosittain j\u00e4rjestett\u00e4vien eri tapahtumien lis\u00e4ksi meneill\u00e4\u00e4n oleva t\u00e4rkein ponnistus on Valokuitu-hanke. Vuoden 2018 aikana kyl\u00e4yhdistys laati suunnitelman valokuidun rakentamiseksi koko entisen Suomenniemen pit\u00e4j\u00e4n alueelle.ELY- kanssa k\u00e4ydyiss\u00e4 &hellip; <a href=\"https:\/\/kylat.ekarjala.fi\/kauriansalmi\/kylayhdistys\/painopisteet\/\">Lue loppuun <span class=\"meta-nav\">&rarr;<\/span><\/a><\/p>\n","protected":false},"author":74,"featured_media":0,"parent":19,"menu_order":0,"comment_status":"closed","ping_status":"open","template":"","meta":{"footnotes":""},"class_list":["post-21","page","type-page","status-publish","hentry"],"_links":{"self":[{"href":"https:\/\/kylat.ekarjala.fi\/kauriansalmi\/wp-json\/wp\/v2\/pages\/21","targetHints":{"allow":["GET"]}}],"collection":[{"href":"https:\/\/kylat.ekarjala.fi\/kauriansalmi\/wp-json\/wp\/v2\/pages"}],"about":[{"href":"https:\/\/kylat.ekarjala.fi\/kauriansalmi\/wp-json\/wp\/v2\/types\/page"}],"author":[{"embeddable":true,"href":"https:\/\/kylat.ekarjala.fi\/kauriansalmi\/wp-json\/wp\/v2\/users\/74"}],"replies":[{"embeddable":true,"href":"https:\/\/kylat.ekarjala.fi\/kauriansalmi\/wp-json\/wp\/v2\/comments?post=21"}],"version-history":[{"count":8,"href":"https:\/\/kylat.ekarjala.fi\/kauriansalmi\/wp-json\/wp\/v2\/pages\/21\/revisions"}],"predecessor-version":[{"id":1412,"href":"https:\/\/kylat.ekarjala.fi\/kauriansalmi\/wp-json\/wp\/v2\/pages\/21\/revisions\/1412"}],"up":[{"embeddable":true,"href":"https:\/\/kylat.ekarjala.fi\/kauriansalmi\/wp-json\/wp\/v2\/pages\/19"}],"wp:attachment":[{"href":"https:\/\/kylat.ekarjala.fi\/kauriansalmi\/wp-json\/wp\/v2\/media?parent=21"}],"curies":[{"name":"wp","href":"https:\/\/api.w.org\/{rel}","templated":true}]}}