{"id":24,"date":"2011-11-24T10:11:58","date_gmt":"2011-11-24T10:41:58","guid":{"rendered":"https:\/\/kylat.ekarjala.fi\/kauriansalmi\/?page_id=24"},"modified":"2026-03-08T15:10:03","modified_gmt":"2026-03-08T15:40:03","slug":"hallitus","status":"publish","type":"page","link":"https:\/\/kylat.ekarjala.fi\/kauriansalmi\/kylayhdistys\/hallitus\/","title":{"rendered":"Hallitus"},"content":{"rendered":"<p>KYL\u00c4YHDISTYKSEN HALLITUS v. 2026<\/p>\n<p>Immonen Riikka, Harmonen Helena, Hirvonen Taisto, Kauria Outi, Liukkonen Ossi, Pakarinen Antti, Pallassuo Veikko, Pitk\u00e4nen Pirkko, Pietarila Vuokko, Ruotsalainen Raimo, Tarhonen Terttu, J\u00e4\u00e4skel\u00e4inen Veijo,\u00a0 Kauria Eija, Sillman Seppo<\/p>\n<p>Puheenjohtaja Vuokko Pietarila p. 040 5733151<br \/>Varapuheenjohtaja Raimo Ruotsalainen<br \/>Rahastonhoitaja Helena Harmonen<br \/>Sihteeri Helena Harmonen<\/p>\n\n\n<p><\/p>\n","protected":false},"excerpt":{"rendered":"<p>KYL\u00c4YHDISTYKSEN HALLITUS v. 2026 Immonen Riikka, Harmonen Helena, Hirvonen Taisto, Kauria Outi, Liukkonen Ossi, Pakarinen Antti, Pallassuo Veikko, Pitk\u00e4nen Pirkko, Pietarila Vuokko, Ruotsalainen Raimo, Tarhonen Terttu, J\u00e4\u00e4skel\u00e4inen Veijo,\u00a0 Kauria Eija, Sillman Seppo Puheenjohtaja Vuokko Pietarila p. 040 5733151Varapuheenjohtaja Raimo RuotsalainenRahastonhoitaja &hellip; <a href=\"https:\/\/kylat.ekarjala.fi\/kauriansalmi\/kylayhdistys\/hallitus\/\">Lue loppuun <span class=\"meta-nav\">&rarr;<\/span><\/a><\/p>\n","protected":false},"author":74,"featured_media":0,"parent":19,"menu_order":0,"comment_status":"closed","ping_status":"open","template":"","meta":{"footnotes":""},"class_list":["post-24","page","type-page","status-publish","hentry"],"_links":{"self":[{"href":"https:\/\/kylat.ekarjala.fi\/kauriansalmi\/wp-json\/wp\/v2\/pages\/24","targetHints":{"allow":["GET"]}}],"collection":[{"href":"https:\/\/kylat.ekarjala.fi\/kauriansalmi\/wp-json\/wp\/v2\/pages"}],"about":[{"href":"https:\/\/kylat.ekarjala.fi\/kauriansalmi\/wp-json\/wp\/v2\/types\/page"}],"author":[{"embeddable":true,"href":"https:\/\/kylat.ekarjala.fi\/kauriansalmi\/wp-json\/wp\/v2\/users\/74"}],"replies":[{"embeddable":true,"href":"https:\/\/kylat.ekarjala.fi\/kauriansalmi\/wp-json\/wp\/v2\/comments?post=24"}],"version-history":[{"count":20,"href":"https:\/\/kylat.ekarjala.fi\/kauriansalmi\/wp-json\/wp\/v2\/pages\/24\/revisions"}],"predecessor-version":[{"id":1822,"href":"https:\/\/kylat.ekarjala.fi\/kauriansalmi\/wp-json\/wp\/v2\/pages\/24\/revisions\/1822"}],"up":[{"embeddable":true,"href":"https:\/\/kylat.ekarjala.fi\/kauriansalmi\/wp-json\/wp\/v2\/pages\/19"}],"wp:attachment":[{"href":"https:\/\/kylat.ekarjala.fi\/kauriansalmi\/wp-json\/wp\/v2\/media?parent=24"}],"curies":[{"name":"wp","href":"https:\/\/api.w.org\/{rel}","templated":true}]}}