{"id":36,"date":"2011-11-24T10:17:21","date_gmt":"2011-11-24T10:47:21","guid":{"rendered":"https:\/\/kylat.ekarjala.fi\/kauriansalmi\/?page_id=36"},"modified":"2018-02-11T16:59:23","modified_gmt":"2018-02-11T17:29:23","slug":"kaen-painallus-hanke","status":"publish","type":"page","link":"https:\/\/kylat.ekarjala.fi\/kauriansalmi\/kaen-painallus-hanke\/","title":{"rendered":"K\u00e4en painallus hanke"},"content":{"rendered":"<div class=\"mceTemp\">\n<div id=\"attachment_155\" style=\"width: 399px\" class=\"wp-caption alignright\"><a href=\"https:\/\/kylat.ekarjala.fi\/kauriansalmi\/wp-content\/uploads\/sites\/35\/2011\/11\/IMG_0548.jpg\"><img fetchpriority=\"high\" decoding=\"async\" aria-describedby=\"caption-attachment-155\" class=\"size-full wp-image-155\" src=\"https:\/\/kylat.ekarjala.fi\/kauriansalmi\/wp-content\/uploads\/sites\/35\/2011\/11\/IMG_0548.jpg\" alt=\"\" width=\"389\" height=\"324\" \/><\/a><p id=\"caption-attachment-155\" class=\"wp-caption-text\">Painalluksenm\u00e4en maisematorni ja laavu kev\u00e4\u00e4ll\u00e4 2011.<\/p><\/div>\n<\/div>\n<p>2010 \u2013 2012<br \/>\nHanke muodostuu osakokonaisuuksista:<br \/>\n&#8211; maisematorni<br \/>\n&#8211; laavu ja tulistelupaikka<br \/>\n&#8211;\u00a0l\u00e4hestymisreitit<br \/>\n&#8211; saavutettavuusrakenteet<\/p>\n<p>Kauriansalmen Kyl\u00e4t ry on rakentanut kes\u00e4ll\u00e4 2010 maisematornin ja laavun<br \/>\ntulistelupaikkoineen talkooty\u00f6n\u00e4 kaiken kansan iloksi ja virkistykseksi.<\/p>\n<p>Kes\u00e4ll\u00e4 2011 aluetta t\u00e4ydennettin rakentamalla l\u00e4hestymispolut Punkan kyl\u00e4n suunnasta ja V\u00e4litielt\u00e4 sek\u00e4 rantaumislaituri Kuolimon rantaan Kirkonkyl\u00e4ntien varteen vesitse saapuvia varten.<\/p>\n<p>Vuoden 2012 aikana rakennetaan l\u00e4hestymisreitti Haukilahden suunnasta, opasteet ja ilmoitustaulut sek\u00e4 sipistell\u00e4\u00e4n maisematornin alueen rakenteet.<\/p>\n<p>Syd\u00e4melliset kiitokset kaikille talkoissa mukana olleille, lahjoittajille ja mainostilaa lunastaneille arvokkaasta panoksestanne maisematornihankkeen toteuttamisessa !<\/p>\n","protected":false},"excerpt":{"rendered":"<p>2010 \u2013 2012 Hanke muodostuu osakokonaisuuksista: &#8211; maisematorni &#8211; laavu ja tulistelupaikka &#8211;\u00a0l\u00e4hestymisreitit &#8211; saavutettavuusrakenteet Kauriansalmen Kyl\u00e4t ry on rakentanut kes\u00e4ll\u00e4 2010 maisematornin ja laavun tulistelupaikkoineen talkooty\u00f6n\u00e4 kaiken kansan iloksi ja virkistykseksi. Kes\u00e4ll\u00e4 2011 aluetta t\u00e4ydennettin rakentamalla l\u00e4hestymispolut Punkan kyl\u00e4n &hellip; <a href=\"https:\/\/kylat.ekarjala.fi\/kauriansalmi\/kaen-painallus-hanke\/\">Lue loppuun <span class=\"meta-nav\">&rarr;<\/span><\/a><\/p>\n","protected":false},"author":74,"featured_media":0,"parent":0,"menu_order":0,"comment_status":"closed","ping_status":"open","template":"","meta":{"footnotes":""},"class_list":["post-36","page","type-page","status-publish","hentry"],"_links":{"self":[{"href":"https:\/\/kylat.ekarjala.fi\/kauriansalmi\/wp-json\/wp\/v2\/pages\/36","targetHints":{"allow":["GET"]}}],"collection":[{"href":"https:\/\/kylat.ekarjala.fi\/kauriansalmi\/wp-json\/wp\/v2\/pages"}],"about":[{"href":"https:\/\/kylat.ekarjala.fi\/kauriansalmi\/wp-json\/wp\/v2\/types\/page"}],"author":[{"embeddable":true,"href":"https:\/\/kylat.ekarjala.fi\/kauriansalmi\/wp-json\/wp\/v2\/users\/74"}],"replies":[{"embeddable":true,"href":"https:\/\/kylat.ekarjala.fi\/kauriansalmi\/wp-json\/wp\/v2\/comments?post=36"}],"version-history":[{"count":10,"href":"https:\/\/kylat.ekarjala.fi\/kauriansalmi\/wp-json\/wp\/v2\/pages\/36\/revisions"}],"predecessor-version":[{"id":1099,"href":"https:\/\/kylat.ekarjala.fi\/kauriansalmi\/wp-json\/wp\/v2\/pages\/36\/revisions\/1099"}],"wp:attachment":[{"href":"https:\/\/kylat.ekarjala.fi\/kauriansalmi\/wp-json\/wp\/v2\/media?parent=36"}],"curies":[{"name":"wp","href":"https:\/\/api.w.org\/{rel}","templated":true}]}}