{"id":382,"date":"2012-01-19T19:09:38","date_gmt":"2012-01-19T19:39:38","guid":{"rendered":"https:\/\/kylat.ekarjala.fi\/kauriansalmi\/?page_id=382"},"modified":"2012-01-19T19:19:26","modified_gmt":"2012-01-19T19:49:26","slug":"maisematornin-viralliset-avajaiset-17-9-2010-2","status":"publish","type":"page","link":"https:\/\/kylat.ekarjala.fi\/kauriansalmi\/kaen-painallus-hanke\/maisematornin-viralliset-avajaiset-17-9-2010-2\/","title":{"rendered":"Maisematornin viralliset avajaiset 17.9.2010"},"content":{"rendered":"<p>Maisematornin viralliset avajaiset j\u00e4rjestettiin 17.9.2010, vihkimisen suoritti l\u00e4\u00e4ninrovasti<br \/>\nMatti Wirilander ja nauhan leikkaukseen osallistui useiden lahjoittajien ja<br \/>\nyhteisty\u00f6kumppaneiden sek\u00e4 rakentajien edustajia. Kuvat Ari Erola.<\/p>\n<div id='gallery-1' class='gallery galleryid-382 gallery-columns-4 gallery-size-thumbnail'><dl class='gallery-item'>\n\t\t\t<dt class='gallery-icon landscape'>\n\t\t\t\t<a href='https:\/\/kylat.ekarjala.fi\/kauriansalmi\/kaen-painallus-hanke\/maisematornin-viralliset-avajaiset-17-9-2010-2\/2010_09170021-medium-2\/'><img decoding=\"async\" width=\"150\" height=\"113\" src=\"https:\/\/kylat.ekarjala.fi\/kauriansalmi\/wp-content\/uploads\/sites\/35\/2012\/01\/2010_09170021-Medium1.jpg\" class=\"attachment-thumbnail size-thumbnail\" alt=\"\" aria-describedby=\"gallery-1-383\" \/><\/a>\n\t\t\t<\/dt>\n\t\t\t\t<dd class='wp-caption-text gallery-caption' id='gallery-1-383'>\n\t\t\t\tVihki\u00e4ispuheen piti l\u00e4\u00e4ninrovasti Matti Wirilander.\n\t\t\t\t<\/dd><\/dl><dl class='gallery-item'>\n\t\t\t<dt class='gallery-icon landscape'>\n\t\t\t\t<a href='https:\/\/kylat.ekarjala.fi\/kauriansalmi\/kaen-painallus-hanke\/maisematornin-viralliset-avajaiset-17-9-2010-2\/2010_09170028-medium-2\/'><img decoding=\"async\" width=\"150\" height=\"113\" src=\"https:\/\/kylat.ekarjala.fi\/kauriansalmi\/wp-content\/uploads\/sites\/35\/2012\/01\/2010_09170028-Medium1.jpg\" class=\"attachment-thumbnail size-thumbnail\" alt=\"\" aria-describedby=\"gallery-1-384\" \/><\/a>\n\t\t\t<\/dt>\n\t\t\t\t<dd class='wp-caption-text gallery-caption' id='gallery-1-384'>\n\t\t\t\tNauhan leikkausta&#8230;\n\t\t\t\t<\/dd><\/dl><dl class='gallery-item'>\n\t\t\t<dt class='gallery-icon landscape'>\n\t\t\t\t<a href='https:\/\/kylat.ekarjala.fi\/kauriansalmi\/kaen-painallus-hanke\/maisematornin-viralliset-avajaiset-17-9-2010-2\/2010_09170033-medium-2\/'><img decoding=\"async\" width=\"150\" height=\"100\" src=\"https:\/\/kylat.ekarjala.fi\/kauriansalmi\/wp-content\/uploads\/sites\/35\/2012\/01\/2010_09170033-Medium1.jpg\" class=\"attachment-thumbnail size-thumbnail\" alt=\"\" aria-describedby=\"gallery-1-385\" \/><\/a>\n\t\t\t<\/dt>\n\t\t\t\t<dd class='wp-caption-text gallery-caption' id='gallery-1-385'>\n\t\t\t\tKyl\u00e4yhdistyksen puheenjohtaja P\u00e4ivi-Kristiina Erolan mainio avajaispuhe.\n\t\t\t\t<\/dd><\/dl><dl class='gallery-item'>\n\t\t\t<dt class='gallery-icon landscape'>\n\t\t\t\t<a href='https:\/\/kylat.ekarjala.fi\/kauriansalmi\/kaen-painallus-hanke\/maisematornin-viralliset-avajaiset-17-9-2010-2\/2010_09170035-medium-2\/'><img loading=\"lazy\" decoding=\"async\" width=\"150\" height=\"100\" src=\"https:\/\/kylat.ekarjala.fi\/kauriansalmi\/wp-content\/uploads\/sites\/35\/2012\/01\/2010_09170035-Medium1.jpg\" class=\"attachment-thumbnail size-thumbnail\" alt=\"\" aria-describedby=\"gallery-1-386\" \/><\/a>\n\t\t\t<\/dt>\n\t\t\t\t<dd class='wp-caption-text gallery-caption' id='gallery-1-386'>\n\t\t\t\tKari Hauhio kertoilee rakentamisen vaiheista.\n\t\t\t\t<\/dd><\/dl><br style=\"clear: both\" \/><dl class='gallery-item'>\n\t\t\t<dt class='gallery-icon landscape'>\n\t\t\t\t<a href='https:\/\/kylat.ekarjala.fi\/kauriansalmi\/kaen-painallus-hanke\/maisematornin-viralliset-avajaiset-17-9-2010-2\/2010_09170041-medium-2\/'><img loading=\"lazy\" decoding=\"async\" width=\"150\" height=\"113\" src=\"https:\/\/kylat.ekarjala.fi\/kauriansalmi\/wp-content\/uploads\/sites\/35\/2012\/01\/2010_09170041-Medium1.jpg\" class=\"attachment-thumbnail size-thumbnail\" alt=\"\" aria-describedby=\"gallery-1-387\" \/><\/a>\n\t\t\t<\/dt>\n\t\t\t\t<dd class='wp-caption-text gallery-caption' id='gallery-1-387'>\n\t\t\t\tNuotio savuaa laavun edess\u00e4.\n\t\t\t\t<\/dd><\/dl><dl class='gallery-item'>\n\t\t\t<dt class='gallery-icon landscape'>\n\t\t\t\t<a href='https:\/\/kylat.ekarjala.fi\/kauriansalmi\/kaen-painallus-hanke\/maisematornin-viralliset-avajaiset-17-9-2010-2\/2010_09170054-medium-2\/'><img loading=\"lazy\" decoding=\"async\" width=\"150\" height=\"113\" src=\"https:\/\/kylat.ekarjala.fi\/kauriansalmi\/wp-content\/uploads\/sites\/35\/2012\/01\/2010_09170054-Medium1.jpg\" class=\"attachment-thumbnail size-thumbnail\" alt=\"\" aria-describedby=\"gallery-1-388\" \/><\/a>\n\t\t\t<\/dt>\n\t\t\t\t<dd class='wp-caption-text gallery-caption' id='gallery-1-388'>\n\t\t\t\tK\u00e4en naulaus, ja tietenkin yl\u00f6salaisin kuten Nuorisoseuran n\u00e4ytelm\u00e4ss\u00e4.\n\t\t\t\t<\/dd><\/dl><dl class='gallery-item'>\n\t\t\t<dt class='gallery-icon landscape'>\n\t\t\t\t<a href='https:\/\/kylat.ekarjala.fi\/kauriansalmi\/kaen-painallus-hanke\/maisematornin-viralliset-avajaiset-17-9-2010-2\/2010_09170057-medium-2\/'><img loading=\"lazy\" decoding=\"async\" width=\"150\" height=\"113\" src=\"https:\/\/kylat.ekarjala.fi\/kauriansalmi\/wp-content\/uploads\/sites\/35\/2012\/01\/2010_09170057-Medium1.jpg\" class=\"attachment-thumbnail size-thumbnail\" alt=\"\" aria-describedby=\"gallery-1-389\" \/><\/a>\n\t\t\t<\/dt>\n\t\t\t\t<dd class='wp-caption-text gallery-caption' id='gallery-1-389'>\n\t\t\t\tYleis\u00f6\u00e4 oli paikalla mukavasti, vaikka sade pelotteli ennen tilaisuuden alkua.\n\t\t\t\t<\/dd><\/dl>\n\t\t\t<br style='clear: both' \/>\n\t\t<\/div>\n\n","protected":false},"excerpt":{"rendered":"<p>Maisematornin viralliset avajaiset j\u00e4rjestettiin 17.9.2010, vihkimisen suoritti l\u00e4\u00e4ninrovasti Matti Wirilander ja nauhan leikkaukseen osallistui useiden lahjoittajien ja yhteisty\u00f6kumppaneiden sek\u00e4 rakentajien edustajia. Kuvat Ari Erola.<\/p>\n","protected":false},"author":74,"featured_media":0,"parent":36,"menu_order":3,"comment_status":"closed","ping_status":"open","template":"","meta":{"footnotes":""},"class_list":["post-382","page","type-page","status-publish","hentry"],"_links":{"self":[{"href":"https:\/\/kylat.ekarjala.fi\/kauriansalmi\/wp-json\/wp\/v2\/pages\/382","targetHints":{"allow":["GET"]}}],"collection":[{"href":"https:\/\/kylat.ekarjala.fi\/kauriansalmi\/wp-json\/wp\/v2\/pages"}],"about":[{"href":"https:\/\/kylat.ekarjala.fi\/kauriansalmi\/wp-json\/wp\/v2\/types\/page"}],"author":[{"embeddable":true,"href":"https:\/\/kylat.ekarjala.fi\/kauriansalmi\/wp-json\/wp\/v2\/users\/74"}],"replies":[{"embeddable":true,"href":"https:\/\/kylat.ekarjala.fi\/kauriansalmi\/wp-json\/wp\/v2\/comments?post=382"}],"version-history":[{"count":5,"href":"https:\/\/kylat.ekarjala.fi\/kauriansalmi\/wp-json\/wp\/v2\/pages\/382\/revisions"}],"predecessor-version":[{"id":419,"href":"https:\/\/kylat.ekarjala.fi\/kauriansalmi\/wp-json\/wp\/v2\/pages\/382\/revisions\/419"}],"up":[{"embeddable":true,"href":"https:\/\/kylat.ekarjala.fi\/kauriansalmi\/wp-json\/wp\/v2\/pages\/36"}],"wp:attachment":[{"href":"https:\/\/kylat.ekarjala.fi\/kauriansalmi\/wp-json\/wp\/v2\/media?parent=382"}],"curies":[{"name":"wp","href":"https:\/\/api.w.org\/{rel}","templated":true}]}}