{"id":461,"date":"2012-01-23T20:45:09","date_gmt":"2012-01-23T21:15:09","guid":{"rendered":"https:\/\/kylat.ekarjala.fi\/kauriansalmi\/?page_id=461"},"modified":"2012-01-23T20:47:33","modified_gmt":"2012-01-23T21:17:33","slug":"talkoot-ja-vihkiaiset-2011","status":"publish","type":"page","link":"https:\/\/kylat.ekarjala.fi\/kauriansalmi\/kaen-painallus-hanke\/talkoot-ja-vihkiaiset-2011\/","title":{"rendered":"Talkoot ja vihki\u00e4iset 2011"},"content":{"rendered":"<p>K\u00e4en Painallus-hanketta jatkettiin sen toisella vaiheella: Saavutettavuuden<br \/>\nparantaminen. Vuoden 2011 aikana rakennettiin l\u00e4hestymispolut Punkan kyl\u00e4n<br \/>\nsuunnasta ja pikkulenkki V\u00e4litielle.<br \/>\nKuolimon rantaan Kirkonkyl\u00e4ntien varteen kunnan vuokratontille<br \/>\nrakennettiin kulkuv\u00e4yl\u00e4, ranta-alue siistittiin rantautumispaikaksi sek\u00e4<br \/>\nrakennettiin laituri Kuolimon rantaan. N\u00e4in luotiin my\u00f6s veneilij\u00f6ille mahdollisuus saapua sujuvasti Maisematornin alueelle.<\/p>\n<p>Vuonna 2011 rakennettujen K\u00e4en Painallus-hankkeen<br \/>\nl\u00e4hestymisreittien vihki\u00e4is-tilaisuutena j\u00e4rjestettiin Maisematornilla 6.8.2011\u201dVesitse<br \/>\nja maitse maisematornille\u201d \u2013 tapahtuma. Vihki\u00e4ispuheen piti kunnanhallituksen<br \/>\npuheenjohtaja Marja Kauppi, patikkaporukat kiersiv\u00e4t uudet polut oppaiden<br \/>\njohdolla ja laituriin rantautui Kimmo Karjalaisen retkimelontaseurue.<\/p>\n<div id='gallery-1' class='gallery galleryid-461 gallery-columns-4 gallery-size-thumbnail'><dl class='gallery-item'>\n\t\t\t<dt class='gallery-icon landscape'>\n\t\t\t\t<a href='https:\/\/kylat.ekarjala.fi\/kauriansalmi\/kaen-painallus-hanke\/talkoot-ja-vihkiaiset-2011\/img_0968-medium\/'><img decoding=\"async\" width=\"150\" height=\"113\" src=\"https:\/\/kylat.ekarjala.fi\/kauriansalmi\/wp-content\/uploads\/sites\/35\/2012\/01\/IMG_0968-Medium.jpg\" class=\"attachment-thumbnail size-thumbnail\" alt=\"\" aria-describedby=\"gallery-1-462\" \/><\/a>\n\t\t\t<\/dt>\n\t\t\t\t<dd class='wp-caption-text gallery-caption' id='gallery-1-462'>\n\t\t\t\t2011 vihki\u00e4istapahtuman yleis\u00f6\u00e4.\n\t\t\t\t<\/dd><\/dl><dl class='gallery-item'>\n\t\t\t<dt class='gallery-icon landscape'>\n\t\t\t\t<a href='https:\/\/kylat.ekarjala.fi\/kauriansalmi\/kaen-painallus-hanke\/talkoot-ja-vihkiaiset-2011\/img_0970-medium\/'><img decoding=\"async\" width=\"150\" height=\"113\" src=\"https:\/\/kylat.ekarjala.fi\/kauriansalmi\/wp-content\/uploads\/sites\/35\/2012\/01\/IMG_0970-Medium.jpg\" class=\"attachment-thumbnail size-thumbnail\" alt=\"\" aria-describedby=\"gallery-1-463\" \/><\/a>\n\t\t\t<\/dt>\n\t\t\t\t<dd class='wp-caption-text gallery-caption' id='gallery-1-463'>\n\t\t\t\tTornipojat tornipaidoissaan.\n\t\t\t\t<\/dd><\/dl><dl class='gallery-item'>\n\t\t\t<dt class='gallery-icon landscape'>\n\t\t\t\t<a href='https:\/\/kylat.ekarjala.fi\/kauriansalmi\/kaen-painallus-hanke\/talkoot-ja-vihkiaiset-2011\/img_0972-medium\/'><img decoding=\"async\" width=\"150\" height=\"113\" src=\"https:\/\/kylat.ekarjala.fi\/kauriansalmi\/wp-content\/uploads\/sites\/35\/2012\/01\/IMG_0972-Medium.jpg\" class=\"attachment-thumbnail size-thumbnail\" alt=\"\" aria-describedby=\"gallery-1-464\" \/><\/a>\n\t\t\t<\/dt>\n\t\t\t\t<dd class='wp-caption-text gallery-caption' id='gallery-1-464'>\n\t\t\t\tVihki\u00e4sipuheen piti Marja Kauppi.\n\t\t\t\t<\/dd><\/dl><dl class='gallery-item'>\n\t\t\t<dt class='gallery-icon landscape'>\n\t\t\t\t<a href='https:\/\/kylat.ekarjala.fi\/kauriansalmi\/kaen-painallus-hanke\/talkoot-ja-vihkiaiset-2011\/img_0979-medium\/'><img loading=\"lazy\" decoding=\"async\" width=\"150\" height=\"113\" src=\"https:\/\/kylat.ekarjala.fi\/kauriansalmi\/wp-content\/uploads\/sites\/35\/2012\/01\/IMG_0979-Medium.jpg\" class=\"attachment-thumbnail size-thumbnail\" alt=\"\" aria-describedby=\"gallery-1-465\" \/><\/a>\n\t\t\t<\/dt>\n\t\t\t\t<dd class='wp-caption-text gallery-caption' id='gallery-1-465'>\n\t\t\t\tMarja Kauppi leikkaa nauhaa avustajina Raimo Ruotsalainen ja Raimo Laitinen.\n\t\t\t\t<\/dd><\/dl><br style=\"clear: both\" \/><dl class='gallery-item'>\n\t\t\t<dt class='gallery-icon landscape'>\n\t\t\t\t<a href='https:\/\/kylat.ekarjala.fi\/kauriansalmi\/kaen-painallus-hanke\/talkoot-ja-vihkiaiset-2011\/img_0995-medium\/'><img loading=\"lazy\" decoding=\"async\" width=\"150\" height=\"113\" src=\"https:\/\/kylat.ekarjala.fi\/kauriansalmi\/wp-content\/uploads\/sites\/35\/2012\/01\/IMG_0995-Medium.jpg\" class=\"attachment-thumbnail size-thumbnail\" alt=\"\" aria-describedby=\"gallery-1-466\" \/><\/a>\n\t\t\t<\/dt>\n\t\t\t\t<dd class='wp-caption-text gallery-caption' id='gallery-1-466'>\n\t\t\t\tVihki\u00e4istapahtumassa tarjoilusta huolehtivat Martat.\n\t\t\t\t<\/dd><\/dl><dl class='gallery-item'>\n\t\t\t<dt class='gallery-icon landscape'>\n\t\t\t\t<a href='https:\/\/kylat.ekarjala.fi\/kauriansalmi\/kaen-painallus-hanke\/talkoot-ja-vihkiaiset-2011\/img_0997-medium\/'><img loading=\"lazy\" decoding=\"async\" width=\"150\" height=\"113\" src=\"https:\/\/kylat.ekarjala.fi\/kauriansalmi\/wp-content\/uploads\/sites\/35\/2012\/01\/IMG_0997-Medium.jpg\" class=\"attachment-thumbnail size-thumbnail\" alt=\"\" aria-describedby=\"gallery-1-467\" \/><\/a>\n\t\t\t<\/dt>\n\t\t\t\t<dd class='wp-caption-text gallery-caption' id='gallery-1-467'>\n\t\t\t\tTestiryhm\u00e4 uudella polulla oppaana Markku Tolja. Punkan kyl\u00e4n suuntaan reitti on merkitty sinisill\u00e4 tolpilla.\n\t\t\t\t<\/dd><\/dl><dl class='gallery-item'>\n\t\t\t<dt class='gallery-icon landscape'>\n\t\t\t\t<a href='https:\/\/kylat.ekarjala.fi\/kauriansalmi\/kaen-painallus-hanke\/talkoot-ja-vihkiaiset-2011\/24092011163-medium\/'><img loading=\"lazy\" decoding=\"async\" width=\"150\" height=\"113\" src=\"https:\/\/kylat.ekarjala.fi\/kauriansalmi\/wp-content\/uploads\/sites\/35\/2012\/01\/24092011163-Medium.jpg\" class=\"attachment-thumbnail size-thumbnail\" alt=\"\" aria-describedby=\"gallery-1-468\" \/><\/a>\n\t\t\t<\/dt>\n\t\t\t\t<dd class='wp-caption-text gallery-caption' id='gallery-1-468'>\n\t\t\t\tTalkoissa on monenlaista sopimista.\n\t\t\t\t<\/dd><\/dl><dl class='gallery-item'>\n\t\t\t<dt class='gallery-icon landscape'>\n\t\t\t\t<a href='https:\/\/kylat.ekarjala.fi\/kauriansalmi\/kaen-painallus-hanke\/talkoot-ja-vihkiaiset-2011\/img_0718-medium\/'><img loading=\"lazy\" decoding=\"async\" width=\"150\" height=\"113\" src=\"https:\/\/kylat.ekarjala.fi\/kauriansalmi\/wp-content\/uploads\/sites\/35\/2012\/01\/IMG_0718-Medium.jpg\" class=\"attachment-thumbnail size-thumbnail\" alt=\"\" aria-describedby=\"gallery-1-469\" \/><\/a>\n\t\t\t<\/dt>\n\t\t\t\t<dd class='wp-caption-text gallery-caption' id='gallery-1-469'>\n\t\t\t\tReippaat reittien raivaajat laavulla.\n\t\t\t\t<\/dd><\/dl><br style=\"clear: both\" \/><dl class='gallery-item'>\n\t\t\t<dt class='gallery-icon landscape'>\n\t\t\t\t<a href='https:\/\/kylat.ekarjala.fi\/kauriansalmi\/kaen-painallus-hanke\/talkoot-ja-vihkiaiset-2011\/img_0884-medium\/'><img loading=\"lazy\" decoding=\"async\" width=\"150\" height=\"113\" src=\"https:\/\/kylat.ekarjala.fi\/kauriansalmi\/wp-content\/uploads\/sites\/35\/2012\/01\/IMG_0884-Medium.jpg\" class=\"attachment-thumbnail size-thumbnail\" alt=\"\" aria-describedby=\"gallery-1-470\" \/><\/a>\n\t\t\t<\/dt>\n\t\t\t\t<dd class='wp-caption-text gallery-caption' id='gallery-1-470'>\n\t\t\t\tLaituri alkaa hahmottua kun yhdess\u00e4 tehd\u00e4\u00e4n.\n\t\t\t\t<\/dd><\/dl><dl class='gallery-item'>\n\t\t\t<dt class='gallery-icon landscape'>\n\t\t\t\t<a href='https:\/\/kylat.ekarjala.fi\/kauriansalmi\/kaen-painallus-hanke\/talkoot-ja-vihkiaiset-2011\/img_0894-medium\/'><img loading=\"lazy\" decoding=\"async\" width=\"150\" height=\"113\" src=\"https:\/\/kylat.ekarjala.fi\/kauriansalmi\/wp-content\/uploads\/sites\/35\/2012\/01\/IMG_0894-Medium.jpg\" class=\"attachment-thumbnail size-thumbnail\" alt=\"\" aria-describedby=\"gallery-1-471\" \/><\/a>\n\t\t\t<\/dt>\n\t\t\t\t<dd class='wp-caption-text gallery-caption' id='gallery-1-471'>\n\t\t\t\tLaituritarpeita sahaamassa Simo Himanen ja Esko Partonen.\n\t\t\t\t<\/dd><\/dl><dl class='gallery-item'>\n\t\t\t<dt class='gallery-icon landscape'>\n\t\t\t\t<a href='https:\/\/kylat.ekarjala.fi\/kauriansalmi\/kaen-painallus-hanke\/talkoot-ja-vihkiaiset-2011\/tienviitta-medium\/'><img loading=\"lazy\" decoding=\"async\" width=\"150\" height=\"113\" src=\"https:\/\/kylat.ekarjala.fi\/kauriansalmi\/wp-content\/uploads\/sites\/35\/2012\/01\/Tienviitta-Medium.jpg\" class=\"attachment-thumbnail size-thumbnail\" alt=\"\" aria-describedby=\"gallery-1-472\" \/><\/a>\n\t\t\t<\/dt>\n\t\t\t\t<dd class='wp-caption-text gallery-caption' id='gallery-1-472'>\n\t\t\t\tTienviitta Kirkonlyl\u00e4ntien varressa.\n\t\t\t\t<\/dd><\/dl>\n\t\t\t<br style='clear: both' \/>\n\t\t<\/div>\n\n","protected":false},"excerpt":{"rendered":"<p>K\u00e4en Painallus-hanketta jatkettiin sen toisella vaiheella: Saavutettavuuden parantaminen. Vuoden 2011 aikana rakennettiin l\u00e4hestymispolut Punkan kyl\u00e4n suunnasta ja pikkulenkki V\u00e4litielle. Kuolimon rantaan Kirkonkyl\u00e4ntien varteen kunnan vuokratontille rakennettiin kulkuv\u00e4yl\u00e4, ranta-alue siistittiin rantautumispaikaksi sek\u00e4 rakennettiin laituri Kuolimon rantaan. N\u00e4in luotiin my\u00f6s veneilij\u00f6ille mahdollisuus &hellip; <a href=\"https:\/\/kylat.ekarjala.fi\/kauriansalmi\/kaen-painallus-hanke\/talkoot-ja-vihkiaiset-2011\/\">Lue loppuun <span class=\"meta-nav\">&rarr;<\/span><\/a><\/p>\n","protected":false},"author":74,"featured_media":0,"parent":36,"menu_order":4,"comment_status":"closed","ping_status":"open","template":"","meta":{"footnotes":""},"class_list":["post-461","page","type-page","status-publish","hentry"],"_links":{"self":[{"href":"https:\/\/kylat.ekarjala.fi\/kauriansalmi\/wp-json\/wp\/v2\/pages\/461","targetHints":{"allow":["GET"]}}],"collection":[{"href":"https:\/\/kylat.ekarjala.fi\/kauriansalmi\/wp-json\/wp\/v2\/pages"}],"about":[{"href":"https:\/\/kylat.ekarjala.fi\/kauriansalmi\/wp-json\/wp\/v2\/types\/page"}],"author":[{"embeddable":true,"href":"https:\/\/kylat.ekarjala.fi\/kauriansalmi\/wp-json\/wp\/v2\/users\/74"}],"replies":[{"embeddable":true,"href":"https:\/\/kylat.ekarjala.fi\/kauriansalmi\/wp-json\/wp\/v2\/comments?post=461"}],"version-history":[{"count":4,"href":"https:\/\/kylat.ekarjala.fi\/kauriansalmi\/wp-json\/wp\/v2\/pages\/461\/revisions"}],"predecessor-version":[{"id":476,"href":"https:\/\/kylat.ekarjala.fi\/kauriansalmi\/wp-json\/wp\/v2\/pages\/461\/revisions\/476"}],"up":[{"embeddable":true,"href":"https:\/\/kylat.ekarjala.fi\/kauriansalmi\/wp-json\/wp\/v2\/pages\/36"}],"wp:attachment":[{"href":"https:\/\/kylat.ekarjala.fi\/kauriansalmi\/wp-json\/wp\/v2\/media?parent=461"}],"curies":[{"name":"wp","href":"https:\/\/api.w.org\/{rel}","templated":true}]}}