{"id":49,"date":"2011-11-24T10:21:13","date_gmt":"2011-11-24T10:51:13","guid":{"rendered":"https:\/\/kylat.ekarjala.fi\/kauriansalmi\/?page_id=49"},"modified":"2021-04-08T19:19:04","modified_gmt":"2021-04-08T19:49:04","slug":"kalastus","status":"publish","type":"page","link":"https:\/\/kylat.ekarjala.fi\/kauriansalmi\/kalastus\/","title":{"rendered":"Kalastus"},"content":{"rendered":"<p>24.2.2017 perustettiin uusi Suomenniemi-Lyytikk\u00e4l\u00e4 Osakaskunta\u00a0 lakkautettujen Suomenniemen, Pajulahden, Suomenniemen Lyytikk\u00e4l\u00e4n ja Lyytikk\u00e4l\u00e4 1-9 osakaskuntien tilalle.<\/p>\n<p><a href=\"https:\/\/kylat.ekarjala.fi\/kauriansalmi\/wp-content\/uploads\/sites\/35\/2011\/11\/kalasuts.jpg\"><img fetchpriority=\"high\" decoding=\"async\" class=\"alignnone size-full wp-image-50\" src=\"https:\/\/kylat.ekarjala.fi\/kauriansalmi\/wp-content\/uploads\/sites\/35\/2011\/11\/kalasuts.jpg\" alt=\"\" width=\"480\" height=\"201\" \/><\/a><\/p>\n<p>Suomenniemi-Lyytikk\u00e4l\u00e4 Osakaskunnan kalamerkkej\u00e4\u00a0 voi ostaa seuraavista paikoista:<br \/>\n&#8211; Sale Suomenniemi<br \/>\n&#8211; Rantinhovi<br \/>\n&#8211; Kiesil\u00e4n Kievari<br \/>\n&#8211; Tarmo Hostila<br \/>\nKiesil\u00e4n Kievarista on saatavissa my\u00f6s p\u00e4iv\u00e4-, viikko- tai vuosikohtaisia uistelulupia Kirvessel\u00e4n yhteislupa-alueelle.<br \/>\nSuomenniemi-Lyytikk\u00e4l\u00e4 osakaskunnan kalastusaluekartta on n\u00e4ht\u00e4vill\u00e4 Kahvila Ravintola Salmenrannassa rauhoitusalueineen.<br \/>\nOsakaskunnan esimies:<br \/>\n&#8211; Suomenniemi-Lyytikk\u00e4l\u00e4\u00a0 osakaskunta; Raimo Laitinen, puh. 040 &#8211; 5733 170<\/p>\n<p><a href=\"http:\/\/kalastuslupa.smilehouse.com\/PublishedService\">Lis\u00e4tietoja kalastusluvista voit klikata Maa- ja mets\u00e4talousministeri\u00f6n sivulta.<\/a><\/p>\n","protected":false},"excerpt":{"rendered":"<p>24.2.2017 perustettiin uusi Suomenniemi-Lyytikk\u00e4l\u00e4 Osakaskunta\u00a0 lakkautettujen Suomenniemen, Pajulahden, Suomenniemen Lyytikk\u00e4l\u00e4n ja Lyytikk\u00e4l\u00e4 1-9 osakaskuntien tilalle. Suomenniemi-Lyytikk\u00e4l\u00e4 Osakaskunnan kalamerkkej\u00e4\u00a0 voi ostaa seuraavista paikoista: &#8211; Sale Suomenniemi &#8211; Rantinhovi &#8211; Kiesil\u00e4n Kievari &#8211; Tarmo Hostila Kiesil\u00e4n Kievarista on saatavissa my\u00f6s p\u00e4iv\u00e4-, viikko- &hellip; <a href=\"https:\/\/kylat.ekarjala.fi\/kauriansalmi\/kalastus\/\">Lue loppuun <span class=\"meta-nav\">&rarr;<\/span><\/a><\/p>\n","protected":false},"author":74,"featured_media":0,"parent":0,"menu_order":0,"comment_status":"closed","ping_status":"open","template":"","meta":{"footnotes":""},"class_list":["post-49","page","type-page","status-publish","hentry"],"_links":{"self":[{"href":"https:\/\/kylat.ekarjala.fi\/kauriansalmi\/wp-json\/wp\/v2\/pages\/49","targetHints":{"allow":["GET"]}}],"collection":[{"href":"https:\/\/kylat.ekarjala.fi\/kauriansalmi\/wp-json\/wp\/v2\/pages"}],"about":[{"href":"https:\/\/kylat.ekarjala.fi\/kauriansalmi\/wp-json\/wp\/v2\/types\/page"}],"author":[{"embeddable":true,"href":"https:\/\/kylat.ekarjala.fi\/kauriansalmi\/wp-json\/wp\/v2\/users\/74"}],"replies":[{"embeddable":true,"href":"https:\/\/kylat.ekarjala.fi\/kauriansalmi\/wp-json\/wp\/v2\/comments?post=49"}],"version-history":[{"count":12,"href":"https:\/\/kylat.ekarjala.fi\/kauriansalmi\/wp-json\/wp\/v2\/pages\/49\/revisions"}],"predecessor-version":[{"id":1417,"href":"https:\/\/kylat.ekarjala.fi\/kauriansalmi\/wp-json\/wp\/v2\/pages\/49\/revisions\/1417"}],"wp:attachment":[{"href":"https:\/\/kylat.ekarjala.fi\/kauriansalmi\/wp-json\/wp\/v2\/media?parent=49"}],"curies":[{"name":"wp","href":"https:\/\/api.w.org\/{rel}","templated":true}]}}