{"id":52,"date":"2011-11-24T10:22:19","date_gmt":"2011-11-24T10:52:19","guid":{"rendered":"https:\/\/kylat.ekarjala.fi\/kauriansalmi\/?page_id=52"},"modified":"2012-11-06T17:35:06","modified_gmt":"2012-11-06T18:05:06","slug":"puolmatkan-markkinat","status":"publish","type":"page","link":"https:\/\/kylat.ekarjala.fi\/kauriansalmi\/puolmatkan-markkinat\/","title":{"rendered":"Puolmatkan markkinat"},"content":{"rendered":"<p>Tapiosaaressa Ravintola Puolmatkan piha-alueella pidet\u00e4\u00e4n vuosittain vilkas markkinatapahtuma kes\u00e4kuun alussa. Kyl\u00e4yhdistys osallistuu markkinoille aktiivisesti &#8211;\u00a0tule sin\u00e4kin!<\/p>\n<div id=\"attachment_53\" style=\"width: 490px\" class=\"wp-caption alignnone\"><a href=\"https:\/\/kylat.ekarjala.fi\/kauriansalmi\/wp-content\/uploads\/sites\/35\/2011\/11\/markkinat.jpg\"><img fetchpriority=\"high\" decoding=\"async\" aria-describedby=\"caption-attachment-53\" class=\"size-full wp-image-53 \" src=\"https:\/\/kylat.ekarjala.fi\/kauriansalmi\/wp-content\/uploads\/sites\/35\/2011\/11\/markkinat.jpg\" alt=\"\" width=\"480\" height=\"360\" \/><\/a><p id=\"caption-attachment-53\" class=\"wp-caption-text\">Markkinoilla on vipin\u00e4\u00e4<\/p><\/div>\n<p>Vuoden 2012 markkinat pidettiin 9.6.2012.<\/p>\n<div id=\"attachment_586\" style=\"width: 593px\" class=\"wp-caption alignleft\"><a href=\"https:\/\/kylat.ekarjala.fi\/kauriansalmi\/wp-content\/uploads\/sites\/35\/2011\/11\/2012-064.jpg\"><img decoding=\"async\" aria-describedby=\"caption-attachment-586\" class=\"size-full wp-image-586\" src=\"https:\/\/kylat.ekarjala.fi\/kauriansalmi\/wp-content\/uploads\/sites\/35\/2011\/11\/2012-064.jpg\" alt=\"\" width=\"583\" height=\"420\" \/><\/a><p id=\"caption-attachment-586\" class=\"wp-caption-text\">Markkina-alue t\u00e4yttyi heti aamutuimaan.<\/p><\/div>\n<p>&nbsp;<\/p>\n<div id=\"attachment_585\" style=\"width: 616px\" class=\"wp-caption alignleft\"><a href=\"https:\/\/kylat.ekarjala.fi\/kauriansalmi\/wp-content\/uploads\/sites\/35\/2011\/11\/2012-063.jpg\"><img decoding=\"async\" aria-describedby=\"caption-attachment-585\" class=\"size-full wp-image-585\" src=\"https:\/\/kylat.ekarjala.fi\/kauriansalmi\/wp-content\/uploads\/sites\/35\/2011\/11\/2012-063.jpg\" alt=\"\" width=\"606\" height=\"430\" \/><\/a><p id=\"caption-attachment-585\" class=\"wp-caption-text\">Aurinkista markkinatunnelmaa Kauriansalmella!<\/p><\/div>\n<p>\u00a0Vuonna 2011 markkinap\u00e4iv\u00e4 oli 11.6.2011.<\/p>\n<div id=\"attachment_170\" style=\"width: 548px\" class=\"wp-caption alignright\"><a href=\"https:\/\/kylat.ekarjala.fi\/kauriansalmi\/wp-content\/uploads\/sites\/35\/2012\/01\/IMG_0704.jpg\"><img loading=\"lazy\" decoding=\"async\" aria-describedby=\"caption-attachment-170\" class=\"size-full wp-image-170\" src=\"https:\/\/kylat.ekarjala.fi\/kauriansalmi\/wp-content\/uploads\/sites\/35\/2012\/01\/IMG_0704.jpg\" alt=\"\" width=\"538\" height=\"319\" \/><\/a><p id=\"caption-attachment-170\" class=\"wp-caption-text\">Vilskett\u00e4 riitti my\u00f6s kyl\u00e4yhdistyksen teltalla.<\/p><\/div>\n<p>&nbsp;<\/p>\n<div id=\"attachment_163\" style=\"width: 567px\" class=\"wp-caption alignright\"><a href=\"https:\/\/kylat.ekarjala.fi\/kauriansalmi\/wp-content\/uploads\/sites\/35\/2012\/01\/IMG_0713.jpg\"><img loading=\"lazy\" decoding=\"async\" aria-describedby=\"caption-attachment-163\" class=\"size-full wp-image-163\" src=\"https:\/\/kylat.ekarjala.fi\/kauriansalmi\/wp-content\/uploads\/sites\/35\/2012\/01\/IMG_0713.jpg\" alt=\"\" width=\"557\" height=\"329\" \/><\/a><p id=\"caption-attachment-163\" class=\"wp-caption-text\">Kyl\u00e4yhdistyksen teltalla Leena Hujala, Aili Kosunen sek\u00e4 Esko Partonen.<\/p><\/div>\n<p>&nbsp;<\/p>\n<div id=\"attachment_177\" style=\"width: 586px\" class=\"wp-caption alignright\"><a href=\"https:\/\/kylat.ekarjala.fi\/kauriansalmi\/wp-content\/uploads\/sites\/35\/2011\/11\/IMG_0709.jpg\"><img loading=\"lazy\" decoding=\"async\" aria-describedby=\"caption-attachment-177\" class=\"size-full wp-image-177\" src=\"https:\/\/kylat.ekarjala.fi\/kauriansalmi\/wp-content\/uploads\/sites\/35\/2011\/11\/IMG_0709.jpg\" alt=\"\" width=\"576\" height=\"322\" \/><\/a><p id=\"caption-attachment-177\" class=\"wp-caption-text\">Teklan aitan avajaistunnelmia.<\/p><\/div>\n<p>&nbsp;<\/p>\n<p>&nbsp;<\/p>\n<p>&nbsp;<\/p>\n<p>&nbsp;<\/p>\n<p>&nbsp;<\/p>\n","protected":false},"excerpt":{"rendered":"<p>Tapiosaaressa Ravintola Puolmatkan piha-alueella pidet\u00e4\u00e4n vuosittain vilkas markkinatapahtuma kes\u00e4kuun alussa. Kyl\u00e4yhdistys osallistuu markkinoille aktiivisesti &#8211;\u00a0tule sin\u00e4kin! Vuoden 2012 markkinat pidettiin 9.6.2012. &nbsp; \u00a0Vuonna 2011 markkinap\u00e4iv\u00e4 oli 11.6.2011. &nbsp; &nbsp; &nbsp; &nbsp; &nbsp; &nbsp; &nbsp;<\/p>\n","protected":false},"author":74,"featured_media":585,"parent":0,"menu_order":0,"comment_status":"closed","ping_status":"open","template":"","meta":{"footnotes":""},"class_list":["post-52","page","type-page","status-publish","has-post-thumbnail","hentry"],"_links":{"self":[{"href":"https:\/\/kylat.ekarjala.fi\/kauriansalmi\/wp-json\/wp\/v2\/pages\/52","targetHints":{"allow":["GET"]}}],"collection":[{"href":"https:\/\/kylat.ekarjala.fi\/kauriansalmi\/wp-json\/wp\/v2\/pages"}],"about":[{"href":"https:\/\/kylat.ekarjala.fi\/kauriansalmi\/wp-json\/wp\/v2\/types\/page"}],"author":[{"embeddable":true,"href":"https:\/\/kylat.ekarjala.fi\/kauriansalmi\/wp-json\/wp\/v2\/users\/74"}],"replies":[{"embeddable":true,"href":"https:\/\/kylat.ekarjala.fi\/kauriansalmi\/wp-json\/wp\/v2\/comments?post=52"}],"version-history":[{"count":16,"href":"https:\/\/kylat.ekarjala.fi\/kauriansalmi\/wp-json\/wp\/v2\/pages\/52\/revisions"}],"predecessor-version":[{"id":595,"href":"https:\/\/kylat.ekarjala.fi\/kauriansalmi\/wp-json\/wp\/v2\/pages\/52\/revisions\/595"}],"wp:featuredmedia":[{"embeddable":true,"href":"https:\/\/kylat.ekarjala.fi\/kauriansalmi\/wp-json\/wp\/v2\/media\/585"}],"wp:attachment":[{"href":"https:\/\/kylat.ekarjala.fi\/kauriansalmi\/wp-json\/wp\/v2\/media?parent=52"}],"curies":[{"name":"wp","href":"https:\/\/api.w.org\/{rel}","templated":true}]}}