{"id":553,"date":"2012-07-20T12:44:35","date_gmt":"2012-07-20T13:14:35","guid":{"rendered":"https:\/\/kylat.ekarjala.fi\/kauriansalmi\/?page_id=553"},"modified":"2018-02-11T16:58:47","modified_gmt":"2018-02-11T17:28:47","slug":"2012-lahestymispolut","status":"publish","type":"page","link":"https:\/\/kylat.ekarjala.fi\/kauriansalmi\/kaen-painallus-hanke\/2012-lahestymispolut\/","title":{"rendered":"Painalluksen polut Maisematornin maastossa"},"content":{"rendered":"<p>Kauriansalmella Maisematornin maastossa on monipuolinen polkuverkosto kuntoilua, luontoon tutustumista ja rauhoittumista varten. Polkujen varrella on kohteen erikoispiirteist\u00e4 kertovia opastauluja. T\u00e4\u00e4ll\u00e4 tarjotaan my\u00f6s mahdollisuus harjoitella Mets\u00e4taitokisan tyyppiteht\u00e4v\u00e4t, tosin leimausteht\u00e4v\u00e4\u00e4 ei en\u00e4\u00e4 ole.<\/p>\n<p>Kes\u00e4ll\u00e4 2013 polkujen varteen on pystytetty luotoaiheisia opastauluja. Reittikartta l\u00f6ytyy my\u00f6s oheisesta linkist\u00e4: <a href=\"https:\/\/kylat.ekarjala.fi\/kauriansalmi\/wp-content\/uploads\/sites\/35\/2011\/11\/Painalluksen-polut.pdf\">Painalluksen polut<\/a><\/p>\n<p><strong>Hietakankaantien lenkki 1,7 km.<\/strong> Maisematornilta l\u00e4htee pohjoista kohti polku, joka haarautuu vasemmalle ja mutkittelee kalliomaiseman kautta lopulta alas Hietakankaantielle. Tiet\u00e4 pitkin vasemmalle p\u00e4\u00e4see Maisematornin tienhaaraan ja siit\u00e4 tornin tiet\u00e4 kiivet\u00e4\u00e4n takaisin yl\u00f6s. Polun voi kiert\u00e4\u00e4 my\u00f6s p\u00e4invastaiseen suuntaan.<br \/>\n<strong>Suojavedentien lenkki 2,8 km.<\/strong> Maisematornilta l\u00e4hdet\u00e4\u00e4n pohjoiseen viittojen mukaan, matkataan mets\u00e4autotiet\u00e4 pitkin, mutta poiketaan viel\u00e4 oikealle l\u00e4helle K\u00e4rmelampea ja seurataan viittoja suon sek\u00e4 korpi- ja kalliomaiseman kautta kiert\u00e4en. T\u00e4m\u00e4n reitin varrella on Mets\u00e4taitorata eli opastaulut, joissa on esitetty teht\u00e4v\u00e4t ja opastus, miten arviointi voidaan tehd\u00e4. Menn\u00e4\u00e4n viel\u00e4 mets\u00e4autotien yli ja tullaan kalliorotkon vierelle luontoaiheisten opastaulujen luo, paikalle Kivisillat.<br \/>\nPaluureitti l\u00e4htee mets\u00e4autotiet\u00e4 pitkin kohti Maisematornia ja poikkeaa oikealle mets\u00e4polulle. T\u00e4ll\u00e4 reitill\u00e4 on kohtalaisen jyrkk\u00e4 nousu, joten on suositeltavaa kiert\u00e4\u00e4 t\u00e4m\u00e4 reitti n\u00e4in p\u00e4in.<br \/>\n<strong>Haukilahdentien lenkki 5,2 km.<\/strong> T\u00e4m\u00e4 reitti l\u00e4htee Maisematornin tielt\u00e4 oikealle viittojen mukaan, kuljetaan haapalehdon ohi kalliomaisemaan ja sielt\u00e4 alas Niemennokantielle. T\u00e4t\u00e4 maisemassa polveilevaa tiet\u00e4 kuljetaan hyv\u00e4 tovi, kunnes poiketaan viitan mukaan vasemmalle pienemm\u00e4lle tielle ja siit\u00e4 edelleen oikealle. Notkelman pohjalla on yleens\u00e4 aina kosteaa, sill\u00e4 vett\u00e4 pulppuaa tielle rinteess\u00e4 olevasta l\u00e4hteest\u00e4. Reitti nousee Haukilahdentielle ja siit\u00e4 lopulta Suojavedentielle. Suojavedentiet\u00e4 l\u00e4hdet\u00e4\u00e4n vasemmalle ja harpotaan hyv\u00e4kuntoista tiet\u00e4 aina opastauluille Kivisiltojen luo. T\u00e4st\u00e4 palataan Maisematornille yll\u00e4 esitellyn Suojavedentien lenkin reitti\u00e4 pitkin, voit valita poluista mieleisesi.<br \/>\n<strong>Voimapolku<\/strong> on lyhyt lenkki, jonka varrella olevissa tauluissa neuvotaan harjoitteita luonnossa rauhoittumiseen ja voimaantumiseen. Nauti mets\u00e4isest\u00e4 luonnosta kaikilla aisteillasi.<br \/>\nVoimapolulle p\u00e4\u00e4see Maisematornille viev\u00e4lt\u00e4 tielt\u00e4 oikealle viitojen mukaan, aluksi samaa polkua kuin Haukilahdentien lenkki. Voimapolku erkanee yl\u00f6s vasemmalle ja mutkittelee lyhyen lenkin yl\u00e4rinteen suuntaan. Paluu tornin tielle k\u00e4\u00e4ntym\u00e4ll\u00e4 oikealle p\u00e4\u00e4polkua pitkin, jolloin palaat l\u00e4ht\u00f6paikalle.<\/p>\n<p>Painalluksen polkujen <strong>viitoista siniset nuolet ohjaavat Maisematornilta poisp\u00e4in<\/strong> ja <strong>Maisematorni-viitta ohjaa reitin Maisematornin suuntaan.<\/strong><br \/>\n<strong>Mets\u00e4taitorata<\/strong> on yll\u00e4kerrotun Suojavedentien lenkin Maisematornilta katsoen oikeanpuoleisessa haarassa.<\/p>\n<p>&nbsp;<\/p>\n<p>Mets\u00e4taitorata on laadittu mets\u00e4nomistajien mets\u00e4taitokilpailuteht\u00e4vien mukaisena. Mets\u00e4taitokilpailuteht\u00e4v\u00e4t on Maisematornilta l\u00e4hdett\u00e4ess\u00e4 j\u00e4rjestyksess\u00e4:<br \/>\n1. Teht\u00e4v\u00e4 13 Alueen pinta-ala<br \/>\n2. Teht\u00e4v\u00e4 3 Metsik\u00f6n k\u00e4sittely seuraavan viiden vuoden aikana<br \/>\nTeht\u00e4v\u00e4 6 Kehitysluokka<br \/>\n3. Teht\u00e4v\u00e4 7 Yksitt\u00e4isen puun pituus, m<br \/>\n4. Teht\u00e4v\u00e4 4 Puuston pohjapinta-ala, m2\/ha<br \/>\nTeht\u00e4v\u00e4 10 Puuston ik\u00e4, vuotta<br \/>\n5. Teht\u00e4v\u00e4 14 Mets\u00e4n monimuotoisuus<br \/>\n6. Teht\u00e4v\u00e4 5 Puuston kokonaistilavuus kuorineen, m3\/ha<br \/>\nTeht\u00e4v\u00e4 11 Puuston kasvu, m3\/ha\/vuosi<br \/>\n7. Teht\u00e4v\u00e4 8 Runkoluku, kpl\/ha<br \/>\n8. Teht\u00e4v\u00e4 2 Taimikon ensisijainen hoitotarve seuraavan 2 vuoden aikana<br \/>\n9. Teht\u00e4v\u00e4 1 Kasvupaikkatyyppi<br \/>\nTeht\u00e4v\u00e4 12 Puuston keskil\u00e4pimitta 1,3 metrin korkeudelta, cm<br \/>\n10. Teht\u00e4v\u00e4 9 Yksitt\u00e4isen puun tilavuus kuorineen, m3<br \/>\nOhjeita kilpailijoille:<br \/>\n&#8211; Teht\u00e4v\u00e4ss\u00e4 8 Runkoluku; Rungot on laskettu +5 cm luokkaan (+4 cm-&gt;)<br \/>\n&#8211; Teht\u00e4v\u00e4ss\u00e4 10 Puuston ik\u00e4; 1,3 metrin korjaus +13 vuotta<br \/>\nMets\u00e4taitoradalle voi l\u00e4hte\u00e4 joko Kauriansalmen maisematornilta Painalluksenm\u00e4elt\u00e4 tai Suojavedentien varrelta Kivisiltojen kohdalta maisematornin opastaulujen luota.<br \/>\nKilpailukortteja on saatavissa kummastakin l\u00e4ht\u00f6paikasta Mets\u00e4taitoradan opastaulun postilaatikosta.<\/p>\n","protected":false},"excerpt":{"rendered":"<p>Kauriansalmella Maisematornin maastossa on monipuolinen polkuverkosto kuntoilua, luontoon tutustumista ja rauhoittumista varten. Polkujen varrella on kohteen erikoispiirteist\u00e4 kertovia opastauluja. T\u00e4\u00e4ll\u00e4 tarjotaan my\u00f6s mahdollisuus harjoitella Mets\u00e4taitokisan tyyppiteht\u00e4v\u00e4t, tosin leimausteht\u00e4v\u00e4\u00e4 ei en\u00e4\u00e4 ole. Kes\u00e4ll\u00e4 2013 polkujen varteen on pystytetty luotoaiheisia opastauluja. Reittikartta &hellip; <a href=\"https:\/\/kylat.ekarjala.fi\/kauriansalmi\/kaen-painallus-hanke\/2012-lahestymispolut\/\">Lue loppuun <span class=\"meta-nav\">&rarr;<\/span><\/a><\/p>\n","protected":false},"author":74,"featured_media":0,"parent":36,"menu_order":0,"comment_status":"closed","ping_status":"open","template":"","meta":{"footnotes":""},"class_list":["post-553","page","type-page","status-publish","hentry"],"_links":{"self":[{"href":"https:\/\/kylat.ekarjala.fi\/kauriansalmi\/wp-json\/wp\/v2\/pages\/553","targetHints":{"allow":["GET"]}}],"collection":[{"href":"https:\/\/kylat.ekarjala.fi\/kauriansalmi\/wp-json\/wp\/v2\/pages"}],"about":[{"href":"https:\/\/kylat.ekarjala.fi\/kauriansalmi\/wp-json\/wp\/v2\/types\/page"}],"author":[{"embeddable":true,"href":"https:\/\/kylat.ekarjala.fi\/kauriansalmi\/wp-json\/wp\/v2\/users\/74"}],"replies":[{"embeddable":true,"href":"https:\/\/kylat.ekarjala.fi\/kauriansalmi\/wp-json\/wp\/v2\/comments?post=553"}],"version-history":[{"count":14,"href":"https:\/\/kylat.ekarjala.fi\/kauriansalmi\/wp-json\/wp\/v2\/pages\/553\/revisions"}],"predecessor-version":[{"id":1097,"href":"https:\/\/kylat.ekarjala.fi\/kauriansalmi\/wp-json\/wp\/v2\/pages\/553\/revisions\/1097"}],"up":[{"embeddable":true,"href":"https:\/\/kylat.ekarjala.fi\/kauriansalmi\/wp-json\/wp\/v2\/pages\/36"}],"wp:attachment":[{"href":"https:\/\/kylat.ekarjala.fi\/kauriansalmi\/wp-json\/wp\/v2\/media?parent=553"}],"curies":[{"name":"wp","href":"https:\/\/api.w.org\/{rel}","templated":true}]}}