{"id":6,"date":"2011-11-24T09:53:57","date_gmt":"2011-11-24T10:23:57","guid":{"rendered":"https:\/\/kylat.ekarjala.fi\/kauriansalmi\/?page_id=6"},"modified":"2026-03-08T09:22:48","modified_gmt":"2026-03-08T09:52:48","slug":"etusivu","status":"publish","type":"page","link":"https:\/\/kylat.ekarjala.fi\/kauriansalmi\/","title":{"rendered":"Etusivu"},"content":{"rendered":"\n<p class=\"has-text-align-left\"><strong>Tulevia tapahtumia:<\/strong><\/p>\n\n\n\n<p>25.4.2026 klo 9     Siivoustalkoot Kauriansalmella ja tornilla<br>4.7.2026                 Kasviretki oppaana Seppo Vuokko<br>                                 Kokoontuminen Mets\u00e4t\u00e4hden pihalla<br>25.7.2026               Mets\u00e4taitokilpailut &#8211; Suomenniemi-p\u00e4iv\u00e4t<br>                                 Nokipannukahvit ja muurinpohjaletut<br>21.12.2016 klo 18 Tuomaan p\u00e4iv\u00e4n jouluvaellus Maisematornille<br><\/p>\n\n\n<h2 data-olk-copy-source=\"MessageBody\">Suomenniemen Maisematorni 15 vuotta<\/h2>\n<div>\u00a0<\/div>\n<h3>Maisematorni Suomenniemen Painalluksenm\u00e4elle rakennettiin kes\u00e4ll\u00e4 2010. Ty\u00f6nt\u00e4yteisen hellekes\u00e4n p\u00e4\u00e4tteeksi Maisematornin ja laavun juhlallinen vihki\u00e4istilaisuus pidettiin syyskuun 17. p\u00e4iv\u00e4n iltana. Tilaisuudessa julistettiin arvauskilpailun l\u00e4mp\u00f6tila, joka tornissa mitattuna oli 11,3 astetta.<br \/>Paikalla oli laaja ja iloinen joukko tutustumassa uuteen torniin, laavuun ja Painalluksenm\u00e4elt\u00e4 avautuviin upeisiin maisemiin.<\/h3>\n<h3>Vuosien varrella Maisematornista on muodostunut mieluisa k\u00e4yntipaikka monille ulkoilmassa viihtyville ihmisille ja vieraskirjan mukaan k\u00e4vij\u00f6iss\u00e4 on ollut edustettuna useita kansallisuuksia.\u00a0 Tornilla on vietetty lukuisia juhlahetki\u00e4, pienempi\u00e4 tapahtumia ja turinatuokioita. Nuotiota on poltettu ahkerasti ja niinp\u00e4 polttopuutalkoot on ollut l\u00e4hes jokavuotinen kyl\u00e4yhdistyksen talkootapahtuma. Painalluksen l\u00e4hestymisreiteill\u00e4 on moni k\u00e4ynyt virkist\u00e4ytym\u00e4ss\u00e4 ja kuntoa hoitamassa.<\/h3>\n<h3>Nyt tuo Maisematorni on seisonut m\u00e4ell\u00e4\u00e4n uljaasti jo 15 vuotta.\u00a0<\/h3>\n<h3>Kauriansalmen kyl\u00e4t ry juhlisti Maisematornin vuosip\u00e4iv\u00e4\u00e4 keskiviikkona 17.9.2025.<\/h3>\n<p>_____________________________________________________________<\/p>\n<div id=\"attachment_1772\" style=\"width: 650px\" class=\"wp-caption alignleft\"><a href=\"https:\/\/kylat.ekarjala.fi\/kauriansalmi\/etusivu\/attachment\/1000010942\/\" rel=\"attachment wp-att-1772\"><img fetchpriority=\"high\" decoding=\"async\" aria-describedby=\"caption-attachment-1772\" src=\"https:\/\/kylat.ekarjala.fi\/kauriansalmi\/wp-content\/uploads\/sites\/35\/2025\/07\/1000010942-1024x768.jpg\" alt=\"\" width=\"640\" height=\"480\" \/><\/a><p id=\"caption-attachment-1772\" class=\"wp-caption-text\">Vuoden aikana kehittynyt uusi kasvusto pani miettim\u00e4\u00e4n&#8230;<\/p><\/div>\n<p><a href=\"https:\/\/kylat.ekarjala.fi\/kauriansalmi\/etusivu\/attachment\/1000010944\/\" rel=\"attachment wp-att-1774\"><img decoding=\"async\" src=\"https:\/\/kylat.ekarjala.fi\/kauriansalmi\/wp-content\/uploads\/sites\/35\/2025\/07\/1000010944-1024x768.jpg\" alt=\"S\u00e4\u00e4 suosi retkel\u00e4isi\u00e4.\" width=\"640\" height=\"480\" \/><\/a><\/p>\n<p>Kasviretki 2025<\/p>\n\n\n<\/p>\n<p>Seppo Vuokko opasti retkel\u00e4isi\u00e4 luonnon ihmeisiin paloaukealla.<\/p>\n<p>\n\n\n\n<\/p>\n<figure><img decoding=\"async\" src=\"https:\/\/kylat.ekarjala.fi\/kauriansalmi\/wp-content\/uploads\/sites\/35\/2025\/07\/1000010943-scaled.jpg\" alt=\"Retkell\u00e4 Seppo Vuokon opastuksella \"><\/figure>\n<p>\n\n\n\n<\/p>\n<p>\n\n\n\n<\/p>\n<p>\n\n\n\n<\/p>\n<p>\n<\/p><p>\n\n\n\n<\/p>\n<p>\n\n\n\n<\/p>\n<p>\n\n\n\n<\/p>\n<p>____________________________________________________<\/p>\n<p>\n\n\n\n<\/p>\n<p><strong>Valokuitu 2025<\/strong><\/p>\n<p style=\"margin: 0cm;font-size: 11pt;font-family: Aptos, sans-serif\">Suomenniemi 3 ja 4 rakentamisen osalta kes\u00e4ll\u00e4 2025 on ollut haasteita p\u00e4\u00e4urakoitsijan ja h\u00e4nen kaivuurakoitsijoiden kanssa. Kaivajat eiv\u00e4t olleet saaneet ajoissa Saimaan Kuidun itse ajoissa maksamista maanrakennuslaskuista osuuttaan. T\u00e4st\u00e4 syyst\u00e4 kaivajat riitautuivat p\u00e4\u00e4urakoitsijan kanssa. Ty\u00f6t olivat keskeytyksess\u00e4 kes\u00e4kuun puoliv\u00e4list\u00e4 Suomenniemen tiell\u00e4 konerikon takia ja p\u00e4\u00e4ttyiv\u00e4t my\u00f6s Esintiell\u00e4 kes\u00e4kuun lopussa. P\u00e4\u00e4urakoitsija irtisanoi rakentamisen urakan Saimaan Kuidun kanssa, koska ei p\u00e4\u00e4ssyt yhteisymm\u00e4rrykseen kaivajiensa kanssa.<\/p><p style=\"margin: 0cm;font-size: 11pt;font-family: Aptos, sans-serif\">&nbsp;<\/p><p style=\"margin: 0cm;font-size: 11pt;font-family: Aptos, sans-serif\">Saimaan Kuitu Oy on etsinyt uutta urakoitsijaa kes\u00e4kuun lopusta alkaen, kun tilanne alkoi eskaloitua. Saimaan Kuitu on ollut yhteydess\u00e4 ELY maaseuturahastoon tilanteesta. Keskusteluissa oli useita vaihtoehtoja, mutta tilanne oli hankala, kun kaikilla urakoitsijoilla oli kapasiteetti myyty ja nykyisten kaivajien kanssa ei p\u00e4\u00e4sty urakkamallista sopimukseen. 29.7.2025 allekirjoitettiin urakointisopimus Lappeenrannan Kuormausmiesten kanssa hankkeiden loppuun rakentamiseksi. Ty\u00f6t jatkuvat elokuun loppupuolella viimeist\u00e4\u00e4n 1.9.2025 alkaen. Tavoitteena on saada Suomenniemi 3 hanke loppuun ja aloittaa Suomenniemi 4 hanke, joka j\u00e4\u00e4 kesken, jos meill\u00e4 alkaa talvi marraskuun loppupuolella. Suomenniemi 4 rakennetaan loppuun kev\u00e4\u00e4ll\u00e4 2026.<\/p><p style=\"margin: 0cm;font-size: 11pt;font-family: Aptos, sans-serif\">&nbsp;<\/p><p style=\"margin: 0cm;font-size: 11pt;font-family: Aptos, sans-serif\">Pahoittelemme rakentamisen viiv\u00e4stymist\u00e4!<\/p>\n<p>\n\n\n\n<\/p>\n<p><strong>Rakentaminen Suomenniemell\u00e4 jatkuu \u2013 liittym\u00e4n ehtii viel\u00e4 saada!<\/strong><\/p>\n<p>\n\n\n\n<\/p>\n<p>\u201d<strong>Nyt on viimeinen hetki aktivoitua<\/strong> liittym\u00e4n hankkimisen osalta, ett\u00e4 saadaan tarkennesuunnittelu tehty\u00e4 kaikille liittymille. Jos lis\u00e4tiedot tai sopimuksen tekeminen kiinnostaa, niin yhteytt\u00e4 voi ottaa my\u00f6s Saimaan Kuituun. <br>Asiakaspalvelup\u00e4\u00e4llikk\u00f6 <strong>Heli Pajuvirta<\/strong> hoitaa liittym\u00e4sopimusten tekoa meid\u00e4n p\u00e4\u00e4ss\u00e4mme. <br>H\u00e4nen numeronsa on <strong>040&nbsp;707 4772<\/strong> ja s\u00e4hk\u00f6posti&nbsp;<a href=\"mailto:heli.pajuvirta@saimaankuitu.fi\">heli.pajuvirta@saimaankuitu.fi<\/a>. <br>Kun sopimus on tehty, rakentamisen projektip\u00e4\u00e4llikk\u00f6 ottaa ennen rakentamista yhteytt\u00e4 ja katsoo yhdess\u00e4 asiakkaan kanssa parhaimman reitin kiinteist\u00f6lle&#8221;. Saimaan Kuidun toimitusjohtaja Jari K\u00e4yhty kertoo.<\/p>\n<p>\n\n\n\n<\/p>\n<p>\n\n\n\n<\/p>\n<p>______________________________________________________<\/p>\n<p>\n\n\n\n<\/p>\n<p>Kasviretki, Mets\u00e4taitokilpailu ja Linturetki<\/p>\n<p>\n\n\n\n<\/p>\n<figure class=\"wp-block-gallery-1 is-layout-flex wp-block-gallery-is-layout-flex\">\n\n<p><\/p>\n<figure><a href=\"https:\/\/kylat.ekarjala.fi\/kauriansalmi\/wp-content\/uploads\/sites\/35\/2022\/10\/IMG_20220716_112746-scaled.jpg\"><img decoding=\"async\" data-id=\"1540\" src=\"https:\/\/kylat.ekarjala.fi\/kauriansalmi\/wp-content\/uploads\/sites\/35\/2022\/10\/IMG_20220716_112746-768x1024.jpg\" alt=\"\"><\/a><p><\/p>\n<figcaption>Korkeata kasvustoa<\/figcaption>\n<\/figure>\n<p>\n\n\n<\/p>\n<figure><a href=\"https:\/\/kylat.ekarjala.fi\/kauriansalmi\/wp-content\/uploads\/sites\/35\/2022\/10\/IMG_20220716_111934_1-scaled.jpg\"><img decoding=\"async\" data-id=\"1539\" src=\"https:\/\/kylat.ekarjala.fi\/kauriansalmi\/wp-content\/uploads\/sites\/35\/2022\/10\/IMG_20220716_111934_1-1024x768.jpg\" alt=\"\"><\/a><p><\/p>\n<figcaption>Kasviretki<\/figcaption>\n<\/figure>\n<p>\n\n<\/p>\n<figcaption>Kasviretki Kiesil\u00e4\u00e4n, oppaana Seppo Vuokko<\/figcaption>\n<\/figure>\n<p>\n\n\n\n<\/p>\n<figure class=\"wp-block-gallery-2 is-layout-flex wp-block-gallery-is-layout-flex\">\n\n<p><\/p>\n<figure><a href=\"https:\/\/kylat.ekarjala.fi\/kauriansalmi\/wp-content\/uploads\/sites\/35\/2022\/10\/IMG_20220723_103825_1-scaled.jpg\"><img decoding=\"async\" data-id=\"1544\" src=\"https:\/\/kylat.ekarjala.fi\/kauriansalmi\/wp-content\/uploads\/sites\/35\/2022\/10\/IMG_20220723_103825_1-1024x768.jpg\" alt=\"\"><\/a><p><\/p>\n<figcaption>Mets\u00e4taitokilpailun ilmoittautumisluukulle kertyi jonoa!<\/figcaption>\n<\/figure>\n<p>\n\n\n<\/p>\n<figure><a href=\"https:\/\/kylat.ekarjala.fi\/kauriansalmi\/wp-content\/uploads\/sites\/35\/2022\/10\/IMG_20220723_102602-scaled.jpg\"><img decoding=\"async\" data-id=\"1543\" src=\"https:\/\/kylat.ekarjala.fi\/kauriansalmi\/wp-content\/uploads\/sites\/35\/2022\/10\/IMG_20220723_102602-1024x768.jpg\" alt=\"\"><\/a><p><\/p>\n<figcaption>Ohjeita kilpailijoille<\/figcaption>\n<\/figure>\n<p>\n\n\n<\/p>\n<figure><a href=\"https:\/\/kylat.ekarjala.fi\/kauriansalmi\/wp-content\/uploads\/sites\/35\/2022\/10\/IMG_20220723_102125_1-scaled.jpg\"><img decoding=\"async\" data-id=\"1542\" src=\"https:\/\/kylat.ekarjala.fi\/kauriansalmi\/wp-content\/uploads\/sites\/35\/2022\/10\/IMG_20220723_102125_1-1024x768.jpg\" alt=\"\"><\/a><p><\/p>\n<figcaption>Tulokset?<\/figcaption>\n<\/figure>\n<p>\n\n<\/p>\n<figcaption>Mets\u00e4taitokilpailun tunnelmia<\/figcaption>\n<\/figure>\n<p>\n\n\n\n<\/p>\n<figure class=\"wp-block-gallery-3 is-layout-flex wp-block-gallery-is-layout-flex\">\n\n<p><\/p>\n<figure><a href=\"https:\/\/kylat.ekarjala.fi\/kauriansalmi\/wp-content\/uploads\/sites\/35\/2022\/10\/IMG_20220924_110509_1-scaled.jpg\"><img decoding=\"async\" data-id=\"1547\" src=\"https:\/\/kylat.ekarjala.fi\/kauriansalmi\/wp-content\/uploads\/sites\/35\/2022\/10\/IMG_20220924_110509_1-1024x768.jpg\" alt=\"\"><\/a><p><\/p>\n<figcaption>Kuvattavaakin riitt\u00e4\u00e4<\/figcaption>\n<\/figure>\n<p>\n\n\n<\/p>\n<figure><a href=\"https:\/\/kylat.ekarjala.fi\/kauriansalmi\/wp-content\/uploads\/sites\/35\/2022\/10\/IMG_20220924_105650_1-scaled.jpg\"><img decoding=\"async\" data-id=\"1546\" src=\"https:\/\/kylat.ekarjala.fi\/kauriansalmi\/wp-content\/uploads\/sites\/35\/2022\/10\/IMG_20220924_105650_1-768x1024.jpg\" alt=\"\"><\/a><p><\/p>\n<figcaption>Kuituran pitkospuilla<\/figcaption>\n<\/figure>\n<p>\n\n\n<\/p>\n<figure><a href=\"https:\/\/kylat.ekarjala.fi\/kauriansalmi\/wp-content\/uploads\/sites\/35\/2022\/10\/IMG_20220924_100320-scaled.jpg\"><img decoding=\"async\" data-id=\"1545\" src=\"https:\/\/kylat.ekarjala.fi\/kauriansalmi\/wp-content\/uploads\/sites\/35\/2022\/10\/IMG_20220924_100320-1024x768.jpg\" alt=\"\"><\/a><p><\/p>\n<figcaption>Mik\u00e4 lauloi?<\/figcaption>\n<\/figure>\n<p>\n\n<\/p>\n<figcaption>Linturetki Kuituraan, oppaana Markku Paakkinen<\/figcaption>\n<\/figure>\n<p>\n\n\n\n<\/p>\n<p>____________________________________________________________<\/p>\n<p>\n\n\n\n<\/p>\n<p><strong>Tervetuloa Suomenniemen Kauriansalmelle.<\/strong><br>Suomenniemi sijaitsee valtatien 13 varrella v\u00e4lill\u00e4 Lappeenranta-Mikkeli, kirkasvetisen Kuolimo-j\u00e4rven maisemissa! <\/p>\n<p>Kauriansalmen kyl\u00e4t ry on rakentanut Maisematornin talkoilla kes\u00e4ll\u00e4 201o ja vastaa sen yll\u00e4pidosta. Jos haluat tukea toimintaa, voit j\u00e4tt\u00e4\u00e4 lahjoituksesi tornissa olevaan ker\u00e4ysputkeen. Jos n\u00e4in teit, kyl\u00e4yhdistys kiitt\u00e4\u00e4.<\/p>\n<p>\n\n\n\n<\/p>\n<p>Maisematornille ja laavulle p\u00e4\u00e4see autolla perille ja siell\u00e4 on muutama parkkipaikka. Tie yl\u00f6s on aika jyrkk\u00e4. Tien alap\u00e4\u00e4ss\u00e4 on my\u00f6s hyv\u00e4 parkkipaikka, josta matkaa tornille on noin 600 metri\u00e4. Reippailuhenkiset k\u00e4vij\u00e4t voivat valita t\u00e4m\u00e4n vaihtoehdon.<br>Polkuja voi kiert\u00e4\u00e4 omatoimisesti, polkukartan voi tulostaa mukaansa <img decoding=\"async\" style=\"width: NaNpx\" src=\"https:\/\/kylat.ekarjala.fi\/kauriansalmi\/wp-content\/uploads\/sites\/35\/2020\/06\/Painalluksen-polut-2020.pdf\" alt=\"\"><a href=\"https:\/\/kylat.ekarjala.fi\/kauriansalmi\/wp-content\/uploads\/sites\/35\/2020\/06\/Painalluksen-polut-2020.pdf\">t\u00e4st\u00e4<\/a><img decoding=\"async\" style=\"width: NaNpx\" src=\"https:\/\/kylat.ekarjala.fi\/kauriansalmi\/wp-content\/uploads\/sites\/35\/2020\/05\/Painalluksen-polut.pdf\" alt=\"\">.<br>Laavulla on tulistelupaikka, polttopuita yhdistys on tehnyt talkoilla.<br>Yhteisen viihtyvyyden yll\u00e4pit\u00e4miseksi toivomme, ett\u00e4 tornilla ja sen ymp\u00e4rist\u00f6ss\u00e4 toimitaan siististi, luontoa ja rakenteita kunnioittaen.<\/p>\n<p>\n\n\n\n<\/p>\n<p>\n\n\n\n<\/p>\n<figure><img decoding=\"async\" src=\"https:\/\/kylat.ekarjala.fi\/kauriansalmi\/wp-content\/uploads\/sites\/35\/2020\/05\/20180710_214046-300x169.jpg\" alt=\"\"><p><\/p>\n<figcaption>Maisematorni ja laavu<\/figcaption>\n<\/figure>\n<p>\n\n\n\n<\/p>\n<figure><img decoding=\"async\" src=\"https:\/\/kylat.ekarjala.fi\/kauriansalmi\/wp-content\/uploads\/sites\/35\/2020\/05\/20180707_101804-300x169.jpg\" alt=\"\"><p><\/p>\n<figcaption>Kasviretki Seppo Vuokon opastuksella<\/figcaption>\n<\/figure>\n<p>\n\n\n\n<\/p>\n<figure><img decoding=\"async\" src=\"https:\/\/kylat.ekarjala.fi\/kauriansalmi\/wp-content\/uploads\/sites\/35\/2020\/05\/IMG_20191221_162430_1-300x225.jpg\" alt=\"\"><p><\/p>\n<figcaption>Tuomaan p\u00e4iv\u00e4n jouluvaellus<\/figcaption>\n<\/figure>\n<p>\n\n\n\n<\/p>\n<p>\n\n\n<p>________________________________________________________<\/p>\n<p>Kauriansalmen Painalluksenm\u00e4ell\u00e4 seisoo Maisematorni ja laavu.\u00a0\u00a0 Painalluksen poluilla on luontoaiheisia opastetauluja. Sielt\u00e4 l\u00f6ytyy my\u00f6s t\u00e4ysimittainen Mets\u00e4taitorata. Henkiseen voimaantumiseen ohjaa Voimapolku.<\/p>\n<p>Kartta liitteen\u00e4: <a href=\"https:\/\/kylat.ekarjala.fi\/kauriansalmi\/wp-content\/uploads\/sites\/35\/2011\/11\/Painalluksen-polut.pdf\">Painalluksen polut<\/a><\/p>\n<p style=\"text-align: center\"><strong>\u00a0<\/strong><strong>______________________________________________<\/strong><\/p>\n<p><strong>KAURIANSALMEN KYL\u00c4T KUTSUVAT SINUA<\/strong><br \/>Kauriansalmen luonnonkaunis seutu on liikenteen pirte\u00e4 solmukohta ja iloisten ihmisten kohtaamispaikka Suomenniemell\u00e4. Puhdasvetinen Kuolimo-j\u00e4rvi hallitsee seutua saarineen, niemineen ja lahtineen. Kuvankaunis Kuolimo tarjoaa t\u00e4rke\u00e4n virkistyksen l\u00e4hteen sek\u00e4 reitin veneilij\u00f6ille aina naapurikuntiin saakka.<\/p>\n<p><a href=\"https:\/\/kylat.ekarjala.fi\/kauriansalmi\/wp-content\/uploads\/sites\/35\/2011\/11\/etusivu.jpg\">k\u00e4ki<\/a><\/p>\n<p>Kes\u00e4ll\u00e4 2008 valmistunut Kauriansalmen vierasvenelaituri palveluineen tarjoaa entist\u00e4kin paremmat mahdollisuudet nauttia vaikkapa kokop\u00e4iv\u00e4retkist\u00e4 Kuolimon aalloilla.<br \/>Tervetuloa!<\/p>\n<p>Alueella asuu noin 200 suomenniemel\u00e4ist\u00e4 omakoti- ja rivitaloasunnoissaan ja kes\u00e4asutusta on sek\u00e4 mantereella ett\u00e4 saarissa.\u00a0Kyl\u00e4toiminta-alueen rivitalojen asunnoista on ollut kova kysynt\u00e4. Rivitaloasumisen mukavuus j\u00e4rvin\u00e4k\u00f6alalla on omiaan vet\u00e4m\u00e4\u00e4n uusia, tyytyv\u00e4isi\u00e4 asukkaita alueelle. Kirkonkyl\u00e4ntien varteen on rakenteilla uusi asuntoalue, kunnallistekniikka valmistui alueelle\u00a0kes\u00e4n 2012 aikana.<\/p>\n<p>&#8221;Kauriansalmen kyl\u00e4t&#8221; ei tarkoita vain Kauriansalmea, Tapiosaaren seutua, vaan k\u00e4sitt\u00e4\u00e4 my\u00f6s seuraavat kyl\u00e4alueet: Hujalan kyl\u00e4, Punkankyl\u00e4, Halisen kyl\u00e4 sek\u00e4 V\u00e4kk\u00e4r\u00e4-Lepp\u00e4niemi\u2013alue Ristiinan rajan tuntumassa.<\/p>\n<p>Kylien komeimpia n\u00e4ht\u00e4vyyksi\u00e4 ovat luontokohteet Kurkvuori, joka on Suomenniemen korkein &#8221;vuori&#8221;, sek\u00e4 Louhtovuoren kalliomaalaukset Kurkisalmessa.<\/p>\n<p>Uusimpana k\u00e4yntikohteena Kauriansalmella\u00a0on vuonna 2010 pystytetty Maisematorni, laavu ja tulistelupaikka\u00a0Painalluksenm\u00e4ell\u00e4. Tie sinne\u00a0l\u00e4htee\u00a0Kirkonkyl\u00e4ntielt\u00e4 Hietakankaantien liittym\u00e4n l\u00e4helt\u00e4.\u00a0Kun nouset tiet\u00e4 pienen matkaa l\u00f6yd\u00e4t parkkipaikan,\u00a0matkaa\u00a0yl\u00f6s tornille on noin 600 m. Kes\u00e4aikana\u00a0yl\u00f6s p\u00e4\u00e4see autollakin. Veneill\u00e4 saapuvia varten on Kuolimon rannassa rantautumispaikka ja laituri, josta voi\u00a0jalkaisin nousta\u00a0tornille.<br \/>Tornille p\u00e4\u00e4see my\u00f6s\u00a0viitoitettuja\u00a0 polkua pitkin\u00a0Punkan-kyl\u00e4n suunnasta sek\u00e4 Hietakankaantielt\u00e4. Reittien varrella on my\u00f6s luontoaiheisia opastauluja, kannattaa k\u00e4yd\u00e4!<\/p>\n<p><a href=\"https:\/\/kylat.ekarjala.fi\/kauriansalmi\/wp-content\/uploads\/sites\/35\/2011\/11\/Tienviitta-Medium.jpg\"><img decoding=\"async\" src=\"https:\/\/kylat.ekarjala.fi\/kauriansalmi\/wp-content\/uploads\/sites\/35\/2011\/11\/Tienviitta-Medium.jpg\" alt=\"\" width=\"502\" height=\"347\" \/><\/a><br \/>Liikenteen solmukohdassa Kauriansalmesta on Suomenniemen kuntakeskukseen 5 km. Ristiinaan matkaa on 20 km, Savitaipaleelle 30 km ja M\u00e4ntyharjuun 35 km. L\u00e4hin kaupunkikeskus Mikkeli on puolen tunnin ajomatkan p\u00e4\u00e4ss\u00e4 &#8211; Mikkeliin on matkaa\u00a040 km, Kouvolaan 85 km\u00a0ja Lappeenrantaan 75 km.<\/p>\n<p>Vesitse Kauriansalmesta p\u00e4\u00e4see Suomenniemen kirkonkyl\u00e4n kautta Savitaipaleen kirkonkyl\u00e4\u00e4n, Partakoskelle, K\u00e4rn\u00e4koskelle sek\u00e4 Orraintaipaleeseen.<\/p>\n<\/p>\n\n\n<\/p>\n<p>\n\n\n<\/p>\n\n\n<p><\/p>\n","protected":false},"excerpt":{"rendered":"<p>Tulevia tapahtumia: 25.4.2026 klo 9 Siivoustalkoot Kauriansalmella ja tornilla4.7.2026 Kasviretki oppaana Seppo Vuokko Kokoontuminen Mets\u00e4t\u00e4hden pihalla25.7.2026 Mets\u00e4taitokilpailut &#8211; Suomenniemi-p\u00e4iv\u00e4t Nokipannukahvit ja muurinpohjaletut21.12.2016 klo 18 Tuomaan p\u00e4iv\u00e4n jouluvaellus Maisematornille Suomenniemen Maisematorni 15 vuotta \u00a0 Maisematorni Suomenniemen Painalluksenm\u00e4elle rakennettiin kes\u00e4ll\u00e4 2010. Ty\u00f6nt\u00e4yteisen &hellip; <a href=\"https:\/\/kylat.ekarjala.fi\/kauriansalmi\/\">Lue loppuun <span class=\"meta-nav\">&rarr;<\/span><\/a><\/p>\n","protected":false},"author":74,"featured_media":1716,"parent":0,"menu_order":0,"comment_status":"closed","ping_status":"open","template":"","meta":{"footnotes":""},"class_list":["post-6","page","type-page","status-publish","has-post-thumbnail","hentry"],"_links":{"self":[{"href":"https:\/\/kylat.ekarjala.fi\/kauriansalmi\/wp-json\/wp\/v2\/pages\/6","targetHints":{"allow":["GET"]}}],"collection":[{"href":"https:\/\/kylat.ekarjala.fi\/kauriansalmi\/wp-json\/wp\/v2\/pages"}],"about":[{"href":"https:\/\/kylat.ekarjala.fi\/kauriansalmi\/wp-json\/wp\/v2\/types\/page"}],"author":[{"embeddable":true,"href":"https:\/\/kylat.ekarjala.fi\/kauriansalmi\/wp-json\/wp\/v2\/users\/74"}],"replies":[{"embeddable":true,"href":"https:\/\/kylat.ekarjala.fi\/kauriansalmi\/wp-json\/wp\/v2\/comments?post=6"}],"version-history":[{"count":20,"href":"https:\/\/kylat.ekarjala.fi\/kauriansalmi\/wp-json\/wp\/v2\/pages\/6\/revisions"}],"predecessor-version":[{"id":1820,"href":"https:\/\/kylat.ekarjala.fi\/kauriansalmi\/wp-json\/wp\/v2\/pages\/6\/revisions\/1820"}],"wp:featuredmedia":[{"embeddable":true,"href":"https:\/\/kylat.ekarjala.fi\/kauriansalmi\/wp-json\/wp\/v2\/media\/1716"}],"wp:attachment":[{"href":"https:\/\/kylat.ekarjala.fi\/kauriansalmi\/wp-json\/wp\/v2\/media?parent=6"}],"curies":[{"name":"wp","href":"https:\/\/api.w.org\/{rel}","templated":true}]}}