{"id":64,"date":"2011-11-24T10:26:13","date_gmt":"2011-11-24T10:56:13","guid":{"rendered":"https:\/\/kylat.ekarjala.fi\/kauriansalmi\/?page_id=64"},"modified":"2015-09-04T05:52:49","modified_gmt":"2015-09-04T06:22:49","slug":"tapahtumat-2009-2","status":"publish","type":"page","link":"https:\/\/kylat.ekarjala.fi\/kauriansalmi\/tapahtumat-2009-2\/","title":{"rendered":"Tapahtumat 2009"},"content":{"rendered":"<p>Vuonna 2009 j\u00e4rjestettiin perinteiset toukokuiset kyl\u00e4talkoot Tapiosaaren kyl\u00e4keskuksessa 23.5. 2009. S\u00e4\u00e4 ei t\u00e4ll\u00e4 kertaa suosinut, kaunis kiitos sitkeille &#8221;sisseille&#8221;, jotka olivat sateesta huolimatta pihaa ruopsuttamassa.<\/p>\n<p>6.6. 2009 j\u00e4rjestettiin markkinat VekaShopilla. Kyl\u00e4yhdistys oli mukana markkinoilla harrastaen varainkeruuta arpajaisten muodossa.<\/p>\n<p>17.7.2009 kokoonnuttiin rentoon rantailtaan Kauriansalmen vierasvenesatamaan. Kuvia leppoisasta kes\u00e4illasta l\u00f6yd\u00e4t kuvagalleriasta.<\/p>\n<p>Uutta vuotta otettiin vastaan vensatamassa uudenvuodenaattona. Tutustu kuviin alapuolella.<\/p>\n<div id='gallery-1' class='gallery galleryid-64 gallery-columns-3 gallery-size-thumbnail'><dl class='gallery-item'>\n\t\t\t<dt class='gallery-icon landscape'>\n\t\t\t\t<a href='https:\/\/kylat.ekarjala.fi\/kauriansalmi\/tapahtumat-2009-2\/attachment\/12\/'><img decoding=\"async\" width=\"150\" height=\"113\" src=\"https:\/\/kylat.ekarjala.fi\/kauriansalmi\/wp-content\/uploads\/sites\/35\/2011\/11\/12.jpg\" class=\"attachment-thumbnail size-thumbnail\" alt=\"\" aria-describedby=\"gallery-1-84\" \/><\/a>\n\t\t\t<\/dt>\n\t\t\t\t<dd class='wp-caption-text gallery-caption' id='gallery-1-84'>\n\t\t\t\tVenelaiturin\u00e4kym\u00e4 \n\t\t\t\t<\/dd><\/dl><dl class='gallery-item'>\n\t\t\t<dt class='gallery-icon landscape'>\n\t\t\t\t<a href='https:\/\/kylat.ekarjala.fi\/kauriansalmi\/tapahtumat-2009-2\/attachment\/11\/'><img decoding=\"async\" width=\"150\" height=\"113\" src=\"https:\/\/kylat.ekarjala.fi\/kauriansalmi\/wp-content\/uploads\/sites\/35\/2011\/11\/11.jpg\" class=\"attachment-thumbnail size-thumbnail\" alt=\"\" aria-describedby=\"gallery-1-85\" \/><\/a>\n\t\t\t<\/dt>\n\t\t\t\t<dd class='wp-caption-text gallery-caption' id='gallery-1-85'>\n\t\t\t\tAili Kosusen herkullinen rantakala vietiin k\u00e4sist\u00e4\n\t\t\t\t<\/dd><\/dl><dl class='gallery-item'>\n\t\t\t<dt class='gallery-icon landscape'>\n\t\t\t\t<a href='https:\/\/kylat.ekarjala.fi\/kauriansalmi\/tapahtumat-2009-2\/attachment\/10\/'><img decoding=\"async\" width=\"150\" height=\"113\" src=\"https:\/\/kylat.ekarjala.fi\/kauriansalmi\/wp-content\/uploads\/sites\/35\/2011\/11\/10.jpg\" class=\"attachment-thumbnail size-thumbnail\" alt=\"\" aria-describedby=\"gallery-1-86\" \/><\/a>\n\t\t\t<\/dt>\n\t\t\t\t<dd class='wp-caption-text gallery-caption' id='gallery-1-86'>\n\t\t\t\tSirkka Roos ja onnenl\u00e4hde\n\t\t\t\t<\/dd><\/dl><br style=\"clear: both\" \/><dl class='gallery-item'>\n\t\t\t<dt class='gallery-icon landscape'>\n\t\t\t\t<a href='https:\/\/kylat.ekarjala.fi\/kauriansalmi\/tapahtumat-2009-2\/attachment\/9\/'><img loading=\"lazy\" decoding=\"async\" width=\"150\" height=\"113\" src=\"https:\/\/kylat.ekarjala.fi\/kauriansalmi\/wp-content\/uploads\/sites\/35\/2011\/11\/9.jpg\" class=\"attachment-thumbnail size-thumbnail\" alt=\"\" aria-describedby=\"gallery-1-87\" \/><\/a>\n\t\t\t<\/dt>\n\t\t\t\t<dd class='wp-caption-text gallery-caption' id='gallery-1-87'>\n\t\t\t\tSimo Himanen veti arvauskilpailua kalan painosta &#8211; voittaja sai vonkaleen itselleen\n\t\t\t\t<\/dd><\/dl><dl class='gallery-item'>\n\t\t\t<dt class='gallery-icon landscape'>\n\t\t\t\t<a href='https:\/\/kylat.ekarjala.fi\/kauriansalmi\/tapahtumat-2009-2\/attachment\/8\/'><img loading=\"lazy\" decoding=\"async\" width=\"150\" height=\"113\" src=\"https:\/\/kylat.ekarjala.fi\/kauriansalmi\/wp-content\/uploads\/sites\/35\/2011\/11\/8.jpg\" class=\"attachment-thumbnail size-thumbnail\" alt=\"\" aria-describedby=\"gallery-1-88\" \/><\/a>\n\t\t\t<\/dt>\n\t\t\t\t<dd class='wp-caption-text gallery-caption' id='gallery-1-88'>\n\t\t\t\tYleis\u00f6n hauskuuttamisesta vastasi yhteislaulun merkeiss\u00e4 Hannu Tiihonen s\u00e4est\u00e4jineen\n\t\t\t\t<\/dd><\/dl><dl class='gallery-item'>\n\t\t\t<dt class='gallery-icon landscape'>\n\t\t\t\t<a href='https:\/\/kylat.ekarjala.fi\/kauriansalmi\/tapahtumat-2009-2\/attachment\/7\/'><img loading=\"lazy\" decoding=\"async\" width=\"150\" height=\"113\" src=\"https:\/\/kylat.ekarjala.fi\/kauriansalmi\/wp-content\/uploads\/sites\/35\/2011\/11\/7.jpg\" class=\"attachment-thumbnail size-thumbnail\" alt=\"\" aria-describedby=\"gallery-1-89\" \/><\/a>\n\t\t\t<\/dt>\n\t\t\t\t<dd class='wp-caption-text gallery-caption' id='gallery-1-89'>\n\t\t\t\t Vauhdissa vohveli- ja muurikkalettu-tehotiimi Raimo Ruotsalainen, Vuokko Pietarila ja Reino Roos\n\t\t\t\t<\/dd><\/dl><br style=\"clear: both\" \/><dl class='gallery-item'>\n\t\t\t<dt class='gallery-icon landscape'>\n\t\t\t\t<a href='https:\/\/kylat.ekarjala.fi\/kauriansalmi\/tapahtumat-2009-2\/attachment\/6\/'><img loading=\"lazy\" decoding=\"async\" width=\"150\" height=\"113\" src=\"https:\/\/kylat.ekarjala.fi\/kauriansalmi\/wp-content\/uploads\/sites\/35\/2011\/11\/6.jpg\" class=\"attachment-thumbnail size-thumbnail\" alt=\"\" aria-describedby=\"gallery-1-90\" \/><\/a>\n\t\t\t<\/dt>\n\t\t\t\t<dd class='wp-caption-text gallery-caption' id='gallery-1-90'>\n\t\t\t\tOuti Kauria tarjoili yleis\u00f6lle aitoa nokipannukahvia\n\t\t\t\t<\/dd><\/dl><dl class='gallery-item'>\n\t\t\t<dt class='gallery-icon landscape'>\n\t\t\t\t<a href='https:\/\/kylat.ekarjala.fi\/kauriansalmi\/tapahtumat-2009-2\/attachment\/5\/'><img loading=\"lazy\" decoding=\"async\" width=\"150\" height=\"113\" src=\"https:\/\/kylat.ekarjala.fi\/kauriansalmi\/wp-content\/uploads\/sites\/35\/2011\/11\/5.jpg\" class=\"attachment-thumbnail size-thumbnail\" alt=\"\" aria-describedby=\"gallery-1-91\" \/><\/a>\n\t\t\t<\/dt>\n\t\t\t\t<dd class='wp-caption-text gallery-caption' id='gallery-1-91'>\n\t\t\t\tTunnelmia uudenvuoden vastaanottajaisista\n\t\t\t\t<\/dd><\/dl><dl class='gallery-item'>\n\t\t\t<dt class='gallery-icon landscape'>\n\t\t\t\t<a href='https:\/\/kylat.ekarjala.fi\/kauriansalmi\/tapahtumat-2009-2\/attachment\/4\/'><img loading=\"lazy\" decoding=\"async\" width=\"150\" height=\"113\" src=\"https:\/\/kylat.ekarjala.fi\/kauriansalmi\/wp-content\/uploads\/sites\/35\/2011\/11\/4.jpg\" class=\"attachment-thumbnail size-thumbnail\" alt=\"\" aria-describedby=\"gallery-1-92\" \/><\/a>\n\t\t\t<\/dt>\n\t\t\t\t<dd class='wp-caption-text gallery-caption' id='gallery-1-92'>\n\t\t\t\tTunnelmia uudenvuoden vastaanottajaisista\n\t\t\t\t<\/dd><\/dl><br style=\"clear: both\" \/><dl class='gallery-item'>\n\t\t\t<dt class='gallery-icon landscape'>\n\t\t\t\t<a href='https:\/\/kylat.ekarjala.fi\/kauriansalmi\/tapahtumat-2009-2\/attachment\/3\/'><img loading=\"lazy\" decoding=\"async\" width=\"150\" height=\"113\" src=\"https:\/\/kylat.ekarjala.fi\/kauriansalmi\/wp-content\/uploads\/sites\/35\/2011\/11\/3.jpg\" class=\"attachment-thumbnail size-thumbnail\" alt=\"\" aria-describedby=\"gallery-1-93\" \/><\/a>\n\t\t\t<\/dt>\n\t\t\t\t<dd class='wp-caption-text gallery-caption' id='gallery-1-93'>\n\t\t\t\tTunnelmia uudenvuoden vastaanottajaisista\n\t\t\t\t<\/dd><\/dl><dl class='gallery-item'>\n\t\t\t<dt class='gallery-icon landscape'>\n\t\t\t\t<a href='https:\/\/kylat.ekarjala.fi\/kauriansalmi\/tapahtumat-2009-2\/attachment\/2\/'><img loading=\"lazy\" decoding=\"async\" width=\"150\" height=\"113\" src=\"https:\/\/kylat.ekarjala.fi\/kauriansalmi\/wp-content\/uploads\/sites\/35\/2011\/11\/2.jpg\" class=\"attachment-thumbnail size-thumbnail\" alt=\"\" aria-describedby=\"gallery-1-94\" \/><\/a>\n\t\t\t<\/dt>\n\t\t\t\t<dd class='wp-caption-text gallery-caption' id='gallery-1-94'>\n\t\t\t\tTunnelmia uudenvuoden vastaanottajaisista\n\t\t\t\t<\/dd><\/dl><dl class='gallery-item'>\n\t\t\t<dt class='gallery-icon landscape'>\n\t\t\t\t<a href='https:\/\/kylat.ekarjala.fi\/kauriansalmi\/tapahtumat-2009-2\/attachment\/1\/'><img loading=\"lazy\" decoding=\"async\" width=\"150\" height=\"113\" src=\"https:\/\/kylat.ekarjala.fi\/kauriansalmi\/wp-content\/uploads\/sites\/35\/2011\/11\/1.jpg\" class=\"attachment-thumbnail size-thumbnail\" alt=\"\" aria-describedby=\"gallery-1-95\" \/><\/a>\n\t\t\t<\/dt>\n\t\t\t\t<dd class='wp-caption-text gallery-caption' id='gallery-1-95'>\n\t\t\t\tTunnelmia uudenvuoden vastaanottajaisista\n\t\t\t\t<\/dd><\/dl><br style=\"clear: both\" \/>\n\t\t<\/div>\n\n","protected":false},"excerpt":{"rendered":"<p>Vuonna 2009 j\u00e4rjestettiin perinteiset toukokuiset kyl\u00e4talkoot Tapiosaaren kyl\u00e4keskuksessa 23.5. 2009. S\u00e4\u00e4 ei t\u00e4ll\u00e4 kertaa suosinut, kaunis kiitos sitkeille &#8221;sisseille&#8221;, jotka olivat sateesta huolimatta pihaa ruopsuttamassa. 6.6. 2009 j\u00e4rjestettiin markkinat VekaShopilla. Kyl\u00e4yhdistys oli mukana markkinoilla harrastaen varainkeruuta arpajaisten muodossa. 17.7.2009 kokoonnuttiin &hellip; <a href=\"https:\/\/kylat.ekarjala.fi\/kauriansalmi\/tapahtumat-2009-2\/\">Lue loppuun <span class=\"meta-nav\">&rarr;<\/span><\/a><\/p>\n","protected":false},"author":74,"featured_media":0,"parent":0,"menu_order":12,"comment_status":"closed","ping_status":"open","template":"","meta":{"footnotes":""},"class_list":["post-64","page","type-page","status-publish","hentry"],"_links":{"self":[{"href":"https:\/\/kylat.ekarjala.fi\/kauriansalmi\/wp-json\/wp\/v2\/pages\/64","targetHints":{"allow":["GET"]}}],"collection":[{"href":"https:\/\/kylat.ekarjala.fi\/kauriansalmi\/wp-json\/wp\/v2\/pages"}],"about":[{"href":"https:\/\/kylat.ekarjala.fi\/kauriansalmi\/wp-json\/wp\/v2\/types\/page"}],"author":[{"embeddable":true,"href":"https:\/\/kylat.ekarjala.fi\/kauriansalmi\/wp-json\/wp\/v2\/users\/74"}],"replies":[{"embeddable":true,"href":"https:\/\/kylat.ekarjala.fi\/kauriansalmi\/wp-json\/wp\/v2\/comments?post=64"}],"version-history":[{"count":4,"href":"https:\/\/kylat.ekarjala.fi\/kauriansalmi\/wp-json\/wp\/v2\/pages\/64\/revisions"}],"predecessor-version":[{"id":895,"href":"https:\/\/kylat.ekarjala.fi\/kauriansalmi\/wp-json\/wp\/v2\/pages\/64\/revisions\/895"}],"wp:attachment":[{"href":"https:\/\/kylat.ekarjala.fi\/kauriansalmi\/wp-json\/wp\/v2\/media?parent=64"}],"curies":[{"name":"wp","href":"https:\/\/api.w.org\/{rel}","templated":true}]}}