{"id":655,"date":"2013-07-29T19:33:45","date_gmt":"2013-07-29T20:03:45","guid":{"rendered":"https:\/\/kylat.ekarjala.fi\/kauriansalmi\/?page_id=655"},"modified":"2014-09-07T13:56:37","modified_gmt":"2014-09-07T14:26:37","slug":"metsataitorata","status":"publish","type":"page","link":"https:\/\/kylat.ekarjala.fi\/kauriansalmi\/metsataitorata\/","title":{"rendered":"Mets\u00e4taitorata"},"content":{"rendered":"<p>Mets\u00e4taitorata on laadittu mets\u00e4nomistajien mets\u00e4taitokilpailuteht\u00e4vien mukaisena.<br \/>\nMets\u00e4taitokilpailuteht\u00e4v\u00e4t on Maisematornilta l\u00e4hdett\u00e4ess\u00e4 j\u00e4rjestyksess\u00e4:<br \/>\n1.\u00a0\u00a0\u00a0\u00a0\u00a0Teht\u00e4v\u00e4 13\u00a0\u00a0 Alueen pinta-ala<br \/>\n2.\u00a0\u00a0\u00a0\u00a0 Teht\u00e4v\u00e4\u00a0 3\u00a0\u00a0 Metsik\u00f6n k\u00e4sittely seuraavan viiden vuoden aikana<br \/>\n&#8217;\u00a0\u00a0\u00a0\u00a0\u00a0\u00a0\u00a0 Teht\u00e4v\u00e4\u00a0 6\u00a0\u00a0 Kehitysluokka<br \/>\n3.\u00a0\u00a0\u00a0\u00a0 Teht\u00e4v\u00e4\u00a0 7\u00a0\u00a0 Yksitt\u00e4isen puun pituus, m<br \/>\n4.\u00a0\u00a0\u00a0\u00a0 Teht\u00e4v\u00e4\u00a0 4\u00a0\u00a0 Puuston pohjapinta-ala, m2\/ha<br \/>\n&#8217;\u00a0\u00a0\u00a0\u00a0\u00a0\u00a0\u00a0 Teht\u00e4v\u00e4 10\u00a0 Puuston ik\u00e4, vuotta<br \/>\n5.\u00a0\u00a0\u00a0\u00a0 Teht\u00e4v\u00e4 14\u00a0 Mets\u00e4n monimuotoisuus<br \/>\n6.\u00a0\u00a0\u00a0\u00a0 Teht\u00e4v\u00e4\u00a0\u00a05\u00a0\u00a0 Puuston kokonaistilavuus kuorineen, m3\/ha<br \/>\n&#8217;\u00a0\u00a0\u00a0\u00a0\u00a0\u00a0\u00a0 Teht\u00e4v\u00e4 11\u00a0\u00a0 Puuston kasvu, m3\/ha\/vuosi<br \/>\n7.\u00a0\u00a0\u00a0\u00a0 Teht\u00e4v\u00e4\u00a0 8\u00a0\u00a0 Runkoluku, kpl\/ha<br \/>\n8.\u00a0\u00a0\u00a0\u00a0 Teht\u00e4v\u00e4\u00a0 2\u00a0\u00a0 Taimikon ensisijainen hoitotarve seuraavan\u00a02 vuoden aikana<br \/>\n9.\u00a0\u00a0\u00a0\u00a0 Teht\u00e4v\u00e4\u00a0 1\u00a0\u00a0\u00a0 Kasvupaikkatyyppi<br \/>\n&#8217;\u00a0\u00a0\u00a0\u00a0\u00a0\u00a0\u00a0 Teht\u00e4v\u00e4 12\u00a0\u00a0 Puuston keskil\u00e4pimitta 1,3 metrin korkeudelta, cm<br \/>\n10.\u00a0\u00a0 Teht\u00e4v\u00e4\u00a0 9\u00a0\u00a0 Yksitt\u00e4isen puun tilavuus kuorineen, m3<br \/>\n11.\u00a0\u00a0\u00a0 Leimaus\u00a0\u00a0\u00a0\u00a0\u00a0 Leimausteht\u00e4v\u00e4n alue on\u00a0hakattu talvella, joten valitettavasti leimausteht\u00e4v\u00e4\u00e4 ei nyt ole.<\/p>\n<p>Ohjeita kilpailijoille:<br \/>\n&#8211; Teht\u00e4v\u00e4ss\u00e4\u00a0 8 Runkoluku; Rungot on laskettu +5 cm luokkaan (+4 cm-&gt;)<br \/>\n&#8211; Teht\u00e4v\u00e4ss\u00e4 10 Puuston ik\u00e4; 1,3 metrin korjaus +13 vuotta<\/p>\n<p>Mets\u00e4taitoradalle voi l\u00e4hte\u00e4 joko Kauriansalmen maisematornilta Painalluksenm\u00e4elt\u00e4 tai Suojavedentien varrelta kivisiltojen kohdalta maisematornin opastaulujen luota.<br \/>\nKilpailukortteja on saatavissa kummastakin l\u00e4ht\u00f6paikasta Mets\u00e4taitoradan opastaulun postilaatikosta.<\/p>\n","protected":false},"excerpt":{"rendered":"<p>Mets\u00e4taitorata on laadittu mets\u00e4nomistajien mets\u00e4taitokilpailuteht\u00e4vien mukaisena. Mets\u00e4taitokilpailuteht\u00e4v\u00e4t on Maisematornilta l\u00e4hdett\u00e4ess\u00e4 j\u00e4rjestyksess\u00e4: 1.\u00a0\u00a0\u00a0\u00a0\u00a0Teht\u00e4v\u00e4 13\u00a0\u00a0 Alueen pinta-ala 2.\u00a0\u00a0\u00a0\u00a0 Teht\u00e4v\u00e4\u00a0 3\u00a0\u00a0 Metsik\u00f6n k\u00e4sittely seuraavan viiden vuoden aikana &#8217;\u00a0\u00a0\u00a0\u00a0\u00a0\u00a0\u00a0 Teht\u00e4v\u00e4\u00a0 6\u00a0\u00a0 Kehitysluokka 3.\u00a0\u00a0\u00a0\u00a0 Teht\u00e4v\u00e4\u00a0 7\u00a0\u00a0 Yksitt\u00e4isen puun pituus, m 4.\u00a0\u00a0\u00a0\u00a0 Teht\u00e4v\u00e4\u00a0 4\u00a0\u00a0 Puuston pohjapinta-ala, &hellip; <a href=\"https:\/\/kylat.ekarjala.fi\/kauriansalmi\/metsataitorata\/\">Lue loppuun <span class=\"meta-nav\">&rarr;<\/span><\/a><\/p>\n","protected":false},"author":74,"featured_media":0,"parent":0,"menu_order":0,"comment_status":"closed","ping_status":"closed","template":"","meta":{"footnotes":""},"class_list":["post-655","page","type-page","status-publish","hentry"],"_links":{"self":[{"href":"https:\/\/kylat.ekarjala.fi\/kauriansalmi\/wp-json\/wp\/v2\/pages\/655","targetHints":{"allow":["GET"]}}],"collection":[{"href":"https:\/\/kylat.ekarjala.fi\/kauriansalmi\/wp-json\/wp\/v2\/pages"}],"about":[{"href":"https:\/\/kylat.ekarjala.fi\/kauriansalmi\/wp-json\/wp\/v2\/types\/page"}],"author":[{"embeddable":true,"href":"https:\/\/kylat.ekarjala.fi\/kauriansalmi\/wp-json\/wp\/v2\/users\/74"}],"replies":[{"embeddable":true,"href":"https:\/\/kylat.ekarjala.fi\/kauriansalmi\/wp-json\/wp\/v2\/comments?post=655"}],"version-history":[{"count":14,"href":"https:\/\/kylat.ekarjala.fi\/kauriansalmi\/wp-json\/wp\/v2\/pages\/655\/revisions"}],"predecessor-version":[{"id":823,"href":"https:\/\/kylat.ekarjala.fi\/kauriansalmi\/wp-json\/wp\/v2\/pages\/655\/revisions\/823"}],"wp:attachment":[{"href":"https:\/\/kylat.ekarjala.fi\/kauriansalmi\/wp-json\/wp\/v2\/media?parent=655"}],"curies":[{"name":"wp","href":"https:\/\/api.w.org\/{rel}","templated":true}]}}