{"id":66,"date":"2011-11-24T10:26:46","date_gmt":"2011-11-24T10:56:46","guid":{"rendered":"https:\/\/kylat.ekarjala.fi\/kauriansalmi\/?page_id=66"},"modified":"2015-09-04T05:52:32","modified_gmt":"2015-09-04T06:22:32","slug":"tapahtumat-2008","status":"publish","type":"page","link":"https:\/\/kylat.ekarjala.fi\/kauriansalmi\/tapahtumat-2008\/","title":{"rendered":"Tapahtumat 2008"},"content":{"rendered":"<p><strong>Kyl\u00e4talkoot Kauriansalmessa<\/strong><br \/>\nKyl\u00e4talkoot Kauriansalmessa lauantaina 24.5.2008.<br \/>\nKokoontuminen klo 10.00 Veka Shop Oy:n pihassa<br \/>\nTehd\u00e4\u00e4n yhdess\u00e4 kyl\u00e4keskuksestamme siisti ja viihtyis\u00e4!<\/p>\n<p>N\u00e4ht\u00e4v\u00e4\u00e4 ja koettavaa Kauriansalmessa -08<br \/>\n&#8211; Puolmatkan isot markkinat 7. 6.<br \/>\n&#8211; Vanhat autot Puolmatkassa kes\u00e4kuun lopulla<\/p>\n","protected":false},"excerpt":{"rendered":"<p>Kyl\u00e4talkoot Kauriansalmessa Kyl\u00e4talkoot Kauriansalmessa lauantaina 24.5.2008. Kokoontuminen klo 10.00 Veka Shop Oy:n pihassa Tehd\u00e4\u00e4n yhdess\u00e4 kyl\u00e4keskuksestamme siisti ja viihtyis\u00e4! N\u00e4ht\u00e4v\u00e4\u00e4 ja koettavaa Kauriansalmessa -08 &#8211; Puolmatkan isot markkinat 7. 6. &#8211; Vanhat autot Puolmatkassa kes\u00e4kuun lopulla<\/p>\n","protected":false},"author":74,"featured_media":0,"parent":0,"menu_order":13,"comment_status":"closed","ping_status":"open","template":"","meta":{"footnotes":""},"class_list":["post-66","page","type-page","status-publish","hentry"],"_links":{"self":[{"href":"https:\/\/kylat.ekarjala.fi\/kauriansalmi\/wp-json\/wp\/v2\/pages\/66","targetHints":{"allow":["GET"]}}],"collection":[{"href":"https:\/\/kylat.ekarjala.fi\/kauriansalmi\/wp-json\/wp\/v2\/pages"}],"about":[{"href":"https:\/\/kylat.ekarjala.fi\/kauriansalmi\/wp-json\/wp\/v2\/types\/page"}],"author":[{"embeddable":true,"href":"https:\/\/kylat.ekarjala.fi\/kauriansalmi\/wp-json\/wp\/v2\/users\/74"}],"replies":[{"embeddable":true,"href":"https:\/\/kylat.ekarjala.fi\/kauriansalmi\/wp-json\/wp\/v2\/comments?post=66"}],"version-history":[{"count":2,"href":"https:\/\/kylat.ekarjala.fi\/kauriansalmi\/wp-json\/wp\/v2\/pages\/66\/revisions"}],"predecessor-version":[{"id":68,"href":"https:\/\/kylat.ekarjala.fi\/kauriansalmi\/wp-json\/wp\/v2\/pages\/66\/revisions\/68"}],"wp:attachment":[{"href":"https:\/\/kylat.ekarjala.fi\/kauriansalmi\/wp-json\/wp\/v2\/media?parent=66"}],"curies":[{"name":"wp","href":"https:\/\/api.w.org\/{rel}","templated":true}]}}