{"id":723,"date":"2013-08-13T08:21:13","date_gmt":"2013-08-13T08:51:13","guid":{"rendered":"https:\/\/kylat.ekarjala.fi\/kauriansalmi\/?page_id=723"},"modified":"2016-03-30T15:16:30","modified_gmt":"2016-03-30T15:46:30","slug":"metsastys-2","status":"publish","type":"page","link":"https:\/\/kylat.ekarjala.fi\/kauriansalmi\/metsastys-2\/","title":{"rendered":"Mets\u00e4stys"},"content":{"rendered":"<p>Kaurian mets\u00e4stysyhdistys<\/p>\n<p>Mets\u00e4stysmaja sijaitseen l\u00e4hell\u00e4 entist\u00e4 Halisen koulua mukavassa paikassa lammen rannalla. Majalla on hyv\u00e4t tilat saaliin k\u00e4sittelyyn ja s\u00e4ilytykseen sek\u00e4 peijaisten viett\u00e4miseen.<br \/>\nAlueella mets\u00e4stet\u00e4\u00e4n pienpetoja, j\u00e4nist\u00e4, majavaa ja mets\u00e4kanalintuja.<br \/>\nJoka syksyinen hirvijahti on toki n\u00e4kyvin mets\u00e4stystapahtuma.<br \/>\nHirven mets\u00e4stykseen suodaan mahdollisuus my\u00f6s ulkomaalaisille, majoitus ja ateriapalvelut hoituvat paikallisten yritt\u00e4jien kautta joustavasti.<\/p>\n<p>Kaurian mets\u00e4stysyhdistyksen puheenjohtaja on Jukka Loponen.<\/p>\n<p>Vesilintujen mets\u00e4styst\u00e4 hallinnoivat osakaskuntien alueilla paikalliset mets\u00e4stysyhdistykset.<\/p>\n<p><a href=\"https:\/\/kylat.ekarjala.fi\/kauriansalmi\/wp-content\/uploads\/sites\/35\/2011\/11\/Hirvijahti-2012.jpg\"><img fetchpriority=\"high\" decoding=\"async\" class=\"size-full wp-image-716\" src=\"https:\/\/kylat.ekarjala.fi\/kauriansalmi\/wp-content\/uploads\/sites\/35\/2011\/11\/Hirvijahti-2012.jpg\" alt=\"Hirviporukka mets\u00e4stymajan edustalla.\" width=\"514\" height=\"315\" \/><\/a><\/p>\n<div id=\"attachment_718\" style=\"width: 460px\" class=\"wp-caption alignleft\"><a href=\"https:\/\/kylat.ekarjala.fi\/kauriansalmi\/wp-content\/uploads\/sites\/35\/2011\/11\/Laavulla.jpg\"><img decoding=\"async\" aria-describedby=\"caption-attachment-718\" class=\"size-full wp-image-718\" src=\"https:\/\/kylat.ekarjala.fi\/kauriansalmi\/wp-content\/uploads\/sites\/35\/2011\/11\/Laavulla.jpg\" alt=\"Kahvitauko laavulla.\" width=\"450\" height=\"362\" \/><\/a><p id=\"caption-attachment-718\" class=\"wp-caption-text\">Kahvitauko laavulla.<\/p><\/div>\n<p>&nbsp;<\/p>\n<p>&nbsp;<\/p>\n<p>&nbsp;<\/p>\n<p>&nbsp;<\/p>\n<p>&nbsp;<\/p>\n<p>&nbsp;<\/p>\n<p>&nbsp;<br \/>\nKarhukin poikkesi potretissa.<\/p>\n<div id=\"attachment_719\" style=\"width: 394px\" class=\"wp-caption alignleft\"><a href=\"https:\/\/kylat.ekarjala.fi\/kauriansalmi\/wp-content\/uploads\/sites\/35\/2011\/11\/Karhu.jpg\"><img decoding=\"async\" aria-describedby=\"caption-attachment-719\" class=\"size-full wp-image-719\" src=\"https:\/\/kylat.ekarjala.fi\/kauriansalmi\/wp-content\/uploads\/sites\/35\/2011\/11\/Karhu.jpg\" alt=\"Karhu tutkii maisemia.\" width=\"384\" height=\"288\" \/><\/a><p id=\"caption-attachment-719\" class=\"wp-caption-text\">Karhu tutkii maisemia.<\/p><\/div>\n<p>&nbsp;<\/p>\n<p>&nbsp;<\/p>\n<p>&nbsp;<\/p>\n<p>&nbsp;<\/p>\n<p>&nbsp;<\/p>\n","protected":false},"excerpt":{"rendered":"<p>Kaurian mets\u00e4stysyhdistys Mets\u00e4stysmaja sijaitseen l\u00e4hell\u00e4 entist\u00e4 Halisen koulua mukavassa paikassa lammen rannalla. Majalla on hyv\u00e4t tilat saaliin k\u00e4sittelyyn ja s\u00e4ilytykseen sek\u00e4 peijaisten viett\u00e4miseen. Alueella mets\u00e4stet\u00e4\u00e4n pienpetoja, j\u00e4nist\u00e4, majavaa ja mets\u00e4kanalintuja. Joka syksyinen hirvijahti on toki n\u00e4kyvin mets\u00e4stystapahtuma. Hirven mets\u00e4stykseen suodaan &hellip; <a href=\"https:\/\/kylat.ekarjala.fi\/kauriansalmi\/metsastys-2\/\">Lue loppuun <span class=\"meta-nav\">&rarr;<\/span><\/a><\/p>\n","protected":false},"author":74,"featured_media":718,"parent":0,"menu_order":0,"comment_status":"closed","ping_status":"closed","template":"","meta":{"footnotes":""},"class_list":["post-723","page","type-page","status-publish","has-post-thumbnail","hentry"],"_links":{"self":[{"href":"https:\/\/kylat.ekarjala.fi\/kauriansalmi\/wp-json\/wp\/v2\/pages\/723","targetHints":{"allow":["GET"]}}],"collection":[{"href":"https:\/\/kylat.ekarjala.fi\/kauriansalmi\/wp-json\/wp\/v2\/pages"}],"about":[{"href":"https:\/\/kylat.ekarjala.fi\/kauriansalmi\/wp-json\/wp\/v2\/types\/page"}],"author":[{"embeddable":true,"href":"https:\/\/kylat.ekarjala.fi\/kauriansalmi\/wp-json\/wp\/v2\/users\/74"}],"replies":[{"embeddable":true,"href":"https:\/\/kylat.ekarjala.fi\/kauriansalmi\/wp-json\/wp\/v2\/comments?post=723"}],"version-history":[{"count":14,"href":"https:\/\/kylat.ekarjala.fi\/kauriansalmi\/wp-json\/wp\/v2\/pages\/723\/revisions"}],"predecessor-version":[{"id":933,"href":"https:\/\/kylat.ekarjala.fi\/kauriansalmi\/wp-json\/wp\/v2\/pages\/723\/revisions\/933"}],"wp:featuredmedia":[{"embeddable":true,"href":"https:\/\/kylat.ekarjala.fi\/kauriansalmi\/wp-json\/wp\/v2\/media\/718"}],"wp:attachment":[{"href":"https:\/\/kylat.ekarjala.fi\/kauriansalmi\/wp-json\/wp\/v2\/media?parent=723"}],"curies":[{"name":"wp","href":"https:\/\/api.w.org\/{rel}","templated":true}]}}