{"id":813,"date":"2014-09-07T13:12:13","date_gmt":"2014-09-07T13:42:13","guid":{"rendered":"https:\/\/kylat.ekarjala.fi\/kauriansalmi\/?page_id=813"},"modified":"2015-09-04T05:54:19","modified_gmt":"2015-09-04T06:24:19","slug":"tapahtumia-2014","status":"publish","type":"page","link":"https:\/\/kylat.ekarjala.fi\/kauriansalmi\/tapahtumia-2014\/","title":{"rendered":"Tapahtumat 2014"},"content":{"rendered":"<p>Mets\u00e4taitokilpailu 17.7.2014<\/p>\n<p>Tulokset: <a href=\"https:\/\/kylat.ekarjala.fi\/kauriansalmi\/wp-content\/uploads\/sites\/35\/2014\/09\/Mets\u00e4taitokilpailu-2014-tulokset.docx\">Mets\u00e4taitokilpailu 2014 tulokset<\/a><\/p>\n<p>Kasviretki oppaana Seppo Vuokko 9.8.2014<\/p>\n<div id=\"attachment_815\" style=\"width: 650px\" class=\"wp-caption alignleft\"><a href=\"https:\/\/kylat.ekarjala.fi\/kauriansalmi\/wp-content\/uploads\/sites\/35\/2014\/09\/Kasviretki-002.jpg\"><img fetchpriority=\"high\" decoding=\"async\" aria-describedby=\"caption-attachment-815\" class=\"size-large wp-image-815\" src=\"https:\/\/kylat.ekarjala.fi\/kauriansalmi\/wp-content\/uploads\/sites\/35\/2014\/09\/Kasviretki-002-1024x768.jpg\" alt=\"L\u00e4hd\u00f6n tunnelmaa parkkipaikalla\" width=\"640\" height=\"480\" srcset=\"https:\/\/kylat.ekarjala.fi\/kauriansalmi\/wp-content\/uploads\/sites\/35\/2014\/09\/Kasviretki-002-1024x768.jpg 1024w, https:\/\/kylat.ekarjala.fi\/kauriansalmi\/wp-content\/uploads\/sites\/35\/2014\/09\/Kasviretki-002-300x225.jpg 300w\" sizes=\"(max-width: 640px) 100vw, 640px\" \/><\/a><p id=\"caption-attachment-815\" class=\"wp-caption-text\">L\u00e4hd\u00f6n tunnelmaa parkkipaikalla<\/p><\/div>\n<div id=\"attachment_816\" style=\"width: 650px\" class=\"wp-caption alignleft\"><a href=\"https:\/\/kylat.ekarjala.fi\/kauriansalmi\/wp-content\/uploads\/sites\/35\/2014\/09\/Kasviretki-014.jpg\"><img decoding=\"async\" aria-describedby=\"caption-attachment-816\" class=\"size-large wp-image-816\" src=\"https:\/\/kylat.ekarjala.fi\/kauriansalmi\/wp-content\/uploads\/sites\/35\/2014\/09\/Kasviretki-014-1024x768.jpg\" alt=\"Tunnistusteht\u00e4v\u00e4 kyl\u00e4yhdistyksen rantautumispaikalla\" width=\"640\" height=\"480\" srcset=\"https:\/\/kylat.ekarjala.fi\/kauriansalmi\/wp-content\/uploads\/sites\/35\/2014\/09\/Kasviretki-014-1024x768.jpg 1024w, https:\/\/kylat.ekarjala.fi\/kauriansalmi\/wp-content\/uploads\/sites\/35\/2014\/09\/Kasviretki-014-300x225.jpg 300w\" sizes=\"(max-width: 640px) 100vw, 640px\" \/><\/a><p id=\"caption-attachment-816\" class=\"wp-caption-text\">Tunnistusteht\u00e4v\u00e4 kyl\u00e4yhdistyksen rantautumispaikalla<\/p><\/div>\n<div id=\"attachment_817\" style=\"width: 650px\" class=\"wp-caption alignleft\"><a href=\"https:\/\/kylat.ekarjala.fi\/kauriansalmi\/wp-content\/uploads\/sites\/35\/2014\/09\/Kasviretki-016.jpg\"><img decoding=\"async\" aria-describedby=\"caption-attachment-817\" class=\"size-large wp-image-817\" src=\"https:\/\/kylat.ekarjala.fi\/kauriansalmi\/wp-content\/uploads\/sites\/35\/2014\/09\/Kasviretki-016-1024x768.jpg\" alt=\"T\u00e4hyt\u00e4\u00e4n vedenalaiseen maailmaan\" width=\"640\" height=\"480\" srcset=\"https:\/\/kylat.ekarjala.fi\/kauriansalmi\/wp-content\/uploads\/sites\/35\/2014\/09\/Kasviretki-016-1024x768.jpg 1024w, https:\/\/kylat.ekarjala.fi\/kauriansalmi\/wp-content\/uploads\/sites\/35\/2014\/09\/Kasviretki-016-300x225.jpg 300w\" sizes=\"(max-width: 640px) 100vw, 640px\" \/><\/a><p id=\"caption-attachment-817\" class=\"wp-caption-text\">T\u00e4hyt\u00e4\u00e4n vedenalaiseen maailmaan<\/p><\/div>\n<div id=\"attachment_818\" style=\"width: 650px\" class=\"wp-caption alignleft\"><a href=\"https:\/\/kylat.ekarjala.fi\/kauriansalmi\/wp-content\/uploads\/sites\/35\/2014\/09\/Kasviretki-024.jpg\"><img loading=\"lazy\" decoding=\"async\" aria-describedby=\"caption-attachment-818\" class=\"size-large wp-image-818\" src=\"https:\/\/kylat.ekarjala.fi\/kauriansalmi\/wp-content\/uploads\/sites\/35\/2014\/09\/Kasviretki-024-1024x768.jpg\" alt=\"Hetki heinikossa\" width=\"640\" height=\"480\" srcset=\"https:\/\/kylat.ekarjala.fi\/kauriansalmi\/wp-content\/uploads\/sites\/35\/2014\/09\/Kasviretki-024-1024x768.jpg 1024w, https:\/\/kylat.ekarjala.fi\/kauriansalmi\/wp-content\/uploads\/sites\/35\/2014\/09\/Kasviretki-024-300x225.jpg 300w\" sizes=\"(max-width: 640px) 100vw, 640px\" \/><\/a><p id=\"caption-attachment-818\" class=\"wp-caption-text\">Hetki heinikossa<\/p><\/div>\n<div id=\"attachment_819\" style=\"width: 650px\" class=\"wp-caption alignleft\"><a href=\"https:\/\/kylat.ekarjala.fi\/kauriansalmi\/wp-content\/uploads\/sites\/35\/2014\/09\/Kasviretki-028.jpg\"><img loading=\"lazy\" decoding=\"async\" aria-describedby=\"caption-attachment-819\" class=\"size-large wp-image-819\" src=\"https:\/\/kylat.ekarjala.fi\/kauriansalmi\/wp-content\/uploads\/sites\/35\/2014\/09\/Kasviretki-028-1024x768.jpg\" alt=\"Katsaus geologiaan\" width=\"640\" height=\"480\" srcset=\"https:\/\/kylat.ekarjala.fi\/kauriansalmi\/wp-content\/uploads\/sites\/35\/2014\/09\/Kasviretki-028-1024x768.jpg 1024w, https:\/\/kylat.ekarjala.fi\/kauriansalmi\/wp-content\/uploads\/sites\/35\/2014\/09\/Kasviretki-028-300x225.jpg 300w\" sizes=\"(max-width: 640px) 100vw, 640px\" \/><\/a><p id=\"caption-attachment-819\" class=\"wp-caption-text\">Katsaus geologiaan<\/p><\/div>\n<p>&nbsp;<\/p>\n","protected":false},"excerpt":{"rendered":"<p>Mets\u00e4taitokilpailu 17.7.2014 Tulokset: Mets\u00e4taitokilpailu 2014 tulokset Kasviretki oppaana Seppo Vuokko 9.8.2014 &nbsp;<\/p>\n","protected":false},"author":74,"featured_media":0,"parent":0,"menu_order":7,"comment_status":"closed","ping_status":"closed","template":"","meta":{"footnotes":""},"class_list":["post-813","page","type-page","status-publish","hentry"],"_links":{"self":[{"href":"https:\/\/kylat.ekarjala.fi\/kauriansalmi\/wp-json\/wp\/v2\/pages\/813","targetHints":{"allow":["GET"]}}],"collection":[{"href":"https:\/\/kylat.ekarjala.fi\/kauriansalmi\/wp-json\/wp\/v2\/pages"}],"about":[{"href":"https:\/\/kylat.ekarjala.fi\/kauriansalmi\/wp-json\/wp\/v2\/types\/page"}],"author":[{"embeddable":true,"href":"https:\/\/kylat.ekarjala.fi\/kauriansalmi\/wp-json\/wp\/v2\/users\/74"}],"replies":[{"embeddable":true,"href":"https:\/\/kylat.ekarjala.fi\/kauriansalmi\/wp-json\/wp\/v2\/comments?post=813"}],"version-history":[{"count":2,"href":"https:\/\/kylat.ekarjala.fi\/kauriansalmi\/wp-json\/wp\/v2\/pages\/813\/revisions"}],"predecessor-version":[{"id":891,"href":"https:\/\/kylat.ekarjala.fi\/kauriansalmi\/wp-json\/wp\/v2\/pages\/813\/revisions\/891"}],"wp:attachment":[{"href":"https:\/\/kylat.ekarjala.fi\/kauriansalmi\/wp-json\/wp\/v2\/media?parent=813"}],"curies":[{"name":"wp","href":"https:\/\/api.w.org\/{rel}","templated":true}]}}