{"id":1129,"date":"2012-09-25T11:38:53","date_gmt":"2012-09-25T10:08:53","guid":{"rendered":"https:\/\/kylat.ekarjala.fi\/kiesila\/?page_id=1129"},"modified":"2012-09-25T11:42:14","modified_gmt":"2012-09-25T10:12:14","slug":"karpofin-ja-hollosen-kauppa","status":"publish","type":"page","link":"https:\/\/kylat.ekarjala.fi\/kiesila\/tarinat-talteen\/karpofin-ja-hollosen-kauppa\/","title":{"rendered":"Karpofin ja Hollosen kauppa"},"content":{"rendered":"<p>Juttelua Eeva Korpisalon kanssa\u00a0 27.9.2011. Mukana oli my\u00f6s Esko Korpisalo.<br \/>\nPuhuimme kaupanteosta. Juttuseurana ja muistiinpanojen tekij\u00e4n\u00e4 toimi Pirjo Lindberg.<\/p>\n<p><strong>Karpofin kauppa<\/strong> (osoite nykyinen Hakam\u00e4entie 11)<br \/>\nEeva muisti Karpofin kaupan. H\u00e4n ei muistanut tarkalleen, mit\u00e4 kaupassa myytiin, sen kuitenkin, ettei kaupassa myyty ruokatavaraa. Karpof oli naimisissa Jurvasen em\u00e4nn\u00e4n siskon, Alma Heikan, kanssa. Karpofin kuoltua Alma j\u00e4i Kiesil\u00e4\u00e4n, Jurvasille asumaan.<\/p>\n<p><strong>Hollosen kauppa<\/strong><br \/>\n1930-luvulla muuttivat Holloset kauppiaiksi samaan taloon, jossa Karpofit olivat aiemmin toimineet. Eevalle on Hollosen perhe j\u00e4\u00e4nyt mieleen, koska heill\u00e4 oli Eevan ik\u00e4luokkaa oleva tyt\u00e4r, Kerttu. Kerttu oli siev\u00e4. H\u00e4nell\u00e4 oli pitk\u00e4, kihara tukka, muistaa Eeva. Hollonen itse puhui hyvin murtaen suomea.<br \/>\nKaupan oven yl\u00e4puolella oli teksti HOLLOSEN PUKU-JA LYHYTTAVARAKAUPPA. Varsinaisia kaupan aukioloaikoja ei ollut. Kun kauppias oli muualla, oli lappu ovessa esim. olen kalalla \u2013 tulen tunnin kuluttua. Kun kauppahuoneeseen astui sis\u00e4lle, ovessa kilahti kello. Kauppias Kaarlo Hollonen itse tuli asunnon puolelta palvelemaan asiakasta. Kauppa oli isohko huone, jossa oli tulijan vastap\u00e4\u00e4t\u00e4 tiski. Sen lasikannen l\u00e4pi n\u00e4ki kaikenlaista pikkutavaraa: ompelutarvikkeita, nauhoja, lankarullia jne. Yhdell\u00e4 seinustalla oli hyllyill\u00e4 kangaspakkoja ja sein\u00e4n vierustalla tanko, jossa oli ripustimissa vaatteita. Joskus harvoin Rouva Ida Hollonen tuli palvelemaan, varsinkin silloin, kun kauppias viipyi kauppatavaran hankkimisreissuillaan. Kauppias pyrki saamaan myyt\u00e4v\u00e4ksi asiakkaittensa kyselemi\u00e4 tavaroita. Sodan j\u00e4lkeen, kun oli yleisesti vaikea saada kaupoista mit\u00e4\u00e4n, muistaa Esko Korpisalo enonsa, Oskarin, ostaneen Hollosen kaupasta puvun. Hollosen kaupan asunto-puolelle muutti my\u00f6hemmin Antti Saalasti \u00e4itins\u00e4 kanssa.<\/p>\n","protected":false},"excerpt":{"rendered":"<p>Juttelua Eeva Korpisalon kanssa\u00a0 27.9.2011. Mukana oli my\u00f6s Esko Korpisalo. Puhuimme kaupanteosta. Juttuseurana ja muistiinpanojen tekij\u00e4n\u00e4 toimi Pirjo Lindberg. Karpofin kauppa (osoite nykyinen Hakam\u00e4entie 11) Eeva muisti Karpofin kaupan. H\u00e4n ei muistanut tarkalleen, mit\u00e4 kaupassa myytiin, sen kuitenkin, ettei kaupassa &hellip; <a href=\"https:\/\/kylat.ekarjala.fi\/kiesila\/tarinat-talteen\/karpofin-ja-hollosen-kauppa\/\">Lue loppuun <span class=\"meta-nav\">&rarr;<\/span><\/a><\/p>\n","protected":false},"author":59,"featured_media":0,"parent":721,"menu_order":0,"comment_status":"closed","ping_status":"closed","template":"","meta":{"footnotes":""},"class_list":["post-1129","page","type-page","status-publish","hentry"],"_links":{"self":[{"href":"https:\/\/kylat.ekarjala.fi\/kiesila\/wp-json\/wp\/v2\/pages\/1129","targetHints":{"allow":["GET"]}}],"collection":[{"href":"https:\/\/kylat.ekarjala.fi\/kiesila\/wp-json\/wp\/v2\/pages"}],"about":[{"href":"https:\/\/kylat.ekarjala.fi\/kiesila\/wp-json\/wp\/v2\/types\/page"}],"author":[{"embeddable":true,"href":"https:\/\/kylat.ekarjala.fi\/kiesila\/wp-json\/wp\/v2\/users\/59"}],"replies":[{"embeddable":true,"href":"https:\/\/kylat.ekarjala.fi\/kiesila\/wp-json\/wp\/v2\/comments?post=1129"}],"version-history":[{"count":3,"href":"https:\/\/kylat.ekarjala.fi\/kiesila\/wp-json\/wp\/v2\/pages\/1129\/revisions"}],"predecessor-version":[{"id":1131,"href":"https:\/\/kylat.ekarjala.fi\/kiesila\/wp-json\/wp\/v2\/pages\/1129\/revisions\/1131"}],"up":[{"embeddable":true,"href":"https:\/\/kylat.ekarjala.fi\/kiesila\/wp-json\/wp\/v2\/pages\/721"}],"wp:attachment":[{"href":"https:\/\/kylat.ekarjala.fi\/kiesila\/wp-json\/wp\/v2\/media?parent=1129"}],"curies":[{"name":"wp","href":"https:\/\/api.w.org\/{rel}","templated":true}]}}