{"id":1145,"date":"2012-09-25T19:51:20","date_gmt":"2012-09-25T18:21:20","guid":{"rendered":"https:\/\/kylat.ekarjala.fi\/kiesila\/?page_id=1145"},"modified":"2012-09-25T20:39:55","modified_gmt":"2012-09-25T19:09:55","slug":"leena-saalasti","status":"publish","type":"page","link":"https:\/\/kylat.ekarjala.fi\/kiesila\/tarinat-talteen\/postinjakelu\/leena-saalasti\/","title":{"rendered":"Leena Saalasti"},"content":{"rendered":"<p>Leena Saalasti aloitti postinjakelun 1958. Posti jaettiin ensin polkupy\u00f6r\u00e4ll\u00e4 sitten mopolla ja my\u00f6hemmin kevytmoottoripy\u00f6r\u00e4ll\u00e4. Tuula Saalasti haastatteli Lenaa toukokuussa 2012.<\/p>\n<p>Postinkuljetus mopollla:<br \/>\n<a href=\"https:\/\/kylat.ekarjala.fi\/kiesila\/wp-content\/uploads\/sites\/30\/2012\/09\/Mopolla_matkaan.mp3\">Mopolla_matkaan<\/a><\/p>\n<p>Helsigin Sanomat piti jakaa ajoissa lukijoille:<br \/>\n<a href=\"https:\/\/kylat.ekarjala.fi\/kiesila\/wp-content\/uploads\/sites\/30\/2012\/09\/Hesari_ajoissa.mp3\">Hesari_ajoissa<\/a><\/p>\n<p>Joskus sattui pieni\u00e4 kolareita:<br \/>\n<a href=\"https:\/\/kylat.ekarjala.fi\/kiesila\/wp-content\/uploads\/sites\/30\/2012\/09\/Mopokolareita.mp3\">Mopokolareita<\/a><\/p>\n<p>Terveyssisaren ja l\u00e4\u00e4k\u00e4rin asioitakin piti hoitaa:<br \/>\n<a href=\"https:\/\/kylat.ekarjala.fi\/kiesila\/wp-content\/uploads\/sites\/30\/2012\/09\/Sairaanhoitoa.mp3\">Sairaanhoitoa<\/a><\/p>\n<p>Rahankuljetukset olivat arkip\u00e4iv\u00e4\u00e4:<br \/>\n<a href=\"https:\/\/kylat.ekarjala.fi\/kiesila\/wp-content\/uploads\/sites\/30\/2012\/09\/Rahankuljetus.mp3\">Rahankuljetus<\/a><\/p>\n<p>&nbsp;<\/p>\n","protected":false},"excerpt":{"rendered":"<p>Leena Saalasti aloitti postinjakelun 1958. Posti jaettiin ensin polkupy\u00f6r\u00e4ll\u00e4 sitten mopolla ja my\u00f6hemmin kevytmoottoripy\u00f6r\u00e4ll\u00e4. Tuula Saalasti haastatteli Lenaa toukokuussa 2012. Postinkuljetus mopollla: Mopolla_matkaan Helsigin Sanomat piti jakaa ajoissa lukijoille: Hesari_ajoissa Joskus sattui pieni\u00e4 kolareita: Mopokolareita Terveyssisaren ja l\u00e4\u00e4k\u00e4rin asioitakin piti &hellip; <a href=\"https:\/\/kylat.ekarjala.fi\/kiesila\/tarinat-talteen\/postinjakelu\/leena-saalasti\/\">Lue loppuun <span class=\"meta-nav\">&rarr;<\/span><\/a><\/p>\n","protected":false},"author":59,"featured_media":0,"parent":743,"menu_order":0,"comment_status":"closed","ping_status":"closed","template":"","meta":{"footnotes":""},"class_list":["post-1145","page","type-page","status-publish","hentry"],"_links":{"self":[{"href":"https:\/\/kylat.ekarjala.fi\/kiesila\/wp-json\/wp\/v2\/pages\/1145","targetHints":{"allow":["GET"]}}],"collection":[{"href":"https:\/\/kylat.ekarjala.fi\/kiesila\/wp-json\/wp\/v2\/pages"}],"about":[{"href":"https:\/\/kylat.ekarjala.fi\/kiesila\/wp-json\/wp\/v2\/types\/page"}],"author":[{"embeddable":true,"href":"https:\/\/kylat.ekarjala.fi\/kiesila\/wp-json\/wp\/v2\/users\/59"}],"replies":[{"embeddable":true,"href":"https:\/\/kylat.ekarjala.fi\/kiesila\/wp-json\/wp\/v2\/comments?post=1145"}],"version-history":[{"count":7,"href":"https:\/\/kylat.ekarjala.fi\/kiesila\/wp-json\/wp\/v2\/pages\/1145\/revisions"}],"predecessor-version":[{"id":1148,"href":"https:\/\/kylat.ekarjala.fi\/kiesila\/wp-json\/wp\/v2\/pages\/1145\/revisions\/1148"}],"up":[{"embeddable":true,"href":"https:\/\/kylat.ekarjala.fi\/kiesila\/wp-json\/wp\/v2\/pages\/743"}],"wp:attachment":[{"href":"https:\/\/kylat.ekarjala.fi\/kiesila\/wp-json\/wp\/v2\/media?parent=1145"}],"curies":[{"name":"wp","href":"https:\/\/api.w.org\/{rel}","templated":true}]}}