{"id":119,"date":"2011-11-14T20:53:10","date_gmt":"2011-11-14T19:23:10","guid":{"rendered":"https:\/\/kylat.ekarjala.fi\/kiesila\/?page_id=119"},"modified":"2025-10-28T18:36:56","modified_gmt":"2025-10-28T17:06:56","slug":"vuokrattava-kesamokki","status":"publish","type":"page","link":"https:\/\/kylat.ekarjala.fi\/kiesila\/vuokrattava-kesamokki\/","title":{"rendered":"Vuokrattava kes\u00e4m\u00f6kki"},"content":{"rendered":"\n<p><strong>Vuokrattava kes\u00e4m\u00f6kki &#8221;Riistapirtti&#8221;<\/strong><\/p>\n\n\n\n<p><strong>Kausi 2025 p\u00e4\u00e4ttynyt. Kes\u00e4\u00e4n 2026 ei varauksia.<br><br><\/strong><\/p>\n\n\n\n<p>Tiedustelut:&nbsp; Heikki Kiesil\u00e4 p. 050 551 3483, s\u00e4hk\u00f6posti: heikki.kiesila@gmail.com tai Ville Ruottinen p. 050 447 1011<\/p>\n\n\n\n<p><strong>Grillikatos &#8211; kes\u00e4keitti\u00f6<br>\n<\/strong>Varustus: j\u00e4\u00e4kaappi, pesuallas, vesijohto ja viem\u00e4ri, s\u00e4hk\u00f6liesi, kaasugrilli ja puugrilli<strong><br>\n<\/strong><\/p>\n\n\n<div class=\"wp-block-image\">\n<figure class=\"alignleft\"><a href=\"https:\/\/kylat.ekarjala.fi\/kiesila\/wp-content\/uploads\/sites\/30\/2011\/11\/Grillikatos.jpg\"><img loading=\"lazy\" decoding=\"async\" width=\"1024\" height=\"576\" src=\"https:\/\/kylat.ekarjala.fi\/kiesila\/wp-content\/uploads\/sites\/30\/2011\/11\/Grillikatos-1024x576.jpg\" alt=\"\" class=\"wp-image-3954\" srcset=\"https:\/\/kylat.ekarjala.fi\/kiesila\/wp-content\/uploads\/sites\/30\/2011\/11\/Grillikatos-1024x576.jpg 1024w, https:\/\/kylat.ekarjala.fi\/kiesila\/wp-content\/uploads\/sites\/30\/2011\/11\/Grillikatos-300x169.jpg 300w, https:\/\/kylat.ekarjala.fi\/kiesila\/wp-content\/uploads\/sites\/30\/2011\/11\/Grillikatos-768x432.jpg 768w\" sizes=\"auto, (max-width: 1024px) 100vw, 1024px\" \/><\/a><\/figure>\n<\/div>\n\n\n<p><\/p>\n\n\n\n<p>Sopimusehdot t\u00e4ss\u00e4 liitteess\u00e4:<br>\n<a href=\"https:\/\/kylat.ekarjala.fi\/kiesila\/wp-content\/uploads\/sites\/30\/2011\/11\/Sopimusehdot_Maaseutumatkat.pdf\">Sopimusehdot_Maaseutumatkat<\/a><\/p>\n\n\n\n<p>_____________________________________________________________<br>\nL\u00e4hin naapuri 200 metri\u00e4. Avara pihamaa. Loiva m\u00e4ntykangas, hyv\u00e4t mustikka- ja puolukkamaat. Puhdasvetisen Lahnaveden rannalla.<\/p>\n\n\n\n<p>P\u00e4\u00e4rakennuksen,&nbsp; pinta-ala 48 neli\u00f6metri\u00e4,&nbsp; makuualkovissa paris\u00e4nky. Lis\u00e4ksi huonetilassa levitett\u00e4v\u00e4 vuodesohva.<\/p>\n\n\n\n<p>Varustus: s\u00e4hk\u00f6t,&nbsp; varaava takka, oma kaivo ja vesijohto,&nbsp; l\u00e4mmin vesi keitti\u00f6ss\u00e4, pakaste\/j\u00e4\u00e4kaappi, mikro, astiasto, kahvin- ja vedenkeitin, TV ym.<\/p>\n\n\n\n<p>Kaksi l\u00e4mmitett\u00e4v\u00e4\u00e4 hirsiaittaa, joissa yhteens\u00e4 kolme makuupaikkaa.<\/p>\n\n\n\n<p>Erillinen rantasauna,&nbsp; jossa puukias sek\u00e4 kylm\u00e4- ett\u00e4 l\u00e4mmin vesi ja suihku. Saunan pukuhuoneessa j\u00e4\u00e4kaappi. Ymp\u00e4rist\u00f6yst\u00e4v\u00e4llinen Biolan-kompostiWC.<\/p>\n\n\n\n<p>Kovapohjainen ranta, soutuvene. Lemmikkiel\u00e4imet sallittu.<\/p>\n\n\n\n<p>Et\u00e4isyyksi\u00e4:<br>\nKiesil\u00e4n Kievari 2 km, kahvila ja ruokapaikka. Veikkaus.<br>\nElintarvikekioski, kes\u00e4tori.<\/p>\n\n\n\n<p>Kauriansalmi 13 km Mikkelin suuntaan: Polttoainejakelu<\/p>\n\n\n\n<p>Savitaipale 20 km Lappeenrannan suuntaan: S-market, K-market, Alko, ABC -asema,&nbsp; rauta- ym. kauppoja.<\/p>\n\n\n\n<p>Mikkeli 54 km<br>\nLappeenranta 60 km<br>\nKouvola 72 km<br>\nHelsinki 210 km<\/p>\n\n\n<div class=\"wp-block-image\">\n<figure class=\"alignleft\"><a href=\"https:\/\/kylat.ekarjala.fi\/kiesila\/vuokrattava-kesamokki\/paarak\/\" rel=\"attachment wp-att-3310\"><img loading=\"lazy\" decoding=\"async\" width=\"1024\" height=\"576\" src=\"https:\/\/kylat.ekarjala.fi\/kiesila\/wp-content\/uploads\/sites\/30\/2011\/11\/PaaRak-1024x576.jpg\" alt=\"PaaRak\" class=\"wp-image-3310\" srcset=\"https:\/\/kylat.ekarjala.fi\/kiesila\/wp-content\/uploads\/sites\/30\/2011\/11\/PaaRak-1024x576.jpg 1024w, https:\/\/kylat.ekarjala.fi\/kiesila\/wp-content\/uploads\/sites\/30\/2011\/11\/PaaRak-300x169.jpg 300w, https:\/\/kylat.ekarjala.fi\/kiesila\/wp-content\/uploads\/sites\/30\/2011\/11\/PaaRak-768x432.jpg 768w\" sizes=\"auto, (max-width: 1024px) 100vw, 1024px\" \/><\/a><\/figure>\n<\/div>\n\n\n<p><\/p>\n\n\n\n<p>_________________________________________________________<\/p>\n\n\n<div class=\"wp-block-image\">\n<figure class=\"alignright\"><a href=\"https:\/\/kylat.ekarjala.fi\/kiesila\/wp-content\/uploads\/sites\/30\/2011\/11\/Makuualkovi.jpg\"><img loading=\"lazy\" decoding=\"async\" width=\"461\" height=\"346\" src=\"https:\/\/kylat.ekarjala.fi\/kiesila\/wp-content\/uploads\/sites\/30\/2011\/11\/Makuualkovi.jpg\" alt=\"\" class=\"wp-image-125\" \/><\/a><figcaption class=\"wp-element-caption\">Makuualkovi<\/figcaption><\/figure>\n<\/div>\n\n\n<p>Makuualkovi erotettu verholla oleskelutilasta. Alkovissa paris\u00e4nky, lipasto ja vaatekaappi.<\/p>\n\n\n\n<p>_______________________________________________________________<\/p>\n\n\n<div class=\"wp-block-image\">\n<figure class=\"alignright\"><a href=\"https:\/\/kylat.ekarjala.fi\/kiesila\/wp-content\/uploads\/sites\/30\/2011\/11\/ikkuna1.jpg\"><img loading=\"lazy\" decoding=\"async\" width=\"463\" height=\"355\" src=\"https:\/\/kylat.ekarjala.fi\/kiesila\/wp-content\/uploads\/sites\/30\/2011\/11\/ikkuna1.jpg\" alt=\"\" class=\"wp-image-132\" \/><\/a><\/figure>\n<\/div>\n\n\n<p>N\u00e4kym\u00e4 sis\u00e4lt\u00e4 j\u00e4rvelle.<\/p>\n\n\n\n<p>Voit ihailla auringonlaskua!<\/p>\n\n\n\n<p>________________________________________________________________<\/p>\n\n\n<div class=\"wp-block-image\">\n<figure class=\"alignright\"><a href=\"https:\/\/kylat.ekarjala.fi\/kiesila\/wp-content\/uploads\/sites\/30\/2011\/11\/sisatilat.jpg\"><img loading=\"lazy\" decoding=\"async\" width=\"461\" height=\"346\" src=\"https:\/\/kylat.ekarjala.fi\/kiesila\/wp-content\/uploads\/sites\/30\/2011\/11\/sisatilat.jpg\" alt=\"\" class=\"wp-image-146\" \/><\/a><\/figure>\n<\/div>\n\n\n<p><\/p>\n\n\n\n<p>Sis\u00e4tilat.<\/p>\n\n\n\n<p>Vuodesohvaa voi tarvittaessa k\u00e4ytt\u00e4\u00e4 varavuoteena.<\/p>\n\n\n\n<p>_________________________________________________________________<\/p>\n\n\n<div class=\"wp-block-image\">\n<figure class=\"alignright\"><a href=\"https:\/\/kylat.ekarjala.fi\/kiesila\/wp-content\/uploads\/sites\/30\/2011\/11\/keittio.jpg\"><img loading=\"lazy\" decoding=\"async\" width=\"461\" height=\"346\" src=\"https:\/\/kylat.ekarjala.fi\/kiesila\/wp-content\/uploads\/sites\/30\/2011\/11\/keittio.jpg\" alt=\"\" class=\"wp-image-148\" \/><\/a><\/figure>\n<\/div>\n\n\n<p>Keitti\u00f6<\/p>\n\n\n\n<p>Keitti\u00f6ss\u00e4 j\u00e4\u00e4\/pakastekaappi, mikro, s\u00e4hk\u00f6liesi, kylm\u00e4 ja l\u00e4mminvesi sek\u00e4 kahvinkeitin ja astiasto ym.<\/p>\n\n\n\n<p>Toinen j\u00e4\u00e4kaappi on saunalla pukuhuoneessa.<\/p>\n\n\n\n<p>_________________________________________________________________<\/p>\n\n\n<div class=\"wp-block-image\">\n<figure class=\"alignright\"><a href=\"https:\/\/kylat.ekarjala.fi\/kiesila\/wp-content\/uploads\/sites\/30\/2011\/11\/tupa.jpg\"><img loading=\"lazy\" decoding=\"async\" width=\"461\" height=\"346\" src=\"https:\/\/kylat.ekarjala.fi\/kiesila\/wp-content\/uploads\/sites\/30\/2011\/11\/tupa.jpg\" alt=\"\" class=\"wp-image-150\" \/><\/a><\/figure>\n<\/div>\n\n\n<p>Olohuoneen kookas ruokap\u00f6yt\u00e4<br>\n__________________________________________________________________<\/p>\n\n\n<div class=\"wp-block-image\">\n<figure class=\"alignright\"><a href=\"https:\/\/kylat.ekarjala.fi\/kiesila\/wp-content\/uploads\/sites\/30\/2011\/11\/aitta.jpg\"><img loading=\"lazy\" decoding=\"async\" width=\"492\" height=\"369\" src=\"https:\/\/kylat.ekarjala.fi\/kiesila\/wp-content\/uploads\/sites\/30\/2011\/11\/aitta.jpg\" alt=\"\" class=\"wp-image-152\" \/><\/a><\/figure>\n<\/div>\n\n\n<p><\/p>\n\n\n\n<p>Aittarakennus.<br>\nToisessa aitassa makutilat kahdelle ja toisessa yhdelle.<br>\nAitoissa on tiiviit ulko-ovet, l\u00e4mp\u00f6eristetyt lattiat ja sis\u00e4katot. Lis\u00e4ksi s\u00e4hk\u00f6t, my\u00f6s l\u00e4mp\u00f6patterit kes\u00e4n kylmyytt\u00e4 vastaan.<\/p>\n\n\n\n<p>___________________________________________________________________<\/p>\n\n\n<div class=\"wp-block-image\">\n<figure class=\"alignright\"><a href=\"https:\/\/kylat.ekarjala.fi\/kiesila\/wp-content\/uploads\/sites\/30\/2011\/11\/sauna.jpg\"><img loading=\"lazy\" decoding=\"async\" width=\"461\" height=\"346\" src=\"https:\/\/kylat.ekarjala.fi\/kiesila\/wp-content\/uploads\/sites\/30\/2011\/11\/sauna.jpg\" alt=\"\" class=\"wp-image-154\" \/><\/a><\/figure>\n<\/div>\n\n\n<p>Rantasauna, jossa pukuhuone ja l\u00f6yly\/pesuhuone, jonne tulee sek\u00e4 kylm\u00e4, ett\u00e4 l\u00e4mmin vesi. Pukuhuoneessa j\u00e4\u00e4kaappi.<br>\nRanta on kovapohjainen ja vesi puhdasta. Sopii hyvin my\u00f6s lapsille. Rantasaunasta j\u00e4rveen vain noin 10 metri\u00e4!<\/p>\n\n\n<div class=\"wp-block-image\">\n<figure class=\"alignright\"><a href=\"https:\/\/kylat.ekarjala.fi\/kiesila\/vuokrattava-kesamokki\/laituri\/\" rel=\"attachment wp-att-3316\"><img loading=\"lazy\" decoding=\"async\" width=\"300\" height=\"169\" src=\"https:\/\/kylat.ekarjala.fi\/kiesila\/wp-content\/uploads\/sites\/30\/2011\/11\/Laituri-300x169.jpg\" alt=\"Laituri\" class=\"wp-image-3316\" srcset=\"https:\/\/kylat.ekarjala.fi\/kiesila\/wp-content\/uploads\/sites\/30\/2011\/11\/Laituri-300x169.jpg 300w, https:\/\/kylat.ekarjala.fi\/kiesila\/wp-content\/uploads\/sites\/30\/2011\/11\/Laituri-768x432.jpg 768w, https:\/\/kylat.ekarjala.fi\/kiesila\/wp-content\/uploads\/sites\/30\/2011\/11\/Laituri-1024x576.jpg 1024w\" sizes=\"auto, (max-width: 300px) 100vw, 300px\" \/><\/a><\/figure>\n<\/div>\n\n\n<p>Laituri:<br>\nKuva saunan rappusilta!<br>\n<\/p>\n\n\n\n<p>_____________________________________________<\/p>\n\n\n\n<p>Soutuvene:<\/p>\n\n\n<div class=\"wp-block-image\">\n<figure class=\"alignright\"><a href=\"https:\/\/kylat.ekarjala.fi\/kiesila\/wp-content\/uploads\/sites\/30\/2019\/08\/Vene.jpg\"><img loading=\"lazy\" decoding=\"async\" width=\"300\" height=\"225\" src=\"https:\/\/kylat.ekarjala.fi\/kiesila\/wp-content\/uploads\/sites\/30\/2019\/08\/Vene-300x225.jpg\" alt=\"\" class=\"wp-image-4511\" srcset=\"https:\/\/kylat.ekarjala.fi\/kiesila\/wp-content\/uploads\/sites\/30\/2019\/08\/Vene-300x225.jpg 300w, https:\/\/kylat.ekarjala.fi\/kiesila\/wp-content\/uploads\/sites\/30\/2019\/08\/Vene-768x576.jpg 768w, https:\/\/kylat.ekarjala.fi\/kiesila\/wp-content\/uploads\/sites\/30\/2019\/08\/Vene-1024x768.jpg 1024w, https:\/\/kylat.ekarjala.fi\/kiesila\/wp-content\/uploads\/sites\/30\/2019\/08\/Vene.jpg 1210w\" sizes=\"auto, (max-width: 300px) 100vw, 300px\" \/><\/a><\/figure>\n<\/div>\n\n\n<p><\/p>\n","protected":false},"excerpt":{"rendered":"<p>Vuokrattava kes\u00e4m\u00f6kki &#8221;Riistapirtti&#8221; Kausi 2025 p\u00e4\u00e4ttynyt. Kes\u00e4\u00e4n 2026 ei varauksia. Tiedustelut:&nbsp; Heikki Kiesil\u00e4 p. 050 551 3483, s\u00e4hk\u00f6posti: heikki.kiesila@gmail.com tai Ville Ruottinen p. 050 447 1011 Grillikatos &#8211; kes\u00e4keitti\u00f6 Varustus: j\u00e4\u00e4kaappi, pesuallas, vesijohto ja viem\u00e4ri, s\u00e4hk\u00f6liesi, kaasugrilli ja puugrilli Sopimusehdot &hellip; <a href=\"https:\/\/kylat.ekarjala.fi\/kiesila\/vuokrattava-kesamokki\/\">Lue loppuun <span class=\"meta-nav\">&rarr;<\/span><\/a><\/p>\n","protected":false},"author":59,"featured_media":0,"parent":0,"menu_order":0,"comment_status":"closed","ping_status":"closed","template":"","meta":{"footnotes":""},"class_list":["post-119","page","type-page","status-publish","hentry"],"_links":{"self":[{"href":"https:\/\/kylat.ekarjala.fi\/kiesila\/wp-json\/wp\/v2\/pages\/119","targetHints":{"allow":["GET"]}}],"collection":[{"href":"https:\/\/kylat.ekarjala.fi\/kiesila\/wp-json\/wp\/v2\/pages"}],"about":[{"href":"https:\/\/kylat.ekarjala.fi\/kiesila\/wp-json\/wp\/v2\/types\/page"}],"author":[{"embeddable":true,"href":"https:\/\/kylat.ekarjala.fi\/kiesila\/wp-json\/wp\/v2\/users\/59"}],"replies":[{"embeddable":true,"href":"https:\/\/kylat.ekarjala.fi\/kiesila\/wp-json\/wp\/v2\/comments?post=119"}],"version-history":[{"count":20,"href":"https:\/\/kylat.ekarjala.fi\/kiesila\/wp-json\/wp\/v2\/pages\/119\/revisions"}],"predecessor-version":[{"id":6453,"href":"https:\/\/kylat.ekarjala.fi\/kiesila\/wp-json\/wp\/v2\/pages\/119\/revisions\/6453"}],"wp:attachment":[{"href":"https:\/\/kylat.ekarjala.fi\/kiesila\/wp-json\/wp\/v2\/media?parent=119"}],"curies":[{"name":"wp","href":"https:\/\/api.w.org\/{rel}","templated":true}]}}