{"id":1632,"date":"2013-11-04T15:29:21","date_gmt":"2013-11-04T13:59:21","guid":{"rendered":"https:\/\/kylat.ekarjala.fi\/kiesila\/?page_id=1632"},"modified":"2013-11-06T11:08:09","modified_gmt":"2013-11-06T09:38:09","slug":"50-vuotuisjuhlat-1-11-2013","status":"publish","type":"page","link":"https:\/\/kylat.ekarjala.fi\/kiesila\/kiesilan-era-ry\/50-vuotuisjuhlat-1-11-2013\/","title":{"rendered":"50 vuotuisjuhlat 1.11.2013"},"content":{"rendered":"<p>Kiesil\u00e4n Er\u00e4 ry vietti 50-vuotuisjuhlia mets\u00e4stysmajalla 1.11.2013.<br \/>\nKuvasatoa juhlista:<\/p>\n<div id=\"attachment_1636\" style=\"width: 650px\" class=\"wp-caption alignleft\"><a href=\"https:\/\/kylat.ekarjala.fi\/kiesila\/wp-content\/uploads\/sites\/30\/2013\/11\/Juhlaviirin_luovutus.jpg\"><img loading=\"lazy\" decoding=\"async\" aria-describedby=\"caption-attachment-1636\" class=\"size-large wp-image-1636\" alt=\"Suomen Mets\u00e4st\u00e4j\u00e4liiton Kymen piirin kunniapuheenjohtaja Hannu Eerola luovuttaa Mets\u00e4st\u00e4j\u00e4liiton Kymen piirin viirin.\" src=\"https:\/\/kylat.ekarjala.fi\/kiesila\/wp-content\/uploads\/sites\/30\/2013\/11\/Juhlaviirin_luovutus-1024x768.jpg\" width=\"640\" height=\"480\" srcset=\"https:\/\/kylat.ekarjala.fi\/kiesila\/wp-content\/uploads\/sites\/30\/2013\/11\/Juhlaviirin_luovutus-1024x768.jpg 1024w, https:\/\/kylat.ekarjala.fi\/kiesila\/wp-content\/uploads\/sites\/30\/2013\/11\/Juhlaviirin_luovutus-300x225.jpg 300w, https:\/\/kylat.ekarjala.fi\/kiesila\/wp-content\/uploads\/sites\/30\/2013\/11\/Juhlaviirin_luovutus.jpg 1229w\" sizes=\"auto, (max-width: 640px) 100vw, 640px\" \/><\/a><p id=\"caption-attachment-1636\" class=\"wp-caption-text\">Suomen Mets\u00e4st\u00e4j\u00e4liiton Kymen piirin kunniapuheenjohtaja Hannu Eerola luovuttaa Mets\u00e4st\u00e4j\u00e4liiton Kymen piirin viirin.<\/p><\/div>\n<p>&nbsp;<\/p>\n<div id=\"attachment_1642\" style=\"width: 650px\" class=\"wp-caption alignleft\"><a href=\"https:\/\/kylat.ekarjala.fi\/kiesila\/wp-content\/uploads\/sites\/30\/2013\/11\/Timo_Leso_ja_apujoukot.jpg\"><img loading=\"lazy\" decoding=\"async\" aria-describedby=\"caption-attachment-1642\" class=\"size-large wp-image-1642\" alt=\"Timo Leso, kouluttaja, keitti\u00f6mestari, NTM,  apujoukkoineen on valmiina palvelemaan juhlavieraita.\" src=\"https:\/\/kylat.ekarjala.fi\/kiesila\/wp-content\/uploads\/sites\/30\/2013\/11\/Timo_Leso_ja_apujoukot-1024x725.jpg\" width=\"640\" height=\"453\" srcset=\"https:\/\/kylat.ekarjala.fi\/kiesila\/wp-content\/uploads\/sites\/30\/2013\/11\/Timo_Leso_ja_apujoukot-1024x725.jpg 1024w, https:\/\/kylat.ekarjala.fi\/kiesila\/wp-content\/uploads\/sites\/30\/2013\/11\/Timo_Leso_ja_apujoukot-300x212.jpg 300w, https:\/\/kylat.ekarjala.fi\/kiesila\/wp-content\/uploads\/sites\/30\/2013\/11\/Timo_Leso_ja_apujoukot.jpg 1721w\" sizes=\"auto, (max-width: 640px) 100vw, 640px\" \/><\/a><p id=\"caption-attachment-1642\" class=\"wp-caption-text\">Timo Leso, kouluttaja, keitti\u00f6mestari, NTM, apujoukkoineen on valmiina palvelemaan juhlavieraita.<\/p><\/div>\n<div id=\"attachment_1638\" style=\"width: 650px\" class=\"wp-caption alignleft\"><a href=\"https:\/\/kylat.ekarjala.fi\/kiesila\/wp-content\/uploads\/sites\/30\/2013\/11\/Antin_kepit.jpg\"><img loading=\"lazy\" decoding=\"async\" aria-describedby=\"caption-attachment-1638\" class=\"size-large wp-image-1638\" alt=\"Antin kepit, merkinn\u00e4t kepeiss\u00e4 kertovat 17 vuoden ajalta hirvien kaadot\" src=\"https:\/\/kylat.ekarjala.fi\/kiesila\/wp-content\/uploads\/sites\/30\/2013\/11\/Antin_kepit-1024x768.jpg\" width=\"640\" height=\"480\" srcset=\"https:\/\/kylat.ekarjala.fi\/kiesila\/wp-content\/uploads\/sites\/30\/2013\/11\/Antin_kepit-1024x768.jpg 1024w, https:\/\/kylat.ekarjala.fi\/kiesila\/wp-content\/uploads\/sites\/30\/2013\/11\/Antin_kepit-300x225.jpg 300w\" sizes=\"auto, (max-width: 640px) 100vw, 640px\" \/><\/a><p id=\"caption-attachment-1638\" class=\"wp-caption-text\">Antin kepit, merkinn\u00e4t kepeiss\u00e4 kertovat 17 vuoden ajalta hirvien kaadot<\/p><\/div>\n<p>&nbsp;<\/p>\n<p><a href=\"https:\/\/kylat.ekarjala.fi\/kiesila\/wp-content\/uploads\/sites\/30\/2013\/11\/Juhlavieraita_saapumassa_5.jpg\"><img loading=\"lazy\" decoding=\"async\" class=\"alignleft size-large wp-image-1654\" alt=\"Juhlavieraita_saapumassa_5\" src=\"https:\/\/kylat.ekarjala.fi\/kiesila\/wp-content\/uploads\/sites\/30\/2013\/11\/Juhlavieraita_saapumassa_5-1024x767.jpg\" width=\"640\" height=\"479\" srcset=\"https:\/\/kylat.ekarjala.fi\/kiesila\/wp-content\/uploads\/sites\/30\/2013\/11\/Juhlavieraita_saapumassa_5-1024x767.jpg 1024w, https:\/\/kylat.ekarjala.fi\/kiesila\/wp-content\/uploads\/sites\/30\/2013\/11\/Juhlavieraita_saapumassa_5-300x224.jpg 300w, https:\/\/kylat.ekarjala.fi\/kiesila\/wp-content\/uploads\/sites\/30\/2013\/11\/Juhlavieraita_saapumassa_5.jpg 1075w\" sizes=\"auto, (max-width: 640px) 100vw, 640px\" \/><\/a> <a href=\"https:\/\/kylat.ekarjala.fi\/kiesila\/wp-content\/uploads\/sites\/30\/2013\/11\/Juhlavieraita_saapumassa_4.jpg\"><img loading=\"lazy\" decoding=\"async\" class=\"alignleft size-large wp-image-1653\" alt=\"Juhlavieraita_saapumassa_4\" src=\"https:\/\/kylat.ekarjala.fi\/kiesila\/wp-content\/uploads\/sites\/30\/2013\/11\/Juhlavieraita_saapumassa_4-1024x767.jpg\" width=\"640\" height=\"479\" srcset=\"https:\/\/kylat.ekarjala.fi\/kiesila\/wp-content\/uploads\/sites\/30\/2013\/11\/Juhlavieraita_saapumassa_4-1024x767.jpg 1024w, https:\/\/kylat.ekarjala.fi\/kiesila\/wp-content\/uploads\/sites\/30\/2013\/11\/Juhlavieraita_saapumassa_4-300x224.jpg 300w, https:\/\/kylat.ekarjala.fi\/kiesila\/wp-content\/uploads\/sites\/30\/2013\/11\/Juhlavieraita_saapumassa_4.jpg 1075w\" sizes=\"auto, (max-width: 640px) 100vw, 640px\" \/><\/a> <a href=\"https:\/\/kylat.ekarjala.fi\/kiesila\/wp-content\/uploads\/sites\/30\/2013\/11\/Juhlavieraita_saapumassa_3.jpg\"><img loading=\"lazy\" decoding=\"async\" class=\"alignleft size-large wp-image-1652\" alt=\"Juhlavieraita_saapumassa_3\" src=\"https:\/\/kylat.ekarjala.fi\/kiesila\/wp-content\/uploads\/sites\/30\/2013\/11\/Juhlavieraita_saapumassa_3-1024x767.jpg\" width=\"640\" height=\"479\" srcset=\"https:\/\/kylat.ekarjala.fi\/kiesila\/wp-content\/uploads\/sites\/30\/2013\/11\/Juhlavieraita_saapumassa_3-1024x767.jpg 1024w, https:\/\/kylat.ekarjala.fi\/kiesila\/wp-content\/uploads\/sites\/30\/2013\/11\/Juhlavieraita_saapumassa_3-300x224.jpg 300w, https:\/\/kylat.ekarjala.fi\/kiesila\/wp-content\/uploads\/sites\/30\/2013\/11\/Juhlavieraita_saapumassa_3.jpg 1075w\" sizes=\"auto, (max-width: 640px) 100vw, 640px\" \/><\/a> <a href=\"https:\/\/kylat.ekarjala.fi\/kiesila\/wp-content\/uploads\/sites\/30\/2013\/11\/Juhlavieraita_saapumassa_2.jpg\"><img loading=\"lazy\" decoding=\"async\" class=\"alignleft size-large wp-image-1651\" alt=\"Juhlavieraita_saapumassa_2\" src=\"https:\/\/kylat.ekarjala.fi\/kiesila\/wp-content\/uploads\/sites\/30\/2013\/11\/Juhlavieraita_saapumassa_2-1024x767.jpg\" width=\"640\" height=\"479\" srcset=\"https:\/\/kylat.ekarjala.fi\/kiesila\/wp-content\/uploads\/sites\/30\/2013\/11\/Juhlavieraita_saapumassa_2-1024x767.jpg 1024w, https:\/\/kylat.ekarjala.fi\/kiesila\/wp-content\/uploads\/sites\/30\/2013\/11\/Juhlavieraita_saapumassa_2-300x224.jpg 300w, https:\/\/kylat.ekarjala.fi\/kiesila\/wp-content\/uploads\/sites\/30\/2013\/11\/Juhlavieraita_saapumassa_2.jpg 1075w\" sizes=\"auto, (max-width: 640px) 100vw, 640px\" \/><\/a> <a href=\"https:\/\/kylat.ekarjala.fi\/kiesila\/wp-content\/uploads\/sites\/30\/2013\/11\/Juhlavieraita_saapumassa.jpg\"><img loading=\"lazy\" decoding=\"async\" class=\"alignleft size-large wp-image-1650\" alt=\"Juhlavieraita_saapumassa\" src=\"https:\/\/kylat.ekarjala.fi\/kiesila\/wp-content\/uploads\/sites\/30\/2013\/11\/Juhlavieraita_saapumassa-1024x767.jpg\" width=\"640\" height=\"479\" srcset=\"https:\/\/kylat.ekarjala.fi\/kiesila\/wp-content\/uploads\/sites\/30\/2013\/11\/Juhlavieraita_saapumassa-1024x767.jpg 1024w, https:\/\/kylat.ekarjala.fi\/kiesila\/wp-content\/uploads\/sites\/30\/2013\/11\/Juhlavieraita_saapumassa-300x224.jpg 300w, https:\/\/kylat.ekarjala.fi\/kiesila\/wp-content\/uploads\/sites\/30\/2013\/11\/Juhlavieraita_saapumassa.jpg 1075w\" sizes=\"auto, (max-width: 640px) 100vw, 640px\" \/><\/a> <a href=\"https:\/\/kylat.ekarjala.fi\/kiesila\/wp-content\/uploads\/sites\/30\/2013\/11\/Juhlavieraita_saapumassa_6.jpg\"><img loading=\"lazy\" decoding=\"async\" class=\"alignleft size-large wp-image-1649\" alt=\"Juhlavieraita_saapumassa_6\" src=\"https:\/\/kylat.ekarjala.fi\/kiesila\/wp-content\/uploads\/sites\/30\/2013\/11\/Juhlavieraita_saapumassa_6-1024x767.jpg\" width=\"640\" height=\"479\" srcset=\"https:\/\/kylat.ekarjala.fi\/kiesila\/wp-content\/uploads\/sites\/30\/2013\/11\/Juhlavieraita_saapumassa_6-1024x767.jpg 1024w, https:\/\/kylat.ekarjala.fi\/kiesila\/wp-content\/uploads\/sites\/30\/2013\/11\/Juhlavieraita_saapumassa_6-300x224.jpg 300w, https:\/\/kylat.ekarjala.fi\/kiesila\/wp-content\/uploads\/sites\/30\/2013\/11\/Juhlavieraita_saapumassa_6.jpg 1075w\" sizes=\"auto, (max-width: 640px) 100vw, 640px\" \/><\/a><\/p>\n<p><a href=\"https:\/\/kylat.ekarjala.fi\/kiesila\/wp-content\/uploads\/sites\/30\/2013\/11\/Ruokailu_teltassa_2.jpg\"><img loading=\"lazy\" decoding=\"async\" class=\"alignleft size-large wp-image-1662\" alt=\"Ruokailu_teltassa_2\" src=\"https:\/\/kylat.ekarjala.fi\/kiesila\/wp-content\/uploads\/sites\/30\/2013\/11\/Ruokailu_teltassa_2-1024x767.jpg\" width=\"640\" height=\"479\" srcset=\"https:\/\/kylat.ekarjala.fi\/kiesila\/wp-content\/uploads\/sites\/30\/2013\/11\/Ruokailu_teltassa_2-1024x767.jpg 1024w, https:\/\/kylat.ekarjala.fi\/kiesila\/wp-content\/uploads\/sites\/30\/2013\/11\/Ruokailu_teltassa_2-300x224.jpg 300w, https:\/\/kylat.ekarjala.fi\/kiesila\/wp-content\/uploads\/sites\/30\/2013\/11\/Ruokailu_teltassa_2.jpg 1075w\" sizes=\"auto, (max-width: 640px) 100vw, 640px\" \/><\/a> <a href=\"https:\/\/kylat.ekarjala.fi\/kiesila\/wp-content\/uploads\/sites\/30\/2013\/11\/Ruokailu_teltassa_1.jpg\"><img loading=\"lazy\" decoding=\"async\" class=\"alignleft size-large wp-image-1661\" alt=\"Ruokailu_teltassa_1\" src=\"https:\/\/kylat.ekarjala.fi\/kiesila\/wp-content\/uploads\/sites\/30\/2013\/11\/Ruokailu_teltassa_1-1024x767.jpg\" width=\"640\" height=\"479\" srcset=\"https:\/\/kylat.ekarjala.fi\/kiesila\/wp-content\/uploads\/sites\/30\/2013\/11\/Ruokailu_teltassa_1-1024x767.jpg 1024w, https:\/\/kylat.ekarjala.fi\/kiesila\/wp-content\/uploads\/sites\/30\/2013\/11\/Ruokailu_teltassa_1-300x224.jpg 300w, https:\/\/kylat.ekarjala.fi\/kiesila\/wp-content\/uploads\/sites\/30\/2013\/11\/Ruokailu_teltassa_1.jpg 1075w\" sizes=\"auto, (max-width: 640px) 100vw, 640px\" \/><\/a> <a href=\"https:\/\/kylat.ekarjala.fi\/kiesila\/wp-content\/uploads\/sites\/30\/2013\/11\/Ruokailu_2.jpg\"><img loading=\"lazy\" decoding=\"async\" class=\"alignleft size-large wp-image-1660\" alt=\"Ruokailu_2\" src=\"https:\/\/kylat.ekarjala.fi\/kiesila\/wp-content\/uploads\/sites\/30\/2013\/11\/Ruokailu_2-1024x767.jpg\" width=\"640\" height=\"479\" srcset=\"https:\/\/kylat.ekarjala.fi\/kiesila\/wp-content\/uploads\/sites\/30\/2013\/11\/Ruokailu_2-1024x767.jpg 1024w, https:\/\/kylat.ekarjala.fi\/kiesila\/wp-content\/uploads\/sites\/30\/2013\/11\/Ruokailu_2-300x224.jpg 300w, https:\/\/kylat.ekarjala.fi\/kiesila\/wp-content\/uploads\/sites\/30\/2013\/11\/Ruokailu_2.jpg 1075w\" sizes=\"auto, (max-width: 640px) 100vw, 640px\" \/><\/a> <a href=\"https:\/\/kylat.ekarjala.fi\/kiesila\/wp-content\/uploads\/sites\/30\/2013\/11\/Ruokailu_1.jpg\"><img loading=\"lazy\" decoding=\"async\" class=\"alignleft size-large wp-image-1659\" alt=\"Ruokailu_1\" src=\"https:\/\/kylat.ekarjala.fi\/kiesila\/wp-content\/uploads\/sites\/30\/2013\/11\/Ruokailu_1-1024x767.jpg\" width=\"640\" height=\"479\" srcset=\"https:\/\/kylat.ekarjala.fi\/kiesila\/wp-content\/uploads\/sites\/30\/2013\/11\/Ruokailu_1-1024x767.jpg 1024w, https:\/\/kylat.ekarjala.fi\/kiesila\/wp-content\/uploads\/sites\/30\/2013\/11\/Ruokailu_1-300x224.jpg 300w, https:\/\/kylat.ekarjala.fi\/kiesila\/wp-content\/uploads\/sites\/30\/2013\/11\/Ruokailu_1.jpg 1075w\" sizes=\"auto, (max-width: 640px) 100vw, 640px\" \/><\/a><\/p>\n<p>&nbsp;<\/p>\n<p><a href=\"https:\/\/kylat.ekarjala.fi\/kiesila\/wp-content\/uploads\/sites\/30\/2013\/11\/Juhlaviirej\u00e4.jpg\"><img loading=\"lazy\" decoding=\"async\" class=\"alignleft size-large wp-image-1668\" alt=\"Juhlaviirej\u00e4\" src=\"https:\/\/kylat.ekarjala.fi\/kiesila\/wp-content\/uploads\/sites\/30\/2013\/11\/Juhlaviirej\u00e4-1024x767.jpg\" width=\"640\" height=\"479\" srcset=\"https:\/\/kylat.ekarjala.fi\/kiesila\/wp-content\/uploads\/sites\/30\/2013\/11\/Juhlaviirej\u00e4-1024x767.jpg 1024w, https:\/\/kylat.ekarjala.fi\/kiesila\/wp-content\/uploads\/sites\/30\/2013\/11\/Juhlaviirej\u00e4-300x224.jpg 300w, https:\/\/kylat.ekarjala.fi\/kiesila\/wp-content\/uploads\/sites\/30\/2013\/11\/Juhlaviirej\u00e4.jpg 1075w\" sizes=\"auto, (max-width: 640px) 100vw, 640px\" \/><\/a><\/p>\n<div id=\"attachment_1641\" style=\"width: 650px\" class=\"wp-caption alignleft\"><a href=\"https:\/\/kylat.ekarjala.fi\/kiesila\/wp-content\/uploads\/sites\/30\/2013\/11\/Perustajia.jpg\"><img loading=\"lazy\" decoding=\"async\" aria-describedby=\"caption-attachment-1641\" class=\"size-large wp-image-1641\" alt=\"Seurassa yli 50 vuotta j\u00e4senin\u00e4 olleet palkittiin Suomen Mets\u00e4st\u00e4j\u00e4liiton kultaisella ansiomerkill\u00e4. Kuvassa Jouko Laamo, Pentti Kokkonen, Ossi Saalasti, Sakari Korpisalo, Reijo Saalasti, Jaakko Saalasti ja Risto Kiesil\u00e4. Kuvasta puuttuvat Pekka Pastinen, Terho Uusitalo, Raimo Laamo ja Kauko Laamo\" src=\"https:\/\/kylat.ekarjala.fi\/kiesila\/wp-content\/uploads\/sites\/30\/2013\/11\/Perustajia-1024x768.jpg\" width=\"640\" height=\"480\" srcset=\"https:\/\/kylat.ekarjala.fi\/kiesila\/wp-content\/uploads\/sites\/30\/2013\/11\/Perustajia-1024x768.jpg 1024w, https:\/\/kylat.ekarjala.fi\/kiesila\/wp-content\/uploads\/sites\/30\/2013\/11\/Perustajia-300x225.jpg 300w, https:\/\/kylat.ekarjala.fi\/kiesila\/wp-content\/uploads\/sites\/30\/2013\/11\/Perustajia.jpg 1229w\" sizes=\"auto, (max-width: 640px) 100vw, 640px\" \/><\/a><p id=\"caption-attachment-1641\" class=\"wp-caption-text\">Seurassa yli 50 vuotta j\u00e4senin\u00e4 olleet palkittiin Suomen Mets\u00e4st\u00e4j\u00e4liiton kultaisella ansiomerkill\u00e4. Kuvassa Jouko Laamo, Pentti Kokkonen, Ossi Saalasti, Sakari Korpisalo, Reijo Saalasti, Jaakko Saalasti ja Risto Kiesil\u00e4. Kuvasta puuttuvat Pekka Pastinen, Terho Uusitalo, Raimo Laamo ja Kauko Laamo<\/p><\/div>\n<div id=\"attachment_1639\" style=\"width: 650px\" class=\"wp-caption alignleft\"><a href=\"https:\/\/kylat.ekarjala.fi\/kiesila\/wp-content\/uploads\/sites\/30\/2013\/11\/HannuK_ansiomerkki.jpg\"><img loading=\"lazy\" decoding=\"async\" aria-describedby=\"caption-attachment-1639\" class=\"size-large wp-image-1639\" alt=\"Savitaipaleen-Suomenniemen Riistanhoitoyhdistyksen toiminnanjohtaja Tarmo Hjerppe luovuttaa Hannu Kokkoselle pronssisen ansiomerkin.\" src=\"https:\/\/kylat.ekarjala.fi\/kiesila\/wp-content\/uploads\/sites\/30\/2013\/11\/HannuK_ansiomerkki-1024x768.jpg\" width=\"640\" height=\"480\" srcset=\"https:\/\/kylat.ekarjala.fi\/kiesila\/wp-content\/uploads\/sites\/30\/2013\/11\/HannuK_ansiomerkki-1024x768.jpg 1024w, https:\/\/kylat.ekarjala.fi\/kiesila\/wp-content\/uploads\/sites\/30\/2013\/11\/HannuK_ansiomerkki-300x225.jpg 300w\" sizes=\"auto, (max-width: 640px) 100vw, 640px\" \/><\/a><p id=\"caption-attachment-1639\" class=\"wp-caption-text\">Savitaipaleen-Suomenniemen Riistanhoitoyhdistyksen toiminnanjohtaja Tarmo Hjerppe luovuttaa Hannu Kokkoselle pronssisen ansiomerkin.<\/p><\/div>\n<div id=\"attachment_1667\" style=\"width: 650px\" class=\"wp-caption alignleft\"><a href=\"https:\/\/kylat.ekarjala.fi\/kiesila\/wp-content\/uploads\/sites\/30\/2013\/11\/Sakari_Korpisalo_ja_Hannu_Kilkki1.jpg\"><img loading=\"lazy\" decoding=\"async\" aria-describedby=\"caption-attachment-1667\" class=\"size-large wp-image-1667\" alt=\"Seuran perustajaj\u00e4sen Sakari Korpisalo ja Hannu Kilkki\" src=\"https:\/\/kylat.ekarjala.fi\/kiesila\/wp-content\/uploads\/sites\/30\/2013\/11\/Sakari_Korpisalo_ja_Hannu_Kilkki1-1024x767.jpg\" width=\"640\" height=\"479\" srcset=\"https:\/\/kylat.ekarjala.fi\/kiesila\/wp-content\/uploads\/sites\/30\/2013\/11\/Sakari_Korpisalo_ja_Hannu_Kilkki1-1024x767.jpg 1024w, https:\/\/kylat.ekarjala.fi\/kiesila\/wp-content\/uploads\/sites\/30\/2013\/11\/Sakari_Korpisalo_ja_Hannu_Kilkki1-300x224.jpg 300w, https:\/\/kylat.ekarjala.fi\/kiesila\/wp-content\/uploads\/sites\/30\/2013\/11\/Sakari_Korpisalo_ja_Hannu_Kilkki1.jpg 1075w\" sizes=\"auto, (max-width: 640px) 100vw, 640px\" \/><\/a><p id=\"caption-attachment-1667\" class=\"wp-caption-text\">Seuran perustajaj\u00e4sen Sakari Korpisalo ja Hannu Kilkki<\/p><\/div>\n<p>&nbsp;<\/p>\n<p>&nbsp;<\/p>\n","protected":false},"excerpt":{"rendered":"<p>Kiesil\u00e4n Er\u00e4 ry vietti 50-vuotuisjuhlia mets\u00e4stysmajalla 1.11.2013. Kuvasatoa juhlista: &nbsp; &nbsp; &nbsp; &nbsp; &nbsp;<\/p>\n","protected":false},"author":59,"featured_media":0,"parent":20,"menu_order":0,"comment_status":"closed","ping_status":"closed","template":"","meta":{"footnotes":""},"class_list":["post-1632","page","type-page","status-publish","hentry"],"_links":{"self":[{"href":"https:\/\/kylat.ekarjala.fi\/kiesila\/wp-json\/wp\/v2\/pages\/1632","targetHints":{"allow":["GET"]}}],"collection":[{"href":"https:\/\/kylat.ekarjala.fi\/kiesila\/wp-json\/wp\/v2\/pages"}],"about":[{"href":"https:\/\/kylat.ekarjala.fi\/kiesila\/wp-json\/wp\/v2\/types\/page"}],"author":[{"embeddable":true,"href":"https:\/\/kylat.ekarjala.fi\/kiesila\/wp-json\/wp\/v2\/users\/59"}],"replies":[{"embeddable":true,"href":"https:\/\/kylat.ekarjala.fi\/kiesila\/wp-json\/wp\/v2\/comments?post=1632"}],"version-history":[{"count":16,"href":"https:\/\/kylat.ekarjala.fi\/kiesila\/wp-json\/wp\/v2\/pages\/1632\/revisions"}],"predecessor-version":[{"id":1669,"href":"https:\/\/kylat.ekarjala.fi\/kiesila\/wp-json\/wp\/v2\/pages\/1632\/revisions\/1669"}],"up":[{"embeddable":true,"href":"https:\/\/kylat.ekarjala.fi\/kiesila\/wp-json\/wp\/v2\/pages\/20"}],"wp:attachment":[{"href":"https:\/\/kylat.ekarjala.fi\/kiesila\/wp-json\/wp\/v2\/media?parent=1632"}],"curies":[{"name":"wp","href":"https:\/\/api.w.org\/{rel}","templated":true}]}}