{"id":1703,"date":"2014-01-12T22:04:32","date_gmt":"2014-01-12T20:34:32","guid":{"rendered":"https:\/\/kylat.ekarjala.fi\/kiesila\/?page_id=1703"},"modified":"2021-11-01T14:42:26","modified_gmt":"2021-11-01T13:12:26","slug":"toiminta-2013","status":"publish","type":"page","link":"https:\/\/kylat.ekarjala.fi\/kiesila\/kiesilan-era-ry\/toiminta-2013\/","title":{"rendered":"Toiminta 2013"},"content":{"rendered":"<p><strong><strong>Kiesil\u00e4n Er\u00e4 ry, 50 vuotta<\/strong><br \/>\n<strong>Juhlapeijaiset pidettiin majalla perjantaina 1.11.2013<\/strong><strong><\/strong><br \/>\n______________________________________________________<br \/>\nHirvijahti 2013. <\/strong><br \/>\nLuvat aikuiset 4\/ vasat 3. Lis\u00e4luvat aikuiset 1 \/vasa 1<br \/>\nSaalis, lopputilanne 17.11.<br \/>\nAikuiset 4\/vasat 3<\/p>\n<p>Hirvijahti alkoi 12.10. kauniissa syyss\u00e4\u00e4ss\u00e4 ja jo ensimm\u00e4isess\u00e4 ajossa lauantaina kaatui kaksi vasaa. Havaintoja oli lauantaina kaikkiaan kymmenest\u00e4 hirvest\u00e4.<br \/>\nSunnuntaina 13.10. saaliina oli yksi vasa ja yksi naaras, havaintoja oli viidest\u00e4 hirvest\u00e4.<br \/>\nLauantaina 19.10. hirvi\u00e4 n\u00e4htiin viisi kappaletta, mutta saalista ei tullut.<br \/>\nSunnuntaina 20.10. aamulla kuuden hirven lauma tervehti mets\u00e4st\u00e4ji\u00e4 heti aamulla. Saaliiksi saatiin yksi uros ja yksi naaras.<br \/>\nLauantaina 26.10. oli havaintoja kolmesta hirvest\u00e4, mutta ei saalista.<br \/>\nSunnuntaina 27.10 saatiin saaliiksi yksi 4- piikkinen uros. Havaintoja oli viidest\u00e4 hirvest\u00e4.<br \/>\nSunnuntain 3.11. havaintoja: yksi uros ja yksi\u00a0 naaras. Ei saalista.<br \/>\nLauantaina 9.11. ei hirvihavaintoja, mutta karhuja n\u00e4kyi, emokarhu ja kaksi pentua.<br \/>\nSunnuntaina 10.11. ei saalista, mutta kahdeksan hirvihavaintoa ja yksi ilves.<br \/>\nEi saalista 16. eik\u00e4 17.11. Hirvijahti 2013 on p\u00e4\u00e4ttynyt! _____________________________________________________<br \/>\nHirvijahti alkaa lauantaina 28.9.2013 kokoontumisella majalle klo 08:00.<strong> <\/strong>Ilmoittautua voi viel\u00e4 aamulla jahtiin, maksu k\u00e4teisell\u00e4.<br \/>\nMets\u00e4lle ei l\u00e4hdet\u00e4 viel\u00e4, vaan valmistaudutaan syksyn jahtikauteen paikkoja siivoten.<br \/>\n________________________________________________________<br \/>\nRiistakolmiolaskenta tehtiin lauantaina 10.8.2013.<br \/>\nMukana oli 10 innokasta laskijaa.<br \/>\n<strong>________________________________________________________<br \/>\nKes\u00e4kokous la 3.8.2013 klo 15:00 Veka Shopissa Kauriansalmella<br \/>\n<\/strong>Kahvitarjoilu alkaa klo 14:45.<br \/>\nKokouksessa k\u00e4sitell\u00e4\u00e4n s\u00e4\u00e4nt\u00f6jen kes\u00e4kokoukselle m\u00e4\u00e4r\u00e4\u00e4m\u00e4t asiat sek\u00e4 s\u00e4\u00e4nt\u00f6muutos, jossa seuraan voi p\u00e4\u00e4st\u00e4 koej\u00e4seneksi ja uuden j\u00e4senen valinta.<strong><br \/>\n________________________________________________________<br \/>\nSiivoustalkoot majalla jatkuvat lauantaina 25.5. klo 08:00 alkaen!<\/strong><br \/>\nTeht\u00e4vi\u00e4:\u00a0Polttopuiden tekoa. Saunan piippu paikoilleen. Laituri j\u00e4rveen. Majan, aittojen,\u00a0 saunan ja pukuhuoneen kev\u00e4tsiivous.<\/p>\n<p>________________________________________________________<br \/>\nKev\u00e4\u00e4n ohjelmassa ovat periteiset talkoot,<br \/>\n11.5. ensimm\u00e4iset ja 25.5. talkoot jatkuvat<br \/>\nTalkoot alkavat aamuisin klo 08:00.<br \/>\nOhjelmassa on normaalien siivouksien lis\u00e4ksi polttopuiden tekoa, sill\u00e4 tuuli on taas kaatanut muutaman puun. Saunan savupiipun kunnostusta ja laiturikin on viritelt\u00e4v\u00e4 veteen.<\/p>\n<p>Kes\u00e4ksi on viel\u00e4 vapaita viikkoja vuokrattavana, joten jos olet jonkun kuullut kyselev\u00e4n vuokram\u00f6kki\u00e4, niin l\u00e4het\u00e4 vinkki.<\/p>\n<p>Seuramme t\u00e4ytt\u00e4\u00e4 t\u00e4n\u00e4 vuonna 50 vuotta. Vuosikokouksessa valittiin juhlatoimikunta valmistelemaan 50 vuotisjuhlaa. Toimikuntaan kuuluvat johtokunta (Heikki Kiesil\u00e4, Hannu Kokkonen, Reino Kiesil\u00e4, Timo Saalasti, Ville Ruottinen ja Henri Bj\u00f6rn) lis\u00e4ksi\u00a0 Tuula Saalasti, Timo Leso ja Timo Tammelin. Juhlatoimikunta kokoontuu ensimm\u00e4isten talkoiden yhteydess\u00e4 11.5.2013.<br \/>\n______________________________________________________________<br \/>\nPilkkikisojen\u00a0 29.3. 2013 tulokset:<\/p>\n<p>Nuoret: Noora Ruottinen, Suomenniemi, 14g<\/p>\n<p>Naiset<br \/>\n1. Helena S\u00e4rkk\u00e4, Ristiina, 306g 2. Eila Huhta, M\u00e4ntyharju, 304g , 3. Liisa Hyyryl\u00e4inen, M\u00e4ntyharju, 112g 4. Tellervo Vahlman, Ristiina, 94g 5. Kaija Heikkinen, M\u00e4ntyharju, 92g 6. Anneli Laitinen, Suomenniemi, 64g 7. Seija Saloranta, M\u00e4ntyharju, 24g<br \/>\n8. Meri Karlsson, M\u00e4ntyharju, 18g 8. Marjaana Erola, Jyv\u00e4skyl\u00e4, 18g 10. Laila Hellsten, Lappeenranta, 14g<\/p>\n<p>Miehet<br \/>\n1. Ossi H\u00e4m\u00e4l\u00e4inen, Suomenniemi, 1948g 2. Hannu Kokkonen, Lahti, 662g 3. Antti Yl\u00e4j\u00e4\u00e4ski, Turku, 564g 4. Jarkko Nikkil\u00e4, Savitaipale,\u00a0 482g 5. Markku Hongisto, Savitaipale, 470g 6. Pertti Multanen, Kouvola, 402g 7. Kauko Heikkinen, M\u00e4ntyharju, 338g<br \/>\n8. Tauno Mikkola, M\u00e4ntyharju, 326g 9. Seppo Koukkari, Lappeenranta, 310g 10. Juha Hyrk\u00e4s, Lappeenranta, 294g 11. Matti Kurronen, Savitaipale, 284g 12. Arvo Viiru, M\u00e4ntyharju, 126g 13. Seppo Ahonen, M\u00e4ntyharju, 106g 14. Teuvo Huuhilo, M\u00e4ntyharju, 78g 15. Jaakko Muukka, Lemi, 32g 16. Tauno Hyyryl\u00e4inen, M\u00e4ntyharju, 30g<br \/>\n17. Ari M\u00f6ls\u00e4, Kotka, 22g 18. Osmo Kokkonen, Lappeenranta, 16g<\/p>\n<p>Suurin ahven: Eila Huhta, 304g<\/p>\n<p>_______________________________________________________________<br \/>\nRiistakolmiolaskenta suoritettiin kirpe\u00e4ss\u00e4 pakkass\u00e4\u00e4ss\u00e4 2.3. klo 08:00 alkaen.<br \/>\nMukana oli viisi innokasta laskijaa. Keli oli erinomainen, pakkasta aamulla noin 20 astetta ja hanki kantoi hyvin hiiht\u00e4ji\u00e4. Havaintoja tehtiin hirvien, kettujen, j\u00e4niksien, supien ja lumikon j\u00e4ljist\u00e4. Yksi metsokin n\u00e4kyi.<\/p>\n","protected":false},"excerpt":{"rendered":"<p>Kiesil\u00e4n Er\u00e4 ry, 50 vuotta Juhlapeijaiset pidettiin majalla perjantaina 1.11.2013 ______________________________________________________ Hirvijahti 2013. Luvat aikuiset 4\/ vasat 3. Lis\u00e4luvat aikuiset 1 \/vasa 1 Saalis, lopputilanne 17.11. Aikuiset 4\/vasat 3 Hirvijahti alkoi 12.10. kauniissa syyss\u00e4\u00e4ss\u00e4 ja jo ensimm\u00e4isess\u00e4 ajossa lauantaina kaatui &hellip; <a href=\"https:\/\/kylat.ekarjala.fi\/kiesila\/kiesilan-era-ry\/toiminta-2013\/\">Lue loppuun <span class=\"meta-nav\">&rarr;<\/span><\/a><\/p>\n","protected":false},"author":59,"featured_media":0,"parent":20,"menu_order":0,"comment_status":"closed","ping_status":"closed","template":"","meta":{"footnotes":""},"class_list":["post-1703","page","type-page","status-publish","hentry"],"_links":{"self":[{"href":"https:\/\/kylat.ekarjala.fi\/kiesila\/wp-json\/wp\/v2\/pages\/1703","targetHints":{"allow":["GET"]}}],"collection":[{"href":"https:\/\/kylat.ekarjala.fi\/kiesila\/wp-json\/wp\/v2\/pages"}],"about":[{"href":"https:\/\/kylat.ekarjala.fi\/kiesila\/wp-json\/wp\/v2\/types\/page"}],"author":[{"embeddable":true,"href":"https:\/\/kylat.ekarjala.fi\/kiesila\/wp-json\/wp\/v2\/users\/59"}],"replies":[{"embeddable":true,"href":"https:\/\/kylat.ekarjala.fi\/kiesila\/wp-json\/wp\/v2\/comments?post=1703"}],"version-history":[{"count":3,"href":"https:\/\/kylat.ekarjala.fi\/kiesila\/wp-json\/wp\/v2\/pages\/1703\/revisions"}],"predecessor-version":[{"id":1706,"href":"https:\/\/kylat.ekarjala.fi\/kiesila\/wp-json\/wp\/v2\/pages\/1703\/revisions\/1706"}],"up":[{"embeddable":true,"href":"https:\/\/kylat.ekarjala.fi\/kiesila\/wp-json\/wp\/v2\/pages\/20"}],"wp:attachment":[{"href":"https:\/\/kylat.ekarjala.fi\/kiesila\/wp-json\/wp\/v2\/media?parent=1703"}],"curies":[{"name":"wp","href":"https:\/\/api.w.org\/{rel}","templated":true}]}}