{"id":240,"date":"2011-11-17T16:35:11","date_gmt":"2011-11-17T15:05:11","guid":{"rendered":"https:\/\/kylat.ekarjala.fi\/kiesila\/?page_id=240"},"modified":"2012-04-27T15:45:34","modified_gmt":"2012-04-27T14:15:34","slug":"historiaa-2006","status":"publish","type":"page","link":"https:\/\/kylat.ekarjala.fi\/kiesila\/kiesilan-era-ry\/historiaa-2006\/","title":{"rendered":"Historiaa 2006"},"content":{"rendered":"<p><strong>Pilkkikisat mets\u00e4stysmajalla 14.4.06.<\/strong><br \/>\nV\u00e4ke\u00e4 oli toista sataa, joista pilkkij\u00f6it\u00e4 oli yli 80.<br \/>\n<a href=\"https:\/\/kylat.ekarjala.fi\/kiesila\/wp-content\/uploads\/sites\/30\/2011\/11\/Pilkki1.jpg\"><img loading=\"lazy\" decoding=\"async\" class=\"alignleft size-full wp-image-244\" src=\"https:\/\/kylat.ekarjala.fi\/kiesila\/wp-content\/uploads\/sites\/30\/2011\/11\/Pilkki1.jpg\" alt=\"\" width=\"587\" height=\"175\" \/><\/a><\/p>\n<p>&nbsp;<\/p>\n<p>&nbsp;<\/p>\n<p>&nbsp;<\/p>\n<p>&nbsp;<\/p>\n<p>___________________________________________________________<\/p>\n<p><strong>Hirvijahti 2006<\/strong><br \/>\nVuonna 2006 Kiesil\u00e4n Er\u00e4ll\u00e4 oli yhteens\u00e4 30 lupaa, joista aikuisille 17 ja vasoille 13.<\/p>\n<p>14-15.10<br \/>\nEnsimm\u00e4isen viikonlopun saalis oli yksi uros ja kaksi vasaa.<br \/>\n21-22.10.<br \/>\nLauantaina jahdin saaliit: 18-piikkinen uros, jonka ampui Kari Kauppinen ja yksi vasa, ampujana Henri Bj\u00f6rn. Sunnuntaina kaatui yksi vasa jahtip\u00e4\u00e4llik\u00f6n Hannu Kokkosen ampumana.<br \/>\n28-29.10.<br \/>\nLauantaina kaatui tuiskussa ja myr\u00e4k\u00e4ss\u00e4 yksi kuusisarvinen uros. Ja sunnuntaina kaksi aikuista (uroksia, naaraita? Toisen k\u00e4den tietol\u00e4hteeni ei tied\u00e4 tarkempaan&#8230;) ja kaksi vasaa. Yhteens\u00e4 nyt siis viisi aikuista, joista ainakin kolme on uroksia ja kuusi vasaa.<br \/>\n4-5.11.<br \/>\nEdelliselt\u00e4 viikonlopulta ei tullut yht\u00e4\u00e4n kuvaa, vain tieto. Nyt ei sit\u00e4k\u00e4\u00e4n. Kuulin kuitenkin huhuja, ettei olisi kaatunut yht\u00e4\u00e4n. Taisi voimakas lumentulo h\u00e4irit\u00e4 niin hirvi\u00e4 kuin mets\u00e4st\u00e4ji\u00e4kin.<br \/>\n11-12.11.<br \/>\nLauantaina 11.11. kaatui yhteens\u00e4 5 hirve\u00e4, kolme vasaa ja 2 aikuista.<br \/>\nSunnuntai kyll\u00e4 alkoi mukavasti, kakkukahveilla, mutta valitettavasti saalista ei saatu.<br \/>\n18-19.11.<br \/>\nViikonloppuna kaatui 5 aikuista naarasta.<br \/>\n2-3.12.<br \/>\nYksi hirvi kaatui, mutta siit\u00e4 ei ollut sy\u00f6t\u00e4v\u00e4ksi. Sen koko takaruho oli hounossa kunnossa. Ollut ilmeisesti kolarissa. Edelleen j\u00e4ljell\u00e4 2 aikuista hirve\u00e4&#8230;<br \/>\n9-10.12.<br \/>\nLautaina 9.12 saatiin vain kokemuksia, kehaisi Heikki Kiesil\u00e4. Eiv\u00e4t kuulemma edes n\u00e4hneet hirvi\u00e4. Sunnuntain saalis oli yksi naaras. J\u00e4ljelle j\u00e4i viel\u00e4 yksi aikuinen.<br \/>\n15.12.<br \/>\nHirvijahti p\u00e4\u00e4ttyi. Yksi j\u00e4i kaatamatta.<br \/>\n______________________________________________________________________<br \/>\n<strong>Is\u00e4np\u00e4iv\u00e4 yll\u00e4rit mets\u00e4stysmajalla 12.11.2006<\/strong><br \/>\n\u00c4idit yll\u00e4ttiv\u00e4t, ja tarjosivat is\u00e4np\u00e4iv\u00e4n t\u00e4ytekakkua jahtip\u00e4iv\u00e4n aluksi!<\/p>\n<p><a href=\"https:\/\/kylat.ekarjala.fi\/kiesila\/wp-content\/uploads\/sites\/30\/2011\/11\/isanpaiva2006.jpg\"><img loading=\"lazy\" decoding=\"async\" class=\"aligncenter size-full wp-image-264\" src=\"https:\/\/kylat.ekarjala.fi\/kiesila\/wp-content\/uploads\/sites\/30\/2011\/11\/isanpaiva2006.jpg\" alt=\"\" width=\"537\" height=\"398\" \/><\/a><\/p>\n","protected":false},"excerpt":{"rendered":"<p>Pilkkikisat mets\u00e4stysmajalla 14.4.06. V\u00e4ke\u00e4 oli toista sataa, joista pilkkij\u00f6it\u00e4 oli yli 80. &nbsp; &nbsp; &nbsp; &nbsp; ___________________________________________________________ Hirvijahti 2006 Vuonna 2006 Kiesil\u00e4n Er\u00e4ll\u00e4 oli yhteens\u00e4 30 lupaa, joista aikuisille 17 ja vasoille 13. 14-15.10 Ensimm\u00e4isen viikonlopun saalis oli yksi uros &hellip; <a href=\"https:\/\/kylat.ekarjala.fi\/kiesila\/kiesilan-era-ry\/historiaa-2006\/\">Lue loppuun <span class=\"meta-nav\">&rarr;<\/span><\/a><\/p>\n","protected":false},"author":59,"featured_media":0,"parent":20,"menu_order":0,"comment_status":"closed","ping_status":"closed","template":"","meta":{"footnotes":""},"class_list":["post-240","page","type-page","status-publish","hentry"],"_links":{"self":[{"href":"https:\/\/kylat.ekarjala.fi\/kiesila\/wp-json\/wp\/v2\/pages\/240","targetHints":{"allow":["GET"]}}],"collection":[{"href":"https:\/\/kylat.ekarjala.fi\/kiesila\/wp-json\/wp\/v2\/pages"}],"about":[{"href":"https:\/\/kylat.ekarjala.fi\/kiesila\/wp-json\/wp\/v2\/types\/page"}],"author":[{"embeddable":true,"href":"https:\/\/kylat.ekarjala.fi\/kiesila\/wp-json\/wp\/v2\/users\/59"}],"replies":[{"embeddable":true,"href":"https:\/\/kylat.ekarjala.fi\/kiesila\/wp-json\/wp\/v2\/comments?post=240"}],"version-history":[{"count":9,"href":"https:\/\/kylat.ekarjala.fi\/kiesila\/wp-json\/wp\/v2\/pages\/240\/revisions"}],"predecessor-version":[{"id":243,"href":"https:\/\/kylat.ekarjala.fi\/kiesila\/wp-json\/wp\/v2\/pages\/240\/revisions\/243"}],"up":[{"embeddable":true,"href":"https:\/\/kylat.ekarjala.fi\/kiesila\/wp-json\/wp\/v2\/pages\/20"}],"wp:attachment":[{"href":"https:\/\/kylat.ekarjala.fi\/kiesila\/wp-json\/wp\/v2\/media?parent=240"}],"curies":[{"name":"wp","href":"https:\/\/api.w.org\/{rel}","templated":true}]}}