{"id":2445,"date":"2015-02-09T11:05:44","date_gmt":"2015-02-09T09:35:44","guid":{"rendered":"https:\/\/kylat.ekarjala.fi\/kiesila\/?page_id=2445"},"modified":"2015-02-09T12:44:33","modified_gmt":"2015-02-09T11:14:33","slug":"toiminta-2014","status":"publish","type":"page","link":"https:\/\/kylat.ekarjala.fi\/kiesila\/kiesilan-era-ry\/toiminta-2014\/","title":{"rendered":"Toiminta 2014"},"content":{"rendered":"<p>Hirvijahti 2014:<\/p>\n<p><a href=\"https:\/\/kylat.ekarjala.fi\/kiesila\/wp-content\/uploads\/sites\/30\/2015\/02\/Hirvi-Jahti_2014.jpeg\"><img loading=\"lazy\" decoding=\"async\" class=\"alignleft size-large wp-image-2501\" src=\"https:\/\/kylat.ekarjala.fi\/kiesila\/wp-content\/uploads\/sites\/30\/2015\/02\/Hirvi-Jahti_2014-1024x704.jpeg\" alt=\"Hirvi-Jahti_2014\" width=\"640\" height=\"440\" srcset=\"https:\/\/kylat.ekarjala.fi\/kiesila\/wp-content\/uploads\/sites\/30\/2015\/02\/Hirvi-Jahti_2014-1024x704.jpeg 1024w, https:\/\/kylat.ekarjala.fi\/kiesila\/wp-content\/uploads\/sites\/30\/2015\/02\/Hirvi-Jahti_2014-300x206.jpeg 300w\" sizes=\"auto, (max-width: 640px) 100vw, 640px\" \/><\/a><\/p>\n<p>______________________________________________________<br \/>\nUuden villikarju- ja pienoishirviradan avajaiset<br \/>\nUuden villikarju- ja hirviradan avajaiset pidet\u00e4\u00e4n ampumaradalla la 6.9. klo 9.00. Tervetuloa tutustumaan uuteen rataan!<\/p>\n<p>Savitaipaleen riistakamerakuvailta<br \/>\nRiistakamerakuvailta kaikille seuroille ja seurueilla ( my\u00f6s Suomenniemen alueen ) Europaeuksen koululla 12.9. klo 19.00.<br \/>\nSeurakohtaisesti tulee koota yhteenveto muistitikulle kes\u00e4n aikana saaduista riistakamerakuvista ja valmistautua ne esitt\u00e4m\u00e4\u00e4n.<br \/>\n________________________________________________________<\/p>\n<p>Riistakolmiolaskenta lauantaina 16.8. klo 8:00. Kokoontuminen Ollin pajalla.<br \/>\n________________________________________________________<br \/>\nKes\u00e4kokous majalla 10.8. klo 15:00.<\/p>\n<p>K\u00e4sitell\u00e4\u00e4n s\u00e4\u00e4nt\u00f6jen kes\u00e4kokoukselle m\u00e4\u00e4r\u00e4\u00e4m\u00e4t asiat sek\u00e4 uusien j\u00e4senten valinta.<\/p>\n<p>_____________________________________________________<br \/>\nKev\u00e4\u00e4n ohjelmassa ovat periteiset talkoot,<br \/>\nTalkoot jatkuvat 24.5.\u00a0 Talkoot alkavat aamuisin klo 08:00.<br \/>\nLaitetaan m\u00f6kki kes\u00e4kuntoon!<br \/>\n____________________________________________________________<\/p>\n<p>Kiesil\u00e4n Er\u00e4 ry:n vuosikokous pidettiin lauantaina 1.2.2014<\/p>\n<p>Maksut s\u00e4ilyv\u00e4t ennallaan.\u00a0 Perinteisi\u00e4\u00a0 pilkkikisoja ei pidet\u00e4, syy j\u00e4\u00e4tilanne.<\/p>\n","protected":false},"excerpt":{"rendered":"<p>Hirvijahti 2014: ______________________________________________________ Uuden villikarju- ja pienoishirviradan avajaiset Uuden villikarju- ja hirviradan avajaiset pidet\u00e4\u00e4n ampumaradalla la 6.9. klo 9.00. Tervetuloa tutustumaan uuteen rataan! Savitaipaleen riistakamerakuvailta Riistakamerakuvailta kaikille seuroille ja seurueilla ( my\u00f6s Suomenniemen alueen ) Europaeuksen koululla 12.9. klo 19.00. &hellip; <a href=\"https:\/\/kylat.ekarjala.fi\/kiesila\/kiesilan-era-ry\/toiminta-2014\/\">Lue loppuun <span class=\"meta-nav\">&rarr;<\/span><\/a><\/p>\n","protected":false},"author":59,"featured_media":0,"parent":20,"menu_order":0,"comment_status":"closed","ping_status":"closed","template":"","meta":{"footnotes":""},"class_list":["post-2445","page","type-page","status-publish","hentry"],"_links":{"self":[{"href":"https:\/\/kylat.ekarjala.fi\/kiesila\/wp-json\/wp\/v2\/pages\/2445","targetHints":{"allow":["GET"]}}],"collection":[{"href":"https:\/\/kylat.ekarjala.fi\/kiesila\/wp-json\/wp\/v2\/pages"}],"about":[{"href":"https:\/\/kylat.ekarjala.fi\/kiesila\/wp-json\/wp\/v2\/types\/page"}],"author":[{"embeddable":true,"href":"https:\/\/kylat.ekarjala.fi\/kiesila\/wp-json\/wp\/v2\/users\/59"}],"replies":[{"embeddable":true,"href":"https:\/\/kylat.ekarjala.fi\/kiesila\/wp-json\/wp\/v2\/comments?post=2445"}],"version-history":[{"count":5,"href":"https:\/\/kylat.ekarjala.fi\/kiesila\/wp-json\/wp\/v2\/pages\/2445\/revisions"}],"predecessor-version":[{"id":2503,"href":"https:\/\/kylat.ekarjala.fi\/kiesila\/wp-json\/wp\/v2\/pages\/2445\/revisions\/2503"}],"up":[{"embeddable":true,"href":"https:\/\/kylat.ekarjala.fi\/kiesila\/wp-json\/wp\/v2\/pages\/20"}],"wp:attachment":[{"href":"https:\/\/kylat.ekarjala.fi\/kiesila\/wp-json\/wp\/v2\/media?parent=2445"}],"curies":[{"name":"wp","href":"https:\/\/api.w.org\/{rel}","templated":true}]}}