{"id":267,"date":"2011-11-28T21:34:30","date_gmt":"2011-11-28T20:04:30","guid":{"rendered":"https:\/\/kylat.ekarjala.fi\/kiesila\/?page_id=267"},"modified":"2012-04-27T15:45:34","modified_gmt":"2012-04-27T14:15:34","slug":"historiaa-2007","status":"publish","type":"page","link":"https:\/\/kylat.ekarjala.fi\/kiesila\/kiesilan-era-ry\/historiaa-2007\/","title":{"rendered":"Historiaa 2007"},"content":{"rendered":"<p>Pilkkikilpailut peruutettiin, koska j\u00e4\u00e4t sulivat.<\/p>\n<p>Talkoot olivat 28.4.2007 klo 08:00. Kunnostettiin saunan lauteet ja laituri. Lis\u00e4ksi asennettiin vesijohto saunalle ja siivottiin paikat hyv\u00e4\u00e4n kuntoon kes\u00e4n vuokralaisia varten. Takan korjaus oli my\u00f6s ohjelmassa.<br \/>\nTalkoot jatkuivat 19.5.2007 klo 08:00. M\u00f6kin siivoamista uuden takan teon j\u00e4ljilt\u00e4, laiturin asentaminen, aitan kunnostamista ym.<br \/>\nKes\u00e4kokous pidettiin 18.8.2007<br \/>\nRiistakolmiolaskenta 26.8.2007 klo 08:00. Kokoontuminen Kiesil\u00e4n Kievarilla<br \/>\nTalkoot ja hirvijahdin aloitus 29.9.2007 klo 08:00<br \/>\nVarsinainen hirvijahti alkoi 6.10.2007 ja p\u00e4\u00e4ttyi 2.12.2007. Lupia oli 25, joista 14 aikuiselle ja 11 vasalle, ja kaikki luvat k\u00e4ytettiin.<br \/>\nPerinteiset hirvipeijaiset pidettiin 2.11.2007<br \/>\n_________________________________________________________________<\/p>\n<p>&nbsp;<\/p>\n<p><strong>Otteita vuoden 2007 talvikokousp\u00f6yt\u00e4kirjasta:<\/strong><\/p>\n<p>Johtokuntaan toimintavuodelle 2007 valittiin Heikki Kiesil\u00e4, Heikki Salla, Hannu Kokkonen, Ville Ruottinen, Timo Saalasti ja Ossi H\u00e4m\u00e4l\u00e4inen. Tilintarkastajiksi valittiin Sakari Korpisalo ja Yrj\u00f6 Saalasti. Varatilintarkastajiksi valittiin Pentti Kokkonen ja Tuula Saalasti.<\/p>\n<p>Johtokunta valitsi puheenjohtajaksi Heikki Kiesil\u00e4n ja rahastonhoitajaksi Ville Ruottisen. Puheenjohtajan yhteystiedot: Puh. 050 551 3483,\u00a0 s\u00e4hk\u00f6posti: heikki.kiesila(a)gmail.com<\/p>\n<p>J\u00e4sen- ja liittym\u00e4maksujen vahvistaminen.<br \/>\nMaksut pidettiin ennallaan, j\u00e4senmaksuksi vuodelle 2007 vahvistettiin 20 \u20ac, vierasmaksu 5\u20ac\/pv\u00e4 (j\u00e4nis), liittymismaksu 400\u20ac ja vuosikortti 84\u20ac.<\/p>\n<p>Kilpailutoimikuntaan vuodelle 2007 valittiin uudelleen Timo Saalasti, Aatto Hongisto, Risto Kiesil\u00e4, Olli Kiesil\u00e4, Yrj\u00f6 Saalasti, Hannu Kokkonen ja Simo Kaikkonen.<\/p>\n<p>Muita kokouksessa esill\u00e4 olleita asioita:<br \/>\nRiistanhoitoyhdistys suosittelee mets\u00e4styskortin maksamista suoraveloituksena. Rhy:n ampumaradalle on suunniteltu uudet ampumakopit ja meluvallit, toteutus kev\u00e4\u00e4n\/kes\u00e4n aikana riippuen ymp\u00e4rist\u00f6lupien saamisesta.<br \/>\nRiistakolmiolaskenta suoritetaan 3.2.2007 klo 9.00 alkaen Kiesil\u00e4n Kievarilta.<br \/>\nOssi H\u00e4m\u00e4l\u00e4inen ja Aatto Hongisto toimivat suurpetoyhdyshenkil\u00f6in\u00e4.<br \/>\nSeura on mukana Suomenniemen yhteisluvassa hirvenmets\u00e4styksess\u00e4.<br \/>\nRhy:n kokous Sahramissa 15.2.2007 klo 18.00 alkaen.<br \/>\nPilkkikilpailut pidet\u00e4\u00e4n pitk\u00e4perjantaina 6.4.2007.<br \/>\nTulevan kev\u00e4\u00e4n talkoot\u00f6in\u00e4 tehd\u00e4\u00e4n saunan rappuset ja veden l\u00e4mmittimien asennus keitti\u00f6\u00f6n (mahdollisesti my\u00f6s nylkykatokseen).<\/p>\n<div id=\"attachment_290\" style=\"width: 526px\" class=\"wp-caption aligncenter\"><a href=\"https:\/\/kylat.ekarjala.fi\/kiesila\/wp-content\/uploads\/sites\/30\/2011\/11\/Vuosikokous2007.jpg\"><img loading=\"lazy\" decoding=\"async\" aria-describedby=\"caption-attachment-290\" class=\"size-full wp-image-290\" src=\"https:\/\/kylat.ekarjala.fi\/kiesila\/wp-content\/uploads\/sites\/30\/2011\/11\/Vuosikokous2007.jpg\" alt=\"\" width=\"516\" height=\"297\" \/><\/a><p id=\"caption-attachment-290\" class=\"wp-caption-text\">Vuosikokous 2007<\/p><\/div>\n<p>___________________________________________________________________<\/p>\n<p><strong>Kes\u00e4kouksen 2007 p\u00e4\u00e4t\u00f6ksi\u00e4<\/strong><br \/>\nMets\u00e4styksenjohtajaksi valittiin syksyn hirvijahtiin edelleen Hannu Kokkonen ja varajohtajiksi Sakari Korpisalo, Juhani Olla, Sauli Bj\u00f6rn, Raimo Laamo ja Timo Saalasti.<br \/>\nJahtiin ilmoittautuminen on teht\u00e4v\u00e4 viimeist\u00e4\u00e4n lauantaina 29.9.2007 klo 08:00 mets\u00e4stysmajalle, jolloin jahti alkaa. Hirvijahdin osallistumismaksu vuodelle 2007 on 120 \u20ac.\u00a0 Ensimm\u00e4inen jahtip\u00e4iv\u00e4 k\u00e4ytet\u00e4\u00e4n talkoot\u00f6iden merkeiss\u00e4.<br \/>\nMetso ja teerimets\u00e4stys. P\u00e4\u00e4tettiin ett\u00e4 metso on rauhoitettu edellisvuosien tapaan mutta teerikukkoja saa ampua 2 kpl\/j\u00e4sen.<br \/>\nPienpetojahti jatkuu edelleen. Sauli Bj\u00f6rnill\u00e4 on viel\u00e4 yksi loukku myyt\u00e4v\u00e4n\u00e4. Pienpetosaalislomakkeet ja saalistilastolomakkeet palautettava vuoden loppuun menness\u00e4!<br \/>\nRiistakolmiolaskenta Su 26.8. klo 8.00. Aloitus Kiesil\u00e4n Kievarilta.<\/p>\n<p>________________________________________________________________<\/p>\n<p><strong>Syksyn 2007 hirvijahti alkoi 6.10 ja p\u00e4\u00e4ttyi 2.12.2007<\/strong><\/p>\n<p>Lupia oli 14 aikuiselle ja 11 vasalle, yhteens\u00e4 25.<\/p>\n<p>Ensimm\u00e4isen p\u00e4iv\u00e4n, 6.10., saalis oli yksi urosvasa. Ampuja oli Henri Bj\u00f6rn.<br \/>\nSunnuntaina 7.10. ei saalista.<br \/>\nLauantaina 13.10. kaksi vasaa. Molemmat ampui Timo Saalasti.<br \/>\nSunnuntaina 14.10. kaksi urosta ja kaksi naarasta.<br \/>\nLauantaina 20.10.2007 yksi vasa.<br \/>\nSunnuntaina 21.10.2007 yksi uros.<br \/>\nLauantaina 27.10.2007 kaksi aikuista ja kaksi vasaa.<br \/>\nSunnuntaina 28.10.2007 yksi aikuinen.<br \/>\nLauantaina 3.11.2007 ei saalista.<br \/>\nSunnuntaina 4.11.2007 yksi vasa.<br \/>\nPerjantaina 9.11.2007 yksi aikuinen.<br \/>\nLauantaina 10.11.2007 kaksi aikuista.<br \/>\nSunnuntaina 11.11.2007 kaksi vasaa.<br \/>\nLauantaina 17.11.2007 yksi aikuinen.<br \/>\nSunnuntaina 18.11.2007 yksi aikuinen.<br \/>\nLauantaina 24.11.2007 yksi aikuinen.<br \/>\nSunnuntaina 25.11.2007 yksi ilmeisesti hirvikolarissa loukkaantunut vasa. Poliisiviranomaiset my\u00f6t\u00e4neet uuden luvan.<br \/>\nLauantaina 1.12.2007 yksi vasa.<br \/>\nSunnuntaina 2.12.2007 yksi vasa.<br \/>\n_____________________________________________________<\/p>\n<p>Hirvipeijaiset 2007<\/p>\n<div id=\"attachment_293\" style=\"width: 650px\" class=\"wp-caption aligncenter\"><a href=\"https:\/\/kylat.ekarjala.fi\/kiesila\/wp-content\/uploads\/sites\/30\/2011\/11\/Peijaiset-2007.jpg\"><img loading=\"lazy\" decoding=\"async\" aria-describedby=\"caption-attachment-293\" class=\"size-full wp-image-293\" src=\"https:\/\/kylat.ekarjala.fi\/kiesila\/wp-content\/uploads\/sites\/30\/2011\/11\/Peijaiset-2007.jpg\" alt=\"\" width=\"640\" height=\"480\" \/><\/a><p id=\"caption-attachment-293\" class=\"wp-caption-text\">Hirvipeijaiset 2.11.2007<\/p><\/div>\n","protected":false},"excerpt":{"rendered":"<p>Pilkkikilpailut peruutettiin, koska j\u00e4\u00e4t sulivat. Talkoot olivat 28.4.2007 klo 08:00. Kunnostettiin saunan lauteet ja laituri. Lis\u00e4ksi asennettiin vesijohto saunalle ja siivottiin paikat hyv\u00e4\u00e4n kuntoon kes\u00e4n vuokralaisia varten. Takan korjaus oli my\u00f6s ohjelmassa. Talkoot jatkuivat 19.5.2007 klo 08:00. M\u00f6kin siivoamista uuden &hellip; <a href=\"https:\/\/kylat.ekarjala.fi\/kiesila\/kiesilan-era-ry\/historiaa-2007\/\">Lue loppuun <span class=\"meta-nav\">&rarr;<\/span><\/a><\/p>\n","protected":false},"author":59,"featured_media":0,"parent":20,"menu_order":0,"comment_status":"closed","ping_status":"closed","template":"","meta":{"footnotes":""},"class_list":["post-267","page","type-page","status-publish","hentry"],"_links":{"self":[{"href":"https:\/\/kylat.ekarjala.fi\/kiesila\/wp-json\/wp\/v2\/pages\/267","targetHints":{"allow":["GET"]}}],"collection":[{"href":"https:\/\/kylat.ekarjala.fi\/kiesila\/wp-json\/wp\/v2\/pages"}],"about":[{"href":"https:\/\/kylat.ekarjala.fi\/kiesila\/wp-json\/wp\/v2\/types\/page"}],"author":[{"embeddable":true,"href":"https:\/\/kylat.ekarjala.fi\/kiesila\/wp-json\/wp\/v2\/users\/59"}],"replies":[{"embeddable":true,"href":"https:\/\/kylat.ekarjala.fi\/kiesila\/wp-json\/wp\/v2\/comments?post=267"}],"version-history":[{"count":12,"href":"https:\/\/kylat.ekarjala.fi\/kiesila\/wp-json\/wp\/v2\/pages\/267\/revisions"}],"predecessor-version":[{"id":269,"href":"https:\/\/kylat.ekarjala.fi\/kiesila\/wp-json\/wp\/v2\/pages\/267\/revisions\/269"}],"up":[{"embeddable":true,"href":"https:\/\/kylat.ekarjala.fi\/kiesila\/wp-json\/wp\/v2\/pages\/20"}],"wp:attachment":[{"href":"https:\/\/kylat.ekarjala.fi\/kiesila\/wp-json\/wp\/v2\/media?parent=267"}],"curies":[{"name":"wp","href":"https:\/\/api.w.org\/{rel}","templated":true}]}}