{"id":285,"date":"2011-12-14T11:18:18","date_gmt":"2011-12-14T09:48:18","guid":{"rendered":"https:\/\/kylat.ekarjala.fi\/kiesila\/?page_id=285"},"modified":"2012-04-27T15:45:34","modified_gmt":"2012-04-27T14:15:34","slug":"hitoriaa-2008","status":"publish","type":"page","link":"https:\/\/kylat.ekarjala.fi\/kiesila\/kiesilan-era-ry\/hitoriaa-2008\/","title":{"rendered":"Historiaa 2008"},"content":{"rendered":"<p><strong>Vuosikokous 2008<\/strong><br \/>\nOtteita kokousp\u00f6yt\u00e4kirjasta :<\/p>\n<p>Johtokuntaan toimintavuodelle 2008 valittiin edelleen Heikki Kiesil\u00e4, Heikki Salla, Hannu Kokkonen, Ville Ruottinen, Timo Saalasti ja Ossi H\u00e4m\u00e4l\u00e4inen. Tilintarkastajiksi valittiin Sakari Korpisalo ja Yrj\u00f6 Saalasti. Varatilintarkastajiksi valittiin Pentti Kokkonen ja Tuula Saalasti.<\/p>\n<p>J\u00e4sen- ja liittym\u00e4maksujen vahvistaminen.<\/p>\n<p>J\u00e4senmaksuksi vuodelle 2008 vahvistettiin 30 \u20ac, vierasmaksu 5\u20ac\/pv\u00e4 (j\u00e4nis), liittymismaksu 400\u20ac, nuorisoj\u00e4sen 200 \u20ac (15-18v) ja vuosikortti 84\u20ac. J\u00e4senmaksu maksettava seuran tilille\u00a0 416510-52030 huhtikuun loppuun menness\u00e4.<\/p>\n<p>Kilpailutoimikuntaan vuodelle 2008 valittiin uudelleen Timo Saalasti, Aatto Hongisto, Risto Kiesil\u00e4, Olli Kiesil\u00e4, Yrj\u00f6 Saalasti, Hannu Kokkonen ja Simo Kaikkonen.<\/p>\n<p>Riistakolmiolaskenta suoritetaan 23.2.2008 klo 08:00. Kokoontuminen Ollin pajalla. Pilkkikilpailut pidet\u00e4\u00e4n pitk\u00e4perjantaina 21.3.2008. Ossi H\u00e4m\u00e4l\u00e4inen ja Aatto Hongisto toimivat suurpetoyhdyshenkil\u00f6in\u00e4.<\/p>\n<p>Muita kokouksessa esill\u00e4 olleita asioita:<\/p>\n<p>Seura on mukana Suomenniemen yhteisluvassa hirvenmets\u00e4styksess\u00e4.Riistanhoitoyhdistys suosittelee mets\u00e4styskortin maksamista suoraveloituksena. Rhy:n ampumaradan kunnostus jatkuu kev\u00e4\u00e4n ja kes\u00e4n aikana.Seura on mukana Riistanhoitoyhdistyksen suurpetomets\u00e4styksess\u00e4. RHY:n suurpetopalaveri on 2.5.2008 Kiesil\u00e4n Er\u00e4n majalla.Tulevan kev\u00e4\u00e4n talkoot\u00f6in\u00e4 tehd\u00e4\u00e4n koiratarha, kunnostetaan kaivoa ym.J\u00e4senet, ilmoittakaa s\u00e4hk\u00f6postiosoitteenne puheenjohtajalle, niin saatte kokousp\u00f6yt\u00e4kirjat, RHY:n tiedotteet ja muutakin postia.<\/p>\n<div id=\"attachment_295\" style=\"width: 490px\" class=\"wp-caption aligncenter\"><a href=\"https:\/\/kylat.ekarjala.fi\/kiesila\/wp-content\/uploads\/sites\/30\/2011\/12\/Vuosikokous-2008.jpg\"><img loading=\"lazy\" decoding=\"async\" aria-describedby=\"caption-attachment-295\" class=\"size-full wp-image-295\" src=\"https:\/\/kylat.ekarjala.fi\/kiesila\/wp-content\/uploads\/sites\/30\/2011\/12\/Vuosikokous-2008.jpg\" alt=\"\" width=\"480\" height=\"319\" \/><\/a><p id=\"caption-attachment-295\" class=\"wp-caption-text\">Vuosikokous 2008<\/p><\/div>\n<p>______________________________________________________________<\/p>\n<p><strong>Kes\u00e4kokous 2008<\/strong><\/p>\n<p>Otteita kokousp\u00f6yt\u00e4kirjasta:<br \/>\nMets\u00e4styksen johtajaksi valittiin Hannu Kokkonen ja varajohtajiksi Sakari Korpisalo, Juhani Olla, Sauli Bj\u00f6rn, Raimo Laamo ja Timo Saalasti.<\/p>\n<p>Hirvijahtiin ilmoittautuminen viimeist\u00e4\u00e4n lauantaina 27.9.2008 klo 08:00 mets\u00e4stysmajalla. Maksu seuran tilille 416510-52030. Ensimm\u00e4inen jahtip\u00e4iv\u00e4 on talkoop\u00e4iv\u00e4.<\/p>\n<p>Kanalintujen ja sorsien mets\u00e4stys<br \/>\nMetsoja yksi per mets\u00e4st\u00e4j\u00e4, teeri\u00e4 harkiten kohtuullisesti.<br \/>\nSorsien met\u00e4stysoikeus on vain kalatusoikeuden omaavilla.<br \/>\nVierasmaksu 5 euroa\/p\u00e4iv\u00e4\/vieras. Seuran j\u00e4sen oltava mukana.<br \/>\nSaalisilmoitukset palautettava tammikuun 15. p\u00e4iv\u00e4\u00e4n menness\u00e4.<br \/>\nPienpetojahti jatkuu, samoin saalislomakkeet palautettava tammikuun 15. p\u00e4iv\u00e4\u00e4n menness\u00e4. Kartta ei sallituista mets\u00e4stysalueista n\u00e4ht\u00e4v\u00e4n\u00e4 mets\u00e4stysmajan sein\u00e4ll\u00e4, tai saatavana my\u00f6s puheenjohtajalta.<br \/>\n<a href=\"https:\/\/kylat.ekarjala.fi\/kiesila\/wp-content\/uploads\/sites\/30\/2011\/12\/Kes%C3%A4kokous-2008.jpg\"><img loading=\"lazy\" decoding=\"async\" class=\"aligncenter size-full wp-image-298\" src=\"https:\/\/kylat.ekarjala.fi\/kiesila\/wp-content\/uploads\/sites\/30\/2011\/12\/Kes%C3%A4kokous-2008.jpg\" alt=\"Kiesil\u00e4n Er\u00e4n kes\u00e4kokous Armaksen talolla 10.08.2008\" width=\"480\" height=\"319\" \/><\/a><\/p>\n<p>______________________________________________________________<br \/>\n<strong>Hirvijahti 2008<\/strong><br \/>\nSyksyn saalis oli 5 aikuista ja 10 vasaa.<\/p>\n<p>Hirvijahti alkoi lauantaina 4.10. Viikonlopun saalis oli yksi uroshirvi.<br \/>\nViikonloppuna 11.-12.10. hirvijahti jatkui ja saaliina oli yksi vasa.<br \/>\nLauantain 18.10. saalis oli yksi uroshirvi, sunnuntaina 19.10 ei saalista.<br \/>\nLauantaina 25.10 saalis oli yksi vasa ja samoin sunnuntaina.<br \/>\nSunnuntain 2.11. saalis kaksi vasaa ja yksi aikuinen.<br \/>\nLauantaina 8.11. saalis yksi aikuinen, sunnuntaina 9.11. ei saalista.<br \/>\nViikonloppuna 15.-16.11. pid\u00e4mme jahtitaukoa, ja odottelemme parempia kelej\u00e4.<br \/>\nLauantaina 22.11. saalis yksi aikuinen sunnuntaina 23.11. ei saalista.<br \/>\nLauantaina 29.11. saalis nelj\u00e4 vasaa ja sunnuntaina 30.11. yksi vasa.<\/p>\n","protected":false},"excerpt":{"rendered":"<p>Vuosikokous 2008 Otteita kokousp\u00f6yt\u00e4kirjasta : Johtokuntaan toimintavuodelle 2008 valittiin edelleen Heikki Kiesil\u00e4, Heikki Salla, Hannu Kokkonen, Ville Ruottinen, Timo Saalasti ja Ossi H\u00e4m\u00e4l\u00e4inen. Tilintarkastajiksi valittiin Sakari Korpisalo ja Yrj\u00f6 Saalasti. Varatilintarkastajiksi valittiin Pentti Kokkonen ja Tuula Saalasti. J\u00e4sen- ja liittym\u00e4maksujen &hellip; <a href=\"https:\/\/kylat.ekarjala.fi\/kiesila\/kiesilan-era-ry\/hitoriaa-2008\/\">Lue loppuun <span class=\"meta-nav\">&rarr;<\/span><\/a><\/p>\n","protected":false},"author":59,"featured_media":0,"parent":20,"menu_order":0,"comment_status":"closed","ping_status":"closed","template":"","meta":{"footnotes":""},"class_list":["post-285","page","type-page","status-publish","hentry"],"_links":{"self":[{"href":"https:\/\/kylat.ekarjala.fi\/kiesila\/wp-json\/wp\/v2\/pages\/285","targetHints":{"allow":["GET"]}}],"collection":[{"href":"https:\/\/kylat.ekarjala.fi\/kiesila\/wp-json\/wp\/v2\/pages"}],"about":[{"href":"https:\/\/kylat.ekarjala.fi\/kiesila\/wp-json\/wp\/v2\/types\/page"}],"author":[{"embeddable":true,"href":"https:\/\/kylat.ekarjala.fi\/kiesila\/wp-json\/wp\/v2\/users\/59"}],"replies":[{"embeddable":true,"href":"https:\/\/kylat.ekarjala.fi\/kiesila\/wp-json\/wp\/v2\/comments?post=285"}],"version-history":[{"count":9,"href":"https:\/\/kylat.ekarjala.fi\/kiesila\/wp-json\/wp\/v2\/pages\/285\/revisions"}],"predecessor-version":[{"id":288,"href":"https:\/\/kylat.ekarjala.fi\/kiesila\/wp-json\/wp\/v2\/pages\/285\/revisions\/288"}],"up":[{"embeddable":true,"href":"https:\/\/kylat.ekarjala.fi\/kiesila\/wp-json\/wp\/v2\/pages\/20"}],"wp:attachment":[{"href":"https:\/\/kylat.ekarjala.fi\/kiesila\/wp-json\/wp\/v2\/media?parent=285"}],"curies":[{"name":"wp","href":"https:\/\/api.w.org\/{rel}","templated":true}]}}