{"id":306,"date":"2011-12-14T11:52:18","date_gmt":"2011-12-14T10:22:18","guid":{"rendered":"https:\/\/kylat.ekarjala.fi\/kiesila\/?page_id=306"},"modified":"2012-04-27T15:45:34","modified_gmt":"2012-04-27T14:15:34","slug":"historiaa-2010","status":"publish","type":"page","link":"https:\/\/kylat.ekarjala.fi\/kiesila\/kiesilan-era-ry\/historiaa-2010\/","title":{"rendered":"Historiaa 2010"},"content":{"rendered":"<p><strong>Toiminta 2010 <\/strong><br \/>\n<strong>Otteita 7.2.2010 vuosikokousp\u00f6yt\u00e4kirjasta:<\/strong><\/p>\n<p>Johtokuntaan toimintavuodelle 2010 valittiin Heikki Kiesil\u00e4, Reino Kiesil\u00e4, Hannu Kokkonen, Ville Ruottinen, Timo Saalasti ja Henri Bj\u00f6rn.<br \/>\nTilintarkastajiksi valittiin Tuula Saalsti ja Sauli Bj\u00f6rn. Varatilintarkastajiksi valittiin Juhani Olla ja Mauri Hyv\u00e4rinen.<br \/>\nJohtokunta valitsi puheenjohtajaksi Heikki Kiesil\u00e4n ja varapuheenjohtajaksi Hannu Kokkosen, sihteeriksi Reino Kiesil\u00e4n sek\u00e4 rahastonhoitajaksi Ville Ruottisen.<br \/>\nJ\u00e4sen- ja liittym\u00e4maksujen vahvistaminen.<br \/>\nMaksut pidettiin ennallaan, j\u00e4senmaksuksi vuodelle 2010 vahvistettiin 30 \u20ac, vierasmaksu 5\u20ac\/pv\u00e4 (j\u00e4nis), liittymismaksu 400\u20ac, nuorisoj\u00e4sen 200 \u20ac (15-18v) ja vuosikortti 84\u20ac. J\u00e4senmaksu maksettava seuran tilille\u00a0 416510-52030 huhtikuun loppuun menness\u00e4.<br \/>\nKilpailutoimikuntaan vuodelle 2010 valittiin Raimo Laamo, Aatto Hongisto, Risto Kiesil\u00e4, Olli Kiesil\u00e4, Yrj\u00f6 Saalasti, Hannu Kokkonen ja Simo Kaikkonen.<br \/>\nMuita kokouksessa esill\u00e4 olleita asioita:<br \/>\nRiistakolmiolaskenta suoritetaan 6.3.2010 klo 8.00 alkaen. Kokoontuminen Ollin pajalla.<br \/>\nOssi H\u00e4m\u00e4l\u00e4inen ja Aatto Hongisto toimivat suurpetoyhdyshenkil\u00f6in\u00e4.<br \/>\nSeura on mukana Suomenniemen yhteisluvassa hirvenmets\u00e4styksess\u00e4.<br \/>\nPilkkikilpailut pidet\u00e4\u00e4n pitk\u00e4n\u00e4perjantaina 2.4.2010, jos j\u00e4\u00e4tilanne sallii.<br \/>\n____________________________________<br \/>\nPilkkikilpailujen 2.4.2010 tulokset<\/p>\n<p>Osanottajia 47<br \/>\nSuurin ahven:<br \/>\nReino Eskelinen\u00a0\u00a0\u00a0 0,268 kg<br \/>\nMiehet:<br \/>\n1)Jukka Katajala 3,756 kg 2)Jarkko Nikkil\u00e4 2,438 kg 3)Ari Yl\u00e4-Outinen 2,324 kg 4)Kalevi Virtanen 1.080 kg 5)Teuvo Huuhilo 0.860 kg 6)Reijo Kylli\u00e4inen 0,800 kg 7)Hannu Kokkonen 0,658 kg 8)Pertti Multanen 0,544 kg 9)Antero Hartonen 0,522 kg 10)Reino Eskelinen 0,452 kg 11)Tauno Mikkola 0,228 kg 12)Toni M\u00e4kel\u00e4 0,180 kg 13)Veikko Kontunen 0,170 kg 14)Seppo Ruottinen 0,088 kg 15)Keijo Kokkonen 0,072 kg 16)Sauli Bj\u00f6rn 0,062 kg<br \/>\nNaiset:<br \/>\n1)Raili Ruokoniemi 0,720 kg 2)Annikki Nieminen 0,676 kg 3)Annikki Laitinen 0,670 kg 4)Katri Nikkil\u00e4 0,452 kg 5)Meri Karlsson 0,314 kg 6)Paula Uusitalo 0,242 kg 7)Eija Huhta 0.192 kg 8)Auli Hostila 0,126 kg 9)Airi S\u00e4rkk\u00e4 0,114 kg 10)Anne K\u00e4rn\u00e4 0,042 kg<br \/>\nNuoret:<br \/>\n1.Anssi Kiljunen 0,286 kg<br \/>\n____________________________________________________<\/p>\n<p>Kev\u00e4\u00e4n talkooty\u00f6n\u00e4 kunnostettiin halkovaja. Katto uusittiin ja seiniin laitettiin laudoitus. Perustuksia kunnostettiin. Polttopuita tehtiin talkoilla useana lauantaina. Jopa niin paljon, ett\u00e4 kaikki klapit eiv\u00e4t mahtuneet uuteen halkovajaan.<br \/>\n______________________________________________<br \/>\nHirvijahti 2010:<br \/>\nLupia on aikuisille 10 ja 8 vasoille.<br \/>\nHirvijahti alkoi 16.10. Ensimm\u00e4isen jahtip\u00e4iv\u00e4n saalis oli yksi aikuinen ja yksi vasa. Sunnuntaina 17.10. ei saalista.<\/p>\n<p>Lauantaina 23.10. kaksi vasaa ja yksi uros, nelj\u00e4piikkinen.<br \/>\nSunnuntaina 24.10. yksi aikuinen.<br \/>\nLauantaina 30.10. saalis yksi vasa, ja sunnuntaina 31.10. yksi aikuinen.<br \/>\nLauantaina 6.11 ja sunnuntaina 7.11. ei saalista.<br \/>\nLauantaina 13.11. saalis kolme vasaa ja yksi aikuinen, sunnuntaina 14.11. yksi vasa.<br \/>\nLauantaina 20.11. saalis kolmetoistapiikkinen uroshirvi, sunnuntaina 21.11. yksi uros ja yksi vasa.<br \/>\nLauantaina 27.11. ei saalista, samoin sunnuntaina 28.11. ei saalista.<br \/>\nLauantaina 4.12. saalis yksi vasa, mutta sunnuntaina 5.12. ei saalista.<br \/>\nJahti jatkui my\u00f6s itsen\u00e4isyysp\u00e4iv\u00e4n\u00e4 6.12. ja saaliksi saatiin kaksi aikuista, joten vuoden 2010 hirvijahti on p\u00e4\u00e4ttyny<\/p>\n","protected":false},"excerpt":{"rendered":"<p>Toiminta 2010 Otteita 7.2.2010 vuosikokousp\u00f6yt\u00e4kirjasta: Johtokuntaan toimintavuodelle 2010 valittiin Heikki Kiesil\u00e4, Reino Kiesil\u00e4, Hannu Kokkonen, Ville Ruottinen, Timo Saalasti ja Henri Bj\u00f6rn. Tilintarkastajiksi valittiin Tuula Saalsti ja Sauli Bj\u00f6rn. Varatilintarkastajiksi valittiin Juhani Olla ja Mauri Hyv\u00e4rinen. Johtokunta valitsi puheenjohtajaksi Heikki &hellip; <a href=\"https:\/\/kylat.ekarjala.fi\/kiesila\/kiesilan-era-ry\/historiaa-2010\/\">Lue loppuun <span class=\"meta-nav\">&rarr;<\/span><\/a><\/p>\n","protected":false},"author":59,"featured_media":0,"parent":20,"menu_order":0,"comment_status":"closed","ping_status":"closed","template":"","meta":{"footnotes":""},"class_list":["post-306","page","type-page","status-publish","hentry"],"_links":{"self":[{"href":"https:\/\/kylat.ekarjala.fi\/kiesila\/wp-json\/wp\/v2\/pages\/306","targetHints":{"allow":["GET"]}}],"collection":[{"href":"https:\/\/kylat.ekarjala.fi\/kiesila\/wp-json\/wp\/v2\/pages"}],"about":[{"href":"https:\/\/kylat.ekarjala.fi\/kiesila\/wp-json\/wp\/v2\/types\/page"}],"author":[{"embeddable":true,"href":"https:\/\/kylat.ekarjala.fi\/kiesila\/wp-json\/wp\/v2\/users\/59"}],"replies":[{"embeddable":true,"href":"https:\/\/kylat.ekarjala.fi\/kiesila\/wp-json\/wp\/v2\/comments?post=306"}],"version-history":[{"count":4,"href":"https:\/\/kylat.ekarjala.fi\/kiesila\/wp-json\/wp\/v2\/pages\/306\/revisions"}],"predecessor-version":[{"id":308,"href":"https:\/\/kylat.ekarjala.fi\/kiesila\/wp-json\/wp\/v2\/pages\/306\/revisions\/308"}],"up":[{"embeddable":true,"href":"https:\/\/kylat.ekarjala.fi\/kiesila\/wp-json\/wp\/v2\/pages\/20"}],"wp:attachment":[{"href":"https:\/\/kylat.ekarjala.fi\/kiesila\/wp-json\/wp\/v2\/media?parent=306"}],"curies":[{"name":"wp","href":"https:\/\/api.w.org\/{rel}","templated":true}]}}