{"id":310,"date":"2011-12-14T12:49:59","date_gmt":"2011-12-14T11:19:59","guid":{"rendered":"https:\/\/kylat.ekarjala.fi\/kiesila\/?page_id=310"},"modified":"2012-04-27T15:45:34","modified_gmt":"2012-04-27T14:15:34","slug":"historiaa-2011","status":"publish","type":"page","link":"https:\/\/kylat.ekarjala.fi\/kiesila\/kiesilan-era-ry\/historiaa-2011\/","title":{"rendered":"Historiaa 2011"},"content":{"rendered":"<p><strong>Vuosikokous lauantaina 22.1.2011 klo 14:00<\/strong><br \/>\nKauriansalmella Tarmo l\u00e4hikauppa SannaShopissa. Esill\u00e4 vuosikokousasiat ja tontin osto.<\/p>\n<p>Kokousp\u00f6yt\u00e4kirja liitteen\u00e4.<\/p>\n<p><a href=\"https:\/\/kylat.ekarjala.fi\/kiesila\/wp-content\/uploads\/sites\/30\/2011\/12\/KIESIL%C3%84N-ER%C3%84-ry-kokousp%C3%B6yt%C3%A4kirja-1-22012011.pdf\" target=\"_blank\">KIESIL\u00c4N ER\u00c4 ry kokousp\u00f6yt\u00e4kirja 1-22012011<\/a><br \/>\n_______________________________________________________<\/p>\n<p>Riistakolmiolaskenta 5.3.2011 klo 08:00, mukana oli 6 laskijaa.<\/p>\n<p>_______________________________________________________<\/p>\n<p><strong>Pilkkikisat 26.3.2011<\/strong><\/p>\n<p>Tulokset:<br \/>\nMiehet<br \/>\n1)Antero Hartonen 2064, 2)Markku Hongisto 1698, 3)Pekka Lantta 1244, 4)Hannu Kokkonen 786, 5)Sakari Korpisalo 750, 6)Mikko Partonen 736, 7)Jukka K\u00e4rn\u00e4 434, 8)Tauno Hyyryl\u00e4inen 426, 9)Teuvo Huuhilo 422, 10)Matti Vasara 398<\/p>\n<p>Naiset<br \/>\n1)Leila Heikkinen 1254, 2)Laila Helsten 1194, 3)Aira Partio 616, 4)Rauha Eskelinen 670, 5)Paula Uusitalo 522, 6) Eila Huhta 424, 6)Anneli Laitinen 424, 8)Raili Raatikainen 422, 9)Airi S\u00e4rkk\u00e4 260, 10)\u00a0 Liisa Hyyryl\u00e4inen 82<\/p>\n<p>Suurin Ahven: Laila Helsten 268 grammaa<br \/>\n____________________________________________________________________<\/p>\n<p><strong>Kes\u00e4kokous 7.8.2011<\/strong><\/p>\n<p><a href=\"https:\/\/kylat.ekarjala.fi\/kiesila\/wp-content\/uploads\/sites\/30\/2011\/12\/KIESIL%C3%84N-ER%C3%84-ry-kokousp%C3%B6yt%C3%A4kirja-7.8.2011.pdf\">KIESIL\u00c4N ER\u00c4 ry kokousp\u00f6yt\u00e4kirja 7.8.2011<\/a><\/p>\n<p>_____________________________________________________________________<\/p>\n<p><strong>Hirvijahti 2011<\/strong><br \/>\nSyksyn 2011 hirvijahti alkoi 15.10.2011, ja p\u00e4\u00e4ttyi 19.11.2011<\/p>\n<p>Luvat: aikuiset 11\/vasat 8<br \/>\nEnsimm\u00e4isen jahtip\u00e4iv\u00e4n (15.10) saalis oli yksi vasa. Havaintoja muistakin hirvist\u00e4 oli, mutta kaatoja ei tullut.<br \/>\nJahti jatkui sunnuntaina, saalis yksi uros, 3- piikkiset sarvet ja yksi naaras.<br \/>\nLauantaina 22.10. saalis kaksi nelipiikkist\u00e4 urosta, sunnuntaina kolmipiikkinen uros, vasa ja naaras.<br \/>\nLauantain 29.10. saalis yksi naaras ja yksi vasa, sunnuntaina ei saalista.<br \/>\nLauantaina 6.11. yksi naaras ja sunnuntaina yksi naaras ja kolme vasaa.<br \/>\nlauantaina 12.11. saalis yksi nelipiikkinen uros ja suunnuntaina yksi vasa.<br \/>\nViimeiset, yksi vasa ja yksi aikuinen naaras, saatiin saaliiksi 19.11., joten hirvijahti on p\u00e4\u00e4ttynyt.<\/p>\n<p>&nbsp;<\/p>\n","protected":false},"excerpt":{"rendered":"<p>Vuosikokous lauantaina 22.1.2011 klo 14:00 Kauriansalmella Tarmo l\u00e4hikauppa SannaShopissa. Esill\u00e4 vuosikokousasiat ja tontin osto. Kokousp\u00f6yt\u00e4kirja liitteen\u00e4. KIESIL\u00c4N ER\u00c4 ry kokousp\u00f6yt\u00e4kirja 1-22012011 _______________________________________________________ Riistakolmiolaskenta 5.3.2011 klo 08:00, mukana oli 6 laskijaa. _______________________________________________________ Pilkkikisat 26.3.2011 Tulokset: Miehet 1)Antero Hartonen 2064, 2)Markku Hongisto &hellip; <a href=\"https:\/\/kylat.ekarjala.fi\/kiesila\/kiesilan-era-ry\/historiaa-2011\/\">Lue loppuun <span class=\"meta-nav\">&rarr;<\/span><\/a><\/p>\n","protected":false},"author":59,"featured_media":0,"parent":20,"menu_order":0,"comment_status":"closed","ping_status":"closed","template":"","meta":{"footnotes":""},"class_list":["post-310","page","type-page","status-publish","hentry"],"_links":{"self":[{"href":"https:\/\/kylat.ekarjala.fi\/kiesila\/wp-json\/wp\/v2\/pages\/310","targetHints":{"allow":["GET"]}}],"collection":[{"href":"https:\/\/kylat.ekarjala.fi\/kiesila\/wp-json\/wp\/v2\/pages"}],"about":[{"href":"https:\/\/kylat.ekarjala.fi\/kiesila\/wp-json\/wp\/v2\/types\/page"}],"author":[{"embeddable":true,"href":"https:\/\/kylat.ekarjala.fi\/kiesila\/wp-json\/wp\/v2\/users\/59"}],"replies":[{"embeddable":true,"href":"https:\/\/kylat.ekarjala.fi\/kiesila\/wp-json\/wp\/v2\/comments?post=310"}],"version-history":[{"count":8,"href":"https:\/\/kylat.ekarjala.fi\/kiesila\/wp-json\/wp\/v2\/pages\/310\/revisions"}],"predecessor-version":[{"id":313,"href":"https:\/\/kylat.ekarjala.fi\/kiesila\/wp-json\/wp\/v2\/pages\/310\/revisions\/313"}],"up":[{"embeddable":true,"href":"https:\/\/kylat.ekarjala.fi\/kiesila\/wp-json\/wp\/v2\/pages\/20"}],"wp:attachment":[{"href":"https:\/\/kylat.ekarjala.fi\/kiesila\/wp-json\/wp\/v2\/media?parent=310"}],"curies":[{"name":"wp","href":"https:\/\/api.w.org\/{rel}","templated":true}]}}