{"id":32,"date":"2011-11-02T11:40:09","date_gmt":"2011-11-02T10:10:09","guid":{"rendered":"https:\/\/kylat.ekarjala.fi\/kiesila\/?page_id=32"},"modified":"2025-08-15T07:38:33","modified_gmt":"2025-08-15T06:08:33","slug":"yritykset","status":"publish","type":"page","link":"https:\/\/kylat.ekarjala.fi\/kiesila\/yritykset\/","title":{"rendered":"Yritykset"},"content":{"rendered":"<p>Kiesil\u00e4 &#8211; Pajulahti &#8211; Kakkola alueella toimii monia yrityksi\u00e4, joiden palveluita kannattaa k\u00e4ytt\u00e4\u00e4. Kyl\u00e4lt\u00e4 l\u00f6ytyy rakennusalan ammattilaisia, maanrakennus- ja kuljetusalan yritt\u00e4ji\u00e4 ja niin edelleen.<\/p>\n<p><strong>KYLIT\u00c4 SAATAVIA\u00a0 PALVELUJA<\/strong>:<\/p>\n<p>Forever on maailman suurin Aloe Vera -tuotteiden tuottaja, valmistaja ja jakelija. Tuotteidemme p\u00e4\u00e4ainesosa on 100-prosenttinen stabiloitu Aloe Vera Gel -geeli.<br \/><strong>Forever Living Productsin itsen\u00e4inen j\u00e4lleenmyyj\u00e4: Minna Kiesil\u00e4<\/strong><\/p>\n<p>______________________________________________________________<\/p>\n<p><strong>Poppinen<\/strong><br \/>Aloe Vera terveys-, ihonhoito- ja kosmetiikkatuotteet, kielenk\u00e4\u00e4nt\u00e4mispalvelut (englanti-suomi, saksa-suomi), kotiel\u00e4inalan neuvonta ja asiantuntijapalvelut: Poppinen \/ Outi Ruottinen 050 359 4509<br \/>______________________________________________________________<br \/>Kaivinkone ja maanrakennusty\u00f6t: Olli Kiesil\u00e4 0400 258 839<\/p>\n<p>______________________________________________________________<\/p>\n<p><a href=\"https:\/\/kylat.ekarjala.fi\/kiesila\/wp-content\/uploads\/sites\/30\/2011\/11\/JukaH.jpg\"><img loading=\"lazy\" decoding=\"async\" class=\"alignleft size-full wp-image-605\" src=\"https:\/\/kylat.ekarjala.fi\/kiesila\/wp-content\/uploads\/sites\/30\/2011\/11\/JukaH.jpg\" alt=\"\" width=\"448\" height=\"336\" \/><\/a><\/p>\n<p>Polttopuuta klapeina ja halkoina: Jukka Hostila 050 495 9221<br \/>______________________________________________________________<br \/>Puunkaadot: Pekka Pastinen 050 4137919<br \/>______________________________________________________________<\/p>\n<p><a href=\"https:\/\/kylat.ekarjala.fi\/kiesila\/wp-content\/uploads\/sites\/30\/2011\/11\/RistoK.jpg\"><img loading=\"lazy\" decoding=\"async\" class=\"alignleft size-full wp-image-616\" src=\"https:\/\/kylat.ekarjala.fi\/kiesila\/wp-content\/uploads\/sites\/30\/2011\/11\/RistoK.jpg\" alt=\"\" width=\"453\" height=\"184\" \/><\/a>\u2022Puutavaran l\u00e4hikuljetus<br \/>\u2022Ty\u00f6koneiden lavettisiirrot<\/p>\n<p>Jari Kiesil\u00e4 0400-276106<\/p>\n\n\n<p><\/p>\n","protected":false},"excerpt":{"rendered":"<p>Kiesil\u00e4 &#8211; Pajulahti &#8211; Kakkola alueella toimii monia yrityksi\u00e4, joiden palveluita kannattaa k\u00e4ytt\u00e4\u00e4. Kyl\u00e4lt\u00e4 l\u00f6ytyy rakennusalan ammattilaisia, maanrakennus- ja kuljetusalan yritt\u00e4ji\u00e4 ja niin edelleen. KYLIT\u00c4 SAATAVIA\u00a0 PALVELUJA: Forever on maailman suurin Aloe Vera -tuotteiden tuottaja, valmistaja ja jakelija. Tuotteidemme p\u00e4\u00e4ainesosa &hellip; <a href=\"https:\/\/kylat.ekarjala.fi\/kiesila\/yritykset\/\">Lue loppuun <span class=\"meta-nav\">&rarr;<\/span><\/a><\/p>\n","protected":false},"author":59,"featured_media":0,"parent":0,"menu_order":0,"comment_status":"closed","ping_status":"closed","template":"","meta":{"footnotes":""},"class_list":["post-32","page","type-page","status-publish","hentry"],"_links":{"self":[{"href":"https:\/\/kylat.ekarjala.fi\/kiesila\/wp-json\/wp\/v2\/pages\/32","targetHints":{"allow":["GET"]}}],"collection":[{"href":"https:\/\/kylat.ekarjala.fi\/kiesila\/wp-json\/wp\/v2\/pages"}],"about":[{"href":"https:\/\/kylat.ekarjala.fi\/kiesila\/wp-json\/wp\/v2\/types\/page"}],"author":[{"embeddable":true,"href":"https:\/\/kylat.ekarjala.fi\/kiesila\/wp-json\/wp\/v2\/users\/59"}],"replies":[{"embeddable":true,"href":"https:\/\/kylat.ekarjala.fi\/kiesila\/wp-json\/wp\/v2\/comments?post=32"}],"version-history":[{"count":20,"href":"https:\/\/kylat.ekarjala.fi\/kiesila\/wp-json\/wp\/v2\/pages\/32\/revisions"}],"predecessor-version":[{"id":6436,"href":"https:\/\/kylat.ekarjala.fi\/kiesila\/wp-json\/wp\/v2\/pages\/32\/revisions\/6436"}],"wp:attachment":[{"href":"https:\/\/kylat.ekarjala.fi\/kiesila\/wp-json\/wp\/v2\/media?parent=32"}],"curies":[{"name":"wp","href":"https:\/\/api.w.org\/{rel}","templated":true}]}}