{"id":37,"date":"2011-11-02T11:55:48","date_gmt":"2011-11-02T10:25:48","guid":{"rendered":"https:\/\/kylat.ekarjala.fi\/kiesila\/?page_id=37"},"modified":"2025-07-14T12:58:32","modified_gmt":"2025-07-14T11:28:32","slug":"kiesilan-kievari","status":"publish","type":"page","link":"https:\/\/kylat.ekarjala.fi\/kiesila\/yritykset\/kiesilan-kievari\/","title":{"rendered":"Kiesil\u00e4n Kievari"},"content":{"rendered":"<p><a href=\"https:\/\/kylat.ekarjala.fi\/kiesila\/wp-content\/uploads\/sites\/30\/2011\/11\/20150808_152750.jpg\"><img loading=\"lazy\" decoding=\"async\" class=\"alignleft size-large wp-image-3073\" src=\"https:\/\/kylat.ekarjala.fi\/kiesila\/wp-content\/uploads\/sites\/30\/2011\/11\/20150808_152750-1024x576.jpg\" alt=\"20150808_152750\" width=\"640\" height=\"360\" srcset=\"https:\/\/kylat.ekarjala.fi\/kiesila\/wp-content\/uploads\/sites\/30\/2011\/11\/20150808_152750-1024x576.jpg 1024w, https:\/\/kylat.ekarjala.fi\/kiesila\/wp-content\/uploads\/sites\/30\/2011\/11\/20150808_152750-300x169.jpg 300w\" sizes=\"auto, (max-width: 640px) 100vw, 640px\" \/><\/a><\/p>\n<p>Kiesil\u00e4n Kievari Oy on nyt Facebookissa.<br \/><span style=\"font-size: medium\">Avaa sivut allaolevasta linkist\u00e4:<\/span><\/p>\n<p><a href=\"https:\/\/fi-fi.facebook.com\/kiesilankievari\" target=\"_blank\" rel=\"noopener noreferrer\">Kiesil\u00e4n Kievari facebook<\/a><\/p>\n<p>Kahvila-ravintola Kiesil\u00e4n kievari<br \/>Lappeenrannantie 3254, 52830 Suomenniemi<br \/>0405236672<br \/>kiesilan.kievari@gmail.com<\/p>\n<p>&nbsp;<\/p>\n<p><strong>Uudistettu lounasbuffet\u00a0 sek\u00e4 Ala Carte annoksia.<\/strong><br \/>Hampurilaisia,pizzaa,suolaisia ja makeita leivonnaisia my\u00f6s mukaan.<br \/>Tilauksesta t\u00e4ytekakut ja voileip\u00e4kakut ym makeat\/suolaiset leivonnaiset.<br \/>Matin kes\u00e4torilta kes\u00e4kukat,taimet,savukalaa ym paikallisia kes\u00e4herkkuja.<\/p>\n<p><a href=\"https:\/\/kylat.ekarjala.fi\/kiesila\/wp-content\/uploads\/sites\/30\/2022\/04\/KievarinLounas.jpg\"><img loading=\"lazy\" decoding=\"async\" class=\"aligncenter wp-image-5379\" src=\"https:\/\/kylat.ekarjala.fi\/kiesila\/wp-content\/uploads\/sites\/30\/2022\/04\/KievarinLounas-225x300.jpg\" alt=\"\" width=\"400\" height=\"533\" srcset=\"https:\/\/kylat.ekarjala.fi\/kiesila\/wp-content\/uploads\/sites\/30\/2022\/04\/KievarinLounas-225x300.jpg 225w, https:\/\/kylat.ekarjala.fi\/kiesila\/wp-content\/uploads\/sites\/30\/2022\/04\/KievarinLounas.jpg 720w\" sizes=\"auto, (max-width: 400px) 100vw, 400px\" \/><\/a><\/p>\n<p><span style=\"font-size: medium\">\u00a0<\/span><\/p>\n\n\n<p><\/p>\n","protected":false},"excerpt":{"rendered":"<p>Kiesil\u00e4n Kievari Oy on nyt Facebookissa.Avaa sivut allaolevasta linkist\u00e4: Kiesil\u00e4n Kievari facebook Kahvila-ravintola Kiesil\u00e4n kievariLappeenrannantie 3254, 52830 Suomenniemi0405236672kiesilan.kievari@gmail.com &nbsp; Uudistettu lounasbuffet\u00a0 sek\u00e4 Ala Carte annoksia.Hampurilaisia,pizzaa,suolaisia ja makeita leivonnaisia my\u00f6s mukaan.Tilauksesta t\u00e4ytekakut ja voileip\u00e4kakut ym makeat\/suolaiset leivonnaiset.Matin kes\u00e4torilta kes\u00e4kukat,taimet,savukalaa ym paikallisia &hellip; <a href=\"https:\/\/kylat.ekarjala.fi\/kiesila\/yritykset\/kiesilan-kievari\/\">Lue loppuun <span class=\"meta-nav\">&rarr;<\/span><\/a><\/p>\n","protected":false},"author":59,"featured_media":0,"parent":32,"menu_order":0,"comment_status":"closed","ping_status":"closed","template":"","meta":{"footnotes":""},"class_list":["post-37","page","type-page","status-publish","hentry"],"_links":{"self":[{"href":"https:\/\/kylat.ekarjala.fi\/kiesila\/wp-json\/wp\/v2\/pages\/37","targetHints":{"allow":["GET"]}}],"collection":[{"href":"https:\/\/kylat.ekarjala.fi\/kiesila\/wp-json\/wp\/v2\/pages"}],"about":[{"href":"https:\/\/kylat.ekarjala.fi\/kiesila\/wp-json\/wp\/v2\/types\/page"}],"author":[{"embeddable":true,"href":"https:\/\/kylat.ekarjala.fi\/kiesila\/wp-json\/wp\/v2\/users\/59"}],"replies":[{"embeddable":true,"href":"https:\/\/kylat.ekarjala.fi\/kiesila\/wp-json\/wp\/v2\/comments?post=37"}],"version-history":[{"count":20,"href":"https:\/\/kylat.ekarjala.fi\/kiesila\/wp-json\/wp\/v2\/pages\/37\/revisions"}],"predecessor-version":[{"id":6424,"href":"https:\/\/kylat.ekarjala.fi\/kiesila\/wp-json\/wp\/v2\/pages\/37\/revisions\/6424"}],"up":[{"embeddable":true,"href":"https:\/\/kylat.ekarjala.fi\/kiesila\/wp-json\/wp\/v2\/pages\/32"}],"wp:attachment":[{"href":"https:\/\/kylat.ekarjala.fi\/kiesila\/wp-json\/wp\/v2\/media?parent=37"}],"curies":[{"name":"wp","href":"https:\/\/api.w.org\/{rel}","templated":true}]}}