{"id":50,"date":"2011-11-03T16:10:41","date_gmt":"2011-11-03T14:40:41","guid":{"rendered":"https:\/\/kylat.ekarjala.fi\/kiesila\/?page_id=50"},"modified":"2017-04-16T15:29:35","modified_gmt":"2017-04-16T13:59:35","slug":"nahtavyydet","status":"publish","type":"page","link":"https:\/\/kylat.ekarjala.fi\/kiesila\/nahtavyydet\/","title":{"rendered":"N\u00e4ht\u00e4vyydet"},"content":{"rendered":"<p>Kiesil\u00e4 &#8211; Pajulahti &#8211; Kakkola alueella on n\u00e4ht\u00e4v\u00e4\u00e4 kes\u00e4isin, esim. Lyytikk\u00e4l\u00e4n talomuseo.<\/p>\n","protected":false},"excerpt":{"rendered":"<p>Kiesil\u00e4 &#8211; Pajulahti &#8211; Kakkola alueella on n\u00e4ht\u00e4v\u00e4\u00e4 kes\u00e4isin, esim. Lyytikk\u00e4l\u00e4n talomuseo.<\/p>\n","protected":false},"author":59,"featured_media":0,"parent":0,"menu_order":0,"comment_status":"closed","ping_status":"closed","template":"","meta":{"footnotes":""},"class_list":["post-50","page","type-page","status-publish","hentry"],"_links":{"self":[{"href":"https:\/\/kylat.ekarjala.fi\/kiesila\/wp-json\/wp\/v2\/pages\/50","targetHints":{"allow":["GET"]}}],"collection":[{"href":"https:\/\/kylat.ekarjala.fi\/kiesila\/wp-json\/wp\/v2\/pages"}],"about":[{"href":"https:\/\/kylat.ekarjala.fi\/kiesila\/wp-json\/wp\/v2\/types\/page"}],"author":[{"embeddable":true,"href":"https:\/\/kylat.ekarjala.fi\/kiesila\/wp-json\/wp\/v2\/users\/59"}],"replies":[{"embeddable":true,"href":"https:\/\/kylat.ekarjala.fi\/kiesila\/wp-json\/wp\/v2\/comments?post=50"}],"version-history":[{"count":9,"href":"https:\/\/kylat.ekarjala.fi\/kiesila\/wp-json\/wp\/v2\/pages\/50\/revisions"}],"predecessor-version":[{"id":3694,"href":"https:\/\/kylat.ekarjala.fi\/kiesila\/wp-json\/wp\/v2\/pages\/50\/revisions\/3694"}],"wp:attachment":[{"href":"https:\/\/kylat.ekarjala.fi\/kiesila\/wp-json\/wp\/v2\/media?parent=50"}],"curies":[{"name":"wp","href":"https:\/\/api.w.org\/{rel}","templated":true}]}}