{"id":53,"date":"2011-11-03T16:11:42","date_gmt":"2011-11-03T14:41:42","guid":{"rendered":"https:\/\/kylat.ekarjala.fi\/kiesila\/?page_id=53"},"modified":"2025-05-21T08:13:24","modified_gmt":"2025-05-21T06:43:24","slug":"lyytikkala","status":"publish","type":"page","link":"https:\/\/kylat.ekarjala.fi\/kiesila\/nahtavyydet\/lyytikkala\/","title":{"rendered":"Lyytikk\u00e4l\u00e4"},"content":{"rendered":"\n<p class=\"has-text-align-center\"><strong>LYYTIKK\u00c4L\u00c4N TALO-MUSEO<\/strong><\/p>\n\n\n\n<p class=\"has-text-align-left\">__________________________________________________________<\/p>\n\n\n\n<p class=\"has-text-align-center\"><\/p>\n\n\n<div class=\"wp-block-image\">\n<figure class=\"aligncenter\"><a href=\"https:\/\/kylat.ekarjala.fi\/kiesila\/wp-content\/uploads\/sites\/30\/2011\/11\/Lyytikk%C3%A4l%C3%A4.jpg\"><img decoding=\"async\" src=\"https:\/\/kylat.ekarjala.fi\/kiesila\/wp-content\/uploads\/sites\/30\/2011\/11\/Lyytikk%C3%A4l%C3%A4.jpg\" alt=\"\" class=\"wp-image-170\" \/><\/a><\/figure>\n<\/div>\n\n\n<p>Lyytikk\u00e4l\u00e4-talo S\u00e4\u00e4tio jakoi kulttuuripalkintoja ensimm\u00e4ist\u00e4 kertaa kes\u00e4ll\u00e4 2007<\/p>\n\n\n\n<p>Osoite: Pajulahdentie 17<\/p>\n\n\n\n<p>Lyytikk\u00e4l\u00e4 on kaakkois-suomalainen suurtila, jonka hyvin s\u00e4ilyneet rakennukset ovat 1700-luvun lopulta, 1850-luvulta ja 1900-luvun alkupuolelta. Talomuseo k\u00e4sitt\u00e4\u00e4 20 arvokasta rakennusta.<br>\n_____________________________________________________________<\/p>\n\n\n\n<p><strong>Kes\u00e4n 2025 tapahtumat:<\/strong><\/p>\n\n\n\n<p><strong><br><\/strong><\/p>\n\n\n\n<figure class=\"wp-block-image size-full\"><a href=\"https:\/\/kylat.ekarjala.fi\/kiesila\/wp-content\/uploads\/sites\/30\/2025\/05\/Kesa_2025.jpg\"><img loading=\"lazy\" decoding=\"async\" width=\"818\" height=\"612\" src=\"https:\/\/kylat.ekarjala.fi\/kiesila\/wp-content\/uploads\/sites\/30\/2025\/05\/Kesa_2025.jpg\" alt=\"\" class=\"wp-image-6397\" srcset=\"https:\/\/kylat.ekarjala.fi\/kiesila\/wp-content\/uploads\/sites\/30\/2025\/05\/Kesa_2025.jpg 818w, https:\/\/kylat.ekarjala.fi\/kiesila\/wp-content\/uploads\/sites\/30\/2025\/05\/Kesa_2025-300x224.jpg 300w, https:\/\/kylat.ekarjala.fi\/kiesila\/wp-content\/uploads\/sites\/30\/2025\/05\/Kesa_2025-768x575.jpg 768w\" sizes=\"auto, (max-width: 818px) 100vw, 818px\" \/><\/a><\/figure>\n\n\n\n<p><strong><br><\/strong><br><\/p>\n","protected":false},"excerpt":{"rendered":"<p>LYYTIKK\u00c4L\u00c4N TALO-MUSEO __________________________________________________________ Lyytikk\u00e4l\u00e4-talo S\u00e4\u00e4tio jakoi kulttuuripalkintoja ensimm\u00e4ist\u00e4 kertaa kes\u00e4ll\u00e4 2007 Osoite: Pajulahdentie 17 Lyytikk\u00e4l\u00e4 on kaakkois-suomalainen suurtila, jonka hyvin s\u00e4ilyneet rakennukset ovat 1700-luvun lopulta, 1850-luvulta ja 1900-luvun alkupuolelta. Talomuseo k\u00e4sitt\u00e4\u00e4 20 arvokasta rakennusta. _____________________________________________________________ Kes\u00e4n 2025 tapahtumat:<\/p>\n","protected":false},"author":59,"featured_media":0,"parent":50,"menu_order":0,"comment_status":"closed","ping_status":"closed","template":"","meta":{"footnotes":""},"class_list":["post-53","page","type-page","status-publish","hentry"],"_links":{"self":[{"href":"https:\/\/kylat.ekarjala.fi\/kiesila\/wp-json\/wp\/v2\/pages\/53","targetHints":{"allow":["GET"]}}],"collection":[{"href":"https:\/\/kylat.ekarjala.fi\/kiesila\/wp-json\/wp\/v2\/pages"}],"about":[{"href":"https:\/\/kylat.ekarjala.fi\/kiesila\/wp-json\/wp\/v2\/types\/page"}],"author":[{"embeddable":true,"href":"https:\/\/kylat.ekarjala.fi\/kiesila\/wp-json\/wp\/v2\/users\/59"}],"replies":[{"embeddable":true,"href":"https:\/\/kylat.ekarjala.fi\/kiesila\/wp-json\/wp\/v2\/comments?post=53"}],"version-history":[{"count":20,"href":"https:\/\/kylat.ekarjala.fi\/kiesila\/wp-json\/wp\/v2\/pages\/53\/revisions"}],"predecessor-version":[{"id":6398,"href":"https:\/\/kylat.ekarjala.fi\/kiesila\/wp-json\/wp\/v2\/pages\/53\/revisions\/6398"}],"up":[{"embeddable":true,"href":"https:\/\/kylat.ekarjala.fi\/kiesila\/wp-json\/wp\/v2\/pages\/50"}],"wp:attachment":[{"href":"https:\/\/kylat.ekarjala.fi\/kiesila\/wp-json\/wp\/v2\/media?parent=53"}],"curies":[{"name":"wp","href":"https:\/\/api.w.org\/{rel}","templated":true}]}}