{"id":57,"date":"2011-11-03T16:14:08","date_gmt":"2011-11-03T14:44:08","guid":{"rendered":"https:\/\/kylat.ekarjala.fi\/kiesila\/?page_id=57"},"modified":"2012-05-04T10:53:41","modified_gmt":"2012-05-04T09:23:41","slug":"kuorenuottaus","status":"publish","type":"page","link":"https:\/\/kylat.ekarjala.fi\/kiesila\/nahtavyydet\/kuorenuottaus\/","title":{"rendered":"Kuorenuottaus"},"content":{"rendered":"<p><strong>Kuoreen vetoa nuotalla Kiesil\u00e4nkoskella<br \/>\n<\/strong><br \/>\nKiesil\u00e4n osakaskunta ja Kiesil\u00e4-Pajulahti-Kakkolan kyl\u00e4yhdistys ry jatkavat vanhoja perinteit\u00e4 Suomenniemen Kiesil\u00e4n koskella. J\u00e4iden l\u00e4ht\u00f6aikaan erottamattomasti kuuluvaa kuoreen veto nuotalla illan h\u00e4m\u00e4rtyess\u00e4.\u00a0 Nuotanvedosta on kolmena kev\u00e4\u00e4n\u00e4 tehty yleis\u00f6tapahtuma. Nuottaa vedet\u00e4\u00e4n noin viikon verran j\u00e4iden l\u00e4hd\u00f6n aikaan ja yleis\u00f6tapahtuma ajoittuu l\u00e4himm\u00e4lle viikonlopulle (28.04.06, 20.04.07 ja 25.04.08) Nuotan vet\u00e4minen oli aikoinaan tarpeen ravinnon hankkimiseksi, mutta nyt vahvasti tuoksuva kala p\u00e4\u00e4tyy useimmiten el\u00e4inten ruuaksi. Nuottaus onkin ensi sijassa kalavesien hoitoty\u00f6t\u00e4, jolla muun muassa muikunm\u00e4ti\u00e4 sy\u00f6v\u00e4 kuorekanta pidet\u00e4\u00e4n aisoissa.\u00a0 Kiesil\u00e4n koski tarjoaa edullisen paikan kuorenuotan vetoon, sill\u00e4 Kiesil\u00e4n joen suu pysyy ymp\u00e4ri vuoden sulana ja nuotta kulkee hyvin sile\u00e4\u00e4 pohjaa pitkin. Paikka on my\u00f6s kuoreiden keskeinen kutupaikka.\u00a0 Kuorenuottaa vedet\u00e4\u00e4n pienell\u00e4 tihe\u00e4silm\u00e4isell\u00e4 nuotalla. Yleis\u00f6 saa perjantai-iltana mahdollisesti pyydett\u00e4v\u00e4\u00e4 kalaa ilmaiseksi, mutta haluttaessa vapaaehtoisella maksulla voi tukea kyl\u00e4yhdistyksen toimintaa.\u00a0 Nuottaustapahtuma j\u00e4rjestet\u00e4\u00e4n Kiesil\u00e4n kosken uimarannalla valtatie 13: n l\u00e4heisyydess\u00e4 noin 200 metrin p\u00e4\u00e4ss\u00e4 Kiesil\u00e4n Kievarista.\u00a0 Saalista on riitt\u00e4nyt kaikille halukkaille. Omat pussit ja astiat olisi hyv\u00e4 varata mukaan.\u00a0 25.4.2008 yleis\u00f6vedon saalis oli yli 100 kiloa.<br \/>\nLis\u00e4tietoja:<br \/>\nRisto Kiesil\u00e4, Kiesil\u00e4n osakaskunta, p. 0400 151 894<\/p>\n<div id='gallery-1' class='gallery galleryid-57 gallery-columns-3 gallery-size-thumbnail'><dl class='gallery-item'>\n\t\t\t<dt class='gallery-icon landscape'>\n\t\t\t\t<a href='https:\/\/kylat.ekarjala.fi\/kiesila\/nahtavyydet\/kuorenuottaus\/olympus-digital-camera-9\/'><img loading=\"lazy\" decoding=\"async\" width=\"150\" height=\"112\" src=\"https:\/\/kylat.ekarjala.fi\/kiesila\/wp-content\/uploads\/sites\/30\/2011\/11\/Saalis2.jpg\" class=\"attachment-thumbnail size-thumbnail\" alt=\"\" \/><\/a>\n\t\t\t<\/dt><\/dl><dl class='gallery-item'>\n\t\t\t<dt class='gallery-icon landscape'>\n\t\t\t\t<a href='https:\/\/kylat.ekarjala.fi\/kiesila\/nahtavyydet\/kuorenuottaus\/nuotanveto1\/'><img loading=\"lazy\" decoding=\"async\" width=\"150\" height=\"81\" src=\"https:\/\/kylat.ekarjala.fi\/kiesila\/wp-content\/uploads\/sites\/30\/2011\/11\/Nuotanveto1.jpg\" class=\"attachment-thumbnail size-thumbnail\" alt=\"\" \/><\/a>\n\t\t\t<\/dt><\/dl><dl class='gallery-item'>\n\t\t\t<dt class='gallery-icon landscape'>\n\t\t\t\t<a href='https:\/\/kylat.ekarjala.fi\/kiesila\/nahtavyydet\/kuorenuottaus\/olympus-digital-camera-10\/'><img loading=\"lazy\" decoding=\"async\" width=\"150\" height=\"113\" src=\"https:\/\/kylat.ekarjala.fi\/kiesila\/wp-content\/uploads\/sites\/30\/2011\/11\/Nuotanveto2.jpg\" class=\"attachment-thumbnail size-thumbnail\" alt=\"\" \/><\/a>\n\t\t\t<\/dt><\/dl><br style=\"clear: both\" \/><dl class='gallery-item'>\n\t\t\t<dt class='gallery-icon landscape'>\n\t\t\t\t<a href='https:\/\/kylat.ekarjala.fi\/kiesila\/nahtavyydet\/kuorenuottaus\/olympus-digital-camera-11\/'><img loading=\"lazy\" decoding=\"async\" width=\"150\" height=\"113\" src=\"https:\/\/kylat.ekarjala.fi\/kiesila\/wp-content\/uploads\/sites\/30\/2011\/11\/Nuotanveto3.jpg\" class=\"attachment-thumbnail size-thumbnail\" alt=\"\" \/><\/a>\n\t\t\t<\/dt><\/dl><dl class='gallery-item'>\n\t\t\t<dt class='gallery-icon landscape'>\n\t\t\t\t<a href='https:\/\/kylat.ekarjala.fi\/kiesila\/nahtavyydet\/kuorenuottaus\/olympus-digital-camera-12\/'><img loading=\"lazy\" decoding=\"async\" width=\"150\" height=\"113\" src=\"https:\/\/kylat.ekarjala.fi\/kiesila\/wp-content\/uploads\/sites\/30\/2011\/11\/Nuotanveto4.jpg\" class=\"attachment-thumbnail size-thumbnail\" alt=\"\" \/><\/a>\n\t\t\t<\/dt><\/dl><dl class='gallery-item'>\n\t\t\t<dt class='gallery-icon landscape'>\n\t\t\t\t<a href='https:\/\/kylat.ekarjala.fi\/kiesila\/nahtavyydet\/kuorenuottaus\/olympus-digital-camera-13\/'><img loading=\"lazy\" decoding=\"async\" width=\"150\" height=\"112\" src=\"https:\/\/kylat.ekarjala.fi\/kiesila\/wp-content\/uploads\/sites\/30\/2011\/11\/Nuotanveto5.jpg\" class=\"attachment-thumbnail size-thumbnail\" alt=\"\" \/><\/a>\n\t\t\t<\/dt><\/dl><br style=\"clear: both\" \/><dl class='gallery-item'>\n\t\t\t<dt class='gallery-icon landscape'>\n\t\t\t\t<a href='https:\/\/kylat.ekarjala.fi\/kiesila\/nahtavyydet\/kuorenuottaus\/olympus-digital-camera-14\/'><img loading=\"lazy\" decoding=\"async\" width=\"150\" height=\"113\" src=\"https:\/\/kylat.ekarjala.fi\/kiesila\/wp-content\/uploads\/sites\/30\/2011\/11\/Saalis1.jpg\" class=\"attachment-thumbnail size-thumbnail\" alt=\"\" \/><\/a>\n\t\t\t<\/dt><\/dl>\n\t\t\t<br style='clear: both' \/>\n\t\t<\/div>\n\n","protected":false},"excerpt":{"rendered":"<p>Kuoreen vetoa nuotalla Kiesil\u00e4nkoskella Kiesil\u00e4n osakaskunta ja Kiesil\u00e4-Pajulahti-Kakkolan kyl\u00e4yhdistys ry jatkavat vanhoja perinteit\u00e4 Suomenniemen Kiesil\u00e4n koskella. J\u00e4iden l\u00e4ht\u00f6aikaan erottamattomasti kuuluvaa kuoreen veto nuotalla illan h\u00e4m\u00e4rtyess\u00e4.\u00a0 Nuotanvedosta on kolmena kev\u00e4\u00e4n\u00e4 tehty yleis\u00f6tapahtuma. Nuottaa vedet\u00e4\u00e4n noin viikon verran j\u00e4iden l\u00e4hd\u00f6n aikaan ja &hellip; <a href=\"https:\/\/kylat.ekarjala.fi\/kiesila\/nahtavyydet\/kuorenuottaus\/\">Lue loppuun <span class=\"meta-nav\">&rarr;<\/span><\/a><\/p>\n","protected":false},"author":59,"featured_media":0,"parent":50,"menu_order":0,"comment_status":"closed","ping_status":"closed","template":"","meta":{"footnotes":""},"class_list":["post-57","page","type-page","status-publish","hentry"],"_links":{"self":[{"href":"https:\/\/kylat.ekarjala.fi\/kiesila\/wp-json\/wp\/v2\/pages\/57","targetHints":{"allow":["GET"]}}],"collection":[{"href":"https:\/\/kylat.ekarjala.fi\/kiesila\/wp-json\/wp\/v2\/pages"}],"about":[{"href":"https:\/\/kylat.ekarjala.fi\/kiesila\/wp-json\/wp\/v2\/types\/page"}],"author":[{"embeddable":true,"href":"https:\/\/kylat.ekarjala.fi\/kiesila\/wp-json\/wp\/v2\/users\/59"}],"replies":[{"embeddable":true,"href":"https:\/\/kylat.ekarjala.fi\/kiesila\/wp-json\/wp\/v2\/comments?post=57"}],"version-history":[{"count":11,"href":"https:\/\/kylat.ekarjala.fi\/kiesila\/wp-json\/wp\/v2\/pages\/57\/revisions"}],"predecessor-version":[{"id":187,"href":"https:\/\/kylat.ekarjala.fi\/kiesila\/wp-json\/wp\/v2\/pages\/57\/revisions\/187"}],"up":[{"embeddable":true,"href":"https:\/\/kylat.ekarjala.fi\/kiesila\/wp-json\/wp\/v2\/pages\/50"}],"wp:attachment":[{"href":"https:\/\/kylat.ekarjala.fi\/kiesila\/wp-json\/wp\/v2\/media?parent=57"}],"curies":[{"name":"wp","href":"https:\/\/api.w.org\/{rel}","templated":true}]}}