{"id":649,"date":"2012-01-28T17:34:47","date_gmt":"2012-01-28T16:04:47","guid":{"rendered":"https:\/\/kylat.ekarjala.fi\/kiesila\/?page_id=649"},"modified":"2013-01-10T16:37:03","modified_gmt":"2013-01-10T15:07:03","slug":"toiminta-2012","status":"publish","type":"page","link":"https:\/\/kylat.ekarjala.fi\/kiesila\/kiesilan-era-ry\/toiminta-2012\/","title":{"rendered":"Toiminta 2012"},"content":{"rendered":"<p>Perinteiset hirvipeijaiset pidettiin majalla 4.11.2012 seuran j\u00e4senten,<br \/>\nmaanomistajien ja naapuriseurojen edustajien kesken. Ruokailijoita oli yli 80.<\/p>\n<p>______________________________________________________________<br \/>\n<strong>Hirvijahti 2012<\/strong><br \/>\nLupia oli kuusi akuisille ja seisem\u00e4n vasoille. Kaadettiin 4 aikuista ja 5 vasaa.<br \/>\nJahti alkoi lauantaina 13.10. Ensimm\u00e4isen p\u00e4iv\u00e4n saalis oli yksi vasa. Jahti jatkui sunnuntaina, saalis yksi naaras.<br \/>\nLauantaina 20.10. saalis kaksi urosta ja yksi vasa, sunnuntaina 21.10. ei saalista.<br \/>\nLauantaina 27.10. saalis yksi vasa ja sunnuntaina kaksi vasaa ja yksi naaras.<br \/>\nJahti p\u00e4\u00e4tettiin lopettaa ja j\u00e4tt\u00e4\u00e4 loput luvat k\u00e4ytt\u00e4m\u00e4tt\u00e4.<br \/>\n_______________________________________________________________<\/p>\n<p><strong>Kes\u00e4kokous su 5.8.2012<\/strong> klo 15:00 pidettiin Tarmo l\u00e4hikauppa Kauriansalmessa.<\/p>\n<p>Kokouksessa k\u00e4siteltiin s\u00e4\u00e4nt\u00f6jen kes\u00e4kokoukselle m\u00e4\u00e4r\u00e4\u00e4m\u00e4t asiat sek\u00e4 uuden j\u00e4senen valinta.<br \/>\n________________________________________________________________<\/p>\n<p>Ensimm\u00e4iset siivoustalkoot olivat 5.5.2012. Poltettiin hakkuut\u00e4hteit\u00e4 ja siivottiin pihapiiri\u00e4 ym. Talkoita jatkettiin viel\u00e4 kaksi kertaa.<br \/>\n_______________________________________________________________<br \/>\nRiistakolmiolaskenta oli\u00a0 lauantaina 3.3.\u00a0 Onnistui hyvin, oli loistava hiihtokeli, mukana oli 7 innokasta.<\/p>\n<p><strong>________________________________________________<br \/>\nSavitaipaleen-Suomenniemen riistanhoitoyhdistyksen vuosikokous<\/strong><\/p>\n<p>Savitaipale Ravintola Sahrami 16.2.2012 kokous klo 18.00,<br \/>\nvaltakirjojen tarkastus alkaa klo 17.00<br \/>\n_____________________________________________________<\/p>\n<p>Riistakolmiolaskenta\u00a0 lauantaina 28.1.2012 alkaen klo 08:00.<br \/>\nKokoontuminen Ollin pajalla.<br \/>\n______________________________________________________<\/p>\n<p>Kiesil\u00e4n Er\u00e4 ry:n vuosikokous lauantaina 21.1.2012 klo 15:00<br \/>\npaikka: Tarmo L\u00e4hikauppa, Kauriansalmi.<br \/>\nK\u00e4sitell\u00e4\u00e4n vuosikokousasiat.<\/p>\n","protected":false},"excerpt":{"rendered":"<p>Perinteiset hirvipeijaiset pidettiin majalla 4.11.2012 seuran j\u00e4senten, maanomistajien ja naapuriseurojen edustajien kesken. Ruokailijoita oli yli 80. ______________________________________________________________ Hirvijahti 2012 Lupia oli kuusi akuisille ja seisem\u00e4n vasoille. Kaadettiin 4 aikuista ja 5 vasaa. Jahti alkoi lauantaina 13.10. Ensimm\u00e4isen p\u00e4iv\u00e4n saalis oli &hellip; <a href=\"https:\/\/kylat.ekarjala.fi\/kiesila\/kiesilan-era-ry\/toiminta-2012\/\">Lue loppuun <span class=\"meta-nav\">&rarr;<\/span><\/a><\/p>\n","protected":false},"author":59,"featured_media":0,"parent":20,"menu_order":0,"comment_status":"closed","ping_status":"closed","template":"","meta":{"footnotes":""},"class_list":["post-649","page","type-page","status-publish","hentry"],"_links":{"self":[{"href":"https:\/\/kylat.ekarjala.fi\/kiesila\/wp-json\/wp\/v2\/pages\/649","targetHints":{"allow":["GET"]}}],"collection":[{"href":"https:\/\/kylat.ekarjala.fi\/kiesila\/wp-json\/wp\/v2\/pages"}],"about":[{"href":"https:\/\/kylat.ekarjala.fi\/kiesila\/wp-json\/wp\/v2\/types\/page"}],"author":[{"embeddable":true,"href":"https:\/\/kylat.ekarjala.fi\/kiesila\/wp-json\/wp\/v2\/users\/59"}],"replies":[{"embeddable":true,"href":"https:\/\/kylat.ekarjala.fi\/kiesila\/wp-json\/wp\/v2\/comments?post=649"}],"version-history":[{"count":10,"href":"https:\/\/kylat.ekarjala.fi\/kiesila\/wp-json\/wp\/v2\/pages\/649\/revisions"}],"predecessor-version":[{"id":651,"href":"https:\/\/kylat.ekarjala.fi\/kiesila\/wp-json\/wp\/v2\/pages\/649\/revisions\/651"}],"up":[{"embeddable":true,"href":"https:\/\/kylat.ekarjala.fi\/kiesila\/wp-json\/wp\/v2\/pages\/20"}],"wp:attachment":[{"href":"https:\/\/kylat.ekarjala.fi\/kiesila\/wp-json\/wp\/v2\/media?parent=649"}],"curies":[{"name":"wp","href":"https:\/\/api.w.org\/{rel}","templated":true}]}}