{"id":71,"date":"2011-11-03T16:36:47","date_gmt":"2011-11-03T15:06:47","guid":{"rendered":"https:\/\/kylat.ekarjala.fi\/kiesila\/?page_id=71"},"modified":"2024-06-10T07:24:59","modified_gmt":"2024-06-10T05:54:59","slug":"kalastus-osakaskunnat","status":"publish","type":"page","link":"https:\/\/kylat.ekarjala.fi\/kiesila\/kalastus-osakaskunnat\/","title":{"rendered":"Kalastus"},"content":{"rendered":"\n<p><strong>Kiesil\u00e4n osakaskunta, hoitokunnan puheenjohtaja:<\/strong><br>Ville Ruottinen,&nbsp; puh. 050 447 1011<\/p>\n\n\n\n<p>Kiesil\u00e4n osakaskunta kuuluu Korpij\u00e4rvi-Kuolimo kalatalousalueeseen.<\/p>\n\n\n\n<p><strong>Korpij\u00e4rvi-Kuolimo kalatalousalueen kotisivut:<\/strong><br><a href=\"http:\/\/korpijarvi-kuolimo.fi\/\" target=\"_blank\" rel=\"noopener noreferrer\">http:\/\/korpijarvi-kuolimo.fi\/<\/a><br>___________________________________________________<\/p>\n\n\n\n<p><strong>Uistelulupien myynti Kirvessel\u00e4lle Kiesil\u00e4n Kievarista.<\/strong><strong><br><\/strong><\/p>\n\n\n\n<p><strong>P\u00e4iv\u00e4lupa 30\u20ac, viikkolupa 50\u20ac, vuosilupa 150\u20ac.<\/strong><br><strong>Vieheit\u00e4 saa olla maksimissaan 6 kpl venett\u00e4 kohti.<\/strong><\/p>\n\n\n\n<p>Osakaskunnan osakkailta peritt\u00e4v\u00e4t maksut:<br>Katiska on ilmainen. Katiskalla ja rys\u00e4ll\u00e4 saa kalastaa my\u00f6s Kiesil\u00e4njoella.<br>Roskakaloja ei takaisin veteen!<br>2 \u20ac\/pyydysmerkki, joka kataa 1 verkon sek\u00e4 1:n uistinluvan.<\/p>\n\n\n\n<p>Vierailijat:<br>Vierailijoille ei pyydyslupia. (Verkot)<br>Ei pehokalastuslupia Kiesil\u00e4njoelle.<\/p>\n\n\n\n<p>Rauhoitusalueet:<br>(KL8\u00a7) V\u00e4lill\u00e4 Kuolimo-Kukaskoski koski- ja virtapaikoissa jokamiehenoikeuteen perustuva onkiminen ja pilkkiminen sek\u00e4 l\u00e4\u00e4nikohtaisen viehekortin nojalla tapahtuva kalastaminen on kielletty.<\/p>\n\n\n\n<p>Osakaskunnan p\u00f6yt\u00e4kirja 2022:<br>&nbsp;<a href=\"https:\/\/kylat.ekarjala.fi\/kiesila\/wp-content\/uploads\/sites\/30\/2022\/08\/Poytakirja_2022_Osakaskunta.pdf\">Poytakirja_2022_Osakaskunta<\/a><\/p>\n\n\n\n<p><\/p>\n\n\n\n<p>Kiesil\u00e4n osakaskunnan s\u00e4\u00e4nn\u00f6t<br><a href=\"https:\/\/kylat.ekarjala.fi\/kiesila\/wp-content\/uploads\/sites\/30\/2011\/11\/Kiesil\u00e4noOsakaskunnanS\u00e4\u00e4nn\u00f6t.pdf\">Kiesil\u00e4noOsakaskunnanS\u00e4\u00e4nn\u00f6t<\/a><\/p>\n\n\n\n<p><\/p>\n","protected":false},"excerpt":{"rendered":"<p>Kiesil\u00e4n osakaskunta, hoitokunnan puheenjohtaja:Ville Ruottinen,&nbsp; puh. 050 447 1011 Kiesil\u00e4n osakaskunta kuuluu Korpij\u00e4rvi-Kuolimo kalatalousalueeseen. Korpij\u00e4rvi-Kuolimo kalatalousalueen kotisivut:http:\/\/korpijarvi-kuolimo.fi\/___________________________________________________ Uistelulupien myynti Kirvessel\u00e4lle Kiesil\u00e4n Kievarista. P\u00e4iv\u00e4lupa 30\u20ac, viikkolupa 50\u20ac, vuosilupa 150\u20ac.Vieheit\u00e4 saa olla maksimissaan 6 kpl venett\u00e4 kohti. Osakaskunnan osakkailta peritt\u00e4v\u00e4t maksut:Katiska on &hellip; <a href=\"https:\/\/kylat.ekarjala.fi\/kiesila\/kalastus-osakaskunnat\/\">Lue loppuun <span class=\"meta-nav\">&rarr;<\/span><\/a><\/p>\n","protected":false},"author":59,"featured_media":0,"parent":0,"menu_order":0,"comment_status":"closed","ping_status":"closed","template":"","meta":{"footnotes":""},"class_list":["post-71","page","type-page","status-publish","hentry"],"_links":{"self":[{"href":"https:\/\/kylat.ekarjala.fi\/kiesila\/wp-json\/wp\/v2\/pages\/71","targetHints":{"allow":["GET"]}}],"collection":[{"href":"https:\/\/kylat.ekarjala.fi\/kiesila\/wp-json\/wp\/v2\/pages"}],"about":[{"href":"https:\/\/kylat.ekarjala.fi\/kiesila\/wp-json\/wp\/v2\/types\/page"}],"author":[{"embeddable":true,"href":"https:\/\/kylat.ekarjala.fi\/kiesila\/wp-json\/wp\/v2\/users\/59"}],"replies":[{"embeddable":true,"href":"https:\/\/kylat.ekarjala.fi\/kiesila\/wp-json\/wp\/v2\/comments?post=71"}],"version-history":[{"count":20,"href":"https:\/\/kylat.ekarjala.fi\/kiesila\/wp-json\/wp\/v2\/pages\/71\/revisions"}],"predecessor-version":[{"id":6282,"href":"https:\/\/kylat.ekarjala.fi\/kiesila\/wp-json\/wp\/v2\/pages\/71\/revisions\/6282"}],"wp:attachment":[{"href":"https:\/\/kylat.ekarjala.fi\/kiesila\/wp-json\/wp\/v2\/media?parent=71"}],"curies":[{"name":"wp","href":"https:\/\/api.w.org\/{rel}","templated":true}]}}