{"id":721,"date":"2012-03-24T13:16:08","date_gmt":"2012-03-24T11:46:08","guid":{"rendered":"https:\/\/kylat.ekarjala.fi\/kiesila\/?page_id=721"},"modified":"2012-03-24T13:28:16","modified_gmt":"2012-03-24T11:58:16","slug":"tarinat-talteen","status":"publish","type":"page","link":"https:\/\/kylat.ekarjala.fi\/kiesila\/tarinat-talteen\/","title":{"rendered":"Tarinat talteen"},"content":{"rendered":"<p>Parasta Kyliss\u00e4 hankkeessa on menossa kulttuurikerhotoiminta, jossa ker\u00e4t\u00e4\u00e4n talteen kyl\u00e4n tarinoita, sanontoja yms. sanellen tai kirjoittaen. Tarinat kootaan yhteen ja julkaistaan mm. kyl\u00e4n kotisivulla joko \u00e4\u00e4nitiedostona tai kirjasena. \u00a0Tarinoita kootaan kaupoista, kioskeista ja postinjakelusta.<\/p>\n","protected":false},"excerpt":{"rendered":"<p>Parasta Kyliss\u00e4 hankkeessa on menossa kulttuurikerhotoiminta, jossa ker\u00e4t\u00e4\u00e4n talteen kyl\u00e4n tarinoita, sanontoja yms. sanellen tai kirjoittaen. Tarinat kootaan yhteen ja julkaistaan mm. kyl\u00e4n kotisivulla joko \u00e4\u00e4nitiedostona tai kirjasena. \u00a0Tarinoita kootaan kaupoista, kioskeista ja postinjakelusta.<\/p>\n","protected":false},"author":59,"featured_media":0,"parent":0,"menu_order":0,"comment_status":"closed","ping_status":"closed","template":"","meta":{"footnotes":""},"class_list":["post-721","page","type-page","status-publish","hentry"],"_links":{"self":[{"href":"https:\/\/kylat.ekarjala.fi\/kiesila\/wp-json\/wp\/v2\/pages\/721","targetHints":{"allow":["GET"]}}],"collection":[{"href":"https:\/\/kylat.ekarjala.fi\/kiesila\/wp-json\/wp\/v2\/pages"}],"about":[{"href":"https:\/\/kylat.ekarjala.fi\/kiesila\/wp-json\/wp\/v2\/types\/page"}],"author":[{"embeddable":true,"href":"https:\/\/kylat.ekarjala.fi\/kiesila\/wp-json\/wp\/v2\/users\/59"}],"replies":[{"embeddable":true,"href":"https:\/\/kylat.ekarjala.fi\/kiesila\/wp-json\/wp\/v2\/comments?post=721"}],"version-history":[{"count":4,"href":"https:\/\/kylat.ekarjala.fi\/kiesila\/wp-json\/wp\/v2\/pages\/721\/revisions"}],"predecessor-version":[{"id":724,"href":"https:\/\/kylat.ekarjala.fi\/kiesila\/wp-json\/wp\/v2\/pages\/721\/revisions\/724"}],"wp:attachment":[{"href":"https:\/\/kylat.ekarjala.fi\/kiesila\/wp-json\/wp\/v2\/media?parent=721"}],"curies":[{"name":"wp","href":"https:\/\/api.w.org\/{rel}","templated":true}]}}