{"id":726,"date":"2012-03-24T13:33:51","date_gmt":"2012-03-24T12:03:51","guid":{"rendered":"https:\/\/kylat.ekarjala.fi\/kiesila\/?page_id=726"},"modified":"2012-04-04T12:43:48","modified_gmt":"2012-04-04T11:13:48","slug":"august-vaaran-perill-kioski-kiesilankyla","status":"publish","type":"page","link":"https:\/\/kylat.ekarjala.fi\/kiesila\/tarinat-talteen\/august-vaaran-perill-kioski-kiesilankyla\/","title":{"rendered":"Kiesil\u00e4nkyl\u00e4n kioski"},"content":{"rendered":"<p>Kiesil\u00e4nkyl\u00e4n kioski oli valtatie 13 ja nykyisen Kiesil\u00e4nkujan risteyksess\u00e4.<br \/>\n<a href=\"https:\/\/kylat.ekarjala.fi\/kiesila\/wp-content\/uploads\/sites\/30\/2012\/03\/Kiesilan_kioskilla.jpg\"><img loading=\"lazy\" decoding=\"async\" class=\"alignleft size-full wp-image-756\" src=\"https:\/\/kylat.ekarjala.fi\/kiesila\/wp-content\/uploads\/sites\/30\/2012\/03\/Kiesilan_kioskilla.jpg\" alt=\"\" width=\"549\" height=\"408\" \/><\/a><\/p>\n","protected":false},"excerpt":{"rendered":"<p>Kiesil\u00e4nkyl\u00e4n kioski oli valtatie 13 ja nykyisen Kiesil\u00e4nkujan risteyksess\u00e4.<\/p>\n","protected":false},"author":59,"featured_media":0,"parent":721,"menu_order":0,"comment_status":"closed","ping_status":"closed","template":"","meta":{"footnotes":""},"class_list":["post-726","page","type-page","status-publish","hentry"],"_links":{"self":[{"href":"https:\/\/kylat.ekarjala.fi\/kiesila\/wp-json\/wp\/v2\/pages\/726","targetHints":{"allow":["GET"]}}],"collection":[{"href":"https:\/\/kylat.ekarjala.fi\/kiesila\/wp-json\/wp\/v2\/pages"}],"about":[{"href":"https:\/\/kylat.ekarjala.fi\/kiesila\/wp-json\/wp\/v2\/types\/page"}],"author":[{"embeddable":true,"href":"https:\/\/kylat.ekarjala.fi\/kiesila\/wp-json\/wp\/v2\/users\/59"}],"replies":[{"embeddable":true,"href":"https:\/\/kylat.ekarjala.fi\/kiesila\/wp-json\/wp\/v2\/comments?post=726"}],"version-history":[{"count":6,"href":"https:\/\/kylat.ekarjala.fi\/kiesila\/wp-json\/wp\/v2\/pages\/726\/revisions"}],"predecessor-version":[{"id":755,"href":"https:\/\/kylat.ekarjala.fi\/kiesila\/wp-json\/wp\/v2\/pages\/726\/revisions\/755"}],"up":[{"embeddable":true,"href":"https:\/\/kylat.ekarjala.fi\/kiesila\/wp-json\/wp\/v2\/pages\/721"}],"wp:attachment":[{"href":"https:\/\/kylat.ekarjala.fi\/kiesila\/wp-json\/wp\/v2\/media?parent=726"}],"curies":[{"name":"wp","href":"https:\/\/api.w.org\/{rel}","templated":true}]}}