{"id":737,"date":"2012-03-26T11:33:17","date_gmt":"2012-03-26T10:03:17","guid":{"rendered":"https:\/\/kylat.ekarjala.fi\/kiesila\/?page_id=737"},"modified":"2012-04-01T16:40:02","modified_gmt":"2012-04-01T15:10:02","slug":"oron-kioski","status":"publish","type":"page","link":"https:\/\/kylat.ekarjala.fi\/kiesila\/tarinat-talteen\/oron-kioski\/","title":{"rendered":"Oron kioski"},"content":{"rendered":"<p>Pentti ja Annikki Orko pitiv\u00e4t 1950- ja 1960- luvuilla perheineen pient\u00e4 kioskia talonsa pihapiiriss\u00e4 valtatie 13 varrella Kangasahonm\u00e4ell\u00e4 Kiesil\u00e4nkyl\u00e4n ja Pajulahden rajalla. Kioskin vetonaulana oli levyautomaatti, jonka \u00e4\u00e4nenvoimakkuutta ei tarvinnut rajoittaa. Suosittu 1964 julkaistu iskelm\u00e4 oli &#8221;Se jokin sinulla on&#8221; by Ronny &amp; The Loafers.<br \/>\nT\u00e4ss\u00e4 linkki:<\/p>\n<p><a href=\"http:\/\/www.youtube.com\/watch?v=6YI2bs-g5Rc\">Se jokin sinulla on<\/a><\/p>\n","protected":false},"excerpt":{"rendered":"<p>Pentti ja Annikki Orko pitiv\u00e4t 1950- ja 1960- luvuilla perheineen pient\u00e4 kioskia talonsa pihapiiriss\u00e4 valtatie 13 varrella Kangasahonm\u00e4ell\u00e4 Kiesil\u00e4nkyl\u00e4n ja Pajulahden rajalla. Kioskin vetonaulana oli levyautomaatti, jonka \u00e4\u00e4nenvoimakkuutta ei tarvinnut rajoittaa. Suosittu 1964 julkaistu iskelm\u00e4 oli &#8221;Se jokin sinulla on&#8221; &hellip; <a href=\"https:\/\/kylat.ekarjala.fi\/kiesila\/tarinat-talteen\/oron-kioski\/\">Lue loppuun <span class=\"meta-nav\">&rarr;<\/span><\/a><\/p>\n","protected":false},"author":59,"featured_media":0,"parent":721,"menu_order":0,"comment_status":"closed","ping_status":"closed","template":"","meta":{"footnotes":""},"class_list":["post-737","page","type-page","status-publish","hentry"],"_links":{"self":[{"href":"https:\/\/kylat.ekarjala.fi\/kiesila\/wp-json\/wp\/v2\/pages\/737","targetHints":{"allow":["GET"]}}],"collection":[{"href":"https:\/\/kylat.ekarjala.fi\/kiesila\/wp-json\/wp\/v2\/pages"}],"about":[{"href":"https:\/\/kylat.ekarjala.fi\/kiesila\/wp-json\/wp\/v2\/types\/page"}],"author":[{"embeddable":true,"href":"https:\/\/kylat.ekarjala.fi\/kiesila\/wp-json\/wp\/v2\/users\/59"}],"replies":[{"embeddable":true,"href":"https:\/\/kylat.ekarjala.fi\/kiesila\/wp-json\/wp\/v2\/comments?post=737"}],"version-history":[{"count":5,"href":"https:\/\/kylat.ekarjala.fi\/kiesila\/wp-json\/wp\/v2\/pages\/737\/revisions"}],"predecessor-version":[{"id":753,"href":"https:\/\/kylat.ekarjala.fi\/kiesila\/wp-json\/wp\/v2\/pages\/737\/revisions\/753"}],"up":[{"embeddable":true,"href":"https:\/\/kylat.ekarjala.fi\/kiesila\/wp-json\/wp\/v2\/pages\/721"}],"wp:attachment":[{"href":"https:\/\/kylat.ekarjala.fi\/kiesila\/wp-json\/wp\/v2\/media?parent=737"}],"curies":[{"name":"wp","href":"https:\/\/api.w.org\/{rel}","templated":true}]}}