{"id":743,"date":"2012-03-26T11:39:46","date_gmt":"2012-03-26T10:09:46","guid":{"rendered":"https:\/\/kylat.ekarjala.fi\/kiesila\/?page_id=743"},"modified":"2012-04-17T23:31:36","modified_gmt":"2012-04-17T22:01:36","slug":"postinjakelu","status":"publish","type":"page","link":"https:\/\/kylat.ekarjala.fi\/kiesila\/tarinat-talteen\/postinjakelu\/","title":{"rendered":"Postinjakelu"},"content":{"rendered":"<p>Silja Hujala os. Rantti, toimi postinjakajana 1940- ja 1950- luvuilla.\u00a0 Siljan j\u00e4lkeen postinjakelijoina toimivat mm. Leena Saalasti ja Saimi Bj\u00f6rn. Reitti alkoi Suomenniemen kirkonkyl\u00e4st\u00e4 ja jaettavana olivat Kakkolan koulupiirin postit.<\/p>\n","protected":false},"excerpt":{"rendered":"<p>Silja Hujala os. Rantti, toimi postinjakajana 1940- ja 1950- luvuilla.\u00a0 Siljan j\u00e4lkeen postinjakelijoina toimivat mm. Leena Saalasti ja Saimi Bj\u00f6rn. Reitti alkoi Suomenniemen kirkonkyl\u00e4st\u00e4 ja jaettavana olivat Kakkolan koulupiirin postit.<\/p>\n","protected":false},"author":59,"featured_media":0,"parent":721,"menu_order":0,"comment_status":"closed","ping_status":"closed","template":"","meta":{"footnotes":""},"class_list":["post-743","page","type-page","status-publish","hentry"],"_links":{"self":[{"href":"https:\/\/kylat.ekarjala.fi\/kiesila\/wp-json\/wp\/v2\/pages\/743","targetHints":{"allow":["GET"]}}],"collection":[{"href":"https:\/\/kylat.ekarjala.fi\/kiesila\/wp-json\/wp\/v2\/pages"}],"about":[{"href":"https:\/\/kylat.ekarjala.fi\/kiesila\/wp-json\/wp\/v2\/types\/page"}],"author":[{"embeddable":true,"href":"https:\/\/kylat.ekarjala.fi\/kiesila\/wp-json\/wp\/v2\/users\/59"}],"replies":[{"embeddable":true,"href":"https:\/\/kylat.ekarjala.fi\/kiesila\/wp-json\/wp\/v2\/comments?post=743"}],"version-history":[{"count":8,"href":"https:\/\/kylat.ekarjala.fi\/kiesila\/wp-json\/wp\/v2\/pages\/743\/revisions"}],"predecessor-version":[{"id":829,"href":"https:\/\/kylat.ekarjala.fi\/kiesila\/wp-json\/wp\/v2\/pages\/743\/revisions\/829"}],"up":[{"embeddable":true,"href":"https:\/\/kylat.ekarjala.fi\/kiesila\/wp-json\/wp\/v2\/pages\/721"}],"wp:attachment":[{"href":"https:\/\/kylat.ekarjala.fi\/kiesila\/wp-json\/wp\/v2\/media?parent=743"}],"curies":[{"name":"wp","href":"https:\/\/api.w.org\/{rel}","templated":true}]}}